{"id":634,"date":"2019-02-26T17:02:36","date_gmt":"2019-02-26T20:02:36","guid":{"rendered":"https:\/\/wp.ufpel.edu.br\/petartesvisuais\/?page_id=634"},"modified":"2020-01-15T10:35:38","modified_gmt":"2020-01-15T13:35:38","slug":"grupo-de-pesquisa-caixa-de-pandora-estudos-de-genero-e-memoria","status":"publish","type":"page","link":"https:\/\/wp.ufpel.edu.br\/petartesvisuais\/grupo-de-pesquisa-caixa-de-pandora-estudos-de-genero-e-memoria\/","title":{"rendered":"Grupo de Pesquisa Caixa de Pandora &#8211; Estudos de G\u00eanero e Mem\u00f3ria"},"content":{"rendered":"<p style=\"text-align: justify\"><b>Grupo de Pesquisa Caixa de Pandora<\/b><span style=\"font-weight: 400\"> &#8211; <\/span><b>Estudos em Arte, G\u00eanero e mem\u00f3ria<\/b><span style=\"font-weight: 400\">, coordenado pela Profa. Dra. Ursula Rosa da Silva, surgiu a partir do interesse acad\u00eamico pelas quest\u00f5es de g\u00eanero na arte e nas ci\u00eancias humanas e sociais. O grupo formado por professores, pesquisadores e estudantes se re\u00fane para estudar e debater sobre os temas em autores referenciais, orientar pesquisas, publica\u00e7\u00f5es e organizar a\u00e7\u00f5es extensionistas. Em 2019 realizamos a VI Edi\u00e7\u00e3o d<\/span><span style=\"font-weight: 400\">o Simp\u00f3sio Internacional G\u00eanero, Arte e Mem\u00f3ria. O encontro proporcionou a vinda de profissionais nacionais e internacionais que s\u00e3o refer\u00eancia nesta tem\u00e1tica, promove u o interc\u00e2mbio e a divulga\u00e7\u00e3o da produ\u00e7\u00e3o que temos desenvolvido com inten\u00e7\u00e3o de suplantar as desigualdades e dar a ver outros modos de pensar, menos restritivos e mais inclusivos, fundamentados no princ\u00edpio da coletividade e no respeito aos direitos humanos. A bolsista Vanessa Dias integrou as a\u00e7\u00f5es e reuni\u00f5es em 2019 e a comiss\u00e3o executiva do VI SIGAM. Os demais membros do grupo PET-Artes Visuais participaram como colaboradores\u00a0 nas a\u00e7\u00f5es promovidas durante o evento, com destaque para a montagem, da exposi\u00e7\u00e3o Pandora na Galeria A Sala, no CA Ufpel.<\/span><\/p>\n<p><a href=\"https:\/\/wp.ufpel.edu.br\/petartesvisuais\/files\/2020\/01\/75593884_2464313623688282_7089231580933128192_o.jpg\"><img loading=\"lazy\" decoding=\"async\" class=\"aligncenter size-full wp-image-1280\" src=\"https:\/\/wp.ufpel.edu.br\/petartesvisuais\/files\/2020\/01\/75593884_2464313623688282_7089231580933128192_o.jpg\" alt=\"\" width=\"679\" height=\"960\" srcset=\"https:\/\/wp.ufpel.edu.br\/petartesvisuais\/files\/2020\/01\/75593884_2464313623688282_7089231580933128192_o.jpg 679w, https:\/\/wp.ufpel.edu.br\/petartesvisuais\/files\/2020\/01\/75593884_2464313623688282_7089231580933128192_o-225x318.jpg 225w, https:\/\/wp.ufpel.edu.br\/petartesvisuais\/files\/2020\/01\/75593884_2464313623688282_7089231580933128192_o-112x159.jpg 112w\" sizes=\"auto, (max-width: 679px) 100vw, 679px\" \/><\/a><\/p>\n<p>A bolsista Vanessa Dias apresentou no VI SIGAM o trabalho<a href=\"https:\/\/wp.ufpel.edu.br\/artenaescola\/files\/2020\/01\/ANAIS-VI-SIGAM-.pdf\"><strong> A fotografia sob uma perspectiva feminista-ciborgue<\/strong><\/a><\/p>\n<p>link:<a href=\"https:\/\/wp.ufpel.edu.br\/artenaescola\/files\/2020\/01\/ANAIS-VI-SIGAM-.pdf\"> https:\/\/wp.ufpel.edu.br\/artenaescola\/files\/2020\/01\/ANAIS-VI-SIGAM-.pdf<\/a><\/p>\n<p>&nbsp;<\/p>\n<p>&nbsp;<\/p>\n","protected":false},"excerpt":{"rendered":"<p>Grupo de Pesquisa Caixa de Pandora &#8211; Estudos em Arte, G\u00eanero e mem\u00f3ria, coordenado pela Profa. Dra. Ursula Rosa da Silva, surgiu a partir do interesse acad\u00eamico pelas quest\u00f5es de g\u00eanero na arte e nas ci\u00eancias humanas e sociais. O grupo formado por professores, pesquisadores e estudantes se re\u00fane para estudar e debater sobre os [&hellip;]<\/p>\n","protected":false},"author":557,"featured_media":0,"parent":0,"menu_order":0,"comment_status":"closed","ping_status":"closed","template":"","meta":{"jetpack_post_was_ever_published":false,"footnotes":""},"class_list":["post-634","page","type-page","status-publish","hentry"],"jetpack_sharing_enabled":true,"_links":{"self":[{"href":"https:\/\/wp.ufpel.edu.br\/petartesvisuais\/wp-json\/wp\/v2\/pages\/634","targetHints":{"allow":["GET"]}}],"collection":[{"href":"https:\/\/wp.ufpel.edu.br\/petartesvisuais\/wp-json\/wp\/v2\/pages"}],"about":[{"href":"https:\/\/wp.ufpel.edu.br\/petartesvisuais\/wp-json\/wp\/v2\/types\/page"}],"author":[{"embeddable":true,"href":"https:\/\/wp.ufpel.edu.br\/petartesvisuais\/wp-json\/wp\/v2\/users\/557"}],"replies":[{"embeddable":true,"href":"https:\/\/wp.ufpel.edu.br\/petartesvisuais\/wp-json\/wp\/v2\/comments?post=634"}],"version-history":[{"count":5,"href":"https:\/\/wp.ufpel.edu.br\/petartesvisuais\/wp-json\/wp\/v2\/pages\/634\/revisions"}],"predecessor-version":[{"id":1286,"href":"https:\/\/wp.ufpel.edu.br\/petartesvisuais\/wp-json\/wp\/v2\/pages\/634\/revisions\/1286"}],"wp:attachment":[{"href":"https:\/\/wp.ufpel.edu.br\/petartesvisuais\/wp-json\/wp\/v2\/media?parent=634"}],"curies":[{"name":"wp","href":"https:\/\/api.w.org\/{rel}","templated":true}]}}