{"id":631,"date":"2019-02-26T16:55:28","date_gmt":"2019-02-26T19:55:28","guid":{"rendered":"https:\/\/wp.ufpel.edu.br\/petartesvisuais\/?page_id=631"},"modified":"2019-02-26T16:55:28","modified_gmt":"2019-02-26T19:55:28","slug":"2o-festival-lua-sangrenta","status":"publish","type":"page","link":"https:\/\/wp.ufpel.edu.br\/petartesvisuais\/2o-festival-lua-sangrenta\/","title":{"rendered":"2\u00ba Festival Lua Sangrenta"},"content":{"rendered":"<p style=\"text-align: justify\">&#8220;A Lua Sangrenta \u00e9 um programa na R\u00e1dioCom(104.5 fm), est\u00e1 no ar desde 2016 todas as sextas das 10:30 \u00e0 12:00. Gestada por muitas korpas, Lua Sangrenta foi tomando forma e se incorporando como coletivo, o grupo \u00e9 formado por mulheres e pessoas n\u00e3o-bin\u00e1rias. No programa de r\u00e1dio, visamos essencialmente difundir produ\u00e7\u00f5es art\u00edsticas e culturais realizadas por estas pessoas, n\u00e3o h\u00e1 espa\u00e7o para homens-cis neste ambiente, pois a id\u00e9ia \u00e9 justamente trazer aos nossos ouvidos e cabe\u00e7as uma outra realidade a muito tempo silenciada. Pautas feministas, discuss\u00f5es sobre g\u00eanero, sa\u00fade do \u00fatero, den\u00fancias sobre ass\u00e9dio\/machismo\/homofobia e transfobia. Este lugar, lua sangrenta, \u00e9 justamente para que este tipo de informa\u00e7\u00e3o circule e nos propicie autonomia e coletivismo a partir de n\u00f3s mesmas. Somos Lobas, somos Luas, somos uma Alcat\u00e9ia, e somos Poderosas. E voc\u00ea pode vir somar e se empoderar junto com a gente.<br \/>\nA partir dessa onda de fortalecimento coletivo, come\u00e7amos a sair do espa\u00e7o f\u00edsico da r\u00e1dio para ir para as ruas, organizando assim o Primeiro Festival Lua Sangrenta, que ocorreu no ano de 2017 na OCA (Ocupa\u00e7\u00e3o Coletiva de Arteirxs). O evento contou com apresenta\u00e7\u00f5es de teatro, oficinas, flash tattoo, apresenta\u00e7\u00f5es musicais, dan\u00e7a, feira etc. Tinha um car\u00e1ter aut\u00f4nomo e auto-organizado, muitas m\u00e3os e korpas se uniram para fazer acontecer este evento. O resultado desta uni\u00e3o foi t\u00e3o incr\u00edvel que viemos novamente abrir os portais sangrentos para que possamos mais uma vez, abalar as estruturas normativas do patriarcado, e trazer com toda essa pot\u00eancia uma viv\u00eancia integrativa e resistente. Com muito amor, carinho, e respeito por todas as diversidades que existem em n\u00f3s e entre n\u00f3s. Somos fortes unidas.<\/p>\n<p style=\"text-align: justify\">O II Festival Lua Sangrenta deste ano traz a proposta de fazer uma viv\u00eancia coletiva e art\u00edstica embasadas nas quatro principais fases lunares, que tamb\u00e9m correspondem \u00e0s quatro esta\u00e7\u00f5es do ano.<br \/>\nLua Nova (INVERNO), Lua Crescente (PRIMAVERA), Lua Cheia (VER\u00c3O) e Lua Minguante (OUTONO) . Cada fase da lua, assim como cada esta\u00e7\u00e3o do ano, exerce uma enorme influ\u00eancia sobre korpas femininas e corpo lunares. Inspiradas nessa capacidade de muta\u00e7\u00e3o que possuirmos, dividiremos os dois dias de festival entre estas quatro fases, come\u00e7ando na lua minguante e terminando na lua cheia.<br \/>\nO evento vai ocorrer em dois espa\u00e7os consecutivos e tamb\u00e9m na rua. Ser\u00e1 na rua Tr\u00eas de Maio, na <a href=\"https:\/\/www.facebook.com\/pages\/Casa-Artem%C3%ADsia\/165333630754879\" target=\"_blank\" rel=\"noopener noreferrer\">Casa Artem\u00edsia<\/a> e na Pagu Arte Bar, ter\u00e1 espa\u00e7o para flash tattoo, feiras, apresenta\u00e7\u00f5es de m\u00fasica, dan\u00e7a e teatro e tamb\u00e9m para exposi\u00e7\u00e3o. Come\u00e7a na tarde do dia 05 (s\u00e1bado, lua minguante\/nova) com um sarau, e termina na noite do dia 06 (domingo, lua crescente\/cheia) com uma festa.&#8221;<\/p>\n<p>EVENTO:\u00a0 https:\/\/www.facebook.com\/events\/1399393493494566\/<\/p>\n<p>PETIANOS: J\u00e9ssica Porciuncula e Gabriela Cunha<\/p>\n<p><a href=\"https:\/\/wp.ufpel.edu.br\/petartesvisuais\/files\/2019\/02\/33073625_1665886666822930_1194251665658609664_n.jpg\"><img loading=\"lazy\" decoding=\"async\" class=\"aligncenter size-full wp-image-636\" src=\"https:\/\/wp.ufpel.edu.br\/petartesvisuais\/files\/2019\/02\/33073625_1665886666822930_1194251665658609664_n.jpg\" alt=\"\" width=\"960\" height=\"640\" srcset=\"https:\/\/wp.ufpel.edu.br\/petartesvisuais\/files\/2019\/02\/33073625_1665886666822930_1194251665658609664_n.jpg 960w, https:\/\/wp.ufpel.edu.br\/petartesvisuais\/files\/2019\/02\/33073625_1665886666822930_1194251665658609664_n-212x141.jpg 212w, https:\/\/wp.ufpel.edu.br\/petartesvisuais\/files\/2019\/02\/33073625_1665886666822930_1194251665658609664_n-424x283.jpg 424w, https:\/\/wp.ufpel.edu.br\/petartesvisuais\/files\/2019\/02\/33073625_1665886666822930_1194251665658609664_n-768x512.jpg 768w, https:\/\/wp.ufpel.edu.br\/petartesvisuais\/files\/2019\/02\/33073625_1665886666822930_1194251665658609664_n-816x544.jpg 816w\" sizes=\"auto, (max-width: 960px) 100vw, 960px\" \/><\/a> <a href=\"https:\/\/wp.ufpel.edu.br\/petartesvisuais\/files\/2019\/02\/33117535_1665888326822764_4908469594315816960_n.jpg\"><img loading=\"lazy\" decoding=\"async\" class=\"aligncenter size-full wp-image-637\" src=\"https:\/\/wp.ufpel.edu.br\/petartesvisuais\/files\/2019\/02\/33117535_1665888326822764_4908469594315816960_n.jpg\" alt=\"\" width=\"960\" height=\"640\" srcset=\"https:\/\/wp.ufpel.edu.br\/petartesvisuais\/files\/2019\/02\/33117535_1665888326822764_4908469594315816960_n.jpg 960w, https:\/\/wp.ufpel.edu.br\/petartesvisuais\/files\/2019\/02\/33117535_1665888326822764_4908469594315816960_n-212x141.jpg 212w, https:\/\/wp.ufpel.edu.br\/petartesvisuais\/files\/2019\/02\/33117535_1665888326822764_4908469594315816960_n-424x283.jpg 424w, https:\/\/wp.ufpel.edu.br\/petartesvisuais\/files\/2019\/02\/33117535_1665888326822764_4908469594315816960_n-768x512.jpg 768w, https:\/\/wp.ufpel.edu.br\/petartesvisuais\/files\/2019\/02\/33117535_1665888326822764_4908469594315816960_n-816x544.jpg 816w\" sizes=\"auto, (max-width: 960px) 100vw, 960px\" \/><\/a> <a href=\"https:\/\/wp.ufpel.edu.br\/petartesvisuais\/files\/2019\/02\/33026864_1665921523486111_3158633878508273664_n.jpg\"><img loading=\"lazy\" decoding=\"async\" class=\"aligncenter size-full wp-image-638\" src=\"https:\/\/wp.ufpel.edu.br\/petartesvisuais\/files\/2019\/02\/33026864_1665921523486111_3158633878508273664_n.jpg\" alt=\"\" width=\"960\" height=\"640\" srcset=\"https:\/\/wp.ufpel.edu.br\/petartesvisuais\/files\/2019\/02\/33026864_1665921523486111_3158633878508273664_n.jpg 960w, https:\/\/wp.ufpel.edu.br\/petartesvisuais\/files\/2019\/02\/33026864_1665921523486111_3158633878508273664_n-212x141.jpg 212w, https:\/\/wp.ufpel.edu.br\/petartesvisuais\/files\/2019\/02\/33026864_1665921523486111_3158633878508273664_n-424x283.jpg 424w, https:\/\/wp.ufpel.edu.br\/petartesvisuais\/files\/2019\/02\/33026864_1665921523486111_3158633878508273664_n-768x512.jpg 768w, https:\/\/wp.ufpel.edu.br\/petartesvisuais\/files\/2019\/02\/33026864_1665921523486111_3158633878508273664_n-816x544.jpg 816w\" sizes=\"auto, (max-width: 960px) 100vw, 960px\" \/><\/a> <a href=\"https:\/\/wp.ufpel.edu.br\/petartesvisuais\/files\/2019\/02\/32971354_1665923120152618_3154696432879927296_n.jpg\"><img loading=\"lazy\" decoding=\"async\" class=\"aligncenter size-full wp-image-639\" src=\"https:\/\/wp.ufpel.edu.br\/petartesvisuais\/files\/2019\/02\/32971354_1665923120152618_3154696432879927296_n.jpg\" alt=\"\" width=\"960\" height=\"640\" srcset=\"https:\/\/wp.ufpel.edu.br\/petartesvisuais\/files\/2019\/02\/32971354_1665923120152618_3154696432879927296_n.jpg 960w, https:\/\/wp.ufpel.edu.br\/petartesvisuais\/files\/2019\/02\/32971354_1665923120152618_3154696432879927296_n-212x141.jpg 212w, https:\/\/wp.ufpel.edu.br\/petartesvisuais\/files\/2019\/02\/32971354_1665923120152618_3154696432879927296_n-424x283.jpg 424w, https:\/\/wp.ufpel.edu.br\/petartesvisuais\/files\/2019\/02\/32971354_1665923120152618_3154696432879927296_n-768x512.jpg 768w, https:\/\/wp.ufpel.edu.br\/petartesvisuais\/files\/2019\/02\/32971354_1665923120152618_3154696432879927296_n-816x544.jpg 816w\" sizes=\"auto, (max-width: 960px) 100vw, 960px\" \/><\/a> <a href=\"https:\/\/wp.ufpel.edu.br\/petartesvisuais\/files\/2019\/02\/33020526_1665886573489606_803936973512245248_n.jpg\"><img loading=\"lazy\" decoding=\"async\" class=\"aligncenter size-full wp-image-640\" src=\"https:\/\/wp.ufpel.edu.br\/petartesvisuais\/files\/2019\/02\/33020526_1665886573489606_803936973512245248_n.jpg\" alt=\"\" width=\"960\" height=\"640\" srcset=\"https:\/\/wp.ufpel.edu.br\/petartesvisuais\/files\/2019\/02\/33020526_1665886573489606_803936973512245248_n.jpg 960w, https:\/\/wp.ufpel.edu.br\/petartesvisuais\/files\/2019\/02\/33020526_1665886573489606_803936973512245248_n-212x141.jpg 212w, https:\/\/wp.ufpel.edu.br\/petartesvisuais\/files\/2019\/02\/33020526_1665886573489606_803936973512245248_n-424x283.jpg 424w, https:\/\/wp.ufpel.edu.br\/petartesvisuais\/files\/2019\/02\/33020526_1665886573489606_803936973512245248_n-768x512.jpg 768w, https:\/\/wp.ufpel.edu.br\/petartesvisuais\/files\/2019\/02\/33020526_1665886573489606_803936973512245248_n-816x544.jpg 816w\" sizes=\"auto, (max-width: 960px) 100vw, 960px\" \/><\/a> <a href=\"https:\/\/wp.ufpel.edu.br\/petartesvisuais\/files\/2019\/02\/31870375_1649254325152831_3451631548099461120_n.jpg\"><img loading=\"lazy\" decoding=\"async\" class=\"aligncenter size-full wp-image-641\" src=\"https:\/\/wp.ufpel.edu.br\/petartesvisuais\/files\/2019\/02\/31870375_1649254325152831_3451631548099461120_n.jpg\" alt=\"\" width=\"678\" height=\"960\" srcset=\"https:\/\/wp.ufpel.edu.br\/petartesvisuais\/files\/2019\/02\/31870375_1649254325152831_3451631548099461120_n.jpg 678w, https:\/\/wp.ufpel.edu.br\/petartesvisuais\/files\/2019\/02\/31870375_1649254325152831_3451631548099461120_n-112x159.jpg 112w, https:\/\/wp.ufpel.edu.br\/petartesvisuais\/files\/2019\/02\/31870375_1649254325152831_3451631548099461120_n-225x318.jpg 225w\" sizes=\"auto, (max-width: 678px) 100vw, 678px\" \/><\/a> <a href=\"https:\/\/wp.ufpel.edu.br\/petartesvisuais\/files\/2019\/02\/32924732_1665886836822913_4048877429559656448_n.jpg\"><img loading=\"lazy\" decoding=\"async\" class=\"aligncenter size-full wp-image-642\" src=\"https:\/\/wp.ufpel.edu.br\/petartesvisuais\/files\/2019\/02\/32924732_1665886836822913_4048877429559656448_n.jpg\" alt=\"\" width=\"960\" height=\"640\" srcset=\"https:\/\/wp.ufpel.edu.br\/petartesvisuais\/files\/2019\/02\/32924732_1665886836822913_4048877429559656448_n.jpg 960w, https:\/\/wp.ufpel.edu.br\/petartesvisuais\/files\/2019\/02\/32924732_1665886836822913_4048877429559656448_n-212x141.jpg 212w, https:\/\/wp.ufpel.edu.br\/petartesvisuais\/files\/2019\/02\/32924732_1665886836822913_4048877429559656448_n-424x283.jpg 424w, https:\/\/wp.ufpel.edu.br\/petartesvisuais\/files\/2019\/02\/32924732_1665886836822913_4048877429559656448_n-768x512.jpg 768w, https:\/\/wp.ufpel.edu.br\/petartesvisuais\/files\/2019\/02\/32924732_1665886836822913_4048877429559656448_n-816x544.jpg 816w\" sizes=\"auto, (max-width: 960px) 100vw, 960px\" \/><\/a> <a href=\"https:\/\/wp.ufpel.edu.br\/petartesvisuais\/files\/2019\/02\/31726113_1647477181997212_8310529291309809664_n.jpg\"><img loading=\"lazy\" decoding=\"async\" class=\"aligncenter size-full wp-image-643\" src=\"https:\/\/wp.ufpel.edu.br\/petartesvisuais\/files\/2019\/02\/31726113_1647477181997212_8310529291309809664_n.jpg\" alt=\"\" width=\"678\" height=\"960\" srcset=\"https:\/\/wp.ufpel.edu.br\/petartesvisuais\/files\/2019\/02\/31726113_1647477181997212_8310529291309809664_n.jpg 678w, https:\/\/wp.ufpel.edu.br\/petartesvisuais\/files\/2019\/02\/31726113_1647477181997212_8310529291309809664_n-112x159.jpg 112w, https:\/\/wp.ufpel.edu.br\/petartesvisuais\/files\/2019\/02\/31726113_1647477181997212_8310529291309809664_n-225x318.jpg 225w\" sizes=\"auto, (max-width: 678px) 100vw, 678px\" \/><\/a> <a href=\"https:\/\/wp.ufpel.edu.br\/petartesvisuais\/files\/2019\/02\/31770207_1645950805483183_864071227235368960_n.jpg\"><img loading=\"lazy\" decoding=\"async\" class=\"aligncenter size-full wp-image-644\" src=\"https:\/\/wp.ufpel.edu.br\/petartesvisuais\/files\/2019\/02\/31770207_1645950805483183_864071227235368960_n.jpg\" alt=\"\" width=\"960\" height=\"678\" srcset=\"https:\/\/wp.ufpel.edu.br\/petartesvisuais\/files\/2019\/02\/31770207_1645950805483183_864071227235368960_n.jpg 960w, https:\/\/wp.ufpel.edu.br\/petartesvisuais\/files\/2019\/02\/31770207_1645950805483183_864071227235368960_n-212x150.jpg 212w, https:\/\/wp.ufpel.edu.br\/petartesvisuais\/files\/2019\/02\/31770207_1645950805483183_864071227235368960_n-424x299.jpg 424w, https:\/\/wp.ufpel.edu.br\/petartesvisuais\/files\/2019\/02\/31770207_1645950805483183_864071227235368960_n-768x542.jpg 768w, https:\/\/wp.ufpel.edu.br\/petartesvisuais\/files\/2019\/02\/31770207_1645950805483183_864071227235368960_n-816x576.jpg 816w\" sizes=\"auto, (max-width: 960px) 100vw, 960px\" \/><\/a> <a href=\"https:\/\/wp.ufpel.edu.br\/petartesvisuais\/files\/2019\/02\/31723385_1645950818816515_3528438607167619072_n.jpg\"><img loading=\"lazy\" decoding=\"async\" class=\"aligncenter size-full wp-image-645\" src=\"https:\/\/wp.ufpel.edu.br\/petartesvisuais\/files\/2019\/02\/31723385_1645950818816515_3528438607167619072_n.jpg\" alt=\"\" width=\"960\" height=\"678\" srcset=\"https:\/\/wp.ufpel.edu.br\/petartesvisuais\/files\/2019\/02\/31723385_1645950818816515_3528438607167619072_n.jpg 960w, https:\/\/wp.ufpel.edu.br\/petartesvisuais\/files\/2019\/02\/31723385_1645950818816515_3528438607167619072_n-212x150.jpg 212w, https:\/\/wp.ufpel.edu.br\/petartesvisuais\/files\/2019\/02\/31723385_1645950818816515_3528438607167619072_n-424x299.jpg 424w, https:\/\/wp.ufpel.edu.br\/petartesvisuais\/files\/2019\/02\/31723385_1645950818816515_3528438607167619072_n-768x542.jpg 768w, https:\/\/wp.ufpel.edu.br\/petartesvisuais\/files\/2019\/02\/31723385_1645950818816515_3528438607167619072_n-816x576.jpg 816w\" sizes=\"auto, (max-width: 960px) 100vw, 960px\" \/><\/a> <a href=\"https:\/\/wp.ufpel.edu.br\/petartesvisuais\/files\/2019\/02\/31662208_1645950948816502_2216057645603749888_n.jpg\"><img loading=\"lazy\" decoding=\"async\" class=\"aligncenter size-full wp-image-646\" src=\"https:\/\/wp.ufpel.edu.br\/petartesvisuais\/files\/2019\/02\/31662208_1645950948816502_2216057645603749888_n.jpg\" alt=\"\" width=\"960\" height=\"678\" srcset=\"https:\/\/wp.ufpel.edu.br\/petartesvisuais\/files\/2019\/02\/31662208_1645950948816502_2216057645603749888_n.jpg 960w, https:\/\/wp.ufpel.edu.br\/petartesvisuais\/files\/2019\/02\/31662208_1645950948816502_2216057645603749888_n-212x150.jpg 212w, https:\/\/wp.ufpel.edu.br\/petartesvisuais\/files\/2019\/02\/31662208_1645950948816502_2216057645603749888_n-424x299.jpg 424w, https:\/\/wp.ufpel.edu.br\/petartesvisuais\/files\/2019\/02\/31662208_1645950948816502_2216057645603749888_n-768x542.jpg 768w, https:\/\/wp.ufpel.edu.br\/petartesvisuais\/files\/2019\/02\/31662208_1645950948816502_2216057645603749888_n-816x576.jpg 816w\" sizes=\"auto, (max-width: 960px) 100vw, 960px\" \/><\/a> <a href=\"https:\/\/wp.ufpel.edu.br\/petartesvisuais\/files\/2019\/02\/31682328_1645950825483181_8981718811501658112_n.jpg\"><img loading=\"lazy\" decoding=\"async\" class=\"aligncenter size-full wp-image-647\" src=\"https:\/\/wp.ufpel.edu.br\/petartesvisuais\/files\/2019\/02\/31682328_1645950825483181_8981718811501658112_n.jpg\" alt=\"\" width=\"960\" height=\"678\" srcset=\"https:\/\/wp.ufpel.edu.br\/petartesvisuais\/files\/2019\/02\/31682328_1645950825483181_8981718811501658112_n.jpg 960w, https:\/\/wp.ufpel.edu.br\/petartesvisuais\/files\/2019\/02\/31682328_1645950825483181_8981718811501658112_n-212x150.jpg 212w, https:\/\/wp.ufpel.edu.br\/petartesvisuais\/files\/2019\/02\/31682328_1645950825483181_8981718811501658112_n-424x299.jpg 424w, https:\/\/wp.ufpel.edu.br\/petartesvisuais\/files\/2019\/02\/31682328_1645950825483181_8981718811501658112_n-768x542.jpg 768w, https:\/\/wp.ufpel.edu.br\/petartesvisuais\/files\/2019\/02\/31682328_1645950825483181_8981718811501658112_n-816x576.jpg 816w\" sizes=\"auto, (max-width: 960px) 100vw, 960px\" \/><\/a><\/p>\n","protected":false},"excerpt":{"rendered":"<p>&#8220;A Lua Sangrenta \u00e9 um programa na R\u00e1dioCom(104.5 fm), est\u00e1 no ar desde 2016 todas as sextas das 10:30 \u00e0 12:00. Gestada por muitas korpas, Lua Sangrenta foi tomando forma e se incorporando como coletivo, o grupo \u00e9 formado por mulheres e pessoas n\u00e3o-bin\u00e1rias. No programa de r\u00e1dio, visamos essencialmente difundir produ\u00e7\u00f5es art\u00edsticas e culturais [&hellip;]<\/p>\n","protected":false},"author":557,"featured_media":0,"parent":0,"menu_order":0,"comment_status":"closed","ping_status":"closed","template":"","meta":{"jetpack_post_was_ever_published":false,"footnotes":""},"class_list":["post-631","page","type-page","status-publish","hentry"],"jetpack_sharing_enabled":true,"_links":{"self":[{"href":"https:\/\/wp.ufpel.edu.br\/petartesvisuais\/wp-json\/wp\/v2\/pages\/631","targetHints":{"allow":["GET"]}}],"collection":[{"href":"https:\/\/wp.ufpel.edu.br\/petartesvisuais\/wp-json\/wp\/v2\/pages"}],"about":[{"href":"https:\/\/wp.ufpel.edu.br\/petartesvisuais\/wp-json\/wp\/v2\/types\/page"}],"author":[{"embeddable":true,"href":"https:\/\/wp.ufpel.edu.br\/petartesvisuais\/wp-json\/wp\/v2\/users\/557"}],"replies":[{"embeddable":true,"href":"https:\/\/wp.ufpel.edu.br\/petartesvisuais\/wp-json\/wp\/v2\/comments?post=631"}],"version-history":[{"count":1,"href":"https:\/\/wp.ufpel.edu.br\/petartesvisuais\/wp-json\/wp\/v2\/pages\/631\/revisions"}],"predecessor-version":[{"id":648,"href":"https:\/\/wp.ufpel.edu.br\/petartesvisuais\/wp-json\/wp\/v2\/pages\/631\/revisions\/648"}],"wp:attachment":[{"href":"https:\/\/wp.ufpel.edu.br\/petartesvisuais\/wp-json\/wp\/v2\/media?parent=631"}],"curies":[{"name":"wp","href":"https:\/\/api.w.org\/{rel}","templated":true}]}}