{"id":389,"date":"2019-02-21T02:23:50","date_gmt":"2019-02-21T05:23:50","guid":{"rendered":"https:\/\/wp.ufpel.edu.br\/petartesvisuais\/?page_id=389"},"modified":"2019-02-21T02:23:50","modified_gmt":"2019-02-21T05:23:50","slug":"acao-no-asilo","status":"publish","type":"page","link":"https:\/\/wp.ufpel.edu.br\/petartesvisuais\/acao-no-asilo\/","title":{"rendered":"A\u00e7\u00e3o no Asilo"},"content":{"rendered":"<p style=\"text-align: justify\">A\u00e7\u00e3o realizada no Asilo de Idosos Pedro Os\u00f3rio. Foi preparada uma festa junina com dan\u00e7a, brincadeiras e oficinas de costura ministradas por alunas do PET Artes em parceria com o projeto Arte na Escola.<\/p>\n<p><a href=\"https:\/\/wp.ufpel.edu.br\/petartesvisuais\/files\/2019\/02\/35238212_1677560315685080_2201114750006329344_n-768x576.jpg\"><img loading=\"lazy\" decoding=\"async\" class=\"aligncenter size-full wp-image-391\" src=\"https:\/\/wp.ufpel.edu.br\/petartesvisuais\/files\/2019\/02\/35238212_1677560315685080_2201114750006329344_n-768x576.jpg\" alt=\"\" width=\"768\" height=\"576\" srcset=\"https:\/\/wp.ufpel.edu.br\/petartesvisuais\/files\/2019\/02\/35238212_1677560315685080_2201114750006329344_n-768x576.jpg 768w, https:\/\/wp.ufpel.edu.br\/petartesvisuais\/files\/2019\/02\/35238212_1677560315685080_2201114750006329344_n-768x576-212x159.jpg 212w, https:\/\/wp.ufpel.edu.br\/petartesvisuais\/files\/2019\/02\/35238212_1677560315685080_2201114750006329344_n-768x576-424x318.jpg 424w\" sizes=\"auto, (max-width: 768px) 100vw, 768px\" \/><\/a> <a href=\"https:\/\/wp.ufpel.edu.br\/petartesvisuais\/files\/2019\/02\/IMG_4445-768x576.jpg\"><img loading=\"lazy\" decoding=\"async\" class=\"aligncenter size-full wp-image-392\" src=\"https:\/\/wp.ufpel.edu.br\/petartesvisuais\/files\/2019\/02\/IMG_4445-768x576.jpg\" alt=\"\" width=\"768\" height=\"576\" srcset=\"https:\/\/wp.ufpel.edu.br\/petartesvisuais\/files\/2019\/02\/IMG_4445-768x576.jpg 768w, https:\/\/wp.ufpel.edu.br\/petartesvisuais\/files\/2019\/02\/IMG_4445-768x576-212x159.jpg 212w, https:\/\/wp.ufpel.edu.br\/petartesvisuais\/files\/2019\/02\/IMG_4445-768x576-424x318.jpg 424w\" sizes=\"auto, (max-width: 768px) 100vw, 768px\" \/><\/a> <a href=\"https:\/\/wp.ufpel.edu.br\/petartesvisuais\/files\/2019\/02\/IMG_4506-768x576.jpg\"><img loading=\"lazy\" decoding=\"async\" class=\"aligncenter size-full wp-image-393\" src=\"https:\/\/wp.ufpel.edu.br\/petartesvisuais\/files\/2019\/02\/IMG_4506-768x576.jpg\" alt=\"\" width=\"768\" height=\"576\" srcset=\"https:\/\/wp.ufpel.edu.br\/petartesvisuais\/files\/2019\/02\/IMG_4506-768x576.jpg 768w, https:\/\/wp.ufpel.edu.br\/petartesvisuais\/files\/2019\/02\/IMG_4506-768x576-212x159.jpg 212w, https:\/\/wp.ufpel.edu.br\/petartesvisuais\/files\/2019\/02\/IMG_4506-768x576-424x318.jpg 424w\" sizes=\"auto, (max-width: 768px) 100vw, 768px\" \/><\/a><\/p>\n","protected":false},"excerpt":{"rendered":"<p>A\u00e7\u00e3o realizada no Asilo de Idosos Pedro Os\u00f3rio. Foi preparada uma festa junina com dan\u00e7a, brincadeiras e oficinas de costura ministradas por alunas do PET Artes em parceria com o projeto Arte na Escola.<\/p>\n","protected":false},"author":557,"featured_media":0,"parent":0,"menu_order":0,"comment_status":"closed","ping_status":"closed","template":"","meta":{"jetpack_post_was_ever_published":false,"footnotes":""},"class_list":["post-389","page","type-page","status-publish","hentry"],"jetpack_sharing_enabled":true,"_links":{"self":[{"href":"https:\/\/wp.ufpel.edu.br\/petartesvisuais\/wp-json\/wp\/v2\/pages\/389","targetHints":{"allow":["GET"]}}],"collection":[{"href":"https:\/\/wp.ufpel.edu.br\/petartesvisuais\/wp-json\/wp\/v2\/pages"}],"about":[{"href":"https:\/\/wp.ufpel.edu.br\/petartesvisuais\/wp-json\/wp\/v2\/types\/page"}],"author":[{"embeddable":true,"href":"https:\/\/wp.ufpel.edu.br\/petartesvisuais\/wp-json\/wp\/v2\/users\/557"}],"replies":[{"embeddable":true,"href":"https:\/\/wp.ufpel.edu.br\/petartesvisuais\/wp-json\/wp\/v2\/comments?post=389"}],"version-history":[{"count":1,"href":"https:\/\/wp.ufpel.edu.br\/petartesvisuais\/wp-json\/wp\/v2\/pages\/389\/revisions"}],"predecessor-version":[{"id":394,"href":"https:\/\/wp.ufpel.edu.br\/petartesvisuais\/wp-json\/wp\/v2\/pages\/389\/revisions\/394"}],"wp:attachment":[{"href":"https:\/\/wp.ufpel.edu.br\/petartesvisuais\/wp-json\/wp\/v2\/media?parent=389"}],"curies":[{"name":"wp","href":"https:\/\/api.w.org\/{rel}","templated":true}]}}