{"id":33,"date":"2015-10-16T16:18:51","date_gmt":"2015-10-16T19:18:51","guid":{"rendered":"https:\/\/wp.ufpel.edu.br\/petartesvisuais\/?page_id=33"},"modified":"2023-03-28T22:04:08","modified_gmt":"2023-03-29T01:04:08","slug":"integrantes","status":"publish","type":"page","link":"https:\/\/wp.ufpel.edu.br\/petartesvisuais\/integrantes\/","title":{"rendered":"O que \u00e9 o PET?"},"content":{"rendered":"<div style=\"text-align: justify;\">\n<div>\n<p>O Programa de Educa\u00e7\u00e3o Tutorial (PET) foi criado para apoiar atividades acad\u00eamicas que integram ensino, pesquisa e extens\u00e3o. Formado por grupos tutoriais de aprendizagem, o PET propicia aos alunos participantes, sob a orienta\u00e7\u00e3o de um tutor, a realiza\u00e7\u00e3o de atividades extracurriculares que complementem a forma\u00e7\u00e3o acad\u00eamica do estudante e atendam \u00e0s necessidades do pr\u00f3prio curso de gradua\u00e7\u00e3o. O estudante e o professor tutor recebem apoio financeiro de acordo com a Pol\u00edtica Nacional de Inicia\u00e7\u00e3o Cient\u00edfica.<\/p>\n<p>\u2013 <a href=\"http:\/\/portal.mec.gov.br\/index.php?option=com_content&amp;view=article&amp;id=12223&amp;Itemid=480\" target=\"_blank\" rel=\"noopener\">Link<\/a> para o site do PET no Minist\u00e9rio da Educa\u00e7\u00e3o (MEC)<\/p>\n<\/div>\n<\/div>\n<div style=\"text-align: justify;\"><\/div>\n<div>\n<h3>Encontro Interno entre os Grupos PET (InterPET)<\/h3>\n<p><span class=\"color_11\">O InterPET \u00e9 uma reuni\u00e3o mensal entre todos os grupos PET da UFPel. A organiza\u00e7\u00e3o de cada reuni\u00e3o fica a cargo de um dos grupos, seguindo um cronograma de pautas pr\u00e9-definido entre todos os grupos. Al\u00e9m disso, cabe ao grupo PET organizador do evento, realizar din\u00e2micas entre os petianos e tutores para maior integra\u00e7\u00e3o. Esses encontros propiciam, al\u00e9m da integra\u00e7\u00e3o entre os grupos PETs da UFPel, a discuss\u00e3o de assuntos de relev\u00e2ncia ao PET discutindo pautas previamente enviados ao organizador sobre assuntos importantes e que necessitam de alguma aten\u00e7\u00e3o maior. Desse modo o InterPET \u00e9 um espa\u00e7o destinado \u00e0 discuss\u00e3o e planejamento de todas as atividades. Tamb\u00e9m \u00e9 uma atividade preparat\u00f3ria para o SULPET e para o ENAPET.<\/span><span class=\"wixGuard\">\u200b<\/span><\/p>\n<p>&#8211; Fonte: <a href=\"https:\/\/petmeteorologia.wixsite.com\/petmeteorologia\/interpet\">https:\/\/petmeteorologia.wixsite.com\/petmeteorologia\/interpet<\/a><\/p>\n<h3>Encontro Nacional dos Grupos PET (ENAPET)<\/h3>\n<p>O primeiro encontro nacional do PET realizou-se em 1996, na PUC, S\u00e3o Paulo, objetivando ampliar o conhecimento m\u00fatuo entre os grupos, al\u00e9m da troca de id\u00e9ias sobre o programa. O ENAPET foi crescendo enquanto encontro nacional, sendo o evento m\u00e1ximo de discuss\u00e3o dos grupos PET, constituindo-se ao longo dos anos, num movimento aut\u00eantico, democr\u00e1tico e, sobretudo um exerc\u00edcio do grande f\u00f3rum de discuss\u00e3o dos grupos reunindo estudantes e professores de norte a sul deste pa\u00eds.<br \/>\n\u2013 Fonte: <a href=\"https:\/\/sigeventos.ufrn.br\/evento\/enapet2019\/pagina\/o-que-e-o-enapet-\">https:\/\/sigeventos.ufrn.br\/evento\/enapet2019\/pagina\/o-que-e-o-enapet-<\/a><\/p>\n<h3>Encontros Regionais dos Grupos PET<\/h3>\n<p>Os encontros regionais dos grupos PET surgiram como uma recomenda\u00e7\u00e3o dos Encontros Nacionais (ENAPETs) ocorridos, a princ\u00edpio, paralelamente \u00e0s reuni\u00f5es anuais da Sociedade Brasileira para o Progresso da Ci\u00eancia (SBPC) e que foram inseridos oficialmente nestas reuni\u00f5es a partir do VII ENAPET, em 2003, na Reuni\u00e3o anual ocorrida em Recife.<\/p>\n<p>Em um dos ENAPETs surgiu a id\u00e9ia de se fazerem os encontros regionais que dariam mais subs\u00eddios e funcionariam como eventos preparat\u00f3rios que desaguariam no ENAPET.<\/p>\n<p>Os eventos regionais passaram ent\u00e3o a ocorrer nos primeiros semestres, antes do encontro nacional, cujo per\u00edodo \u00e9 julho. Esses eventos encontram-se em diferentes edi\u00e7\u00f5es e foram denominados conforme a regi\u00e3o, com os seguintes nomes: SULPET; SUDESTE PET; ECONPET (Encontro abrangendo as regi\u00f5es Centro-Oeste e Norte); ENEPET (Encontro Nordestino dos Grupos PET).<\/p>\n<p>\u2013 Fonte\u00a0 (aba: <em>eventos<\/em> &#8211; <em>regionais)<\/em>: <a href=\"https:\/\/cenapet.org\/sulpet\">https:\/\/cenapet.org\/sulpet<\/a><\/p>\n<h3>Comiss\u00e3o Executiva Nacional do PET (CENAPET)<\/h3>\n<p>\u00c9 o f\u00f3rum representativa dos Grupos do Programa de Educa\u00e7\u00e3o Tutorial (PET) das Institui\u00e7\u00f5es de Ensino Superior do pa\u00eds, cons fins a congregar, coordenar e representar com autonomia os interesses dos Grupos PET em \u00e2mbito nacional, perante as institui\u00e7\u00f5es competentes da sociedade e do governo federal.<\/p>\n<p>\u2013\u00a0<a href=\"https:\/\/cenapet.org\/\" target=\"_blank\" rel=\"noopener\">Fonte e link<\/a>\u00a0site da CENAPET<\/p>\n<\/div>\n","protected":false},"excerpt":{"rendered":"<p>O Programa de Educa\u00e7\u00e3o Tutorial (PET) foi criado para apoiar atividades acad\u00eamicas que integram ensino, pesquisa e extens\u00e3o. Formado por grupos tutoriais de aprendizagem, o PET propicia aos alunos participantes, sob a orienta\u00e7\u00e3o de um tutor, a realiza\u00e7\u00e3o de atividades extracurriculares que complementem a forma\u00e7\u00e3o acad\u00eamica do estudante e atendam \u00e0s necessidades do pr\u00f3prio curso [&hellip;]<\/p>\n","protected":false},"author":557,"featured_media":0,"parent":0,"menu_order":0,"comment_status":"closed","ping_status":"closed","template":"","meta":{"jetpack_post_was_ever_published":false,"footnotes":""},"class_list":["post-33","page","type-page","status-publish","hentry"],"jetpack_sharing_enabled":true,"_links":{"self":[{"href":"https:\/\/wp.ufpel.edu.br\/petartesvisuais\/wp-json\/wp\/v2\/pages\/33","targetHints":{"allow":["GET"]}}],"collection":[{"href":"https:\/\/wp.ufpel.edu.br\/petartesvisuais\/wp-json\/wp\/v2\/pages"}],"about":[{"href":"https:\/\/wp.ufpel.edu.br\/petartesvisuais\/wp-json\/wp\/v2\/types\/page"}],"author":[{"embeddable":true,"href":"https:\/\/wp.ufpel.edu.br\/petartesvisuais\/wp-json\/wp\/v2\/users\/557"}],"replies":[{"embeddable":true,"href":"https:\/\/wp.ufpel.edu.br\/petartesvisuais\/wp-json\/wp\/v2\/comments?post=33"}],"version-history":[{"count":20,"href":"https:\/\/wp.ufpel.edu.br\/petartesvisuais\/wp-json\/wp\/v2\/pages\/33\/revisions"}],"predecessor-version":[{"id":2665,"href":"https:\/\/wp.ufpel.edu.br\/petartesvisuais\/wp-json\/wp\/v2\/pages\/33\/revisions\/2665"}],"wp:attachment":[{"href":"https:\/\/wp.ufpel.edu.br\/petartesvisuais\/wp-json\/wp\/v2\/media?parent=33"}],"curies":[{"name":"wp","href":"https:\/\/api.w.org\/{rel}","templated":true}]}}