{"id":310,"date":"2018-05-21T16:20:27","date_gmt":"2018-05-21T19:20:27","guid":{"rendered":"https:\/\/wp.ufpel.edu.br\/petartesvisuais\/?page_id=310"},"modified":"2019-02-26T18:15:53","modified_gmt":"2019-02-26T21:15:53","slug":"design-de-personagens","status":"publish","type":"page","link":"https:\/\/wp.ufpel.edu.br\/petartesvisuais\/design-de-personagens\/","title":{"rendered":"Design de Personagens"},"content":{"rendered":"<p>O Workshop tem como objetivo estimular habilidades para ilustra\u00e7\u00e3o, orientando o aluno para a cria\u00e7\u00e3o e constru\u00e7\u00e3o de personagens, baseado em caracter\u00edsticas emocionais e psicol\u00f3gicas. Progress\u00e3o do pr\u00f3prio estilo de desenho, pesquisa de refer\u00eancias e aplica\u00e7\u00e3o em diversas situa\u00e7\u00f5es.<\/p>\n<p><a href=\"https:\/\/wp.ufpel.edu.br\/petartesvisuais\/files\/2019\/02\/Sem-t\u00edtulo.jpg\"><img loading=\"lazy\" decoding=\"async\" class=\"aligncenter size-full wp-image-584\" src=\"https:\/\/wp.ufpel.edu.br\/petartesvisuais\/files\/2019\/02\/Sem-t\u00edtulo.jpg\" alt=\"\" width=\"380\" height=\"518\" srcset=\"https:\/\/wp.ufpel.edu.br\/petartesvisuais\/files\/2019\/02\/Sem-t\u00edtulo.jpg 380w, https:\/\/wp.ufpel.edu.br\/petartesvisuais\/files\/2019\/02\/Sem-t\u00edtulo-117x159.jpg 117w, https:\/\/wp.ufpel.edu.br\/petartesvisuais\/files\/2019\/02\/Sem-t\u00edtulo-233x318.jpg 233w\" sizes=\"auto, (max-width: 380px) 100vw, 380px\" \/><\/a><a href=\"https:\/\/wp.ufpel.edu.br\/petartesvisuais\/files\/2019\/02\/Sem-f.png\"><img loading=\"lazy\" decoding=\"async\" class=\"aligncenter size-full wp-image-754\" src=\"https:\/\/wp.ufpel.edu.br\/petartesvisuais\/files\/2019\/02\/Sem-f.png\" alt=\"\" width=\"598\" height=\"336\" srcset=\"https:\/\/wp.ufpel.edu.br\/petartesvisuais\/files\/2019\/02\/Sem-f.png 598w, https:\/\/wp.ufpel.edu.br\/petartesvisuais\/files\/2019\/02\/Sem-f-212x119.png 212w, https:\/\/wp.ufpel.edu.br\/petartesvisuais\/files\/2019\/02\/Sem-f-424x238.png 424w\" sizes=\"auto, (max-width: 598px) 100vw, 598px\" \/><\/a><\/p>\n<p><a href=\"https:\/\/wp.ufpel.edu.br\/petartesvisuais\/files\/2019\/02\/Sem-t\u00edtulo.png\"><img loading=\"lazy\" decoding=\"async\" class=\"aligncenter size-full wp-image-385\" src=\"https:\/\/wp.ufpel.edu.br\/petartesvisuais\/files\/2019\/02\/Sem-t\u00edtulo.png\" alt=\"\" width=\"819\" height=\"487\" srcset=\"https:\/\/wp.ufpel.edu.br\/petartesvisuais\/files\/2019\/02\/Sem-t\u00edtulo.png 819w, https:\/\/wp.ufpel.edu.br\/petartesvisuais\/files\/2019\/02\/Sem-t\u00edtulo-212x126.png 212w, https:\/\/wp.ufpel.edu.br\/petartesvisuais\/files\/2019\/02\/Sem-t\u00edtulo-424x252.png 424w, https:\/\/wp.ufpel.edu.br\/petartesvisuais\/files\/2019\/02\/Sem-t\u00edtulo-768x457.png 768w, https:\/\/wp.ufpel.edu.br\/petartesvisuais\/files\/2019\/02\/Sem-t\u00edtulo-816x485.png 816w\" sizes=\"auto, (max-width: 819px) 100vw, 819px\" \/><\/a><\/p>\n","protected":false},"excerpt":{"rendered":"<p>O Workshop tem como objetivo estimular habilidades para ilustra\u00e7\u00e3o, orientando o aluno para a cria\u00e7\u00e3o e constru\u00e7\u00e3o de personagens, baseado em caracter\u00edsticas emocionais e psicol\u00f3gicas. Progress\u00e3o do pr\u00f3prio estilo de desenho, pesquisa de refer\u00eancias e aplica\u00e7\u00e3o em diversas situa\u00e7\u00f5es.<\/p>\n","protected":false},"author":557,"featured_media":754,"parent":0,"menu_order":0,"comment_status":"closed","ping_status":"closed","template":"","meta":{"jetpack_post_was_ever_published":false,"footnotes":""},"class_list":["post-310","page","type-page","status-publish","has-post-thumbnail","hentry"],"jetpack_sharing_enabled":true,"_links":{"self":[{"href":"https:\/\/wp.ufpel.edu.br\/petartesvisuais\/wp-json\/wp\/v2\/pages\/310","targetHints":{"allow":["GET"]}}],"collection":[{"href":"https:\/\/wp.ufpel.edu.br\/petartesvisuais\/wp-json\/wp\/v2\/pages"}],"about":[{"href":"https:\/\/wp.ufpel.edu.br\/petartesvisuais\/wp-json\/wp\/v2\/types\/page"}],"author":[{"embeddable":true,"href":"https:\/\/wp.ufpel.edu.br\/petartesvisuais\/wp-json\/wp\/v2\/users\/557"}],"replies":[{"embeddable":true,"href":"https:\/\/wp.ufpel.edu.br\/petartesvisuais\/wp-json\/wp\/v2\/comments?post=310"}],"version-history":[{"count":5,"href":"https:\/\/wp.ufpel.edu.br\/petartesvisuais\/wp-json\/wp\/v2\/pages\/310\/revisions"}],"predecessor-version":[{"id":757,"href":"https:\/\/wp.ufpel.edu.br\/petartesvisuais\/wp-json\/wp\/v2\/pages\/310\/revisions\/757"}],"wp:featuredmedia":[{"embeddable":true,"href":"https:\/\/wp.ufpel.edu.br\/petartesvisuais\/wp-json\/wp\/v2\/media\/754"}],"wp:attachment":[{"href":"https:\/\/wp.ufpel.edu.br\/petartesvisuais\/wp-json\/wp\/v2\/media?parent=310"}],"curies":[{"name":"wp","href":"https:\/\/api.w.org\/{rel}","templated":true}]}}