{"id":301,"date":"2018-05-21T16:14:14","date_gmt":"2018-05-21T19:14:14","guid":{"rendered":"https:\/\/wp.ufpel.edu.br\/petartesvisuais\/?page_id=301"},"modified":"2019-02-21T02:00:04","modified_gmt":"2019-02-21T05:00:04","slug":"scratch-day-2018","status":"publish","type":"page","link":"https:\/\/wp.ufpel.edu.br\/petartesvisuais\/scratch-day-2018\/","title":{"rendered":"Scratch Day 2018"},"content":{"rendered":"<p style=\"text-align: justify\">O Scratch Day\u00a0\u00e9 uma iniciativa da comunidade tecnol\u00f3gica e educacional para se comemorar o anivers\u00e1rio do incr\u00edvel\u00a0Scratch. Anualmente no m\u00eas de Maio v\u00e1rias pessoas ao redor do mundo se encontram para dividir conhecimentos, projetos e aprender novas t\u00e9cnicas, umas com as outras.<\/p>\n<p><a href=\"https:\/\/wp.ufpel.edu.br\/petartesvisuais\/files\/2019\/02\/DSC_0381.jpg\"><img loading=\"lazy\" decoding=\"async\" class=\"aligncenter size-full wp-image-374\" src=\"https:\/\/wp.ufpel.edu.br\/petartesvisuais\/files\/2019\/02\/DSC_0381.jpg\" alt=\"\" width=\"4512\" height=\"3000\" srcset=\"https:\/\/wp.ufpel.edu.br\/petartesvisuais\/files\/2019\/02\/DSC_0381.jpg 4512w, https:\/\/wp.ufpel.edu.br\/petartesvisuais\/files\/2019\/02\/DSC_0381-212x141.jpg 212w, https:\/\/wp.ufpel.edu.br\/petartesvisuais\/files\/2019\/02\/DSC_0381-424x282.jpg 424w, https:\/\/wp.ufpel.edu.br\/petartesvisuais\/files\/2019\/02\/DSC_0381-768x511.jpg 768w, https:\/\/wp.ufpel.edu.br\/petartesvisuais\/files\/2019\/02\/DSC_0381-816x543.jpg 816w\" sizes=\"auto, (max-width: 4512px) 100vw, 4512px\" \/><\/a> <a href=\"https:\/\/wp.ufpel.edu.br\/petartesvisuais\/files\/2019\/02\/DSC_0355.jpg\"><img loading=\"lazy\" decoding=\"async\" class=\"aligncenter wp-image-375 size-full\" src=\"https:\/\/wp.ufpel.edu.br\/petartesvisuais\/files\/2019\/02\/DSC_0355.jpg\" alt=\"\" width=\"4512\" height=\"3000\" srcset=\"https:\/\/wp.ufpel.edu.br\/petartesvisuais\/files\/2019\/02\/DSC_0355.jpg 4512w, https:\/\/wp.ufpel.edu.br\/petartesvisuais\/files\/2019\/02\/DSC_0355-212x141.jpg 212w, https:\/\/wp.ufpel.edu.br\/petartesvisuais\/files\/2019\/02\/DSC_0355-424x282.jpg 424w, https:\/\/wp.ufpel.edu.br\/petartesvisuais\/files\/2019\/02\/DSC_0355-768x511.jpg 768w, https:\/\/wp.ufpel.edu.br\/petartesvisuais\/files\/2019\/02\/DSC_0355-816x543.jpg 816w\" sizes=\"auto, (max-width: 4512px) 100vw, 4512px\" \/><\/a> <a href=\"https:\/\/wp.ufpel.edu.br\/petartesvisuais\/files\/2019\/02\/DSC_0352.jpg\"><img loading=\"lazy\" decoding=\"async\" class=\"aligncenter wp-image-376 size-full\" src=\"https:\/\/wp.ufpel.edu.br\/petartesvisuais\/files\/2019\/02\/DSC_0352.jpg\" alt=\"\" width=\"4512\" height=\"3000\" srcset=\"https:\/\/wp.ufpel.edu.br\/petartesvisuais\/files\/2019\/02\/DSC_0352.jpg 4512w, https:\/\/wp.ufpel.edu.br\/petartesvisuais\/files\/2019\/02\/DSC_0352-212x141.jpg 212w, https:\/\/wp.ufpel.edu.br\/petartesvisuais\/files\/2019\/02\/DSC_0352-424x282.jpg 424w, https:\/\/wp.ufpel.edu.br\/petartesvisuais\/files\/2019\/02\/DSC_0352-768x511.jpg 768w, https:\/\/wp.ufpel.edu.br\/petartesvisuais\/files\/2019\/02\/DSC_0352-816x543.jpg 816w\" sizes=\"auto, (max-width: 4512px) 100vw, 4512px\" \/><\/a><\/p>\n","protected":false},"excerpt":{"rendered":"<p>O Scratch Day\u00a0\u00e9 uma iniciativa da comunidade tecnol\u00f3gica e educacional para se comemorar o anivers\u00e1rio do incr\u00edvel\u00a0Scratch. Anualmente no m\u00eas de Maio v\u00e1rias pessoas ao redor do mundo se encontram para dividir conhecimentos, projetos e aprender novas t\u00e9cnicas, umas com as outras.<\/p>\n","protected":false},"author":557,"featured_media":0,"parent":0,"menu_order":0,"comment_status":"closed","ping_status":"closed","template":"","meta":{"jetpack_post_was_ever_published":false,"footnotes":""},"class_list":["post-301","page","type-page","status-publish","hentry"],"jetpack_sharing_enabled":true,"_links":{"self":[{"href":"https:\/\/wp.ufpel.edu.br\/petartesvisuais\/wp-json\/wp\/v2\/pages\/301","targetHints":{"allow":["GET"]}}],"collection":[{"href":"https:\/\/wp.ufpel.edu.br\/petartesvisuais\/wp-json\/wp\/v2\/pages"}],"about":[{"href":"https:\/\/wp.ufpel.edu.br\/petartesvisuais\/wp-json\/wp\/v2\/types\/page"}],"author":[{"embeddable":true,"href":"https:\/\/wp.ufpel.edu.br\/petartesvisuais\/wp-json\/wp\/v2\/users\/557"}],"replies":[{"embeddable":true,"href":"https:\/\/wp.ufpel.edu.br\/petartesvisuais\/wp-json\/wp\/v2\/comments?post=301"}],"version-history":[{"count":5,"href":"https:\/\/wp.ufpel.edu.br\/petartesvisuais\/wp-json\/wp\/v2\/pages\/301\/revisions"}],"predecessor-version":[{"id":377,"href":"https:\/\/wp.ufpel.edu.br\/petartesvisuais\/wp-json\/wp\/v2\/pages\/301\/revisions\/377"}],"wp:attachment":[{"href":"https:\/\/wp.ufpel.edu.br\/petartesvisuais\/wp-json\/wp\/v2\/media?parent=301"}],"curies":[{"name":"wp","href":"https:\/\/api.w.org\/{rel}","templated":true}]}}