{"id":285,"date":"2018-05-21T16:03:20","date_gmt":"2018-05-21T19:03:20","guid":{"rendered":"https:\/\/wp.ufpel.edu.br\/petartesvisuais\/?page_id=285"},"modified":"2025-04-10T20:23:17","modified_gmt":"2025-04-10T23:23:17","slug":"residencias-artisticas-e-intercambios","status":"publish","type":"page","link":"https:\/\/wp.ufpel.edu.br\/petartesvisuais\/residencias-artisticas-e-intercambios\/","title":{"rendered":"Resid\u00eancias Art\u00edsticas e Interc\u00e2mbios"},"content":{"rendered":"<p><span style=\"color: #000000;\"><strong>2025<\/strong><\/span><\/p>\n<ul>\n<li><span style=\"color: #000000;\"><span style=\"color: #000000;\">Atua\u00e7\u00e3o do <span style=\"font-weight: 400;\">PET Artes Visuais na organiza\u00e7\u00e3o da exposi\u00e7\u00e3o no MALG: <a href=\"https:\/\/wp.ufpel.edu.br\/petartesvisuais\/2025\/04\/10\/3191\/\">Exposi\u00e7\u00e3o PINTURA: PERMEABILIDADES IMAGINATIVAS<\/a><br \/>\n<\/span><\/span><\/span><\/li>\n<\/ul>\n<p><span style=\"color: #000000;\"><strong>2024<\/strong><\/span><\/p>\n<ul>\n<li><span style=\"color: #000000;\">Atua\u00e7\u00e3o do <span style=\"font-weight: 400;\">PET Artes Visuais na organiza\u00e7\u00e3o do evento <a href=\"https:\/\/wp.ufpel.edu.br\/petartesvisuais\/2024\/02\/07\/pet-e-dobra-o-ruido-2024\/\">Dobra o Ru\u00eddo<\/a> junto com <a href=\"https:\/\/www.instagram.com\/lugareslivro\/\">Lugares Livro<\/a><\/span><\/span><\/li>\n<li><span style=\"color: #000000;\">Atua\u00e7\u00e3o do <a href=\"https:\/\/wp.ufpel.edu.br\/petartesvisuais\/2024\/03\/11\/a-bruxa-ta-no-ca\/\">PET Artes Visuais junto com o Bloco Burlesco Bruxa da V\u00e1rzea<\/a> na elabora\u00e7\u00e3o do carro aleg\u00f3rico para o <a href=\"https:\/\/www.instagram.com\/s\/aGlnaGxpZ2h0OjE4MDk2MDY4NDY0NDA3OTc5?igsh=MXA2cGd0eWp5OGE4bg==\">Carnaval de Pelotas 2024<\/a><\/span><\/li>\n<\/ul>\n<p><strong>2023<\/strong><\/p>\n<ul>\n<li>P\u00e1ginas dos Parceiros do PET Artes Visuais UFPel em 2023:\n<ul>\n<li><a href=\"https:\/\/wp.ufpel.edu.br\/artenaescola\/\"><span style=\"font-weight: 400;\">Arte na Escola<\/span><\/a><\/li>\n<li><a href=\"https:\/\/www.instagram.com\/relvacultural\/\"><span style=\"font-weight: 400;\">Relva Cultural<\/span><\/a><\/li>\n<li><a href=\"https:\/\/www.instagram.com\/asalagaleria\/\">Galeria A Sala<\/a><\/li>\n<li><a href=\"https:\/\/www.instagram.com\/projeto_portinari\/\"><span style=\"font-weight: 400;\">Projeto Portinari<\/span><\/a><\/li>\n<li><a href=\"https:\/\/www.corredor14.com.br\"><span style=\"font-weight: 400;\">Corredor 14<\/span><\/a><\/li>\n<li><a href=\"https:\/\/www.instagram.com\/caixadepandora.ufpel\/\">Caixa de Pandora<\/a><\/li>\n<\/ul>\n<\/li>\n<li><a href=\"https:\/\/wp.ufpel.edu.br\/petartesvisuais\/2023\/08\/31\/peteleco-n9\/\">Peteleco no.9 apresentando os curtas-metragens e a ultima edi\u00e7\u00e3o da revista na <span style=\"font-weight: 400;\">Mostra Cultural do <\/span>UNIFICA<\/a><\/li>\n<li style=\"font-weight: 400;\" aria-level=\"1\"><a href=\"https:\/\/www.instagram.com\/p\/CzZ7y66u-TW\/?utm_source=ig_web_copy_link&amp;igsh=MzRlODBiNWFlZA==\"><span style=\"font-weight: 400;\">GALERIA A SALA_ <em>media\u00e7\u00e3o com a artista Ang\u00e9lica Marques<\/em>&#8211; Experimenta\u00e7\u00e3o do PET Artes Visuais para com a estrat\u00e9gia de abordagem do novo grupo de media\u00e7\u00e3o educacional da Galeria A Sala;<\/span><\/a><\/li>\n<li><a href=\"https:\/\/www.instagram.com\/p\/CudTs_yALtP\/?utm_source=ig_web_copy_link&amp;igsh=MzRlODBiNWFlZA==\"><span style=\"font-weight: 400;\">MALTA CURATORIAL- Conversa aberta\/ aula aberta com professores e pessoas ligadas a curadoria para o PET Artes Visuais e demais alunos interessados ( novo projeto instaurado pelo novo tutor )<\/span><\/a><\/li>\n<li><a href=\"https:\/\/wp.ufpel.edu.br\/petartesvisuais\/2024\/02\/19\/pet-2023-lava-evento-em-parceria-com-o-relva-cultural\/\"><span style=\"font-weight: 400;\">LAVA-rar: parceria do PET Artes Visuais na media\u00e7\u00e3o entre a Relva Cultural e o Centro de Artes para possibilitar uma fala aberta com um artista residente do Relva Cultural no audit\u00f3rio 2 do CA.<\/span><\/a><\/li>\n<li><a href=\"https:\/\/www.embrapa.br\/busca-de-noticias\/-\/noticia\/85746769\/agroecologia-2023-reune-cinco-eventos-paralelos--e-mostra-tecnologias-para-conservar-solo-e-agua\"><span style=\"font-weight: 400;\">DIA DE CAMPO EMBRAPA &#8211; Aux\u00edlio na montagem da exposi\u00e7\u00e3o Projeto Portinari no Dia de Campo da Embrapa ocorrido na sede Cascata em Dezembro de 2023.<\/span><\/a><\/li>\n<\/ul>\n<p>&nbsp;<\/p>\n<p><strong>2022<\/strong><\/p>\n<ul>\n<li>P\u00e1ginas dos Parceiros do PET Artes Visuais UFPel em 2022:\n<ul>\n<li><a href=\"https:\/\/wp.ufpel.edu.br\/artenaescola\/\"><span style=\"font-weight: 400;\">Arte na Escola<\/span><\/a><\/li>\n<li><a href=\"https:\/\/wp.ufpel.edu.br\/malg\/\">MALG<\/a><\/li>\n<li><a href=\"https:\/\/www.corredor14.com.br\"><span style=\"font-weight: 400;\">Corredor 14<\/span><\/a><\/li>\n<li><a href=\"https:\/\/www.instagram.com\/dalc.ufpel\/?hl=en\"><span style=\"font-weight: 400;\">DALC<\/span><\/a><\/li>\n<li><a href=\"https:\/\/institucional.ufpel.edu.br\/projetos\/id\/u2156\"><span style=\"font-weight: 400;\">LABxD<\/span><\/a><\/li>\n<li><a href=\"https:\/\/www.instagram.com\/cadesignufpel\/\">CADe<\/a><\/li>\n<li><a href=\"https:\/\/otroporto.com.br\/\"><span style=\"font-weight: 400;\">OTROPORTO<\/span><\/a><\/li>\n<li><a href=\"https:\/\/www.instagram.com\/sofanarua\/\">SOF\u00c1 NA RUA<\/a><\/li>\n<li><a href=\"https:\/\/wp.ufpel.edu.br\/petdiversidade\/\"><span style=\"font-weight: 400;\">PET DT<\/span><\/a><\/li>\n<\/ul>\n<\/li>\n<li><a href=\"https:\/\/wp.ufpel.edu.br\/petdiversidade\/2020\/12\/17\/historias-pouco-contadas-protagonismos-negros\/\">Projeto &#8220;Hist\u00f3rias Pouco Contadas: Protagonismos Negros&#8221;, realiza\u00e7\u00e3o em parceria com o PET Diversidade e Toler\u00e2ncia da UFPel (PET DT)\u00a0<\/a><\/li>\n<li><a href=\"https:\/\/wp.ufpel.edu.br\/petartesvisuais\/2022\/06\/04\/peteleco-n-8\/\">Peteleco no.8 apresentando os pr\u00f3prios integrantes\/artistas do PET Artes Visuais<\/a><\/li>\n<li style=\"font-weight: 400;\" aria-level=\"1\"><a href=\"https:\/\/www.bienalmercosul.art.br\/bienais\/13%C2%AA-Bienal-do-Mercosul\"><span style=\"font-weight: 400;\">Excurs\u00e3o \u00e0 Bienal do Mercosul em Porto Alegre\/RS<\/span><\/a><\/li>\n<li style=\"font-weight: 400;\" aria-level=\"1\"><a href=\"https:\/\/wp.ufpel.edu.br\/petartesvisuais\/2023\/07\/04\/cafe-no-jardim-do-malg-uma-reflexao-sobre-ausencias-100-anos-depois-da-semana-de-22\/\"><span style=\"font-weight: 400;\">Caf\u00e9 no Jardim do MALG: uma reflex\u00e3o sobre aus\u00eancias 100 anos depois da semana de 22.\u00a0<\/span><\/a><\/li>\n<\/ul>\n<p>&nbsp;<\/p>\n<p><strong>2021<\/strong><\/p>\n<ul>\n<li>P\u00e1ginas dos Parceiros do PET Artes Visuais UFPel em 2021:\n<ul>\n<li><a href=\"https:\/\/wp.ufpel.edu.br\/artenaescola\/\"><span style=\"font-weight: 400;\">Arte na Escola<\/span><\/a><\/li>\n<li><a href=\"https:\/\/www.instagram.com\/panelinha.prod\/\"><span style=\"font-weight: 400;\">Panelinha Produ\u00e7\u00f5es<\/span><\/a><\/li>\n<li><a href=\"https:\/\/www.corredor14.com.br\"><span style=\"font-weight: 400;\">Corredor 14<\/span><\/a><\/li>\n<li><a href=\"https:\/\/www.instagram.com\/deleuzemodos\/\"><span style=\"font-weight: 400;\">LAPSO <\/span><\/a><\/li>\n<li><a href=\"https:\/\/www.instagram.com\/dalc.ufpel\/?hl=en\"><span style=\"font-weight: 400;\">DALC<\/span><\/a><\/li>\n<li><a href=\"https:\/\/wp.ufpel.edu.br\/redelab\/\"><span style=\"font-weight: 400;\">REDE LAB<\/span><\/a><\/li>\n<li><a href=\"https:\/\/www.instagram.com\/forma_projeto\/\"><span style=\"font-weight: 400;\">FORMA <\/span><\/a><\/li>\n<li><a href=\"https:\/\/wp.ufpel.edu.br\/petdiversidade\/\"><span style=\"font-weight: 400;\">PET DT<\/span><\/a><\/li>\n<li><a href=\"https:\/\/wp.ufpel.edu.br\/ndh\/\"><span style=\"font-weight: 400;\">NDH UFPEL.\u00a0<\/span><\/a><\/li>\n<\/ul>\n<\/li>\n<li><a href=\"https:\/\/wp.ufpel.edu.br\/petdiversidade\/2020\/12\/17\/historias-pouco-contadas-protagonismos-negros\/\">Projeto &#8220;Hist\u00f3rias Pouco Contadas: Protagonismos Negros&#8221;, realiza\u00e7\u00e3o em parceria com o PET Diversidade e Toler\u00e2ncia da UFPel (PET DT) e o N\u00facleo de Documenta\u00e7\u00e3o Hist\u00f3rica da UFPel (NDH UFPel).<\/a><\/li>\n<li><a href=\"https:\/\/wp.ufpel.edu.br\/petartesvisuais\/2021\/05\/17\/semana-academica-integrada-das-artes-visuais\/\">Evento &#8220;PONTE: Artistas e seus contextos de atua\u00e7\u00e3o&#8221;, realizado em parceria com o grupo FORMA, o Diret\u00f3rio Acad\u00eamico Lygia Clark (DALC) e o Projeto Arte na Escola.<\/a><\/li>\n<li><a href=\"https:\/\/wp.ufpel.edu.br\/petartesvisuais\/2021\/12\/30\/peteleco-no-7\/\">Peteleco no.7 apresentando projetos, egressos e alunos do Centro de Artes UFPel.<\/a><\/li>\n<li><a href=\"https:\/\/wp.ufpel.edu.br\/petartesvisuais\/2021\/08\/23\/pet-artes-e-o-projeto-de-extensao-lapso-realizam-historia-em-quadrinhos\/\">Desenvolvimento da Hist\u00f3ria em Quadrinhos &#8216;SOBREVIVENDO&#8217; em conjunto com o <span style=\"font-weight: 400;\">Laborat\u00f3rio de Arte e Psicologia Social da UFPel (LAPSO).\u00a0<\/span><\/a><\/li>\n<\/ul>\n<p>&nbsp;<\/p>\n<p><strong>2020<\/strong><\/p>\n<ul>\n<li><a href=\"https:\/\/wp.ufpel.edu.br\/petartesvisuais\/2021\/01\/03\/casa-membrana-residencia-online-poetico-educativa-do-grupo-patafisica\/\">Resid\u00eancia po\u00e9tico educativa, Casa-Membrana<\/a><\/li>\n<li><a href=\"https:\/\/wp.ufpel.edu.br\/petartesvisuais\/2021\/01\/03\/parcerias-com-outros-grupos-pet\/\">Parcerias com PET<\/a><\/li>\n<li><a href=\"https:\/\/wp.ufpel.edu.br\/petartesvisuais\/2021\/01\/30\/projeto-lacuna-laboratorio-praticas-da-gambiarra\/\">Projeto Lacuna &#8211; laborat\u00f3rio pr\u00e1ticas da gambiarra<\/a><\/li>\n<li><a href=\"https:\/\/wp.ufpel.edu.br\/petartesvisuais\/2020\/12\/20\/molde-amc-inresidencia-3\/\">MOLDE AMC &#8211; (IN)RESID\u00caNCIA #3<\/a><\/li>\n<\/ul>\n<p>&nbsp;<\/p>\n<p><strong>2019<\/strong><\/p>\n<ul>\n<li style=\"font-weight: 400;\"><a href=\"https:\/\/wp.ufpel.edu.br\/petartesvisuais\/2019\/11\/03\/publicacao-dos-resumos-expandidos-de-trabalhos-cientificos-dos-petianos-no-siiepe-2019\/\"><span style=\"font-weight: 400;\">In\u00edcio de novembro promovemos junto a FURG, a I Semana universit\u00e1ria de Gravura<\/span><\/a><\/li>\n<li style=\"font-weight: 400;\"><a href=\"https:\/\/wp.ufpel.edu.br\/petartesvisuais\/2020\/01\/09\/petiana-faz-intercambio-entre-pets-em-mobilidade-academica-nacional\/\"><span style=\"font-weight: 400;\">Mobilidade Acad\u00eamica e interc\u00e2mbio entre PETs realizada pela petiana Rafaela Ribeiro na UFF, em Niter\u00f3i<\/span><\/a><\/li>\n<li><a href=\"https:\/\/wp.ufpel.edu.br\/petartesvisuais\/2020\/01\/13\/acordais-encontro-de-performance\/\">Acordais: Encontro de Performance<\/a><\/li>\n<li><a href=\"https:\/\/wp.ufpel.edu.br\/petartesvisuais\/corredor-14-x-vao\/\">Corredor 14 x V\u00c3O<\/a><\/li>\n<\/ul>\n<p>&nbsp;<\/p>\n<p><strong>2018<\/strong><\/p>\n<p style=\"text-align: justify;\"><span style=\"font-weight: 400;\">Em 2018, fomos parceiros dos coletivos de artistas: Lua Sangrenta, Guerrillas Ateli\u00ea de Arte Corporal, Corredor 14, H\u00e1gorah &#8211; Espa\u00e7o Cocriativo, Grupo Baila Cassino e Casa Artem\u00edsia. Estivemos na Escola Municipal Dom Francisco Barreto, no Col\u00e9gio Municipal Pelotense, na Escola Municipal de Ensino Fundamental Ant\u00f4nio Joaquim Dias e no Parque Tecnol\u00f3gico da Prefeitura Municipal de Pelotas, ministrando oficinas de desenho, quadrinhos, design de personagens, mobili\u00e1rio, carimbo e est\u00eancil. Integramos equipe composta por alunas e professoras das Artes Visuais e da Dan\u00e7a promovendo uma tarde art\u00edstica no Asilo de Idosos de Pedro Os\u00f3rio, ministramos oficina de estandartes, realizamos rodas de conversa, canto e dan\u00e7a. Imagens referentes \u00e0s a\u00e7\u00f5es est\u00e3o dispon\u00edveis no site do grupo.<br \/>\n<\/span><span style=\"font-weight: 400;\">A participa\u00e7\u00e3o em eventos acad\u00eamicos e art\u00edsticos em \u00e2mbito nacional e internacional ativou o interc\u00e2mbio com pesquisadores, artistas e acad\u00eamicos com relev\u00e2ncia para as Institui\u00e7\u00f5es de Ensino da Regi\u00e3o sul e da Fronteira. Os bolsistas foram convocados a participar como comunicadores nesses eventos, al\u00e9m do interc\u00e2mbio a inten\u00e7\u00e3o foi ampliar a produ\u00e7\u00e3o bibliogr\u00e1fica do grupo. \u00a0O detalhamento est\u00e1 computado nos itens semin\u00e1rios e encontros com artistas, onde especificamos participantes e conte\u00fados.<br \/>\n<\/span><span style=\"font-weight: 400;\">Destacamos como mobilidade acad\u00eamica a participa\u00e7\u00e3o do grupo na atividade ANIMA PAMPA, interven\u00e7\u00e3o art\u00edstica no Campus da UNIPAMPA de Alegrete\/RS, pela integra\u00e7\u00e3o e repercuss\u00e3o positiva alcan\u00e7ada, a continuidade est\u00e1 prevista para o pr\u00f3ximo ano. As Imagens e comprovantes est\u00e3o dispon\u00edveis no site do grupo.<\/span><\/p>\n<ul>\n<li><a href=\"https:\/\/wp.ufpel.edu.br\/petartesvisuais\/2019\/02\/25\/anima-campus\/\">Anima Pampa &#8211; UNIPAMPA<\/a><\/li>\n<li><a href=\"https:\/\/wp.ufpel.edu.br\/petartesvisuais\/vi-encontro-nacional-de-estudantes-indigenas-enei\/\">VI Encontro Nacional de Estudantes Ind\u00edgenas \u2013 ENEI<\/a><\/li>\n<\/ul>\n","protected":false},"excerpt":{"rendered":"<p>2025 Atua\u00e7\u00e3o do PET Artes Visuais na organiza\u00e7\u00e3o da exposi\u00e7\u00e3o no MALG: Exposi\u00e7\u00e3o PINTURA: PERMEABILIDADES IMAGINATIVAS 2024 Atua\u00e7\u00e3o do PET Artes Visuais na organiza\u00e7\u00e3o do evento Dobra o Ru\u00eddo junto com Lugares Livro Atua\u00e7\u00e3o do PET Artes Visuais junto com o Bloco Burlesco Bruxa da V\u00e1rzea na elabora\u00e7\u00e3o do carro aleg\u00f3rico para o Carnaval de [&hellip;]<\/p>\n","protected":false},"author":557,"featured_media":0,"parent":0,"menu_order":0,"comment_status":"closed","ping_status":"closed","template":"","meta":{"jetpack_post_was_ever_published":false,"footnotes":""},"class_list":["post-285","page","type-page","status-publish","hentry"],"jetpack_sharing_enabled":true,"_links":{"self":[{"href":"https:\/\/wp.ufpel.edu.br\/petartesvisuais\/wp-json\/wp\/v2\/pages\/285","targetHints":{"allow":["GET"]}}],"collection":[{"href":"https:\/\/wp.ufpel.edu.br\/petartesvisuais\/wp-json\/wp\/v2\/pages"}],"about":[{"href":"https:\/\/wp.ufpel.edu.br\/petartesvisuais\/wp-json\/wp\/v2\/types\/page"}],"author":[{"embeddable":true,"href":"https:\/\/wp.ufpel.edu.br\/petartesvisuais\/wp-json\/wp\/v2\/users\/557"}],"replies":[{"embeddable":true,"href":"https:\/\/wp.ufpel.edu.br\/petartesvisuais\/wp-json\/wp\/v2\/comments?post=285"}],"version-history":[{"count":36,"href":"https:\/\/wp.ufpel.edu.br\/petartesvisuais\/wp-json\/wp\/v2\/pages\/285\/revisions"}],"predecessor-version":[{"id":3204,"href":"https:\/\/wp.ufpel.edu.br\/petartesvisuais\/wp-json\/wp\/v2\/pages\/285\/revisions\/3204"}],"wp:attachment":[{"href":"https:\/\/wp.ufpel.edu.br\/petartesvisuais\/wp-json\/wp\/v2\/media?parent=285"}],"curies":[{"name":"wp","href":"https:\/\/api.w.org\/{rel}","templated":true}]}}