{"id":276,"date":"2018-05-21T16:00:39","date_gmt":"2018-05-21T19:00:39","guid":{"rendered":"https:\/\/wp.ufpel.edu.br\/petartesvisuais\/?page_id=276"},"modified":"2025-04-10T20:19:23","modified_gmt":"2025-04-10T23:19:23","slug":"entre-vistas-discursos-e-praticas","status":"publish","type":"page","link":"https:\/\/wp.ufpel.edu.br\/petartesvisuais\/entre-vistas-discursos-e-praticas\/","title":{"rendered":"Entre Vistas, Discursos e Pr\u00e1ticas"},"content":{"rendered":"<p><span style=\"background-color: #ffffff;\"><strong>2025<\/strong><\/span><\/p>\n<ul>\n<li><span style=\"font-weight: 400;\">Entrevista Online com a professora e critica de arte Neiva Bohns, discente do curso de gradua\u00e7\u00e3o e mestrado em Artes Visuais do Centro de Artes\u00a0 (Malta Curatorial)<\/span><\/li>\n<\/ul>\n<p><span style=\"background-color: #ffffff;\"><strong>2024<\/strong><\/span><\/p>\n<ul>\n<li><span style=\"font-weight: 400;\">Entrevista com o Artista e Professor Jos\u00e9 Luiz de Pellegrin, atualmente professor aposentado de pintura da UFPEL (<a href=\"https:\/\/wp.ufpel.edu.br\/petartesvisuais\/2024\/09\/26\/malta-curatorial-2024\/\">Malta Curatorial<\/a>).<\/span><\/li>\n<li><span style=\"font-weight: 400;\"><span style=\"font-weight: 400;\">Entrevista Online com Fernando Limberger e Daniela Gomes Pinto, que foram curadores da exposi\u00e7\u00e3o &#8220;Am\u00e9lia Toledo &#8211; Paisagem Crom\u00e1tica&#8221;, no MuBE dia 06\/ 04 \/24\u00a0<\/span><\/span><span style=\"font-weight: 400;\">(<a href=\"https:\/\/wp.ufpel.edu.br\/petartesvisuais\/2024\/09\/26\/malta-curatorial-2024\/\">Malta Curatorial<\/a>).<\/span><\/li>\n<li><a href=\"https:\/\/wp.ufpel.edu.br\/petartesvisuais\/2025\/04\/10\/pet-cultura-entrevista-com-amarelinho-_-carnaval-2024-parceria-com-bloco-burlesco-bruxa-da-varzea\/\">Entrevista com a Bruxa da V\u00e1rzea<\/a><\/li>\n<\/ul>\n<p>&nbsp;<\/p>\n<p><strong>2023<\/strong><\/p>\n<ul>\n<li><span style=\"font-weight: 400;\">Entrevista com o Professor Lauer Alves Nunes dos Santos, diretor do MALG, artista e pesquisador na \u00e1rea da curadoria (<a href=\"https:\/\/wp.ufpel.edu.br\/petartesvisuais\/2024\/02\/19\/pet-2023-malta-curatorial\/\">Malta Curatorial<\/a>).<\/span><\/li>\n<li><span style=\"font-weight: 400;\">Entrevista com a <\/span>Gabriela Motta, professora substituta no curso Conserva\u00e7\u00e3o e Restaura\u00e7\u00e3o de Bens Culturais M\u00f3veis da UFPel, pesquisadora, cr\u00edtica e curadora em artes visuais <span style=\"font-weight: 400;\">(<a href=\"https:\/\/wp.ufpel.edu.br\/petartesvisuais\/2024\/02\/19\/pet-2023-malta-curatorial\/\">Malta Curatorial<\/a>).<\/span><\/li>\n<li>Apresenta\u00e7\u00e3o das pr\u00e1ticas do PET Artes Visuais para o <a href=\"https:\/\/wp.ufpel.edu.br\/petartesvisuais\/integrantes\/\">INTERPET<\/a> UFPel de 2023.<\/li>\n<\/ul>\n<p>&nbsp;<\/p>\n<p><strong>2022<\/strong><\/p>\n<ul>\n<li><span style=\"font-weight: 400;\">Entrevista com a tutora do PET Artes Visuais, Profa. Dra. N\u00e1dia Senna. (<a href=\"https:\/\/wp.ufpel.edu.br\/petartesvisuais\/2022\/06\/04\/peteleco-n-8\/\">Revista Peteleco n.8<\/a>)<\/span><\/li>\n<li>Apresenta\u00e7\u00e3o de cada integrante do PET Artes Visuais e um pouco sobre os trabalhos art\u00edsticos que realizam. <span style=\"font-weight: 400;\">(<a href=\"https:\/\/wp.ufpel.edu.br\/petartesvisuais\/2022\/06\/04\/peteleco-n-8\/\">Revista Peteleco n.8<\/a>)<\/span><\/li>\n<li>Atua\u00e7\u00e3o do <a href=\"https:\/\/wp.ufpel.edu.br\/petartesvisuais\/2023\/08\/02\/pet-artes-visuais-na-abertura-da-8a-siiepe-ufpel\/\">PET Artes Visuais por meio de praticas art\u00edsticas aberta ao p\u00fablico na Semana Integrada de Inova\u00e7\u00e3o, Ensino, Pesquisa e Extens\u00e3o (8\u00b0 SIIEPE) da UFPel<\/a>.<\/li>\n<li>Entrevistas com a <a href=\"https:\/\/wp.ufpel.edu.br\/petartesvisuais\/2023\/08\/02\/ohun-mostra-de-cinema-negro-de-pelotas\/\">OH\u00daN<\/a>&#8211; Mostra de Cinema<br \/>\nNegro de Pelotas (<a href=\"https:\/\/wp.ufpel.edu.br\/petartesvisuais\/2023\/08\/31\/peteleco-n9\/\">Revista Peteleco n.9<\/a>)<\/li>\n<li>Apresenta\u00e7\u00e3o das pr\u00e1ticas do PET Artes Visuais para o <a href=\"https:\/\/wp.ufpel.edu.br\/petartesvisuais\/integrantes\/\">INTERPET<\/a> UFPel de 2022.<\/li>\n<\/ul>\n<p>&nbsp;<\/p>\n<p><strong>2021<\/strong><\/p>\n<ul>\n<li><span style=\"font-weight: 400;\">Entrevista realizada <\/span><span style=\"font-weight: 400;\">com as artistas Mariane Sim\u00f5es (Mazu) e Mariana Mazetti (Marizinha).\u00a0 (<a href=\"https:\/\/wp.ufpel.edu.br\/petartesvisuais\/2021\/12\/30\/peteleco-no-7\/\">Revista Peteleco no.7<\/a>)<\/span><\/li>\n<li>Apresenta\u00e7\u00e3o de discurso e pr\u00e1tica do artista<span style=\"font-weight: 400;\"> grafiteiro Gabriel Gas. (<a href=\"https:\/\/wp.ufpel.edu.br\/petartesvisuais\/2021\/12\/30\/peteleco-no-7\/\">Revista Peteleco no.7<\/a>)<\/span><\/li>\n<li>Apresenta\u00e7\u00e3o de discurso e pr\u00e1tica do <span style=\"font-weight: 400;\">grupo de pesquisa &#8220;Artefatos para leitura e constru\u00e7\u00e3o do pequeno territ\u00f3rio&#8221;, coordenado pela profa. <\/span><span style=\"font-weight: 400;\">Renata Requi\u00e3o. (<a href=\"https:\/\/wp.ufpel.edu.br\/petartesvisuais\/2021\/12\/30\/peteleco-no-7\/\">Revista Peteleco no.7<\/a>)\u00a0<\/span><\/li>\n<li>Entrevistas com Arthur Caldeira atrav\u00e9s do projeto FORMA. (<a href=\"https:\/\/open.spotify.com\/episode\/7gNNJyaguIomBN4TjRkDSZ?si=c3b531ee52a140f8\">Forninho Podcast 2021<\/a>)<\/li>\n<li>Apresenta\u00e7\u00e3o das pr\u00e1ticas do PET Artes Visuais para o <a href=\"https:\/\/wp.ufpel.edu.br\/petartesvisuais\/integrantes\/\">INTERPET<\/a> UFPel de 2021.<\/li>\n<\/ul>\n<p>&nbsp;<\/p>\n<p><strong>2020<\/strong><\/p>\n<ul>\n<li>Entrevista com In\u00e1cio Rafaela <a href=\"https:\/\/wp.ufpel.edu.br\/petartesvisuais\/2020\/07\/08\/peteleco-no-2\/\">(Revista Peteleco no.2)<\/a><\/li>\n<li>Entrevista com Guile Farias<a href=\"https:\/\/wp.ufpel.edu.br\/petartesvisuais\/2020\/08\/19\/peteleco-no-3\/\"> (Revista Peteleco no.3)<\/a><\/li>\n<li>Entrevista com Alice Porto <a href=\"https:\/\/wp.ufpel.edu.br\/petartesvisuais\/2020\/10\/30\/peteleco-no-5\/\">(Revista Peteleco no.5)<\/a><\/li>\n<li>Conversa com Uma Dom\u00eanica, William Oliveira e Rafaela Ribeiro <a href=\"https:\/\/www.youtube.com\/watch?v=33lis2Bx2B8&amp;t=8s&amp;ab_channel=PetArtesUFPel\">(Evento Recorte: oficinas &amp; conversas)<\/a><\/li>\n<li>Conversa Projeto Forma &#8211; Karina Nascimento, Gabriela Costa, Renan Soares &#8211; Dalc: Rafaela Barbosa, Dara Blois, Eduardo <a href=\"https:\/\/www.youtube.com\/watch?v=UnDQxJgfHGk\">(Evento Recorte: oficinas &amp; conversas)<\/a><\/li>\n<\/ul>\n<p>&nbsp;<\/p>\n<p><strong>2019<\/strong><\/p>\n<ul>\n<li><a href=\"https:\/\/wp.ufpel.edu.br\/petartesvisuais\/2020\/01\/13\/entrevista-com-a-artista-e-pesquisadora-renata-sampaio\/\">Entrevista com a Artista e Pesquisadora Renata Sampaio<\/a><\/li>\n<li style=\"font-weight: 400;\"><a href=\"https:\/\/wp.ufpel.edu.br\/petartesvisuais\/2019\/12\/30\/producoes-audiovisuais-de-2019-com-atuacao-do-grupo-pet\/\"><span style=\"font-weight: 400;\">Produ\u00e7\u00f5es audiovisuais realizadas pela artista visual Rafa<\/span><\/a><\/li>\n<\/ul>\n<ul>\n<li style=\"font-weight: 400;\"><a href=\"https:\/\/wp.ufpel.edu.br\/petartesvisuais\/2019\/04\/29\/conversa-com-o-prof-dr-jose-luiz-de-pellegrin-sobre-exposicao-aberta-na-a-sala-galeria-do-centro-de-artes\/\"><span style=\"font-weight: 400;\">Conversa com o prof. Jos\u00e9 Pellegrin sobre a exposi\u00e7\u00e3o aberta na A SALA, Galeria do Centro de Artes<\/span><\/a><\/li>\n<li style=\"font-weight: 400;\"><a href=\"https:\/\/wp.ufpel.edu.br\/petartesvisuais\/2020\/01\/13\/atuacao-de-petiano-em-producoes-audiovisuais\/\">Atua\u00e7\u00e3o de petiano em produ\u00e7\u00f5es audiovisuais\u00a0<\/a><\/li>\n<li><a href=\"https:\/\/wp.ufpel.edu.br\/petartesvisuais\/2020\/01\/13\/entrevista-com-o-artista-e-escultor-hamilton-koelho\/\">Entrevista com o Artista e Escultor Hamilton Koelho<\/a><\/li>\n<\/ul>\n<p>&nbsp;<\/p>\n<p><strong>2018<\/strong><\/p>\n<p>A a\u00e7\u00e3o foi atendida, com aux\u00edlio de recursos da unidade e de ag\u00eancia de fomentos,<br \/>\nproporcionando a vinda de artistas para palestras, rodas de conversa e ministro de mini-cursos para a comunidade do Centro de Artes.<\/p>\n<p>Chico Machado, Luis Carlos Vinholes, H\u00e9lio Fervenza, Maria Ivone dos Santos, Raquel Ferreira, Xadal\u00fa, Hamilton Coelho, Gustavo Reginato, Janice Appel Martins, Patrick Tedesco e Marion Velasco foram alguns dos artistas e designers convidados que compartilharam seus processos em 2018. Tamb\u00e9m destacamos os artistas da casa que integraram exposi\u00e7\u00f5es e deram a ver seus processos criativos: Daniel Acosta, Andr\u00e9 Barbachan, Cl\u00f3vis Costa Martins e Kelly Wendt.<\/p>\n<ul>\n<li><a href=\"https:\/\/wp.ufpel.edu.br\/petartesvisuais\/chico-machado\/\">Chico Machado<\/a><\/li>\n<li><a href=\"https:\/\/wp.ufpel.edu.br\/petartesvisuais\/luis-carlos-vinh\u2026ala-e-perfomance\/\">Luis Carlos Vinholes &#8211; Fala e Perfomance<\/a><\/li>\n<li><a href=\"https:\/\/wp.ufpel.edu.br\/petartesvisuais\/helio-fervenza-e\u2026ivone-dos-santos\/\">H\u00e9lio Fervenza e Maria Ivone dos Santos<\/a><\/li>\n<li><a href=\"https:\/\/wp.ufpel.edu.br\/petartesvisuais\/2019\/02\/24\/exposicao-ambiente-se-janice-appel\/\">Janice Appel\u00a0<\/a><\/li>\n<li><a href=\"https:\/\/wp.ufpel.edu.br\/petartesvisuais\/2019\/02\/24\/exposicao-um-em-dois-patrick-tedesco-andre-barbachan\/\">Patrick Tedesco e Andr\u00e9 Barbachan<\/a><\/li>\n<li><a href=\"https:\/\/wp.ufpel.edu.br\/petartesvisuais\/2019\/02\/24\/playlist-a-sala\/\">Marion Velasco<\/a><\/li>\n<li><a href=\"https:\/\/wp.ufpel.edu.br\/petartesvisuais\/2019\/02\/24\/natureza-para-a-aurora-de-um-novo-tempo\/\">Daniel\u00a0 Acosta<\/a><\/li>\n<li><a href=\"https:\/\/wp.ufpel.edu.br\/petartesvisuais\/2019\/02\/24\/problemas-de-pintura\/\">Cl\u00f3vis Martins e Kelly Wendt<\/a><\/li>\n<\/ul>\n<p>&nbsp;<\/p>\n","protected":false},"excerpt":{"rendered":"<p>2025 Entrevista Online com a professora e critica de arte Neiva Bohns, discente do curso de gradua\u00e7\u00e3o e mestrado em Artes Visuais do Centro de Artes\u00a0 (Malta Curatorial) 2024 Entrevista com o Artista e Professor Jos\u00e9 Luiz de Pellegrin, atualmente professor aposentado de pintura da UFPEL (Malta Curatorial). Entrevista Online com Fernando Limberger e Daniela [&hellip;]<\/p>\n","protected":false},"author":557,"featured_media":0,"parent":0,"menu_order":0,"comment_status":"closed","ping_status":"closed","template":"","meta":{"jetpack_post_was_ever_published":false,"footnotes":""},"class_list":["post-276","page","type-page","status-publish","hentry"],"jetpack_sharing_enabled":true,"_links":{"self":[{"href":"https:\/\/wp.ufpel.edu.br\/petartesvisuais\/wp-json\/wp\/v2\/pages\/276","targetHints":{"allow":["GET"]}}],"collection":[{"href":"https:\/\/wp.ufpel.edu.br\/petartesvisuais\/wp-json\/wp\/v2\/pages"}],"about":[{"href":"https:\/\/wp.ufpel.edu.br\/petartesvisuais\/wp-json\/wp\/v2\/types\/page"}],"author":[{"embeddable":true,"href":"https:\/\/wp.ufpel.edu.br\/petartesvisuais\/wp-json\/wp\/v2\/users\/557"}],"replies":[{"embeddable":true,"href":"https:\/\/wp.ufpel.edu.br\/petartesvisuais\/wp-json\/wp\/v2\/comments?post=276"}],"version-history":[{"count":31,"href":"https:\/\/wp.ufpel.edu.br\/petartesvisuais\/wp-json\/wp\/v2\/pages\/276\/revisions"}],"predecessor-version":[{"id":3201,"href":"https:\/\/wp.ufpel.edu.br\/petartesvisuais\/wp-json\/wp\/v2\/pages\/276\/revisions\/3201"}],"wp:attachment":[{"href":"https:\/\/wp.ufpel.edu.br\/petartesvisuais\/wp-json\/wp\/v2\/media?parent=276"}],"curies":[{"name":"wp","href":"https:\/\/api.w.org\/{rel}","templated":true}]}}