{"id":273,"date":"2018-05-21T15:59:43","date_gmt":"2018-05-21T18:59:43","guid":{"rendered":"https:\/\/wp.ufpel.edu.br\/petartesvisuais\/?page_id=273"},"modified":"2025-04-10T20:16:46","modified_gmt":"2025-04-10T23:16:46","slug":"seminarios-tematicos-nacionais-e-internacionais","status":"publish","type":"page","link":"https:\/\/wp.ufpel.edu.br\/petartesvisuais\/seminarios-tematicos-nacionais-e-internacionais\/","title":{"rendered":"Semin\u00e1rios"},"content":{"rendered":"<p><strong>2025<\/strong><\/p>\n<ul>\n<li><a href=\"https:\/\/wp.ufpel.edu.br\/petartesvisuais\/integrantes\/\">INTERPET<\/a><\/li>\n<li>Malta Curatorial<\/li>\n<li><a href=\"https:\/\/www.even3.com.br\/8-simposio-internacional-de-genero-arte-e-memoria-ufpel-2025\/?fbclid=PAZXh0bgNhZW0CMTEAAaeeC4GRDIq1FVAd0xSs6lDs25Mj_WQ-yMgOz0FLSsSK5PEuYGDA5XB4bLaEgA_aem_D177-96mUbJKB0yHvj0rHw\">VIII SIGAM &#8211; Simp\u00f3sio Internacional de G\u00eanero, Arte e Mem\u00f3ria<\/a><\/li>\n<li><a href=\"https:\/\/wp.ufpel.edu.br\/siiepe\/\">11\u00b0 edi\u00e7\u00e3o da Semana Integrada de Inova\u00e7\u00e3o, Ensino, Pesquisa e Extens\u00e3o (SIIEPE)<\/a><\/li>\n<\/ul>\n<p><strong>2024<\/strong><\/p>\n<ul>\n<li><a href=\"https:\/\/wp.ufpel.edu.br\/petartesvisuais\/integrantes\/\">INTERPET<\/a><\/li>\n<li><a href=\"https:\/\/wp.ufpel.edu.br\/petartesvisuais\/2024\/09\/26\/malta-curatorial-2024\/\">Malta Curatorial<\/a><\/li>\n<li><a href=\"https:\/\/wp.ufpel.edu.br\/mostradecursos\/\">Mostra de cursos UFPEL<\/a><\/li>\n<li><a href=\"https:\/\/wp.ufpel.edu.br\/siiepe\/\">10\u00b0 edi\u00e7\u00e3o da Semana Integrada de Inova\u00e7\u00e3o, Ensino, Pesquisa e Extens\u00e3o (SIIEPE)<\/a><\/li>\n<li><a href=\"https:\/\/www.instagram.com\/sieaufpel\/\">V SIEA<\/a><\/li>\n<li><a href=\"https:\/\/wp.ufpel.edu.br\/spmav\/\">XI SPMAV<\/a><\/li>\n<li><a href=\"https:\/\/www.instagram.com\/estudos.profundidade\/\">FESTIM<\/a><\/li>\n<\/ul>\n<p><strong>2023<\/strong><\/p>\n<ul>\n<li><a href=\"https:\/\/wp.ufpel.edu.br\/petartesvisuais\/integrantes\/\">INTERPET<\/a><\/li>\n<li>9\u00b0 edi\u00e7\u00e3o da Semana Integrada de Inova\u00e7\u00e3o, Ensino, Pesquisa e<br \/>\nExtens\u00e3o (<a href=\"https:\/\/wp.ufpel.edu.br\/cic\/2023\/11\/06\/cronograma-de-apresentacoes-dos-trabalhos-do-xxxii-cic\/\">SIIEPE<\/a>)<\/li>\n<li><a href=\"https:\/\/www.facebook.com\/JornadasInternacionaisHQs\/?locale=pt_BR\"><span style=\"font-weight: 400;\">7as Jornadas Internacionais de Hist\u00f3rias em Quadrinhos- Congresso ocorrido na USP<\/span><\/a><\/li>\n<li><a href=\"https:\/\/www.even3.com.br\/xii-seminario-de-pesquisa-do-mestrado-em-artes-visuais-12-spmav-379878\/\"><span style=\"font-weight: 400;\">XII SPMAV &#8211; Semin\u00e1rio de Pesquisa do Mestrado em Artes Visuais<\/span><\/a><\/li>\n<li><a href=\"https:\/\/jornadasdolegh.cfh.ufsc.br\/publicacoes-anais\/\"><span style=\"font-weight: 400;\">V Jornadas do LEGH (Laborat\u00f3rio de Estudos de G\u00eanero e Hist\u00f3ria) &#8211; Pesquisa e Ensino de Hist\u00f3ria das Mulheres e do G\u00eanero (Universidade Federal de Santa Catarina &#8211; UFSC)<\/span><\/a><\/li>\n<li><a href=\"https:\/\/wp.ufpel.edu.br\/petartesvisuais\/2024\/02\/19\/pet-2023-malta-curatorial\/\">Malta Curatorial<\/a><\/li>\n<li><a href=\"https:\/\/wp.ufpel.edu.br\/estudosobreaprofundidade\/2023\/02\/24\/festival-internacional-de-performance-fundo\/\"><span style=\"font-weight: 400;\">Festival Internacional de Performance &#8211; FUNDO<\/span><\/a><\/li>\n<li><a href=\"https:\/\/www.instagram.com\/p\/C0hAIqwA30G\/?utm_source=ig_web_copy_link&amp;igsh=MzRlODBiNWFlZA==\"><span style=\"font-weight: 400;\">FESTIM &#8211; Comest\u00edveis para um Deleite<\/span><\/a><\/li>\n<li><a href=\"https:\/\/wp.ufpel.edu.br\/ca\/unifica\/\">UNIFICA<\/a><\/li>\n<li><a href=\"https:\/\/wp.ufpel.edu.br\/petartesvisuais\/2024\/02\/19\/pet-2023-lava-evento-em-parceria-com-o-relva-cultural\/\">LAVA<\/a><\/li>\n<\/ul>\n<p>&nbsp;<\/p>\n<p><strong>2022<\/strong><\/p>\n<ul>\n<li><a href=\"https:\/\/wp.ufpel.edu.br\/petartesvisuais\/integrantes\/\">INTERPET<\/a><\/li>\n<li><a href=\"https:\/\/periodicos.ufms.br\/index.php\/REPET-TL\/article\/view\/17557\">XXVII ENAPET<\/a><\/li>\n<li><a href=\"https:\/\/wp.ufpel.edu.br\/mestradoartesvisuais\/?p=8774\">Problemas de Pintura: Distens\u00f5es na Pr\u00e1tica da Pesquisa em Arte<\/a><\/li>\n<li><a href=\"http:\/\/wp.ufpel.edu.br\/spmav\/anais\/)\">XI SPMAV Semin\u00e1rio de Pesquisa do Mestrado em Artes Visuais<\/a><\/li>\n<li>8\u00aa edi\u00e7\u00e3o da Semana Integrada de Inova\u00e7\u00e3o, Ensino, Pesquisa e<br \/>\nExtens\u00e3o (<a href=\"https:\/\/wp.ufpel.edu.br\/siiepe\/siiepe-2022\/\">SIIEPE<\/a>):<\/li>\n<\/ul>\n<p><a href=\"https:\/\/wp.ufpel.edu.br\/ceg\/anais\/anais-2022\/\">CEG<\/a><br \/>\n<a href=\"http:\/\/wp.ufpel.edu.br\/cic\/anais\/anais-2022\/\">CIC<\/a><\/p>\n<ul>\n<li><a href=\"https:\/\/wp.ufpel.edu.br\/ppgartes\/2022\/09\/09\/vii-sigam-simposio-internacional-de-genero-arte-e-memoria\/\">VII SIGAM &#8211; Simp\u00f3sio Internacional de G\u00eanero, Arte e Mem\u00f3ria<\/a><\/li>\n<\/ul>\n<p>&nbsp;<\/p>\n<p><strong>2021<\/strong><\/p>\n<p>COMUNICA\u00c7\u00d5ES<\/p>\n<ul>\n<li><a href=\"https:\/\/wp.ufpel.edu.br\/siiepe\/siiepe-2021\/\"><span style=\"font-weight: 400;\">Comunica\u00e7\u00f5es na 7\u00aa SIIEPE<\/span><\/a><\/li>\n<li><a href=\"https:\/\/mpu.furg.br\/20-mpu\"><span style=\"font-weight: 400;\">Comunica\u00e7\u00f5es no 20\u00ba MPU &#8211; FURG\u00a0<\/span><\/a><\/li>\n<li><a href=\"https:\/\/wp.ufpel.edu.br\/artenaescola\/publicacoes\/anais-spmav\/spmav-x\/\"><span style=\"font-weight: 400;\">Comunica\u00e7\u00f5es no 10\u00ba SPMAV<\/span><\/a><\/li>\n<li><a href=\"https:\/\/ccs2.ufpel.edu.br\/wp\/2021\/09\/14\/ufpel-promove-seminario-de-historia-da-arte-nesta-semana\/\"><span style=\"font-weight: 400;\">Comunica\u00e7\u00f5es no 18\u00ba Semin\u00e1rio de Hist\u00f3ria da Arte da UFPel<\/span><\/a><\/li>\n<li><a href=\"https:\/\/ccs2.ufpel.edu.br\/wp\/2021\/08\/20\/jornada-fronteiras-feministas-na-pandemia-esta-com-inscricoes-abertas\/\"><span style=\"font-weight: 400;\">Comunica\u00e7\u00f5es no evento \u2018Jornadas Fronteiras Feministas na Pandemia Brasil\/Uruguai 2021\u2019.<\/span><\/a><\/li>\n<\/ul>\n<p>&nbsp;<\/p>\n<p>ORGANIZA\u00c7\u00c3O DE EVENTOS<\/p>\n<ul>\n<li style=\"font-weight: 400;\" aria-level=\"1\"><a href=\"https:\/\/wp.ufpel.edu.br\/petartesvisuais\/integrantes\/\"><span style=\"font-weight: 400;\">INTERPET<\/span><\/a><\/li>\n<li style=\"font-weight: 400;\" aria-level=\"1\"><a href=\"https:\/\/faeb.com.br\/confaeb-2\/\"><span style=\"font-weight: 400;\">XXX Congresso da Federa\u00e7\u00e3o de Arte Educadores do Brasil<\/span><\/a><\/li>\n<li style=\"font-weight: 400;\" aria-level=\"1\"><a href=\"https:\/\/wp.ufpel.edu.br\/petartesvisuais\/2021\/05\/17\/semana-academica-integrada-das-artes-visuais\/\"><span style=\"font-weight: 400;\">3\u00aa Semana Acad\u00eamica Integrada das Artes Visuais: Ponte &#8211; Artistas e seus contextos de atua\u00e7\u00e3o<\/span><\/a><\/li>\n<li style=\"font-weight: 400;\" aria-level=\"1\"><a href=\"https:\/\/www.saofranciscodepaula.rs.gov.br\/portal\/noticias\/0\/3\/1549\/semana-cultural-reune-artistas-locais-em-programacao-gratuita\"><span style=\"font-weight: 400;\">Semana Cultural de S\u00e3o Chico (S\u00e3o Francisco de Paula, Rio Grande do Sul)<\/span><\/a><\/li>\n<li style=\"font-weight: 400;\" aria-level=\"1\"><a href=\"https:\/\/wp.ufpel.edu.br\/petartesvisuais\/2021\/06\/18\/acompanhe-a-ohun-mostra-de-cinema-negro-de-pelotas\/?preview_id=2279&amp;preview_nonce=ad8797c2a5&amp;post_format=standard&amp;_thumbnail_id=2280&amp;preview=true\"><span style=\"font-weight: 400;\">OHUN: Monstra de Cinema Negro de Pelotas<\/span><\/a><\/li>\n<li style=\"font-weight: 400;\" aria-level=\"1\"><a href=\"https:\/\/ifrs.edu.br\/riogrande\/3a-mostra-de-cinema-latino-americano-de-rio-grande-acontecera-entre-os-dias-9-a-12-de-dezembro\/\"><span style=\"font-weight: 400;\">3\u00aa Monstra de Cinema Latino-Americano de Rio Grande.<\/span><\/a><\/li>\n<\/ul>\n<p>&nbsp;<\/p>\n<p><strong>2020<\/strong><\/p>\n<ul>\n<li><a class=\"row-title\" href=\"https:\/\/wp.ufpel.edu.br\/petartesvisuais\/wp-admin\/post.php?post=1814&amp;action=edit\" aria-label=\"\u201cIV SIEA \u2013 Semin\u00e1rio Internacional de Ensino de Arte\u201d (Editar)\">IV SIEA \u2013 Semin\u00e1rio Internacional de Ensino de Arte<\/a><\/li>\n<li><a class=\"row-title\" href=\"https:\/\/wp.ufpel.edu.br\/petartesvisuais\/wp-admin\/post.php?post=1761&amp;action=edit\" aria-label=\"\u201cV ENREFAEB SUL\u201d (Editar)\">V ENREFAEB SUL<\/a><\/li>\n<li><a href=\"https:\/\/wp.ufpel.edu.br\/petartesvisuais\/2020\/11\/30\/publicacoes-grupo-pet-artes-2020\/\">Participa\u00e7\u00e3o como comunicadore no SIIIEPE<\/a><\/li>\n<li><a href=\"https:\/\/wp.ufpel.edu.br\/petartesvisuais\/2020\/11\/30\/publicacoes-grupo-pet-artes-2020\/\">Participa\u00e7\u00e3o como comunicadore no ENAPET<\/a><\/li>\n<li><a href=\"https:\/\/wp.ufpel.edu.br\/petartesvisuais\/2020\/11\/30\/publicacoes-grupo-pet-artes-2020\/\">Participa\u00e7\u00e3o como comunicadore no INTERPET<\/a><\/li>\n<li><a href=\"https:\/\/wp.ufpel.edu.br\/petartesvisuais\/2020\/11\/30\/publicacoes-grupo-pet-artes-2020\/\">Participa\u00e7\u00e3o como comunicadore no SPMAV<\/a><\/li>\n<li><a href=\"https:\/\/wp.ufpel.edu.br\/petartesvisuais\/2020\/11\/30\/publicacoes-grupo-pet-artes-2020\/\">Participa\u00e7\u00e3o como comunicadore no Humanidades<\/a><\/li>\n<li><a href=\"https:\/\/wp.ufpel.edu.br\/petartesvisuais\/2021\/01\/13\/cobertura-critica-festival-dialogo-de-cinema\/\">Cobertura cr\u00edtica &#8211; Festival di\u00e1logo de cinema<\/a><\/li>\n<li><a href=\"https:\/\/wp.ufpel.edu.br\/petartesvisuais\/2021\/01\/17\/mce-onlive-movimento-de-casas-de-estudantes\/\">MCE OnLive &#8211; Movimento de casas de estudantes<\/a><\/li>\n<\/ul>\n<p>&nbsp;<\/p>\n<p><strong>2019<\/strong><\/p>\n<ul>\n<li style=\"font-weight: 400;\"><a href=\"https:\/\/wp.ufpel.edu.br\/petartesvisuais\/2019\/12\/25\/evento-de-comemoracao-de-25-anos-do-pet-artes-visuais\/\"><span style=\"font-weight: 400;\">Evento de\u00a0 25 anos do PET Artes Visuais<\/span><\/a><\/li>\n<li style=\"font-weight: 400;\"><a href=\"https:\/\/wp.ufpel.edu.br\/petartesvisuais\/2019\/12\/20\/petianos-participaram-do-coloquio-de-historia-da-arte-que-ocorreu-em-outubro-na-biblioteca-publica\/\"><span style=\"font-weight: 400;\">XXXIX Col\u00f3quio de Hist\u00f3ria da Arte\u00a0<\/span><\/a><\/li>\n<li style=\"font-weight: 400;\"><a href=\"https:\/\/wp.ufpel.edu.br\/petartesvisuais\/2019\/11\/15\/na-proxima-semana-ocorrera-o-vi-sigam-simposio-internacional-genero-arte-e-memoria\/\">VI SIGAM \u2013 Simp\u00f3sio Internacional G\u00eanero Arte e Mem\u00f3ria<\/a><\/li>\n<li style=\"font-weight: 400;\"><a href=\"https:\/\/wp.ufpel.edu.br\/petartesvisuais\/2019\/06\/10\/grupo-pet-desenvolve-atividade-de-conversa-para-tratar-sobre-questoes-pertinentes-aos-cursos-e-a-comunidade-academica\/\">Atividade de conversa sobre quest\u00f5es pertinentes aos cursos e \u00e0 comunidade acad\u00eamica<\/a><\/li>\n<li style=\"font-weight: 400;\"><a href=\"https:\/\/wp.ufpel.edu.br\/petartesvisuais\/2019\/06\/09\/semana-academica-das-artes-visuais-uma-parceria-pet-e-diretorio-academico\/\"><span style=\"font-weight: 400;\">Semana Acad\u00eamica das Artes Visuais<\/span><\/a><\/li>\n<li style=\"font-weight: 400;\"><a href=\"https:\/\/wp.ufpel.edu.br\/petartesvisuais\/2019\/05\/12\/o-grupo-pet-artes-visuais-participou-e-organizou-o-xxii-sulpet-no-inicio-deste-mes\/\"><span style=\"font-weight: 400;\">XXII SulPET<\/span><\/a><\/li>\n<\/ul>\n<p>&nbsp;<\/p>\n<p><strong>2018<\/strong><\/p>\n<ul>\n<li><a href=\"https:\/\/wp.ufpel.edu.br\/petartesvisuais\/?page_id=758&amp;preview=true\">Chama! A Palavra chama as Coisas<\/a><\/li>\n<li><a href=\"https:\/\/wp.ufpel.edu.br\/petartesvisuais\/?page_id=775&amp;preview=true\">Encontro Internacional de Pesquisa em Ci\u00eancias Humanas<\/a><\/li>\n<li><a href=\"https:\/\/wp.ufpel.edu.br\/petartesvisuais\/?page_id=786&amp;preview=true\">Semana Integrada UFPel<\/a><\/li>\n<\/ul>\n","protected":false},"excerpt":{"rendered":"<p>2025 INTERPET Malta Curatorial VIII SIGAM &#8211; Simp\u00f3sio Internacional de G\u00eanero, Arte e Mem\u00f3ria 11\u00b0 edi\u00e7\u00e3o da Semana Integrada de Inova\u00e7\u00e3o, Ensino, Pesquisa e Extens\u00e3o (SIIEPE) 2024 INTERPET Malta Curatorial Mostra de cursos UFPEL 10\u00b0 edi\u00e7\u00e3o da Semana Integrada de Inova\u00e7\u00e3o, Ensino, Pesquisa e Extens\u00e3o (SIIEPE) V SIEA XI SPMAV FESTIM 2023 INTERPET 9\u00b0 edi\u00e7\u00e3o [&hellip;]<\/p>\n","protected":false},"author":557,"featured_media":0,"parent":0,"menu_order":0,"comment_status":"closed","ping_status":"closed","template":"","meta":{"jetpack_post_was_ever_published":false,"footnotes":""},"class_list":["post-273","page","type-page","status-publish","hentry"],"jetpack_sharing_enabled":true,"_links":{"self":[{"href":"https:\/\/wp.ufpel.edu.br\/petartesvisuais\/wp-json\/wp\/v2\/pages\/273","targetHints":{"allow":["GET"]}}],"collection":[{"href":"https:\/\/wp.ufpel.edu.br\/petartesvisuais\/wp-json\/wp\/v2\/pages"}],"about":[{"href":"https:\/\/wp.ufpel.edu.br\/petartesvisuais\/wp-json\/wp\/v2\/types\/page"}],"author":[{"embeddable":true,"href":"https:\/\/wp.ufpel.edu.br\/petartesvisuais\/wp-json\/wp\/v2\/users\/557"}],"replies":[{"embeddable":true,"href":"https:\/\/wp.ufpel.edu.br\/petartesvisuais\/wp-json\/wp\/v2\/comments?post=273"}],"version-history":[{"count":42,"href":"https:\/\/wp.ufpel.edu.br\/petartesvisuais\/wp-json\/wp\/v2\/pages\/273\/revisions"}],"predecessor-version":[{"id":3200,"href":"https:\/\/wp.ufpel.edu.br\/petartesvisuais\/wp-json\/wp\/v2\/pages\/273\/revisions\/3200"}],"wp:attachment":[{"href":"https:\/\/wp.ufpel.edu.br\/petartesvisuais\/wp-json\/wp\/v2\/media?parent=273"}],"curies":[{"name":"wp","href":"https:\/\/api.w.org\/{rel}","templated":true}]}}