{"id":259,"date":"2018-05-16T17:08:27","date_gmt":"2018-05-16T20:08:27","guid":{"rendered":"https:\/\/wp.ufpel.edu.br\/petartesvisuais\/?page_id=259"},"modified":"2023-03-28T21:44:13","modified_gmt":"2023-03-29T00:44:13","slug":"links-uteis","status":"publish","type":"page","link":"https:\/\/wp.ufpel.edu.br\/petartesvisuais\/links-uteis\/","title":{"rendered":"Links \u00dateis"},"content":{"rendered":"<h6 class=\"widget-title\">OUTROS LINKS<\/h6>\n<p><a href=\"https:\/\/wp.ufpel.edu.br\/ca\/\" target=\"_blank\" rel=\"noopener noreferrer\">Centro de Artes<\/a><\/p>\n<p><a href=\"https:\/\/www.facebook.com\/DALCUFPel\/\" target=\"_blank\" rel=\"noopener noreferrer\">Diret\u00f3rio Acad\u00eamico das Artes Visuais<\/a><\/p>\n<p><a href=\"http:\/\/todasascoresufpel.blogspot.com\/\" target=\"_blank\" rel=\"noopener noreferrer\">Diret\u00f3rio Central dos Estudantes<\/a><\/p>\n<p><a href=\"http:\/\/www.ufpel.edu.br\/\" target=\"_blank\" rel=\"noopener noreferrer\">UFPel<\/a><\/p>\n","protected":false},"excerpt":{"rendered":"<p>OUTROS LINKS Centro de Artes Diret\u00f3rio Acad\u00eamico das Artes Visuais Diret\u00f3rio Central dos Estudantes UFPel<\/p>\n","protected":false},"author":557,"featured_media":0,"parent":0,"menu_order":0,"comment_status":"closed","ping_status":"closed","template":"","meta":{"jetpack_post_was_ever_published":false,"footnotes":""},"class_list":["post-259","page","type-page","status-publish","hentry"],"jetpack_sharing_enabled":true,"_links":{"self":[{"href":"https:\/\/wp.ufpel.edu.br\/petartesvisuais\/wp-json\/wp\/v2\/pages\/259","targetHints":{"allow":["GET"]}}],"collection":[{"href":"https:\/\/wp.ufpel.edu.br\/petartesvisuais\/wp-json\/wp\/v2\/pages"}],"about":[{"href":"https:\/\/wp.ufpel.edu.br\/petartesvisuais\/wp-json\/wp\/v2\/types\/page"}],"author":[{"embeddable":true,"href":"https:\/\/wp.ufpel.edu.br\/petartesvisuais\/wp-json\/wp\/v2\/users\/557"}],"replies":[{"embeddable":true,"href":"https:\/\/wp.ufpel.edu.br\/petartesvisuais\/wp-json\/wp\/v2\/comments?post=259"}],"version-history":[{"count":3,"href":"https:\/\/wp.ufpel.edu.br\/petartesvisuais\/wp-json\/wp\/v2\/pages\/259\/revisions"}],"predecessor-version":[{"id":2663,"href":"https:\/\/wp.ufpel.edu.br\/petartesvisuais\/wp-json\/wp\/v2\/pages\/259\/revisions\/2663"}],"wp:attachment":[{"href":"https:\/\/wp.ufpel.edu.br\/petartesvisuais\/wp-json\/wp\/v2\/media?parent=259"}],"curies":[{"name":"wp","href":"https:\/\/api.w.org\/{rel}","templated":true}]}}