{"id":214,"date":"2018-05-14T16:29:57","date_gmt":"2018-05-14T19:29:57","guid":{"rendered":"https:\/\/wp.ufpel.edu.br\/petartesvisuais\/?page_id=214"},"modified":"2024-12-13T11:04:55","modified_gmt":"2024-12-13T14:04:55","slug":"pet-artes-visuais","status":"publish","type":"page","link":"https:\/\/wp.ufpel.edu.br\/petartesvisuais\/pet-artes-visuais\/","title":{"rendered":"PET Artes Visuais"},"content":{"rendered":"<p>O grupo PET Artes Visuais da UFPel existe desde 1994, sendo o \u00fanico da \u00e1rea em todo o pa\u00eds. De acordo com sua linha de a\u00e7\u00e3o, busca a plena vis\u00e3o das compet\u00eancias profissionais do artista pl\u00e1stico e gr\u00e1fico, objetivando uma forma\u00e7\u00e3o que comprometa os bolsistas e poss\u00edveis volunt\u00e1rios do Programa com as quest\u00f5es e linguagens art\u00edsticas contempor\u00e2neas. Neste sentido, o processo de desenvolvimento individual passa pela experimenta\u00e7\u00e3o coletiva de atividades que nem sempre visam suas op\u00e7\u00f5es de habilita\u00e7\u00e3o \u2013 Pintura, Escultura, Gravura, Cinema ou Design \u2013 tornando-os aptos a agir na interdisciplinaridade, com a associa\u00e7\u00e3o da capacidade criadora a m\u00e9todos cient\u00edficos de produ\u00e7\u00e3o.<br \/>\nComo o grupo \u00e9 formado por pessoas com personalidades t\u00e3o diferentes e tamb\u00e9m por abranger diversas \u00e1reas, pontua-se essa diversidade como um ponto muito positivo e que s\u00f3 vem a agregar e n\u00e3o a subtrair. Obviamente que trabalhar em grupo \u00e9 sempre um desafio, mas \u00e9 um grande aprendizado. Portanto, ao agirmos sempre em conjunto, solidifica-se cada vez mais o significado da palavra \u201cgrupo\u201d, e todos ter\u00e3o muito a contribuir, n\u00e3o s\u00f3 para a Institui\u00e7\u00e3o Acad\u00eamica, mas para a qualifica\u00e7\u00e3o na pesquisa e forma\u00e7\u00e3o de opini\u00e3o.<\/p>\n<h3>Ingresso<\/h3>\n<p>O processo de sele\u00e7\u00e3o para o ingresso de novos membros no grupo PET-Artes Visuais ocorre periodicamente, conforme a conclus\u00e3o do curso de gradua\u00e7\u00e3o de parte dos seus membros. O processo \u00e9 aberto oficialmente com a publica\u00e7\u00e3o de um edital e aqueles alunos do curso de Artes Visuais que preencherem os pr\u00e9-requisitos do edital da sele\u00e7\u00e3o correspondente e estiverem interessados em fazer parte do programa devem proceder conforme orienta\u00e7\u00e3o deste.<\/p>\n<h3>Como funciona na pr\u00e1tica?<\/h3>\n<p style=\"text-align: justify;\">As reuni\u00f5es acontecem semanalmente, exceto em alguns casos como semana do SIIEPE, o dia e hor\u00e1rio s\u00e3o combinado a cada semestre com os petianos(as) junto ao tutor(a) para que todos ou a maioria possa estar presentes. O grupo atua individualmente levando o nome do PET Artes Visuais nos projetos que est\u00e3o envolvidos, assim como atual paralelamente coletivo atendendo demanda do Centro de Artes e seus eventos, na organiza\u00e7\u00e3o, identidade visual, montagem de exposi\u00e7\u00e3o, etc. H\u00e1 demandas externas a universidade que o PET pode atender que venham da comunidade, como a colabora\u00e7\u00e3o com um bloco carnavalesco em 2024 (exemplo). Assim como propor a comunidade do Centro de Artes e entornos, como \u00e9 o caso da Semana de Oficinas do Pet Artes visuais- SOPA( exemplo).<\/p>\n","protected":false},"excerpt":{"rendered":"<p>O grupo PET Artes Visuais da UFPel existe desde 1994, sendo o \u00fanico da \u00e1rea em todo o pa\u00eds. De acordo com sua linha de a\u00e7\u00e3o, busca a plena vis\u00e3o das compet\u00eancias profissionais do artista pl\u00e1stico e gr\u00e1fico, objetivando uma forma\u00e7\u00e3o que comprometa os bolsistas e poss\u00edveis volunt\u00e1rios do Programa com as quest\u00f5es e linguagens [&hellip;]<\/p>\n","protected":false},"author":557,"featured_media":0,"parent":0,"menu_order":0,"comment_status":"closed","ping_status":"closed","template":"","meta":{"jetpack_post_was_ever_published":false,"footnotes":""},"class_list":["post-214","page","type-page","status-publish","hentry"],"jetpack_sharing_enabled":true,"_links":{"self":[{"href":"https:\/\/wp.ufpel.edu.br\/petartesvisuais\/wp-json\/wp\/v2\/pages\/214","targetHints":{"allow":["GET"]}}],"collection":[{"href":"https:\/\/wp.ufpel.edu.br\/petartesvisuais\/wp-json\/wp\/v2\/pages"}],"about":[{"href":"https:\/\/wp.ufpel.edu.br\/petartesvisuais\/wp-json\/wp\/v2\/types\/page"}],"author":[{"embeddable":true,"href":"https:\/\/wp.ufpel.edu.br\/petartesvisuais\/wp-json\/wp\/v2\/users\/557"}],"replies":[{"embeddable":true,"href":"https:\/\/wp.ufpel.edu.br\/petartesvisuais\/wp-json\/wp\/v2\/comments?post=214"}],"version-history":[{"count":3,"href":"https:\/\/wp.ufpel.edu.br\/petartesvisuais\/wp-json\/wp\/v2\/pages\/214\/revisions"}],"predecessor-version":[{"id":3137,"href":"https:\/\/wp.ufpel.edu.br\/petartesvisuais\/wp-json\/wp\/v2\/pages\/214\/revisions\/3137"}],"wp:attachment":[{"href":"https:\/\/wp.ufpel.edu.br\/petartesvisuais\/wp-json\/wp\/v2\/media?parent=214"}],"curies":[{"name":"wp","href":"https:\/\/api.w.org\/{rel}","templated":true}]}}