{"id":1371,"date":"2020-01-27T19:42:47","date_gmt":"2020-01-27T22:42:47","guid":{"rendered":"https:\/\/wp.ufpel.edu.br\/petartesvisuais\/?page_id=1371"},"modified":"2020-01-27T19:43:00","modified_gmt":"2020-01-27T22:43:00","slug":"exposicao-pet-25-anos","status":"publish","type":"page","link":"https:\/\/wp.ufpel.edu.br\/petartesvisuais\/exposicao-pet-25-anos\/","title":{"rendered":"Exposi\u00e7\u00e3o PET 25 Anos"},"content":{"rendered":"<p>Como parte da comemora\u00e7\u00e3o dos<strong> 25 anos do PET ARTES VISUAIS<\/strong>, n\u00f3s realizamos uma pequena exposi\u00e7\u00e3o com trabalhos de petianos que participam do grupo, que ocorreu no segundo andar do pr\u00e9dio 1 do CA. A exposi\u00e7\u00e3o teve a curadoria, expografia e montagem realizada pelo petiano Renan Soares, que tamb\u00e9m confeccionou os m\u00f3dulos expositores.<\/p>\n<p><a href=\"https:\/\/wp.ufpel.edu.br\/petartesvisuais\/files\/2020\/01\/IMG_0091-scaled.jpg\"><img loading=\"lazy\" decoding=\"async\" class=\"aligncenter size-full wp-image-1383\" src=\"https:\/\/wp.ufpel.edu.br\/petartesvisuais\/files\/2020\/01\/IMG_0091-scaled.jpg\" alt=\"\" width=\"2560\" height=\"1705\" srcset=\"https:\/\/wp.ufpel.edu.br\/petartesvisuais\/files\/2020\/01\/IMG_0091-scaled.jpg 2560w, https:\/\/wp.ufpel.edu.br\/petartesvisuais\/files\/2020\/01\/IMG_0091-424x282.jpg 424w, https:\/\/wp.ufpel.edu.br\/petartesvisuais\/files\/2020\/01\/IMG_0091-212x141.jpg 212w, https:\/\/wp.ufpel.edu.br\/petartesvisuais\/files\/2020\/01\/IMG_0091-768x512.jpg 768w, https:\/\/wp.ufpel.edu.br\/petartesvisuais\/files\/2020\/01\/IMG_0091-1536x1023.jpg 1536w, https:\/\/wp.ufpel.edu.br\/petartesvisuais\/files\/2020\/01\/IMG_0091-2048x1364.jpg 2048w, https:\/\/wp.ufpel.edu.br\/petartesvisuais\/files\/2020\/01\/IMG_0091-816x544.jpg 816w\" sizes=\"auto, (max-width: 2560px) 100vw, 2560px\" \/><\/a> <a href=\"https:\/\/wp.ufpel.edu.br\/petartesvisuais\/files\/2020\/01\/IMG_0087-scaled.jpg\"><img loading=\"lazy\" decoding=\"async\" class=\"aligncenter size-full wp-image-1384\" src=\"https:\/\/wp.ufpel.edu.br\/petartesvisuais\/files\/2020\/01\/IMG_0087-scaled.jpg\" alt=\"\" width=\"2560\" height=\"1705\" srcset=\"https:\/\/wp.ufpel.edu.br\/petartesvisuais\/files\/2020\/01\/IMG_0087-scaled.jpg 2560w, https:\/\/wp.ufpel.edu.br\/petartesvisuais\/files\/2020\/01\/IMG_0087-424x282.jpg 424w, https:\/\/wp.ufpel.edu.br\/petartesvisuais\/files\/2020\/01\/IMG_0087-212x141.jpg 212w, https:\/\/wp.ufpel.edu.br\/petartesvisuais\/files\/2020\/01\/IMG_0087-768x512.jpg 768w, https:\/\/wp.ufpel.edu.br\/petartesvisuais\/files\/2020\/01\/IMG_0087-1536x1023.jpg 1536w, https:\/\/wp.ufpel.edu.br\/petartesvisuais\/files\/2020\/01\/IMG_0087-2048x1364.jpg 2048w, https:\/\/wp.ufpel.edu.br\/petartesvisuais\/files\/2020\/01\/IMG_0087-816x544.jpg 816w\" sizes=\"auto, (max-width: 2560px) 100vw, 2560px\" \/><\/a><\/p>\n","protected":false},"excerpt":{"rendered":"<p>Como parte da comemora\u00e7\u00e3o dos 25 anos do PET ARTES VISUAIS, n\u00f3s realizamos uma pequena exposi\u00e7\u00e3o com trabalhos de petianos que participam do grupo, que ocorreu no segundo andar do pr\u00e9dio 1 do CA. A exposi\u00e7\u00e3o teve a curadoria, expografia e montagem realizada pelo petiano Renan Soares, que tamb\u00e9m confeccionou os m\u00f3dulos expositores.<\/p>\n","protected":false},"author":557,"featured_media":0,"parent":0,"menu_order":0,"comment_status":"closed","ping_status":"closed","template":"","meta":{"jetpack_post_was_ever_published":false,"footnotes":""},"class_list":["post-1371","page","type-page","status-publish","hentry"],"jetpack_sharing_enabled":true,"_links":{"self":[{"href":"https:\/\/wp.ufpel.edu.br\/petartesvisuais\/wp-json\/wp\/v2\/pages\/1371","targetHints":{"allow":["GET"]}}],"collection":[{"href":"https:\/\/wp.ufpel.edu.br\/petartesvisuais\/wp-json\/wp\/v2\/pages"}],"about":[{"href":"https:\/\/wp.ufpel.edu.br\/petartesvisuais\/wp-json\/wp\/v2\/types\/page"}],"author":[{"embeddable":true,"href":"https:\/\/wp.ufpel.edu.br\/petartesvisuais\/wp-json\/wp\/v2\/users\/557"}],"replies":[{"embeddable":true,"href":"https:\/\/wp.ufpel.edu.br\/petartesvisuais\/wp-json\/wp\/v2\/comments?post=1371"}],"version-history":[{"count":2,"href":"https:\/\/wp.ufpel.edu.br\/petartesvisuais\/wp-json\/wp\/v2\/pages\/1371\/revisions"}],"predecessor-version":[{"id":1386,"href":"https:\/\/wp.ufpel.edu.br\/petartesvisuais\/wp-json\/wp\/v2\/pages\/1371\/revisions\/1386"}],"wp:attachment":[{"href":"https:\/\/wp.ufpel.edu.br\/petartesvisuais\/wp-json\/wp\/v2\/media?parent=1371"}],"curies":[{"name":"wp","href":"https:\/\/api.w.org\/{rel}","templated":true}]}}