{"id":1363,"date":"2020-01-27T15:05:18","date_gmt":"2020-01-27T18:05:18","guid":{"rendered":"https:\/\/wp.ufpel.edu.br\/petartesvisuais\/?page_id=1363"},"modified":"2020-01-27T15:06:44","modified_gmt":"2020-01-27T18:06:44","slug":"ufpel-na-rua-2","status":"publish","type":"page","link":"https:\/\/wp.ufpel.edu.br\/petartesvisuais\/ufpel-na-rua-2\/","title":{"rendered":"UFPEL na Rua"},"content":{"rendered":"<p><span style=\"font-weight: 400\">A UFPel na Rua fez parte do projeto UFPel Cultural 2019 &#8211; Semana dos Museus, promovido pela<strong> Pr\u00f3-Reitoria de Extens\u00e3o e Cultura da Universidade Federal de Pelotas<\/strong>, com o apoio cultural do SESC \u2013 Pelotas, Otro Porto, Freedom \u2013 Ve\u00edculos El\u00e9tricos e Secretaria Municipal de Cultura. O evento foi aberto e gratuito, e tinha como inten\u00e7\u00e3o a fomenta\u00e7\u00e3o das artes, a economia e a cultura.<\/span><\/p>\n<p><span style=\"font-weight: 400\">A proposta contemplou atividades acad\u00eamicas e comunit\u00e1rias, de intera\u00e7\u00e3o entre universidade e sociedade, articulados juntos num mesmo tempo e espa\u00e7o de conviv\u00eancia, um lugar de conv\u00edvio e troca de experi\u00eancias, a Pra\u00e7a Coronel Pedro Os\u00f3rio. Dentro das a\u00e7\u00f5es que ocorreu no evento, o PET Artes Visuais, participou ministrando oficinas, serigrafando camisetas e ajudando na organiza\u00e7\u00e3o. <\/span><\/p>\n<p><a href=\"https:\/\/wp.ufpel.edu.br\/petartesvisuais\/files\/2020\/01\/4178f274-deb0-427c-864a-830cd649eec0.jpg\"><img loading=\"lazy\" decoding=\"async\" class=\"aligncenter size-full wp-image-1364\" src=\"https:\/\/wp.ufpel.edu.br\/petartesvisuais\/files\/2020\/01\/4178f274-deb0-427c-864a-830cd649eec0.jpg\" alt=\"\" width=\"780\" height=\"1040\" srcset=\"https:\/\/wp.ufpel.edu.br\/petartesvisuais\/files\/2020\/01\/4178f274-deb0-427c-864a-830cd649eec0.jpg 780w, https:\/\/wp.ufpel.edu.br\/petartesvisuais\/files\/2020\/01\/4178f274-deb0-427c-864a-830cd649eec0-239x318.jpg 239w, https:\/\/wp.ufpel.edu.br\/petartesvisuais\/files\/2020\/01\/4178f274-deb0-427c-864a-830cd649eec0-119x159.jpg 119w, https:\/\/wp.ufpel.edu.br\/petartesvisuais\/files\/2020\/01\/4178f274-deb0-427c-864a-830cd649eec0-768x1024.jpg 768w\" sizes=\"auto, (max-width: 780px) 100vw, 780px\" \/><\/a><\/p>\n","protected":false},"excerpt":{"rendered":"<p>A UFPel na Rua fez parte do projeto UFPel Cultural 2019 &#8211; Semana dos Museus, promovido pela Pr\u00f3-Reitoria de Extens\u00e3o e Cultura da Universidade Federal de Pelotas, com o apoio cultural do SESC \u2013 Pelotas, Otro Porto, Freedom \u2013 Ve\u00edculos El\u00e9tricos e Secretaria Municipal de Cultura. O evento foi aberto e gratuito, e tinha como [&hellip;]<\/p>\n","protected":false},"author":557,"featured_media":0,"parent":0,"menu_order":0,"comment_status":"closed","ping_status":"closed","template":"","meta":{"jetpack_post_was_ever_published":false,"footnotes":""},"class_list":["post-1363","page","type-page","status-publish","hentry"],"jetpack_sharing_enabled":true,"_links":{"self":[{"href":"https:\/\/wp.ufpel.edu.br\/petartesvisuais\/wp-json\/wp\/v2\/pages\/1363","targetHints":{"allow":["GET"]}}],"collection":[{"href":"https:\/\/wp.ufpel.edu.br\/petartesvisuais\/wp-json\/wp\/v2\/pages"}],"about":[{"href":"https:\/\/wp.ufpel.edu.br\/petartesvisuais\/wp-json\/wp\/v2\/types\/page"}],"author":[{"embeddable":true,"href":"https:\/\/wp.ufpel.edu.br\/petartesvisuais\/wp-json\/wp\/v2\/users\/557"}],"replies":[{"embeddable":true,"href":"https:\/\/wp.ufpel.edu.br\/petartesvisuais\/wp-json\/wp\/v2\/comments?post=1363"}],"version-history":[{"count":4,"href":"https:\/\/wp.ufpel.edu.br\/petartesvisuais\/wp-json\/wp\/v2\/pages\/1363\/revisions"}],"predecessor-version":[{"id":1370,"href":"https:\/\/wp.ufpel.edu.br\/petartesvisuais\/wp-json\/wp\/v2\/pages\/1363\/revisions\/1370"}],"wp:attachment":[{"href":"https:\/\/wp.ufpel.edu.br\/petartesvisuais\/wp-json\/wp\/v2\/media?parent=1363"}],"curies":[{"name":"wp","href":"https:\/\/api.w.org\/{rel}","templated":true}]}}