{"id":1354,"date":"2020-01-27T14:47:24","date_gmt":"2020-01-27T17:47:24","guid":{"rendered":"https:\/\/wp.ufpel.edu.br\/petartesvisuais\/?page_id=1354"},"modified":"2020-01-27T14:47:24","modified_gmt":"2020-01-27T17:47:24","slug":"grupo-patafisica","status":"publish","type":"page","link":"https:\/\/wp.ufpel.edu.br\/petartesvisuais\/grupo-patafisica\/","title":{"rendered":"Grupo Pataf\u00edsica"},"content":{"rendered":"<p>Pataf\u00edsica: mediadores do Imagin\u00e1rio \u00e9 um projeto unificado entre extens\u00e3o, ensino e pesquisa. As pr\u00e1ticas envolvem oficinas, encontros, rodas de conversa, cria\u00e7\u00f5es e media\u00e7\u00f5es art\u00edsticas. O grupo atua nas galerias institucionais da UFPel, bem como em eventos acad\u00eamicos e culturais e na forma\u00e7\u00e3o de mediadores, visando a qualifica\u00e7\u00e3o profissional. Participaram desse grupo Rafaela Barbosa, Gabriela Costa, Gabriela Cunha e Stela Kubiaki.<\/p>\n<p>O trabalho &#8220;Fronteiras Dissolvidas: a experi\u00eancia ZIGOTO como mergulho na maleabilidade de um corpo-coletivo&#8221; foi publicado na Revista Pixo. (https:\/\/periodicos.ufpel.edu.br\/ojs2\/index.php\/pixo\/article\/view\/16070).<\/p>\n<p>&nbsp;<\/p>\n","protected":false},"excerpt":{"rendered":"<p>Pataf\u00edsica: mediadores do Imagin\u00e1rio \u00e9 um projeto unificado entre extens\u00e3o, ensino e pesquisa. As pr\u00e1ticas envolvem oficinas, encontros, rodas de conversa, cria\u00e7\u00f5es e media\u00e7\u00f5es art\u00edsticas. O grupo atua nas galerias institucionais da UFPel, bem como em eventos acad\u00eamicos e culturais e na forma\u00e7\u00e3o de mediadores, visando a qualifica\u00e7\u00e3o profissional. Participaram desse grupo Rafaela Barbosa, Gabriela [&hellip;]<\/p>\n","protected":false},"author":557,"featured_media":1355,"parent":0,"menu_order":0,"comment_status":"closed","ping_status":"closed","template":"","meta":{"jetpack_post_was_ever_published":false,"footnotes":""},"class_list":["post-1354","page","type-page","status-publish","has-post-thumbnail","hentry"],"jetpack_sharing_enabled":true,"_links":{"self":[{"href":"https:\/\/wp.ufpel.edu.br\/petartesvisuais\/wp-json\/wp\/v2\/pages\/1354","targetHints":{"allow":["GET"]}}],"collection":[{"href":"https:\/\/wp.ufpel.edu.br\/petartesvisuais\/wp-json\/wp\/v2\/pages"}],"about":[{"href":"https:\/\/wp.ufpel.edu.br\/petartesvisuais\/wp-json\/wp\/v2\/types\/page"}],"author":[{"embeddable":true,"href":"https:\/\/wp.ufpel.edu.br\/petartesvisuais\/wp-json\/wp\/v2\/users\/557"}],"replies":[{"embeddable":true,"href":"https:\/\/wp.ufpel.edu.br\/petartesvisuais\/wp-json\/wp\/v2\/comments?post=1354"}],"version-history":[{"count":1,"href":"https:\/\/wp.ufpel.edu.br\/petartesvisuais\/wp-json\/wp\/v2\/pages\/1354\/revisions"}],"predecessor-version":[{"id":1356,"href":"https:\/\/wp.ufpel.edu.br\/petartesvisuais\/wp-json\/wp\/v2\/pages\/1354\/revisions\/1356"}],"wp:featuredmedia":[{"embeddable":true,"href":"https:\/\/wp.ufpel.edu.br\/petartesvisuais\/wp-json\/wp\/v2\/media\/1355"}],"wp:attachment":[{"href":"https:\/\/wp.ufpel.edu.br\/petartesvisuais\/wp-json\/wp\/v2\/media?parent=1354"}],"curies":[{"name":"wp","href":"https:\/\/api.w.org\/{rel}","templated":true}]}}