{"id":1346,"date":"2020-01-27T14:21:32","date_gmt":"2020-01-27T17:21:32","guid":{"rendered":"https:\/\/wp.ufpel.edu.br\/petartesvisuais\/?page_id=1346"},"modified":"2020-01-27T14:22:55","modified_gmt":"2020-01-27T17:22:55","slug":"acao-performatica-na-13a-primavera-dos-museus","status":"publish","type":"page","link":"https:\/\/wp.ufpel.edu.br\/petartesvisuais\/acao-performatica-na-13a-primavera-dos-museus\/","title":{"rendered":"A\u00e7\u00e3o Perform\u00e1tica na 13\u00aa Primavera dos Museus"},"content":{"rendered":"<p>No dia 28 de setembro de 2019, o grupo PET Artes Visuais junto a sua tutora profa. dra. N\u00e1dia Senna, realizaram uma a\u00e7\u00e3o perform\u00e1tica junto a<strong> 13\u00aa Primavera dos Museus<\/strong>. A a\u00e7\u00e3o tinha como intuito explorar o acervo do <strong>MALG<\/strong> (Museu de Arte Leopoldo Gotuzzo) com cosplay das obras do artista Leopoldo Gotuzzo, que estavam em exposi\u00e7\u00e3o na sala principal.<\/p>\n<p>&nbsp;<\/p>\n<p><a href=\"https:\/\/wp.ufpel.edu.br\/petartesvisuais\/files\/2020\/01\/9bee2790-613d-49e4-9cc9-260b81965c89.jpg\"><img loading=\"lazy\" decoding=\"async\" class=\"aligncenter size-full wp-image-1347\" src=\"https:\/\/wp.ufpel.edu.br\/petartesvisuais\/files\/2020\/01\/9bee2790-613d-49e4-9cc9-260b81965c89.jpg\" alt=\"\" width=\"1280\" height=\"960\" srcset=\"https:\/\/wp.ufpel.edu.br\/petartesvisuais\/files\/2020\/01\/9bee2790-613d-49e4-9cc9-260b81965c89.jpg 1280w, https:\/\/wp.ufpel.edu.br\/petartesvisuais\/files\/2020\/01\/9bee2790-613d-49e4-9cc9-260b81965c89-424x318.jpg 424w, https:\/\/wp.ufpel.edu.br\/petartesvisuais\/files\/2020\/01\/9bee2790-613d-49e4-9cc9-260b81965c89-212x159.jpg 212w, https:\/\/wp.ufpel.edu.br\/petartesvisuais\/files\/2020\/01\/9bee2790-613d-49e4-9cc9-260b81965c89-768x576.jpg 768w, https:\/\/wp.ufpel.edu.br\/petartesvisuais\/files\/2020\/01\/9bee2790-613d-49e4-9cc9-260b81965c89-816x612.jpg 816w\" sizes=\"auto, (max-width: 1280px) 100vw, 1280px\" \/><\/a> <a href=\"https:\/\/wp.ufpel.edu.br\/petartesvisuais\/files\/2020\/01\/7239abc6-f291-4726-9f1a-d1572d668079.jpg\"><img loading=\"lazy\" decoding=\"async\" class=\"aligncenter size-full wp-image-1348\" src=\"https:\/\/wp.ufpel.edu.br\/petartesvisuais\/files\/2020\/01\/7239abc6-f291-4726-9f1a-d1572d668079.jpg\" alt=\"\" width=\"960\" height=\"1280\" srcset=\"https:\/\/wp.ufpel.edu.br\/petartesvisuais\/files\/2020\/01\/7239abc6-f291-4726-9f1a-d1572d668079.jpg 960w, https:\/\/wp.ufpel.edu.br\/petartesvisuais\/files\/2020\/01\/7239abc6-f291-4726-9f1a-d1572d668079-239x318.jpg 239w, https:\/\/wp.ufpel.edu.br\/petartesvisuais\/files\/2020\/01\/7239abc6-f291-4726-9f1a-d1572d668079-119x159.jpg 119w, https:\/\/wp.ufpel.edu.br\/petartesvisuais\/files\/2020\/01\/7239abc6-f291-4726-9f1a-d1572d668079-768x1024.jpg 768w, https:\/\/wp.ufpel.edu.br\/petartesvisuais\/files\/2020\/01\/7239abc6-f291-4726-9f1a-d1572d668079-816x1088.jpg 816w\" sizes=\"auto, (max-width: 960px) 100vw, 960px\" \/><\/a><\/p>\n","protected":false},"excerpt":{"rendered":"<p>No dia 28 de setembro de 2019, o grupo PET Artes Visuais junto a sua tutora profa. dra. N\u00e1dia Senna, realizaram uma a\u00e7\u00e3o perform\u00e1tica junto a 13\u00aa Primavera dos Museus. A a\u00e7\u00e3o tinha como intuito explorar o acervo do MALG (Museu de Arte Leopoldo Gotuzzo) com cosplay das obras do artista Leopoldo Gotuzzo, que estavam [&hellip;]<\/p>\n","protected":false},"author":557,"featured_media":1349,"parent":0,"menu_order":0,"comment_status":"closed","ping_status":"closed","template":"","meta":{"jetpack_post_was_ever_published":false,"footnotes":""},"class_list":["post-1346","page","type-page","status-publish","has-post-thumbnail","hentry"],"jetpack_sharing_enabled":true,"_links":{"self":[{"href":"https:\/\/wp.ufpel.edu.br\/petartesvisuais\/wp-json\/wp\/v2\/pages\/1346","targetHints":{"allow":["GET"]}}],"collection":[{"href":"https:\/\/wp.ufpel.edu.br\/petartesvisuais\/wp-json\/wp\/v2\/pages"}],"about":[{"href":"https:\/\/wp.ufpel.edu.br\/petartesvisuais\/wp-json\/wp\/v2\/types\/page"}],"author":[{"embeddable":true,"href":"https:\/\/wp.ufpel.edu.br\/petartesvisuais\/wp-json\/wp\/v2\/users\/557"}],"replies":[{"embeddable":true,"href":"https:\/\/wp.ufpel.edu.br\/petartesvisuais\/wp-json\/wp\/v2\/comments?post=1346"}],"version-history":[{"count":3,"href":"https:\/\/wp.ufpel.edu.br\/petartesvisuais\/wp-json\/wp\/v2\/pages\/1346\/revisions"}],"predecessor-version":[{"id":1353,"href":"https:\/\/wp.ufpel.edu.br\/petartesvisuais\/wp-json\/wp\/v2\/pages\/1346\/revisions\/1353"}],"wp:featuredmedia":[{"embeddable":true,"href":"https:\/\/wp.ufpel.edu.br\/petartesvisuais\/wp-json\/wp\/v2\/media\/1349"}],"wp:attachment":[{"href":"https:\/\/wp.ufpel.edu.br\/petartesvisuais\/wp-json\/wp\/v2\/media?parent=1346"}],"curies":[{"name":"wp","href":"https:\/\/api.w.org\/{rel}","templated":true}]}}