{"id":1301,"date":"2020-01-15T11:45:47","date_gmt":"2020-01-15T14:45:47","guid":{"rendered":"https:\/\/wp.ufpel.edu.br\/petartesvisuais\/?page_id=1301"},"modified":"2020-01-15T11:45:47","modified_gmt":"2020-01-15T14:45:47","slug":"participacao-na-17a-semana-nacional-dos-museus-com-monitoria-e-apresentacao-de-trabalhos-academicos","status":"publish","type":"page","link":"https:\/\/wp.ufpel.edu.br\/petartesvisuais\/participacao-na-17a-semana-nacional-dos-museus-com-monitoria-e-apresentacao-de-trabalhos-academicos\/","title":{"rendered":"Participa\u00e7\u00e3o na 17\u00aa Semana Nacional dos Museus com monitoria e apresenta\u00e7\u00e3o de trabalhos acad\u00eamicos"},"content":{"rendered":"<p>O PET estava presente na 17\u00aa Semana Nacional dos Museus,\u00a0 que ocorreu no per\u00edodo de 13 \u00e0 19 de maio de 2019, onde as bolsistas Gabriela Costa e Stela Kubiaki apresentaram trabalhos acad\u00eamicos sobre a experi\u00eancia em curadoria e montagem de exposi\u00e7\u00f5es realizadas junto ao MALG,\u00a0 e ao Grupo de Laborat\u00f3rio de Curadoria.\u00a0 Al\u00e9m disso, as bolsistas auxiliaram tamb\u00e9m como monitoras durante o evento.<\/p>\n<p>&nbsp;<\/p>\n","protected":false},"excerpt":{"rendered":"<p>O PET estava presente na 17\u00aa Semana Nacional dos Museus,\u00a0 que ocorreu no per\u00edodo de 13 \u00e0 19 de maio de 2019, onde as bolsistas Gabriela Costa e Stela Kubiaki apresentaram trabalhos acad\u00eamicos sobre a experi\u00eancia em curadoria e montagem de exposi\u00e7\u00f5es realizadas junto ao MALG,\u00a0 e ao Grupo de Laborat\u00f3rio de Curadoria.\u00a0 Al\u00e9m disso, [&hellip;]<\/p>\n","protected":false},"author":557,"featured_media":1302,"parent":0,"menu_order":0,"comment_status":"closed","ping_status":"closed","template":"","meta":{"jetpack_post_was_ever_published":false,"footnotes":""},"class_list":["post-1301","page","type-page","status-publish","has-post-thumbnail","hentry"],"jetpack_sharing_enabled":true,"_links":{"self":[{"href":"https:\/\/wp.ufpel.edu.br\/petartesvisuais\/wp-json\/wp\/v2\/pages\/1301","targetHints":{"allow":["GET"]}}],"collection":[{"href":"https:\/\/wp.ufpel.edu.br\/petartesvisuais\/wp-json\/wp\/v2\/pages"}],"about":[{"href":"https:\/\/wp.ufpel.edu.br\/petartesvisuais\/wp-json\/wp\/v2\/types\/page"}],"author":[{"embeddable":true,"href":"https:\/\/wp.ufpel.edu.br\/petartesvisuais\/wp-json\/wp\/v2\/users\/557"}],"replies":[{"embeddable":true,"href":"https:\/\/wp.ufpel.edu.br\/petartesvisuais\/wp-json\/wp\/v2\/comments?post=1301"}],"version-history":[{"count":1,"href":"https:\/\/wp.ufpel.edu.br\/petartesvisuais\/wp-json\/wp\/v2\/pages\/1301\/revisions"}],"predecessor-version":[{"id":1303,"href":"https:\/\/wp.ufpel.edu.br\/petartesvisuais\/wp-json\/wp\/v2\/pages\/1301\/revisions\/1303"}],"wp:featuredmedia":[{"embeddable":true,"href":"https:\/\/wp.ufpel.edu.br\/petartesvisuais\/wp-json\/wp\/v2\/media\/1302"}],"wp:attachment":[{"href":"https:\/\/wp.ufpel.edu.br\/petartesvisuais\/wp-json\/wp\/v2\/media?parent=1301"}],"curies":[{"name":"wp","href":"https:\/\/api.w.org\/{rel}","templated":true}]}}