{"id":1225,"date":"2020-01-13T09:31:06","date_gmt":"2020-01-13T12:31:06","guid":{"rendered":"https:\/\/wp.ufpel.edu.br\/petartesvisuais\/?page_id=1225"},"modified":"2020-01-13T09:31:06","modified_gmt":"2020-01-13T12:31:06","slug":"grupo-de-pesquisa-lugares-livro-dimensoes-poeticas-e-materiais","status":"publish","type":"page","link":"https:\/\/wp.ufpel.edu.br\/petartesvisuais\/grupo-de-pesquisa-lugares-livro-dimensoes-poeticas-e-materiais\/","title":{"rendered":"Grupo de Pesquisa Lugares Livro: Dimens\u00f5es Po\u00e9ticas e Materiais"},"content":{"rendered":"<p><b>Grupo de pesquisa Grupo de Pesquisa Lugares Livro: Dimens\u00f5es Po\u00e9ticas e Materiais<\/b><span style=\"font-weight: 400\">, coordenado pela Prof. Dr. Helene Sacco, re\u00fane interessados em pesquisas pr\u00e1ticas e te\u00f3ricas que integram a cria\u00e7\u00e3o e reflex\u00e3o acerca do livro de artista, tanto no que tange a observa\u00e7\u00e3o de alguns livros, quanto aspectos hist\u00f3ricos deste, bem como seu fazer por parte de um determinado grupo de artistas. Em 2019 o grupo promoveu diversas atividades de extens\u00e3o (com oficinas<br \/>\nministradas em escolas p\u00fablicas e particulares), a\u00e7\u00f5es de produ\u00e7\u00e3o<br \/>\nde livros coletivos, a produ\u00e7\u00e3o de livros de artista individuais e<br \/>\ntamb\u00e9m, a exposi\u00e7\u00e3o de trabalhos na nova \u00e1rea de conviv\u00eancia da UFPel<br \/>\n(ao lado da biblioteca do ICH). Atualmente participam do grupo as bolsistas: Lais Possamai, Gabriela Cunha e Stela Kubiaki.<\/span><\/p>\n","protected":false},"excerpt":{"rendered":"<p>Grupo de pesquisa Grupo de Pesquisa Lugares Livro: Dimens\u00f5es Po\u00e9ticas e Materiais, coordenado pela Prof. Dr. Helene Sacco, re\u00fane interessados em pesquisas pr\u00e1ticas e te\u00f3ricas que integram a cria\u00e7\u00e3o e reflex\u00e3o acerca do livro de artista, tanto no que tange a observa\u00e7\u00e3o de alguns livros, quanto aspectos hist\u00f3ricos deste, bem como seu fazer por parte [&hellip;]<\/p>\n","protected":false},"author":557,"featured_media":0,"parent":0,"menu_order":0,"comment_status":"closed","ping_status":"closed","template":"","meta":{"jetpack_post_was_ever_published":false,"footnotes":""},"class_list":["post-1225","page","type-page","status-publish","hentry"],"jetpack_sharing_enabled":true,"_links":{"self":[{"href":"https:\/\/wp.ufpel.edu.br\/petartesvisuais\/wp-json\/wp\/v2\/pages\/1225","targetHints":{"allow":["GET"]}}],"collection":[{"href":"https:\/\/wp.ufpel.edu.br\/petartesvisuais\/wp-json\/wp\/v2\/pages"}],"about":[{"href":"https:\/\/wp.ufpel.edu.br\/petartesvisuais\/wp-json\/wp\/v2\/types\/page"}],"author":[{"embeddable":true,"href":"https:\/\/wp.ufpel.edu.br\/petartesvisuais\/wp-json\/wp\/v2\/users\/557"}],"replies":[{"embeddable":true,"href":"https:\/\/wp.ufpel.edu.br\/petartesvisuais\/wp-json\/wp\/v2\/comments?post=1225"}],"version-history":[{"count":1,"href":"https:\/\/wp.ufpel.edu.br\/petartesvisuais\/wp-json\/wp\/v2\/pages\/1225\/revisions"}],"predecessor-version":[{"id":1226,"href":"https:\/\/wp.ufpel.edu.br\/petartesvisuais\/wp-json\/wp\/v2\/pages\/1225\/revisions\/1226"}],"wp:attachment":[{"href":"https:\/\/wp.ufpel.edu.br\/petartesvisuais\/wp-json\/wp\/v2\/media?parent=1225"}],"curies":[{"name":"wp","href":"https:\/\/api.w.org\/{rel}","templated":true}]}}