{"id":52,"date":"2025-02-18T22:43:42","date_gmt":"2025-02-19T01:43:42","guid":{"rendered":"https:\/\/wp.ufpel.edu.br\/petarquitetura\/?page_id=52"},"modified":"2025-07-04T15:11:08","modified_gmt":"2025-07-04T18:11:08","slug":"petmais","status":"publish","type":"page","link":"https:\/\/wp.ufpel.edu.br\/petarquitetura\/petmais\/","title":{"rendered":"PET +"},"content":{"rendered":"<p><span class=\"OYPEnA font-feature-liga-off font-feature-clig-off font-feature-calt-off text-decoration-none text-strikethrough-none\">O PET+ \u00e9 composto por um conjunto de categorias que abrangem as diferentes atividades realizadas pelo nosso grupo. Pela natureza interdisciplinar dos nossos projetos, muitas vezes as categorias do PET+ se mesclam, gerando mais integra\u00e7\u00e3o entre os pilares da universidade (ensino, pesquisa e extens\u00e3o) e as comunidades internas e externas. <\/span><span class=\"OYPEnA font-feature-liga-off font-feature-clig-off font-feature-calt-off text-decoration-none text-strikethrough-none\">Algumas das atividades desenvolvidas pelo PET Arquitetura e Urbanismo da UFPel incluem:<\/span><\/p>\n<p class=\"cvGsUA direction-ltr align-justify para-style-body\"><strong><span class=\"OYPEnA font-feature-liga-off font-feature-clig-off font-feature-calt-off text-decoration-none text-strikethrough-none\">Projetos de pesquisa:<\/span><\/strong><\/p>\n<p class=\"cvGsUA direction-ltr align-justify para-style-body\"><span class=\"OYPEnA font-feature-liga-off font-feature-clig-off font-feature-calt-off text-decoration-none text-strikethrough-none\">O grupo se dedica a projetos de pesquisa que aprofundam o conhecimento na \u00e1rea de arquitetura e urbanismo.<\/span><\/p>\n<p class=\"cvGsUA direction-ltr align-justify para-style-body\"><strong><span class=\"OYPEnA font-feature-liga-off font-feature-clig-off font-feature-calt-off text-decoration-none text-strikethrough-none\">Oficinas e cursos:<\/span><\/strong><\/p>\n<p class=\"cvGsUA direction-ltr align-justify para-style-body\"><span class=\"OYPEnA font-feature-liga-off font-feature-clig-off font-feature-calt-off text-decoration-none text-strikethrough-none\">S\u00e3o promovidas oficinas e cursos que visam aprimorar as habilidades dos estudantes e da comunidade em geral.<\/span><\/p>\n<p class=\"cvGsUA direction-ltr align-justify para-style-body\"><strong><span class=\"OYPEnA font-feature-liga-off font-feature-clig-off font-feature-calt-off text-decoration-none text-strikethrough-none\">Eventos e viagens:<\/span><\/strong><\/p>\n<p class=\"cvGsUA direction-ltr align-justify para-style-body\"><span class=\"OYPEnA font-feature-liga-off font-feature-clig-off font-feature-calt-off text-decoration-none text-strikethrough-none\">O grupo organiza eventos e viagens que promovem a colabora\u00e7\u00e3o e o engajamento dos estudantes e da comunidade da \u00e1rea.<\/span><\/p>\n","protected":false},"excerpt":{"rendered":"<p>O PET+ \u00e9 composto por um conjunto de categorias que abrangem as diferentes atividades realizadas pelo nosso grupo. Pela natureza interdisciplinar dos nossos projetos, muitas vezes as categorias do PET+ se mesclam, gerando mais&#46;&#46;&#46;<\/p>\n","protected":false},"author":920,"featured_media":0,"parent":0,"menu_order":0,"comment_status":"closed","ping_status":"closed","template":"","meta":{"footnotes":""},"class_list":["post-52","page","type-page","status-publish","hentry"],"jetpack_sharing_enabled":true,"_links":{"self":[{"href":"https:\/\/wp.ufpel.edu.br\/petarquitetura\/wp-json\/wp\/v2\/pages\/52","targetHints":{"allow":["GET"]}}],"collection":[{"href":"https:\/\/wp.ufpel.edu.br\/petarquitetura\/wp-json\/wp\/v2\/pages"}],"about":[{"href":"https:\/\/wp.ufpel.edu.br\/petarquitetura\/wp-json\/wp\/v2\/types\/page"}],"author":[{"embeddable":true,"href":"https:\/\/wp.ufpel.edu.br\/petarquitetura\/wp-json\/wp\/v2\/users\/920"}],"replies":[{"embeddable":true,"href":"https:\/\/wp.ufpel.edu.br\/petarquitetura\/wp-json\/wp\/v2\/comments?post=52"}],"version-history":[{"count":8,"href":"https:\/\/wp.ufpel.edu.br\/petarquitetura\/wp-json\/wp\/v2\/pages\/52\/revisions"}],"predecessor-version":[{"id":652,"href":"https:\/\/wp.ufpel.edu.br\/petarquitetura\/wp-json\/wp\/v2\/pages\/52\/revisions\/652"}],"wp:attachment":[{"href":"https:\/\/wp.ufpel.edu.br\/petarquitetura\/wp-json\/wp\/v2\/media?parent=52"}],"curies":[{"name":"wp","href":"https:\/\/api.w.org\/{rel}","templated":true}]}}