{"id":408,"date":"2025-06-07T17:57:37","date_gmt":"2025-06-07T20:57:37","guid":{"rendered":"https:\/\/wp.ufpel.edu.br\/petarquitetura\/?page_id=408"},"modified":"2026-03-23T11:48:40","modified_gmt":"2026-03-23T14:48:40","slug":"pesquisa-e-inovacao","status":"publish","type":"page","link":"https:\/\/wp.ufpel.edu.br\/petarquitetura\/pesquisa-e-inovacao\/","title":{"rendered":"PET + pesquisa e inova\u00e7\u00e3o"},"content":{"rendered":"<p><img loading=\"lazy\" decoding=\"async\" data-attachment-id=\"994\" data-permalink=\"https:\/\/wp.ufpel.edu.br\/petarquitetura\/pesquisa-e-inovacao\/design-sem-nome-38\/\" data-orig-file=\"https:\/\/wp.ufpel.edu.br\/petarquitetura\/files\/2026\/03\/Design-sem-nome-38.png\" data-orig-size=\"1922,486\" data-comments-opened=\"0\" data-image-meta=\"{&quot;aperture&quot;:&quot;0&quot;,&quot;credit&quot;:&quot;&quot;,&quot;camera&quot;:&quot;&quot;,&quot;caption&quot;:&quot;&quot;,&quot;created_timestamp&quot;:&quot;0&quot;,&quot;copyright&quot;:&quot;&quot;,&quot;focal_length&quot;:&quot;0&quot;,&quot;iso&quot;:&quot;0&quot;,&quot;shutter_speed&quot;:&quot;0&quot;,&quot;title&quot;:&quot;&quot;,&quot;orientation&quot;:&quot;0&quot;}\" data-image-title=\"Design sem nome (38)\" data-image-description=\"\" data-image-caption=\"\" data-medium-file=\"https:\/\/wp.ufpel.edu.br\/petarquitetura\/files\/2026\/03\/Design-sem-nome-38-400x101.png\" data-large-file=\"https:\/\/wp.ufpel.edu.br\/petarquitetura\/files\/2026\/03\/Design-sem-nome-38-1024x259.png\" class=\"wp-image-994 alignleft\" src=\"https:\/\/wp.ufpel.edu.br\/petarquitetura\/files\/2026\/03\/Design-sem-nome-38-400x101.png\" alt=\"\" width=\"831\" height=\"210\" srcset=\"https:\/\/wp.ufpel.edu.br\/petarquitetura\/files\/2026\/03\/Design-sem-nome-38-400x101.png 400w, https:\/\/wp.ufpel.edu.br\/petarquitetura\/files\/2026\/03\/Design-sem-nome-38-1024x259.png 1024w, https:\/\/wp.ufpel.edu.br\/petarquitetura\/files\/2026\/03\/Design-sem-nome-38-768x194.png 768w, https:\/\/wp.ufpel.edu.br\/petarquitetura\/files\/2026\/03\/Design-sem-nome-38-1536x388.png 1536w, https:\/\/wp.ufpel.edu.br\/petarquitetura\/files\/2026\/03\/Design-sem-nome-38.png 1922w\" sizes=\"auto, (max-width: 831px) 100vw, 831px\" \/><\/p>\n<p>&nbsp;<\/p>\n<p>&nbsp;<\/p>\n<p>&nbsp;<\/p>\n<p>&nbsp;<\/p>\n<p>&nbsp;<\/p>\n<p>&nbsp;<\/p>\n<p><a href=\"https:\/\/wp.ufpel.edu.br\/petarquitetura\/files\/2026\/03\/Edital_Virada_Sputnik_2026.pdf\">Edital Virada Sputnik 2026<\/a><\/p>\n<p><a href=\"https:\/\/docs.google.com\/forms\/d\/e\/1FAIpQLSeOX73Or8XvDL8x8SLcEqoYislTc_VDn3lgNNVJAxz89hrv8w\/viewform?usp=publish-editor\">Formul\u00e1rio de Inscri\u00e7\u00e3o<\/a><\/p>\n","protected":false},"excerpt":{"rendered":"<p>&nbsp; &nbsp; &nbsp; &nbsp; &nbsp; &nbsp; Edital Virada Sputnik 2026 Formul\u00e1rio de Inscri\u00e7\u00e3o<\/p>\n","protected":false},"author":920,"featured_media":0,"parent":0,"menu_order":0,"comment_status":"closed","ping_status":"closed","template":"","meta":{"footnotes":""},"class_list":["post-408","page","type-page","status-publish","hentry"],"jetpack_sharing_enabled":true,"_links":{"self":[{"href":"https:\/\/wp.ufpel.edu.br\/petarquitetura\/wp-json\/wp\/v2\/pages\/408","targetHints":{"allow":["GET"]}}],"collection":[{"href":"https:\/\/wp.ufpel.edu.br\/petarquitetura\/wp-json\/wp\/v2\/pages"}],"about":[{"href":"https:\/\/wp.ufpel.edu.br\/petarquitetura\/wp-json\/wp\/v2\/types\/page"}],"author":[{"embeddable":true,"href":"https:\/\/wp.ufpel.edu.br\/petarquitetura\/wp-json\/wp\/v2\/users\/920"}],"replies":[{"embeddable":true,"href":"https:\/\/wp.ufpel.edu.br\/petarquitetura\/wp-json\/wp\/v2\/comments?post=408"}],"version-history":[{"count":3,"href":"https:\/\/wp.ufpel.edu.br\/petarquitetura\/wp-json\/wp\/v2\/pages\/408\/revisions"}],"predecessor-version":[{"id":1001,"href":"https:\/\/wp.ufpel.edu.br\/petarquitetura\/wp-json\/wp\/v2\/pages\/408\/revisions\/1001"}],"wp:attachment":[{"href":"https:\/\/wp.ufpel.edu.br\/petarquitetura\/wp-json\/wp\/v2\/media?parent=408"}],"curies":[{"name":"wp","href":"https:\/\/api.w.org\/{rel}","templated":true}]}}