{"id":406,"date":"2025-06-07T17:57:13","date_gmt":"2025-06-07T20:57:13","guid":{"rendered":"https:\/\/wp.ufpel.edu.br\/petarquitetura\/?page_id=406"},"modified":"2025-10-20T16:28:47","modified_gmt":"2025-10-20T19:28:47","slug":"permanencia-e-exito","status":"publish","type":"page","link":"https:\/\/wp.ufpel.edu.br\/petarquitetura\/permanencia-e-exito\/","title":{"rendered":"PET + perman\u00eancia e \u00eaxito"},"content":{"rendered":"<p><a href=\"https:\/\/drive.google.com\/file\/d\/1ashQ-nxYzMyvDYtamGext8NMQZz_8bDI\/view?usp=sharing\"><img loading=\"lazy\" decoding=\"async\" data-attachment-id=\"787\" data-permalink=\"https:\/\/wp.ufpel.edu.br\/petarquitetura\/permanencia-e-exito\/2025-site-slider-guiadoestudante-pet\/\" data-orig-file=\"https:\/\/wp.ufpel.edu.br\/petarquitetura\/files\/2025\/09\/2025-site-slider-guiadoestudante-pet.png\" data-orig-size=\"1200,300\" data-comments-opened=\"0\" data-image-meta=\"{&quot;aperture&quot;:&quot;0&quot;,&quot;credit&quot;:&quot;&quot;,&quot;camera&quot;:&quot;&quot;,&quot;caption&quot;:&quot;&quot;,&quot;created_timestamp&quot;:&quot;0&quot;,&quot;copyright&quot;:&quot;&quot;,&quot;focal_length&quot;:&quot;0&quot;,&quot;iso&quot;:&quot;0&quot;,&quot;shutter_speed&quot;:&quot;0&quot;,&quot;title&quot;:&quot;&quot;,&quot;orientation&quot;:&quot;0&quot;}\" data-image-title=\"2025-site-slider-guiadoestudante-pet\" data-image-description=\"\" data-image-caption=\"\" data-medium-file=\"https:\/\/wp.ufpel.edu.br\/petarquitetura\/files\/2025\/09\/2025-site-slider-guiadoestudante-pet-400x100.png\" data-large-file=\"https:\/\/wp.ufpel.edu.br\/petarquitetura\/files\/2025\/09\/2025-site-slider-guiadoestudante-pet-1024x256.png\" class=\" wp-image-787 alignleft\" src=\"https:\/\/wp.ufpel.edu.br\/petarquitetura\/files\/2025\/09\/2025-site-slider-guiadoestudante-pet-400x100.png\" alt=\"\" width=\"816\" height=\"204\" srcset=\"https:\/\/wp.ufpel.edu.br\/petarquitetura\/files\/2025\/09\/2025-site-slider-guiadoestudante-pet-400x100.png 400w, https:\/\/wp.ufpel.edu.br\/petarquitetura\/files\/2025\/09\/2025-site-slider-guiadoestudante-pet-1024x256.png 1024w, https:\/\/wp.ufpel.edu.br\/petarquitetura\/files\/2025\/09\/2025-site-slider-guiadoestudante-pet-768x192.png 768w, https:\/\/wp.ufpel.edu.br\/petarquitetura\/files\/2025\/09\/2025-site-slider-guiadoestudante-pet.png 1200w\" sizes=\"auto, (max-width: 816px) 100vw, 816px\" \/><\/a><\/p>\n<table style=\"border-collapse: collapse; width: 100%;\" border=\"1\">\n<tbody>\n<tr style=\"height: 10px;\">\n<td style=\"width: 100%; height: 10px;\"><\/td>\n<\/tr>\n<\/tbody>\n<\/table>\n<p style=\"text-align: justify;\"><strong><span style=\"font-size: 14pt;\">Guia do Estudante\u00a0<\/span><\/strong><\/p>\n<p style=\"text-align: justify;\"><span style=\"color: #000000;\">Confira abaixo a vers\u00e3o digital da 1\u00aa edi\u00e7\u00e3o do Guia do Estudante. Se preferir, acesse o PDF <a href=\"https:\/\/drive.google.com\/file\/d\/1ashQ-nxYzMyvDYtamGext8NMQZz_8bDI\/view?usp=sharing\">aqui<\/a>.<\/span><\/p>\n<p><iframe loading=\"lazy\" title=\"DIGITAL_Guia do Estudante - PET arquitetura\" src=\"https:\/\/www.canva.com\/design\/DAGu2cEN0RY\/A5fTgd8HvSHafstPo6XoFw\/view?embed&amp;meta\" height=\"354\" width=\"500\" style=\"border: none; border-radius: 8px; width: 500px; height: 354px;\" allowfullscreen=\"allowfullscreen\" allow=\"fullscreen\"><\/iframe><\/p>\n<p style=\"text-align: justify;\"><span style=\"font-weight: 400; color: #000000;\">O guia foi produzido pelos bolsistas do Grupo PET Arquitetura, como forma de dar as boas-vindas aos ingressantes no curso e guiar os alunos durante sua forma\u00e7\u00e3o acad\u00eamica. O livreto inclui informa\u00e7\u00f5es sobre a Universidade, como a localiza\u00e7\u00e3o de pr\u00e9dios, Restaurantes Universit\u00e1rios e Bibliotecas, al\u00e9m de todas as informa\u00e7\u00f5es referentes \u00e0 gradua\u00e7\u00e3o em Arquitetura e Urbanismo.<\/span><\/p>\n<p style=\"text-align: justify;\"><span style=\"font-weight: 400; color: #000000;\">A ideia do Guia \u00e9 facilitar o acesso \u00e0s informa\u00e7\u00f5es que constam no Projeto Pedag\u00f3gico do Curso e que s\u00e3o fundamentais durante os anos de gradua\u00e7\u00e3o. Al\u00e9m disso, o Guia divulga os grupos e projetos de pesquisa, ensino e extens\u00e3o, desenvolvidos dentro da Unidade.<\/span><\/p>\n","protected":false},"excerpt":{"rendered":"<p>Guia do Estudante\u00a0 Confira abaixo a vers\u00e3o digital da 1\u00aa edi\u00e7\u00e3o do Guia do Estudante. Se preferir, acesse o PDF aqui. O guia foi produzido pelos bolsistas do Grupo PET Arquitetura, como forma de&#46;&#46;&#46;<\/p>\n","protected":false},"author":920,"featured_media":0,"parent":0,"menu_order":0,"comment_status":"closed","ping_status":"closed","template":"","meta":{"footnotes":""},"class_list":["post-406","page","type-page","status-publish","hentry"],"jetpack_sharing_enabled":true,"_links":{"self":[{"href":"https:\/\/wp.ufpel.edu.br\/petarquitetura\/wp-json\/wp\/v2\/pages\/406","targetHints":{"allow":["GET"]}}],"collection":[{"href":"https:\/\/wp.ufpel.edu.br\/petarquitetura\/wp-json\/wp\/v2\/pages"}],"about":[{"href":"https:\/\/wp.ufpel.edu.br\/petarquitetura\/wp-json\/wp\/v2\/types\/page"}],"author":[{"embeddable":true,"href":"https:\/\/wp.ufpel.edu.br\/petarquitetura\/wp-json\/wp\/v2\/users\/920"}],"replies":[{"embeddable":true,"href":"https:\/\/wp.ufpel.edu.br\/petarquitetura\/wp-json\/wp\/v2\/comments?post=406"}],"version-history":[{"count":3,"href":"https:\/\/wp.ufpel.edu.br\/petarquitetura\/wp-json\/wp\/v2\/pages\/406\/revisions"}],"predecessor-version":[{"id":816,"href":"https:\/\/wp.ufpel.edu.br\/petarquitetura\/wp-json\/wp\/v2\/pages\/406\/revisions\/816"}],"wp:attachment":[{"href":"https:\/\/wp.ufpel.edu.br\/petarquitetura\/wp-json\/wp\/v2\/media?parent=406"}],"curies":[{"name":"wp","href":"https:\/\/api.w.org\/{rel}","templated":true}]}}