{"id":32,"date":"2025-02-18T17:45:36","date_gmt":"2025-02-18T20:45:36","guid":{"rendered":"https:\/\/wp.ufpel.edu.br\/petarquitetura\/?page_id=32"},"modified":"2026-02-25T08:51:00","modified_gmt":"2026-02-25T11:51:00","slug":"documentos","status":"publish","type":"page","link":"https:\/\/wp.ufpel.edu.br\/petarquitetura\/documentos\/","title":{"rendered":"Documentos"},"content":{"rendered":"<p><span style=\"font-size: 14pt;\">Manual de Identidade<\/span><\/p>\n<p><a href=\"https:\/\/wp.ufpel.edu.br\/petarquitetura\/files\/2025\/08\/Manual-de-Identidade-PET-Arquitetura.pdf\" target=\"_blank\" rel=\"noopener\">Manual de Identidade PET Arquitetura<\/a><\/p>\n<p><span style=\"font-size: 14pt;\">VISITAS T\u00c9CNICAS AGOSTO 2025<\/span><\/p>\n<p><a href=\"https:\/\/wp.ufpel.edu.br\/petarquitetura\/files\/2025\/07\/2\u00b0-lista-Selecionados-VISITAS-AGOSTO-25.pdf\">(2\u00b0 lista) Selecionados VISITAS AGOSTO 25<\/a><\/p>\n<p><a href=\"https:\/\/wp.ufpel.edu.br\/petarquitetura\/files\/2025\/07\/1\u00b0-lista-Selecionados-VISITAS-AGOSTO-25.pdf\">(1\u00b0 lista) Selecionados VISITAS AGOSTO 25<\/a><\/p>\n<p><span style=\"font-size: 14pt;\">CASACOR 2025<\/span><\/p>\n<p><a href=\"https:\/\/drive.google.com\/file\/d\/17THEDtBMnXvLk2qCyUpYWpgBM1yYPlYU\/view?usp=sharing\">Ordem de respostas &#8211; formul\u00e1rio de inscri\u00e7\u00f5es<\/a><\/p>\n<p><a href=\"https:\/\/drive.google.com\/file\/d\/1DZHEqiXyQUvB6ahWvVYweMuzxGM8Uibu\/view?usp=drive_link\">Primeira chamada &#8211; Selecionados na visita t\u00e9cnica<\/a><\/p>\n<p><a href=\"https:\/\/drive.google.com\/file\/d\/1qRFnGx177TRXEM040sti8nnl49XPHfCC\/view?usp=sharing\">Segunda chamada &#8211; Selecionados na visita t\u00e9cnica<\/a><\/p>\n<p><a href=\"https:\/\/drive.google.com\/file\/d\/1rxbLG-TSmhmhhZfLC2vYg0n5awh6cnCF\/view\">Terceira chamada &#8211; Selecionados na visita t\u00e9cnica<\/a><\/p>\n<p><span style=\"font-size: 14pt;\">Processo seletivo 2025<\/span><\/p>\n<p><strong><a href=\"https:\/\/wp.ufpel.edu.br\/petarquitetura\/processo-seletivo-2025\/\">Resultado do processo seletivo 2025<\/a><\/strong><\/p>\n<p><a href=\"https:\/\/cd580434-d556-46f3-acab-497de12af5a5.filesusr.com\/ugd\/9b40ed_831edfd384de497db663fc187c230098.pdf\" target=\"_blank\" rel=\"noopener\">Resultado do processo seletivo 2023<\/a><\/p>\n<p>&nbsp;<\/p>\n<p><span style=\"font-size: 14pt;\">Certificados<\/span><\/p>\n<p>Aqui est\u00e3o os certificados de atividades promovidas pelo PET.<br \/>\nA partir de 2025 os certificados s\u00e3o emitidos diretamente pelo Cobalto.<\/p>\n<p>&nbsp;<\/p>\n<table style=\"width: 49.5525%; border-collapse: collapse;\" border=\"0\">\n<tbody>\n<tr>\n<td style=\"width: 15.0582%; text-align: center;\"><a href=\"https:\/\/drive.google.com\/drive\/u\/2\/folders\/1IBjX9A5GOUuDo96tx2JS7BfXilAyPmhT\" target=\"_blank\" rel=\"noopener\">2016<\/a><\/td>\n<td style=\"width: 17.6418%; text-align: center;\"><a href=\"https:\/\/drive.google.com\/drive\/u\/2\/folders\/1XVJAeXb4lUiiyQRllo1CYT2DUK57F1kq\" target=\"_blank\" rel=\"noopener\">2017<\/a><\/td>\n<td style=\"width: 16.8524%; text-align: center;\"><a href=\"https:\/\/drive.google.com\/drive\/u\/2\/folders\/1BawYEKyzS87v0dD0TIPjFsSk1wWT0geN\" target=\"_blank\" rel=\"noopener\">2018<\/a><\/td>\n<\/tr>\n<tr>\n<td style=\"width: 15.0582%; text-align: center;\"><a href=\"https:\/\/drive.google.com\/drive\/u\/2\/folders\/1zqJsvXUgloQ-Tij0elLQPFrQ7-fjcTYZ\" target=\"_blank\" rel=\"noopener\">2019<\/a><\/td>\n<td style=\"width: 17.6418%; text-align: center;\"><a href=\"https:\/\/drive.google.com\/drive\/u\/2\/folders\/1fYk4uX-l_2rihpFzoO3Assdp0urPgw9l\" target=\"_blank\" rel=\"noopener\">2020<\/a><\/td>\n<td style=\"width: 16.8524%; text-align: center;\"><a href=\"https:\/\/drive.google.com\/drive\/u\/2\/folders\/1aLhE2_9oMihUDRIG2mA7sGZ95FgnTjDC\" target=\"_blank\" rel=\"noopener\">2021<\/a><\/td>\n<\/tr>\n<tr>\n<td style=\"width: 15.0582%; text-align: center;\"><a href=\"https:\/\/drive.google.com\/drive\/u\/2\/folders\/1SzmmeclkslQACRnLUeRQL4xmFB39Vdo2\" target=\"_blank\" rel=\"noopener\">2022<\/a><\/td>\n<td style=\"width: 17.6418%; text-align: center;\"><a href=\"https:\/\/drive.google.com\/drive\/u\/2\/folders\/13b57-BR53TnG59n1vgfhX5CoCGDkuT56\" target=\"_blank\" rel=\"noopener\">2023<\/a><\/td>\n<td style=\"width: 16.8524%; text-align: center;\"><a href=\"https:\/\/drive.google.com\/drive\/u\/0\/folders\/1E1ACfPRe317QFnQ7W_vx_vwFMNAYWqTN\" target=\"_blank\" rel=\"noopener\">2024<\/a><\/td>\n<\/tr>\n<\/tbody>\n<\/table>\n<p>&nbsp;<\/p>\n<p><span style=\"font-size: 14pt;\">Planejamentos e relat\u00f3rios<\/span><\/p>\n<table style=\"height: 168px; width: 69.3333%; border-collapse: collapse; background-color: #ffffff;\" border=\"0\">\n<tbody>\n<tr style=\"height: 24px;\">\n<td style=\"width: 38.4709%; height: 24px;\"><a href=\"https:\/\/cd580434-d556-46f3-acab-497de12af5a5.filesusr.com\/ugd\/9b40ed_3a1a3886964a418ba367ca03ef319664.pdf\" target=\"_blank\" rel=\"noopener\">Planejamento anual 2019<\/a><\/td>\n<td style=\"width: 30.8624%; height: 24px;\"><a href=\"https:\/\/cd580434-d556-46f3-acab-497de12af5a5.filesusr.com\/ugd\/9b40ed_0a4ed6b6d5e343aaa6a35b3f8cbe5376.pdf\" target=\"_blank\" rel=\"noopener\">Relat\u00f3rio anual 2019<\/a><\/td>\n<\/tr>\n<tr style=\"height: 24px;\">\n<td style=\"width: 38.4709%; height: 24px;\"><a href=\"https:\/\/cd580434-d556-46f3-acab-497de12af5a5.filesusr.com\/ugd\/9b40ed_444487c6d9d74dc9995004b7c58f4422.pdf\" target=\"_blank\" rel=\"noopener\">Planejamento anual 2020<\/a><\/td>\n<td style=\"width: 30.8624%; height: 24px;\"><a href=\"https:\/\/cd580434-d556-46f3-acab-497de12af5a5.filesusr.com\/ugd\/9b40ed_e5ff6f42b14a45a0a3912122a9eb0b3a.pdf\" target=\"_blank\" rel=\"noopener\">Relat\u00f3rio anual 2020<\/a><\/td>\n<\/tr>\n<tr style=\"height: 24px;\">\n<td style=\"width: 38.4709%; height: 24px;\"><a href=\"https:\/\/cd580434-d556-46f3-acab-497de12af5a5.filesusr.com\/ugd\/9b40ed_c7e5fe796c7041bf832be541867f0301.pdf\" target=\"_blank\" rel=\"noopener\">Planejamento anual 2021<\/a><\/td>\n<td style=\"width: 30.8624%; height: 24px;\"><a href=\"https:\/\/cd580434-d556-46f3-acab-497de12af5a5.filesusr.com\/ugd\/9b40ed_d5281c461fb149d3923de62a46ffd661.pdf\" target=\"_blank\" rel=\"noopener\">Relat\u00f3rio anual 2021<\/a><\/td>\n<\/tr>\n<tr style=\"height: 24px;\">\n<td style=\"width: 38.4709%; height: 24px;\"><a href=\"https:\/\/cd580434-d556-46f3-acab-497de12af5a5.filesusr.com\/ugd\/9b40ed_24b0d96190314ccc9d5cab7c7dddd3f3.pdf\" target=\"_blank\" rel=\"noopener\">Planejamento anual 2022<\/a><\/td>\n<td style=\"width: 30.8624%; height: 24px;\"><a href=\"https:\/\/cd580434-d556-46f3-acab-497de12af5a5.filesusr.com\/ugd\/9b40ed_f213bcf7c1124233b4e3392cb3e654fb.pdf\" target=\"_blank\" rel=\"noopener\">Relat\u00f3rio anual 2022<\/a><\/td>\n<\/tr>\n<tr style=\"height: 24px;\">\n<td style=\"width: 38.4709%; height: 24px;\"><a href=\"https:\/\/cd580434-d556-46f3-acab-497de12af5a5.filesusr.com\/ugd\/9b40ed_baec0c8d8a314b70b056f68767db2578.pdf\" target=\"_blank\" rel=\"noopener\">Planejamento anual 2023<\/a><\/td>\n<td style=\"width: 30.8624%; height: 24px;\"><a href=\"https:\/\/wp.ufpel.edu.br\/petarquitetura\/files\/2025\/12\/Relatorio-anual-2023.pdf\">Relat\u00f3rio anual 2023<\/a><\/td>\n<\/tr>\n<tr style=\"height: 24px;\">\n<td style=\"width: 38.4709%; height: 24px;\"><a href=\"https:\/\/cd580434-d556-46f3-acab-497de12af5a5.filesusr.com\/ugd\/9b40ed_635d5322bc364d2c961bd0dcdb713e7f.pdf\" target=\"_blank\" rel=\"noopener\">Planejamento anual 2024<\/a><\/td>\n<td style=\"width: 30.8624%; height: 24px;\"><a href=\"https:\/\/wp.ufpel.edu.br\/petarquitetura\/files\/2025\/12\/Relatorio-Anual-2024.pdf\" target=\"_blank\" rel=\"noopener\">Relat\u00f3rio Anual 2024<\/a><\/td>\n<\/tr>\n<tr style=\"height: 24px;\">\n<td style=\"width: 38.4709%; height: 24px;\"><a href=\"https:\/\/wp.ufpel.edu.br\/petarquitetura\/files\/2025\/12\/Planejamento-Anual-2025.pdf\" target=\"_blank\" rel=\"noopener\">Planejamento Anual 2025<\/a><\/td>\n<td style=\"width: 30.8624%; height: 24px;\">Relat\u00f3rio anual 2025<\/td>\n<\/tr>\n<tr>\n<td style=\"width: 38.4709%;\">Planejamento anual 2026<\/td>\n<td style=\"width: 30.8624%;\"><\/td>\n<\/tr>\n<\/tbody>\n<\/table>\n<p>&nbsp;<\/p>\n","protected":false},"excerpt":{"rendered":"<p>Manual de Identidade Manual de Identidade PET Arquitetura VISITAS T\u00c9CNICAS AGOSTO 2025 (2\u00b0 lista) Selecionados VISITAS AGOSTO 25 (1\u00b0 lista) Selecionados VISITAS AGOSTO 25 CASACOR 2025 Ordem de respostas &#8211; formul\u00e1rio de inscri\u00e7\u00f5es Primeira&#46;&#46;&#46;<\/p>\n","protected":false},"author":920,"featured_media":0,"parent":0,"menu_order":0,"comment_status":"closed","ping_status":"closed","template":"","meta":{"footnotes":""},"class_list":["post-32","page","type-page","status-publish","hentry"],"jetpack_sharing_enabled":true,"_links":{"self":[{"href":"https:\/\/wp.ufpel.edu.br\/petarquitetura\/wp-json\/wp\/v2\/pages\/32","targetHints":{"allow":["GET"]}}],"collection":[{"href":"https:\/\/wp.ufpel.edu.br\/petarquitetura\/wp-json\/wp\/v2\/pages"}],"about":[{"href":"https:\/\/wp.ufpel.edu.br\/petarquitetura\/wp-json\/wp\/v2\/types\/page"}],"author":[{"embeddable":true,"href":"https:\/\/wp.ufpel.edu.br\/petarquitetura\/wp-json\/wp\/v2\/users\/920"}],"replies":[{"embeddable":true,"href":"https:\/\/wp.ufpel.edu.br\/petarquitetura\/wp-json\/wp\/v2\/comments?post=32"}],"version-history":[{"count":3,"href":"https:\/\/wp.ufpel.edu.br\/petarquitetura\/wp-json\/wp\/v2\/pages\/32\/revisions"}],"predecessor-version":[{"id":966,"href":"https:\/\/wp.ufpel.edu.br\/petarquitetura\/wp-json\/wp\/v2\/pages\/32\/revisions\/966"}],"wp:attachment":[{"href":"https:\/\/wp.ufpel.edu.br\/petarquitetura\/wp-json\/wp\/v2\/media?parent=32"}],"curies":[{"name":"wp","href":"https:\/\/api.w.org\/{rel}","templated":true}]}}