{"id":282,"date":"2025-04-11T21:54:01","date_gmt":"2025-04-12T00:54:01","guid":{"rendered":"https:\/\/wp.ufpel.edu.br\/petarquitetura\/?page_id=282"},"modified":"2025-04-12T07:55:09","modified_gmt":"2025-04-12T10:55:09","slug":"2-mostra-maloca","status":"publish","type":"page","link":"https:\/\/wp.ufpel.edu.br\/petarquitetura\/2-mostra-maloca\/","title":{"rendered":"2\u00aa Mostra Maloca"},"content":{"rendered":"<div><\/div>\n<p><strong><br \/>\nBem-vindos a 2\u00aa Edi\u00e7\u00e3o da Mostra Maloca!!!<\/strong><\/p>\n<p>Essa edi\u00e7\u00e3o traz uma proposta muito especial, que \u00e9 reconhecer e preservar o empenho dos formandos e egressos do curso de Arquitetura e Urbanismo da Faurb UFPEL. A Maloca objetiva com essa mostra a cria\u00e7\u00e3o de um acervo de trabalhos finais de gradua\u00e7\u00e3o, o qual por sua vez busca dar visibilidade ao empenho e a dedica\u00e7\u00e3o dos alunos egressos, al\u00e9m de preservar a mem\u00f3ria acad\u00eamica e fornecer uma fonte de referencial e inspira\u00e7\u00e3o para as novas gera\u00e7\u00f5es do curso.<\/p>\n<p>O acervo ficar\u00e1 dispon\u00edvel de modo p\u00fablico e permanente aqui na plataforma Maloca, no site do PET Arquitetura e Urbanismo.<\/p>\n<p>Se tens interesse em publicar o teu trabalho ou conheces algum trabalho incr\u00edvel que merece ser visto, confira o edital abaixo para obter as informa\u00e7\u00f5es sobre o processo de publica\u00e7\u00e3o e compartilhe com seus colegas e amigos.<\/p>\n<p>O prazo para as submiss\u00f5es \u00e9 at\u00e9 dia 09\/05\/2025.<\/p>\n<p>Esperamos o teu trabalho!<\/p>\n<p><a href=\"https:\/\/wp.ufpel.edu.br\/petarquitetura\/files\/2025\/04\/EDITAL-MOSTRA-MALOCA-2-edicao.pdf\">EDITAL MOSTRA MALOCA &#8211; 2 edi\u00e7\u00e3o<\/a><\/p>\n","protected":false},"excerpt":{"rendered":"<p>Bem-vindos a 2\u00aa Edi\u00e7\u00e3o da Mostra Maloca!!! Essa edi\u00e7\u00e3o traz uma proposta muito especial, que \u00e9 reconhecer e preservar o empenho dos formandos e egressos do curso de Arquitetura e Urbanismo da Faurb UFPEL.&#46;&#46;&#46;<\/p>\n","protected":false},"author":920,"featured_media":0,"parent":0,"menu_order":0,"comment_status":"closed","ping_status":"closed","template":"","meta":{"footnotes":""},"class_list":["post-282","page","type-page","status-publish","hentry"],"jetpack_sharing_enabled":true,"_links":{"self":[{"href":"https:\/\/wp.ufpel.edu.br\/petarquitetura\/wp-json\/wp\/v2\/pages\/282","targetHints":{"allow":["GET"]}}],"collection":[{"href":"https:\/\/wp.ufpel.edu.br\/petarquitetura\/wp-json\/wp\/v2\/pages"}],"about":[{"href":"https:\/\/wp.ufpel.edu.br\/petarquitetura\/wp-json\/wp\/v2\/types\/page"}],"author":[{"embeddable":true,"href":"https:\/\/wp.ufpel.edu.br\/petarquitetura\/wp-json\/wp\/v2\/users\/920"}],"replies":[{"embeddable":true,"href":"https:\/\/wp.ufpel.edu.br\/petarquitetura\/wp-json\/wp\/v2\/comments?post=282"}],"version-history":[{"count":2,"href":"https:\/\/wp.ufpel.edu.br\/petarquitetura\/wp-json\/wp\/v2\/pages\/282\/revisions"}],"predecessor-version":[{"id":287,"href":"https:\/\/wp.ufpel.edu.br\/petarquitetura\/wp-json\/wp\/v2\/pages\/282\/revisions\/287"}],"wp:attachment":[{"href":"https:\/\/wp.ufpel.edu.br\/petarquitetura\/wp-json\/wp\/v2\/media?parent=282"}],"curies":[{"name":"wp","href":"https:\/\/api.w.org\/{rel}","templated":true}]}}