{"id":107,"date":"2025-03-07T14:42:05","date_gmt":"2025-03-07T17:42:05","guid":{"rendered":"https:\/\/wp.ufpel.edu.br\/petarquitetura\/?page_id=107"},"modified":"2025-03-14T10:12:03","modified_gmt":"2025-03-14T13:12:03","slug":"pet-solidario","status":"publish","type":"page","link":"https:\/\/wp.ufpel.edu.br\/petarquitetura\/pet-solidario\/","title":{"rendered":"PET Solid\u00e1rio"},"content":{"rendered":"<p>O PET Solid\u00e1rio realiza e divulga a\u00e7\u00f5es solid\u00e1rias promovidas pelo PET Arquitetura ou em conjunto com outros grupos PET da UFPEL. Novas a\u00e7\u00f5es s\u00e3o divulgadas aqui e tamb\u00e9m no nosso <a href=\"https:\/\/www.instagram.com\/petfaurb\/\">Instagram<\/a>.<\/p>\n<p>Confira as \u00faltimas a\u00e7\u00f5es realizadas:<\/p>\n<table style=\"width: 80.4348%; border-collapse: collapse; height: 617px;\" border=\"0\" cellspacing=\"10\" cellpadding=\"10\">\n<tbody>\n<tr>\n<td style=\"width: 25%;\"><a href=\"https:\/\/www.instagram.com\/p\/DDdA_fspJq8\/\" target=\"_blank\" rel=\"noopener\"><img loading=\"lazy\" decoding=\"async\" data-attachment-id=\"198\" data-permalink=\"https:\/\/wp.ufpel.edu.br\/petarquitetura\/pet-solidario\/2025-petsolidario-natal24-pet\/\" data-orig-file=\"https:\/\/wp.ufpel.edu.br\/petarquitetura\/files\/2025\/03\/2025-petsolidario-natal24-pet.jpg\" data-orig-size=\"580,582\" data-comments-opened=\"0\" data-image-meta=\"{&quot;aperture&quot;:&quot;0&quot;,&quot;credit&quot;:&quot;&quot;,&quot;camera&quot;:&quot;&quot;,&quot;caption&quot;:&quot;&quot;,&quot;created_timestamp&quot;:&quot;0&quot;,&quot;copyright&quot;:&quot;&quot;,&quot;focal_length&quot;:&quot;0&quot;,&quot;iso&quot;:&quot;0&quot;,&quot;shutter_speed&quot;:&quot;0&quot;,&quot;title&quot;:&quot;&quot;,&quot;orientation&quot;:&quot;0&quot;}\" data-image-title=\"2025-petsolidario-natal24-pet\" data-image-description=\"\" data-image-caption=\"\" data-medium-file=\"https:\/\/wp.ufpel.edu.br\/petarquitetura\/files\/2025\/03\/2025-petsolidario-natal24-pet-400x400.jpg\" data-large-file=\"https:\/\/wp.ufpel.edu.br\/petarquitetura\/files\/2025\/03\/2025-petsolidario-natal24-pet.jpg\" class=\"aligncenter size-medium wp-image-198\" src=\"https:\/\/wp.ufpel.edu.br\/petarquitetura\/files\/2025\/03\/2025-petsolidario-natal24-pet-400x400.jpg\" alt=\"\" width=\"400\" height=\"400\" srcset=\"https:\/\/wp.ufpel.edu.br\/petarquitetura\/files\/2025\/03\/2025-petsolidario-natal24-pet-400x400.jpg 400w, https:\/\/wp.ufpel.edu.br\/petarquitetura\/files\/2025\/03\/2025-petsolidario-natal24-pet-200x200.jpg 200w, https:\/\/wp.ufpel.edu.br\/petarquitetura\/files\/2025\/03\/2025-petsolidario-natal24-pet-80x80.jpg 80w, https:\/\/wp.ufpel.edu.br\/petarquitetura\/files\/2025\/03\/2025-petsolidario-natal24-pet-320x320.jpg 320w, https:\/\/wp.ufpel.edu.br\/petarquitetura\/files\/2025\/03\/2025-petsolidario-natal24-pet.jpg 580w\" sizes=\"auto, (max-width: 400px) 100vw, 400px\" \/><\/a><\/td>\n<td style=\"width: 25%;\"><a href=\"https:\/\/www.instagram.com\/p\/C-74lY6Ar3g\/\" target=\"_blank\" rel=\"noopener\"><img loading=\"lazy\" decoding=\"async\" data-attachment-id=\"199\" data-permalink=\"https:\/\/wp.ufpel.edu.br\/petarquitetura\/pet-solidario\/2025-petsolidario-diadascriancas24-pet\/\" data-orig-file=\"https:\/\/wp.ufpel.edu.br\/petarquitetura\/files\/2025\/03\/2025-petsolidario-diadascriancas24-pet.jpg\" data-orig-size=\"579,583\" data-comments-opened=\"0\" data-image-meta=\"{&quot;aperture&quot;:&quot;0&quot;,&quot;credit&quot;:&quot;&quot;,&quot;camera&quot;:&quot;&quot;,&quot;caption&quot;:&quot;&quot;,&quot;created_timestamp&quot;:&quot;0&quot;,&quot;copyright&quot;:&quot;&quot;,&quot;focal_length&quot;:&quot;0&quot;,&quot;iso&quot;:&quot;0&quot;,&quot;shutter_speed&quot;:&quot;0&quot;,&quot;title&quot;:&quot;&quot;,&quot;orientation&quot;:&quot;0&quot;}\" data-image-title=\"2025-petsolidario-diadascriancas24-pet\" data-image-description=\"\" data-image-caption=\"\" data-medium-file=\"https:\/\/wp.ufpel.edu.br\/petarquitetura\/files\/2025\/03\/2025-petsolidario-diadascriancas24-pet-397x400.jpg\" data-large-file=\"https:\/\/wp.ufpel.edu.br\/petarquitetura\/files\/2025\/03\/2025-petsolidario-diadascriancas24-pet.jpg\" class=\"aligncenter size-medium wp-image-199\" src=\"https:\/\/wp.ufpel.edu.br\/petarquitetura\/files\/2025\/03\/2025-petsolidario-diadascriancas24-pet-397x400.jpg\" alt=\"\" width=\"397\" height=\"400\" srcset=\"https:\/\/wp.ufpel.edu.br\/petarquitetura\/files\/2025\/03\/2025-petsolidario-diadascriancas24-pet-397x400.jpg 397w, https:\/\/wp.ufpel.edu.br\/petarquitetura\/files\/2025\/03\/2025-petsolidario-diadascriancas24-pet-80x80.jpg 80w, https:\/\/wp.ufpel.edu.br\/petarquitetura\/files\/2025\/03\/2025-petsolidario-diadascriancas24-pet.jpg 579w\" sizes=\"auto, (max-width: 397px) 100vw, 397px\" \/><\/a><\/td>\n<\/tr>\n<tr style=\"background-color: #ffffff;\">\n<td style=\"width: 25%; text-align: left;\"><a href=\"https:\/\/www.instagram.com\/p\/C6m7X-Mg1QF\/\" target=\"_blank\" rel=\"noopener\"><img loading=\"lazy\" decoding=\"async\" data-attachment-id=\"200\" data-permalink=\"https:\/\/wp.ufpel.edu.br\/petarquitetura\/pet-solidario\/2025-petsolidario-enchente24-pet\/\" data-orig-file=\"https:\/\/wp.ufpel.edu.br\/petarquitetura\/files\/2025\/03\/2025-petsolidario-enchente24-pet.jpg\" data-orig-size=\"579,582\" data-comments-opened=\"0\" data-image-meta=\"{&quot;aperture&quot;:&quot;0&quot;,&quot;credit&quot;:&quot;&quot;,&quot;camera&quot;:&quot;&quot;,&quot;caption&quot;:&quot;&quot;,&quot;created_timestamp&quot;:&quot;0&quot;,&quot;copyright&quot;:&quot;&quot;,&quot;focal_length&quot;:&quot;0&quot;,&quot;iso&quot;:&quot;0&quot;,&quot;shutter_speed&quot;:&quot;0&quot;,&quot;title&quot;:&quot;&quot;,&quot;orientation&quot;:&quot;0&quot;}\" data-image-title=\"2025-petsolidario-enchente24-pet\" data-image-description=\"\" data-image-caption=\"\" data-medium-file=\"https:\/\/wp.ufpel.edu.br\/petarquitetura\/files\/2025\/03\/2025-petsolidario-enchente24-pet-398x400.jpg\" data-large-file=\"https:\/\/wp.ufpel.edu.br\/petarquitetura\/files\/2025\/03\/2025-petsolidario-enchente24-pet.jpg\" class=\"aligncenter size-medium wp-image-200\" src=\"https:\/\/wp.ufpel.edu.br\/petarquitetura\/files\/2025\/03\/2025-petsolidario-enchente24-pet-398x400.jpg\" alt=\"\" width=\"398\" height=\"400\" srcset=\"https:\/\/wp.ufpel.edu.br\/petarquitetura\/files\/2025\/03\/2025-petsolidario-enchente24-pet-398x400.jpg 398w, https:\/\/wp.ufpel.edu.br\/petarquitetura\/files\/2025\/03\/2025-petsolidario-enchente24-pet-200x200.jpg 200w, https:\/\/wp.ufpel.edu.br\/petarquitetura\/files\/2025\/03\/2025-petsolidario-enchente24-pet-80x80.jpg 80w, https:\/\/wp.ufpel.edu.br\/petarquitetura\/files\/2025\/03\/2025-petsolidario-enchente24-pet.jpg 579w\" sizes=\"auto, (max-width: 398px) 100vw, 398px\" \/><\/a><\/td>\n<td style=\"width: 25%; text-align: left;\"><a href=\"https:\/\/www.instagram.com\/p\/CvP9p4UAKo-\/\" target=\"_blank\" rel=\"noopener\"><img loading=\"lazy\" decoding=\"async\" data-attachment-id=\"201\" data-permalink=\"https:\/\/wp.ufpel.edu.br\/petarquitetura\/pet-solidario\/2025-petsolidario-ciclone23-pet\/\" data-orig-file=\"https:\/\/wp.ufpel.edu.br\/petarquitetura\/files\/2025\/03\/2025-petsolidario-ciclone23-pet.jpg\" data-orig-size=\"581,582\" data-comments-opened=\"0\" data-image-meta=\"{&quot;aperture&quot;:&quot;0&quot;,&quot;credit&quot;:&quot;&quot;,&quot;camera&quot;:&quot;&quot;,&quot;caption&quot;:&quot;&quot;,&quot;created_timestamp&quot;:&quot;0&quot;,&quot;copyright&quot;:&quot;&quot;,&quot;focal_length&quot;:&quot;0&quot;,&quot;iso&quot;:&quot;0&quot;,&quot;shutter_speed&quot;:&quot;0&quot;,&quot;title&quot;:&quot;&quot;,&quot;orientation&quot;:&quot;0&quot;}\" data-image-title=\"2025-petsolidario-ciclone23-pet\" data-image-description=\"\" data-image-caption=\"\" data-medium-file=\"https:\/\/wp.ufpel.edu.br\/petarquitetura\/files\/2025\/03\/2025-petsolidario-ciclone23-pet-400x400.jpg\" data-large-file=\"https:\/\/wp.ufpel.edu.br\/petarquitetura\/files\/2025\/03\/2025-petsolidario-ciclone23-pet.jpg\" class=\"aligncenter size-medium wp-image-201\" src=\"https:\/\/wp.ufpel.edu.br\/petarquitetura\/files\/2025\/03\/2025-petsolidario-ciclone23-pet-400x400.jpg\" alt=\"\" width=\"400\" height=\"400\" srcset=\"https:\/\/wp.ufpel.edu.br\/petarquitetura\/files\/2025\/03\/2025-petsolidario-ciclone23-pet-400x400.jpg 400w, https:\/\/wp.ufpel.edu.br\/petarquitetura\/files\/2025\/03\/2025-petsolidario-ciclone23-pet-200x200.jpg 200w, https:\/\/wp.ufpel.edu.br\/petarquitetura\/files\/2025\/03\/2025-petsolidario-ciclone23-pet-80x80.jpg 80w, https:\/\/wp.ufpel.edu.br\/petarquitetura\/files\/2025\/03\/2025-petsolidario-ciclone23-pet-320x320.jpg 320w, https:\/\/wp.ufpel.edu.br\/petarquitetura\/files\/2025\/03\/2025-petsolidario-ciclone23-pet.jpg 581w\" sizes=\"auto, (max-width: 400px) 100vw, 400px\" \/><\/a><\/td>\n<\/tr>\n<\/tbody>\n<\/table>\n<p>&nbsp;<\/p>\n","protected":false},"excerpt":{"rendered":"<p>O PET Solid\u00e1rio realiza e divulga a\u00e7\u00f5es solid\u00e1rias promovidas pelo PET Arquitetura ou em conjunto com outros grupos PET da UFPEL. Novas a\u00e7\u00f5es s\u00e3o divulgadas aqui e tamb\u00e9m no nosso Instagram. Confira as \u00faltimas&#46;&#46;&#46;<\/p>\n","protected":false},"author":920,"featured_media":0,"parent":0,"menu_order":0,"comment_status":"closed","ping_status":"closed","template":"","meta":{"footnotes":""},"class_list":["post-107","page","type-page","status-publish","hentry"],"jetpack_sharing_enabled":true,"_links":{"self":[{"href":"https:\/\/wp.ufpel.edu.br\/petarquitetura\/wp-json\/wp\/v2\/pages\/107","targetHints":{"allow":["GET"]}}],"collection":[{"href":"https:\/\/wp.ufpel.edu.br\/petarquitetura\/wp-json\/wp\/v2\/pages"}],"about":[{"href":"https:\/\/wp.ufpel.edu.br\/petarquitetura\/wp-json\/wp\/v2\/types\/page"}],"author":[{"embeddable":true,"href":"https:\/\/wp.ufpel.edu.br\/petarquitetura\/wp-json\/wp\/v2\/users\/920"}],"replies":[{"embeddable":true,"href":"https:\/\/wp.ufpel.edu.br\/petarquitetura\/wp-json\/wp\/v2\/comments?post=107"}],"version-history":[{"count":11,"href":"https:\/\/wp.ufpel.edu.br\/petarquitetura\/wp-json\/wp\/v2\/pages\/107\/revisions"}],"predecessor-version":[{"id":231,"href":"https:\/\/wp.ufpel.edu.br\/petarquitetura\/wp-json\/wp\/v2\/pages\/107\/revisions\/231"}],"wp:attachment":[{"href":"https:\/\/wp.ufpel.edu.br\/petarquitetura\/wp-json\/wp\/v2\/media?parent=107"}],"curies":[{"name":"wp","href":"https:\/\/api.w.org\/{rel}","templated":true}]}}