{"id":41,"date":"2025-05-17T17:30:06","date_gmt":"2025-05-17T20:30:06","guid":{"rendered":"https:\/\/wp.ufpel.edu.br\/pesquisacidadesmedias\/?page_id=41"},"modified":"2026-02-23T13:42:29","modified_gmt":"2026-02-23T16:42:29","slug":"objetivos","status":"publish","type":"page","link":"https:\/\/wp.ufpel.edu.br\/pesquisacidadesmedias\/objetivos\/","title":{"rendered":"Objetivos"},"content":{"rendered":"<div id=\"n-wOjLpY\" class=\"jsx-2441760102 layout-wrapper\" data-blockid=\"n-wOjLpY\">\n<div class=\"jsx-2521050180 grid-item-lite\">\n<div class=\"jsx-785743302 text-viewer\">\n<p><span style=\"font-weight: 400;\">De maneira geral, os principais objetivos deste estudo s\u00e3o:<\/span><\/p>\n<p><span style=\"font-weight: 400;\">(1) Estudar para\u0302metros de\u00a0<\/span><b>qualidade urbana<\/b><span style=\"font-weight: 400;\">\u00a0para a construc\u0327a\u0303o de espac\u0327os de inclusa\u0303o intergeracional, que sirvam como subsi\u0301dios para a atuac\u0327a\u0303o de planejadores projetistas, pesquisadores e docentes.<\/span><\/p>\n<p><span style=\"font-weight: 400;\">(2) Ampliar o debate sobre o\u00a0<\/span><b>direito a\u0300 cidade<\/b><span style=\"font-weight: 400;\">\u00a0e poli\u0301ticas pu\u0301blicas promovidas para as cidades de me\u0301dio porte que levem em conta aspectos culturais, sociais, ambientais, pol\u00edticos e morfol\u00f3gicos.<\/span><\/p>\n<p class=\"jsx-1593205086 jsx-4034084014 medium responsive\" data-testid=\"Paragraph\"><span style=\"font-weight: 400;\">(3) Consolidar a interface de diversas \u00e1reas do conhecimento no campo disciplinar da arquitetura e urbanismo, ampliando tamb\u00e9m o repert\u00f3rio de\u00a0<\/span><b>procedimentos metodol\u00f3gicos<\/b><span style=\"font-weight: 400;\">\u00a0sobre o pensar e agir sobre a cidade a partir da inser\u00e7\u00e3o de professores e pesquisadores de outras disciplinas e suas respectivas colabora\u00e7\u00f5es.<\/span><\/p>\n<\/div>\n<\/div>\n<\/div>\n","protected":false},"excerpt":{"rendered":"<p>De maneira geral, os principais objetivos deste estudo s\u00e3o: (1) Estudar para\u0302metros de\u00a0qualidade urbana\u00a0para a construc\u0327a\u0303o de espac\u0327os de inclusa\u0303o intergeracional, que sirvam como subsi\u0301dios para a atuac\u0327a\u0303o de planejadores projetistas, pesquisadores e docentes. (2) Ampliar o debate sobre o\u00a0direito a\u0300 cidade\u00a0e poli\u0301ticas pu\u0301blicas promovidas para as cidades de me\u0301dio porte que levem em conta &hellip; <a href=\"https:\/\/wp.ufpel.edu.br\/pesquisacidadesmedias\/objetivos\/\" class=\"more-link\">Continue lendo<span class=\"screen-reader-text\"> &#8220;Objetivos&#8221;<\/span><\/a><\/p>\n","protected":false},"author":1454,"featured_media":0,"parent":0,"menu_order":0,"comment_status":"closed","ping_status":"closed","template":"","meta":{"_crdt_document":"","footnotes":""},"class_list":["post-41","page","type-page","status-publish","hentry"],"_links":{"self":[{"href":"https:\/\/wp.ufpel.edu.br\/pesquisacidadesmedias\/wp-json\/wp\/v2\/pages\/41","targetHints":{"allow":["GET"]}}],"collection":[{"href":"https:\/\/wp.ufpel.edu.br\/pesquisacidadesmedias\/wp-json\/wp\/v2\/pages"}],"about":[{"href":"https:\/\/wp.ufpel.edu.br\/pesquisacidadesmedias\/wp-json\/wp\/v2\/types\/page"}],"author":[{"embeddable":true,"href":"https:\/\/wp.ufpel.edu.br\/pesquisacidadesmedias\/wp-json\/wp\/v2\/users\/1454"}],"replies":[{"embeddable":true,"href":"https:\/\/wp.ufpel.edu.br\/pesquisacidadesmedias\/wp-json\/wp\/v2\/comments?post=41"}],"version-history":[{"count":3,"href":"https:\/\/wp.ufpel.edu.br\/pesquisacidadesmedias\/wp-json\/wp\/v2\/pages\/41\/revisions"}],"predecessor-version":[{"id":260,"href":"https:\/\/wp.ufpel.edu.br\/pesquisacidadesmedias\/wp-json\/wp\/v2\/pages\/41\/revisions\/260"}],"wp:attachment":[{"href":"https:\/\/wp.ufpel.edu.br\/pesquisacidadesmedias\/wp-json\/wp\/v2\/media?parent=41"}],"curies":[{"name":"wp","href":"https:\/\/api.w.org\/{rel}","templated":true}]}}