{"id":394,"date":"2026-04-22T09:18:49","date_gmt":"2026-04-22T12:18:49","guid":{"rendered":"https:\/\/wp.ufpel.edu.br\/pesquisacidadesmedias\/?page_id=394"},"modified":"2026-04-22T09:56:28","modified_gmt":"2026-04-22T12:56:28","slug":"resumos-expandidos","status":"publish","type":"page","link":"https:\/\/wp.ufpel.edu.br\/pesquisacidadesmedias\/resumos-expandidos\/","title":{"rendered":"Resumos Expandidos"},"content":{"rendered":"<h5><b>RESUMO EXPANDIDO PUBLICADO EM ANAIS<\/b><\/h5>\n<h5><b>2025<\/b><\/h5>\n<p><span style=\"font-weight: 400;\">LOS SANTOS, Alexsandra da Rosa de; SILVEIRA, Aline Montagna; SOUKEF JUNIOR, Antonio. Pesquisa hist\u00f3rica: potencialidades e fragilidades da investiga\u00e7\u00e3o em acervos. In: SEMANA INTEGRADA DE INOVA\u00c7\u00c3O, ENSINO, PESQUISA E EXTENS\u00c3O (SIIEPE), 11., 2025, Pelotas. Anais [&#8230;] Pelotas: Universidade Federal de Pelotas, 2025.<br \/>\n<\/span><span style=\"font-weight: 400;\">link para resumo completo: <\/span><a href=\"https:\/\/anais-siiepe.ufpel.edu.br\/2025\/SA_06660.pdf\"><span style=\"font-weight: 400;\">aqui.<\/span><\/a><\/p>\n<p>&nbsp;<\/p>\n<p><span style=\"font-weight: 400;\">PEREIRA, F. F.; GONSALES, C. H. C.; HECK, R. M.. MORFOLOGIA URBANA, POSSIBILIDADES DE ESTUDO, UMA REVIS\u00c3O BIBLIOGR\u00c1FICA In: XXVII Encontro de P\u00f3s Gradua\u00e7\u00e3o, 11\u00ba Semana Integrada UFPEL, 2025, Pelotas. <\/span><b>Anais do XXVII Encontro de P\u00f3s Gradua\u00e7\u00e3o, 11\u00ba Semana Integrada UFPEL<\/b><span style=\"font-weight: 400;\">. 2025, p.1 &#8211; 5<\/span><span style=\"font-weight: 400;\"><br \/>\n<\/span><span style=\"font-weight: 400;\">link para resumo completo: <\/span><a href=\"https:\/\/anais-siiepe.ufpel.edu.br\/2025\/SA_04233.pdf\"><span style=\"font-weight: 400;\">aqui.<\/span><\/a><\/p>\n<p>&nbsp;<\/p>\n<p><span style=\"font-weight: 400;\">GONSALES, C\u00e9lia ; FISS, G. W. ; DIAS, K. M. . METODOLOGIAS PARTICIPATIVAS PARA COMPREENS\u00c3O DO LUGAR: PASSO DOS NEGROS, TERRIT\u00d3RIO E MEM\u00d3RIA SOCIAL. In: Semana Integrada de Inova\u00e7\u00e3o, Ensino, Pesquisa e Extens\u00e3o, 2025, Pelotas\/RS. Anais 2025, 2025.<\/span><span style=\"font-weight: 400;\"><br \/>\n<\/span><span style=\"font-weight: 400;\">link para resumo completo: <\/span><a href=\"https:\/\/anais-siiepe.ufpel.edu.br\/2025\/SA_05152.pdf\"><span style=\"font-weight: 400;\">aqui.<\/span><\/a><\/p>\n<p>&nbsp;<\/p>\n<p><span style=\"font-weight: 400;\">GONSALES, C\u00e9lia ; DIAS, K. M. ; FISS, G. W. . SEMIN\u00c1RIO DE METODOLOGIAS PARTICIPATIVAS PARA JUSTI\u00c7A SOCIAL, RELATO DE UMA ATIVIDADE DE EXTENS\u00c3O PROMOVIDA PELO PROGRAU UFPEL. In: Semana Integrada de Inova\u00e7\u00e3o, Ensino, Pesquisa e Extens\u00e3o, 2025, Pelotas\/RS. Anais 2025, 2025<\/span><span style=\"font-weight: 400;\"><br \/>\n<\/span><span style=\"font-weight: 400;\">link para resumo completo: <\/span><a href=\"https:\/\/anais-siiepe.ufpel.edu.br\/2025\/SA_05108.pdf\"><span style=\"font-weight: 400;\">aqui.<\/span><\/a><\/p>\n<h5><b>2024<\/b><\/h5>\n<p>&nbsp;<\/p>\n<p><span style=\"font-weight: 400;\">FERREIRA, Anelise Soares; FISS, Gabriela Wetzel; DIAS, Karina Moreira; GONSALES, Celia Helena Castro. Leitura morfol\u00f3gica do espa\u00e7o urbano: um estudo de caso no bairro Sim\u00f5es Lopes. In: SEMANA INTEGRADA DE INOVA\u00c7\u00c3O, ENSINO, PESQUISA E EXTENS\u00c3O (SIIEPE), 10., 2024, Pelotas. Anais [&#8230;] Pelotas: Universidade Federal de Pelotas, 2024.<br \/>\n<\/span>link para resumo completo: <a href=\"https:\/\/anais-siiepe.ufpel.edu.br\/2024\/SA_04221.pdf\">aqui.<\/a><\/p>\n<p>&nbsp;<\/p>\n<p><span style=\"font-weight: 400;\">DIAS, Karina Moreira; FERREIRA, Anelise Soares; KRUGER, Nino Rafael Medeiros; GONSALES, Celia Helena Castro. Caminhar e conhecer: a import\u00e2ncia da participa\u00e7\u00e3o cidad\u00e3 no planejamento da cidade. In: SEMANA INTEGRADA DE INOVA\u00c7\u00c3O, ENSINO, PESQUISA E EXTENS\u00c3O (SIIEPE), 10., 2024, Pelotas. Anais [&#8230;] Pelotas: Universidade Federal de Pelotas, 2024.<br \/>\n<\/span><span style=\"font-weight: 400;\">link para resumo completo: <\/span><a href=\"https:\/\/anais-siiepe.ufpel.edu.br\/2024\/SA_04139.pdf\"><span style=\"font-weight: 400;\">aqui.<\/span><\/a><\/p>\n<p>&nbsp;<\/p>\n<p><span style=\"font-weight: 400;\">NICOLAO, C. Q. ; SILVA, M. M. ; RODRIGUES, A. R. ; DE LOS SANTOS, A. R. . Legado e Arquitetura: A integra\u00e7\u00e3o da pesquisa hist\u00f3rica na preserva\u00e7\u00e3o patrimonial. In: X CEG &#8211; Congresso de Ensino de Gradua\u00e7\u00e3o, 2024, Pelotas. Anais 10\u00ba SIIEPE, 2024. p. 1-4.<\/span><span style=\"font-weight: 400;\"><br \/>\n<\/span><span style=\"font-weight: 400;\">link para resumo completo: <\/span><a href=\"https:\/\/anais-siiepe.ufpel.edu.br\/2024\/G5_04172.pdf\"><span style=\"font-weight: 400;\">aqui.<\/span><\/a><\/p>\n<p>&nbsp;<\/p>\n<p><span style=\"font-weight: 400;\">DE LOS SANTOS, A. R.; SILVEIRA, A. M. ; SOUKEF JUNIOR, A. . Projetos Arquitet\u00f4nicos da Linha F\u00e9rrea Rio Grande &#8211; Pelotas &#8211; Bag\u00e9 como fonte de documenta\u00e7\u00e3o hist\u00f3rica. In: XXV ENP\u00d3S &#8211; Encontro de P\u00f3s-Gradua\u00e7\u00e3o, 2024, Pelotas. Anais 9\u00aa SIIEPE. Pelotas: UFPEL, 2024. p. 1-4.<\/span><span style=\"font-weight: 400;\"><br \/>\n<\/span><span style=\"font-weight: 400;\">link para resumo completo: <\/span><a href=\"https:\/\/anais-siiepe.ufpel.edu.br\/2024\/SA_02732.pdf\"><span style=\"font-weight: 400;\">aqui.<\/span><\/a><\/p>\n<p>&nbsp;<\/p>\n<h5><b>2023<\/b><\/h5>\n<p>&nbsp;<\/p>\n<p><span style=\"font-weight: 400;\">FISS, R. E.; SOUKEF JUNIOR, A. ; SILVEIRA, A. M. . Reconhecendo o Patrim\u00f4nio Industrial em Pelotas. In: XXV ENPOS &#8211; Encontro de P\u00f3s-Gradua\u00e7\u00e3o, 2023, Pelotas. Anais do XXV Encontro de P\u00f3s-Gradua\u00e7\u00e3o. Pelotas: UFPel, 2023.<\/span><span style=\"font-weight: 400;\"><br \/>\n<\/span><span style=\"font-weight: 400;\">link para resumo completo: <\/span><a href=\"https:\/\/anais-siiepe.ufpel.edu.br\/2023\/SA_03858.pdf\"><span style=\"font-weight: 400;\">aqui.<\/span><\/a><\/p>\n<p>&nbsp;<\/p>\n<p><span style=\"font-weight: 400;\">GIROLDO, I. ; DE LOS SANTOS, A. R. ; SOUKEF JUNIOR, A. . A linha ferrovi\u00e1ria de Rio Grande &#8211; Bag\u00e9 atrav\u00e9s do olhar da imprensa. In: XXXII CIC &#8211; Congresso de Inicia\u00e7\u00e3o Cient\u00edfica, 2023. Anais 9\u00aa SIIEPE, 2023. p. 1-4.<\/span><span style=\"font-weight: 400;\"><br \/>\n<\/span><span style=\"font-weight: 400;\">link para resumo completo: <\/span><a href=\"https:\/\/anais-siiepe.ufpel.edu.br\/2023\/SA_04091.pdf\"><span style=\"font-weight: 400;\">aqui.<\/span><\/a><\/p>\n<p>&nbsp;<\/p>\n<p><span style=\"font-weight: 400;\">FISS, Rafael Einhardt; SILVEIRA, A. M.; SOUKEF JUNIOR, A. Diretrizes para interven\u00e7\u00e3o em \u00e1reas de interesse cultural: patrim\u00f4nio industrial em Pelotas. 2023. p. 44\u201349.<\/span><span style=\"font-weight: 400;\"><br \/>\n<\/span><span style=\"font-weight: 400;\">link para resumo completo: <\/span><a href=\"https:\/\/drive.google.com\/file\/d\/1OTm-ZTCknaSE9PNJgHloe2EFAlIxVOHv\/view\"><span style=\"font-weight: 400;\">aqui.<\/span><\/a><\/p>\n<p>&nbsp;<\/p>\n<p><span style=\"font-weight: 400;\">DE LOS SANTOS, A. R.; SOUKEF JUNIOR, A. ; SILVEIRA, A. M. . Espacialidade e Territorialidade da Linha Rio Grande &#8211; Pelotas &#8211; Bag\u00e9. In: XIV Semin\u00e1rio do PROGRAU, 2023, Pelotas. Anais do XIV Semin\u00e1rio do PROGRAU, 2023. v. 1. p. 32-37.<\/span><span style=\"font-weight: 400;\"><br \/>\n<\/span><span style=\"font-weight: 400;\">link para resumo completo: <\/span><a href=\"https:\/\/drive.google.com\/file\/d\/1OTm-ZTCknaSE9PNJgHloe2EFAlIxVOHv\/view\"><span style=\"font-weight: 400;\">aqui.<\/span><\/a><\/p>\n<p>&nbsp;<\/p>\n<h5><b>OUTRAS PRODU\u00c7\u00d5ES BIBLIOGR\u00c1FICAS<\/b><\/h5>\n<p>&nbsp;<\/p>\n<p><span style=\"font-weight: 400;\">DE LOS SANTOS, A. R.. NOS TRILHOS DA MEM\u00d3RIA: Um Ensaio Visual do Patrim\u00f4nio Ferrovi\u00e1rio Sul Riograndense. Pelotas 2025 (Ensaio Visual).<br \/>\n<\/span><span style=\"font-weight: 400;\">link para visualiza\u00e7\u00e3o: <\/span><a href=\"https:\/\/periodicos.ufpel.edu.br\/index.php\/pixo\/article\/view\/29572\"><span style=\"font-weight: 400;\">aqui.<\/span><\/a><\/p>\n<p>&nbsp;<\/p>\n<p><span style=\"font-weight: 400;\">VERRI, Fernanda Jahn; GONSALES, Celia Helena Castro. Por que pensar as cidades m\u00e9dias? Projectare: Revista de Arquitetura e Urbanismo, dossi\u00ea especial cidades m\u00e9dias, 2025, p. 32\u201334.<br \/>\n<\/span><span style=\"font-weight: 400;\">link para visualiza\u00e7\u00e3o: <\/span><a href=\"https:\/\/periodicos.ufpel.edu.br\/index.php\/Projectare\/article\/view\/30371\"><span style=\"font-weight: 400;\">aqui.<\/span><\/a><\/p>\n<p>&nbsp;<\/p>\n<p><span style=\"font-weight: 400;\">SOUKEF JUNIOR, A.; VERRI, F. J.; PEREIRA, F. F.. PROJECTARE 25 ANOS: reflex\u00f5es sobre as Cidades M\u00e9dias e seus desafios urbanos (editorial). PROJECTARE (PELOTAS). v.16, p.7 &#8211; 10, 2025.<br \/>\n<\/span><span style=\"font-weight: 400;\">link para visualiza\u00e7\u00e3o: <\/span><a href=\"https:\/\/periodicos.ufpel.edu.br\/index.php\/Projectare\/article\/view\/30352\"><span style=\"font-weight: 400;\">aqui.<\/span><\/a><\/p>\n","protected":false},"excerpt":{"rendered":"<p>RESUMO EXPANDIDO PUBLICADO EM ANAIS 2025 LOS SANTOS, Alexsandra da Rosa de; SILVEIRA, Aline Montagna; SOUKEF JUNIOR, Antonio. Pesquisa hist\u00f3rica: potencialidades e fragilidades da investiga\u00e7\u00e3o em acervos. In: SEMANA INTEGRADA DE INOVA\u00c7\u00c3O, ENSINO, PESQUISA E EXTENS\u00c3O (SIIEPE), 11., 2025, Pelotas. Anais [&#8230;] Pelotas: Universidade Federal de Pelotas, 2025. link para resumo completo: aqui. &nbsp; PEREIRA, &hellip; <a href=\"https:\/\/wp.ufpel.edu.br\/pesquisacidadesmedias\/resumos-expandidos\/\" class=\"more-link\">Continue lendo<span class=\"screen-reader-text\"> &#8220;Resumos Expandidos&#8221;<\/span><\/a><\/p>\n","protected":false},"author":1454,"featured_media":0,"parent":0,"menu_order":0,"comment_status":"closed","ping_status":"closed","template":"","meta":{"footnotes":""},"class_list":["post-394","page","type-page","status-publish","hentry"],"_links":{"self":[{"href":"https:\/\/wp.ufpel.edu.br\/pesquisacidadesmedias\/wp-json\/wp\/v2\/pages\/394","targetHints":{"allow":["GET"]}}],"collection":[{"href":"https:\/\/wp.ufpel.edu.br\/pesquisacidadesmedias\/wp-json\/wp\/v2\/pages"}],"about":[{"href":"https:\/\/wp.ufpel.edu.br\/pesquisacidadesmedias\/wp-json\/wp\/v2\/types\/page"}],"author":[{"embeddable":true,"href":"https:\/\/wp.ufpel.edu.br\/pesquisacidadesmedias\/wp-json\/wp\/v2\/users\/1454"}],"replies":[{"embeddable":true,"href":"https:\/\/wp.ufpel.edu.br\/pesquisacidadesmedias\/wp-json\/wp\/v2\/comments?post=394"}],"version-history":[{"count":3,"href":"https:\/\/wp.ufpel.edu.br\/pesquisacidadesmedias\/wp-json\/wp\/v2\/pages\/394\/revisions"}],"predecessor-version":[{"id":408,"href":"https:\/\/wp.ufpel.edu.br\/pesquisacidadesmedias\/wp-json\/wp\/v2\/pages\/394\/revisions\/408"}],"wp:attachment":[{"href":"https:\/\/wp.ufpel.edu.br\/pesquisacidadesmedias\/wp-json\/wp\/v2\/media?parent=394"}],"curies":[{"name":"wp","href":"https:\/\/api.w.org\/{rel}","templated":true}]}}