{"id":381,"date":"2026-04-22T08:51:44","date_gmt":"2026-04-22T11:51:44","guid":{"rendered":"https:\/\/wp.ufpel.edu.br\/pesquisacidadesmedias\/?page_id=381"},"modified":"2026-04-22T09:59:46","modified_gmt":"2026-04-22T12:59:46","slug":"artigos","status":"publish","type":"page","link":"https:\/\/wp.ufpel.edu.br\/pesquisacidadesmedias\/artigos\/","title":{"rendered":"Artigos"},"content":{"rendered":"<h5><strong>Artigo Completo publicado em peri\u00f3dicos<\/strong><\/h5>\n<h5><strong>2025<\/strong><\/h5>\n<p><span style=\"font-weight: 400;\">DE LOS SANTOS, A. R.; SOUKEF JUNIOR, A. . Pol\u00edticas de Preserva\u00e7\u00e3o do Patrim\u00f4nio Ferrovi\u00e1rio: Um estudo da linha Rio Grande &#8211; Pelotas &#8211; Bag\u00e9 (RS). Escritas do Tempo, v. 16, p. 84-99, 2025.<br \/>\n<\/span><span style=\"font-weight: 400;\">link para o artigo completo: <\/span><a href=\"https:\/\/periodicos.unifesspa.edu.br\/index.php\/escritasdotempo\/article\/view\/2829\/1651\"><span style=\"font-weight: 400;\">aqui.<\/span><\/a><\/p>\n<p>&nbsp;<\/p>\n<p><span style=\"font-weight: 400;\">DE LOS SANTOS, A. R.; SOUKEF JUNIOR, A. ; SILVEIRA, A. M. . ENTRE TEMPOS E TRILHOS: o palimpsesto do p\u00e1tio ferrovi\u00e1rio de Rio Grande (RS). PIXO, v. 9, p. 84-99, 2025.<\/span><span style=\"font-weight: 400;\"><br \/>\n<\/span><span style=\"font-weight: 400;\">link para o artigo completo: <\/span><a href=\"https:\/\/periodicos.ufpel.edu.br\/index.php\/pixo\/article\/view\/28660\"><span style=\"font-weight: 400;\">aqui<\/span><\/a><span style=\"font-weight: 400;\">.\u00a0<\/span><\/p>\n<p>&nbsp;<\/p>\n<p><span style=\"font-weight: 400;\">LUCKOW, Daniele; OLIVEIRA, Ana L\u00facia Costa de; SOUKEFF JUNIOR, Ant\u00f4nio. A EVOLU\u00c7\u00c3O DA AMBI\u00caNCIA: DA SUBMISS\u00c3O A INTEGRA\u00c7\u00c3O AO PATRIM\u00d4NIO CULTURAL. Revista Arquitetura e Lugar, Campina Grande, v. 3, n. 11, p. 68\u201377, 2025. DOI: 10.35572\/arql.v3i11.6384.<br \/>\n<\/span><span style=\"font-weight: 400;\">link para o artigo completo: <\/span><a href=\"https:\/\/revistas.editora.ufcg.edu.br\/index.php\/arql\/article\/view\/6384\"><span style=\"font-weight: 400;\">aqui.<\/span><\/a><\/p>\n<p>&nbsp;<\/p>\n<p><span style=\"font-weight: 400;\">PEREIRA, Franciele Fraga; GONSALES, C\u00e9lia Helena Castro; HECK, Rita Maria. O PATRIM\u00d4NIO INDUSTRIAL NA PAISAGEM URBANA. <\/span><b>PIXO &#8211; Revista de Arquitetura, Cidade e Contemporaneidade<\/b><span style=\"font-weight: 400;\">, Pelotas, v. 9, n. 33, p. 226\u2013243, 2025.<\/span><span style=\"font-weight: 400;\"><br \/>\n<\/span><span style=\"font-weight: 400;\">link para o artigo completo: <\/span><a href=\"https:\/\/periodicos.ufpel.edu.br\/index.php\/pixo\/article\/view\/28655\"><span style=\"font-weight: 400;\">aqui.<\/span><\/a><\/p>\n<p>&nbsp;<\/p>\n<p><span style=\"font-weight: 400;\">NUNES SEMPER, H.; C\u00c9LIA HELENA DE CASTRO GONSALES, C. H. DE C. G. O PATRIM\u00d4NIO INDUSTRIAL E A UNIVERSIDADE FEDERAL DE PELOTAS: A Biblioteca do ICH e o CEHUS. PIXO &#8211; Revista de Arquitetura, Cidade e Contemporaneidade, v. 9, n. 34, p. 304-317, 24 ago. 2025.<\/span><span style=\"font-weight: 400;\"><br \/>\n<\/span><span style=\"font-weight: 400;\">link para o artigo completo: <\/span><a href=\"https:\/\/periodicos.ufpel.edu.br\/index.php\/pixo\/article\/view\/28667\"><span style=\"font-weight: 400;\">aqui.<\/span><\/a><\/p>\n<p>&nbsp;<\/p>\n<p><span style=\"font-weight: 400;\">BICCA, R. R.; OLIVEIRA, A. L. C. de. A ferrovia e a produ\u00e7\u00e3o da forma urbana: o caso do bairro Sim\u00f5es Lopes em Pelotas\/RS. CONTRIBUCIONES A LAS CIENCIAS SOCIALES, [S. l.], v. 18, n. 5, p. e17588, 2025. DOI: 10.55905\/revconv.18n.5-036.<br \/>\n<\/span><span style=\"font-weight: 400;\">link para o artigo completo: <\/span><a href=\"https:\/\/ojs.revistacontribuciones.com\/ojs\/index.php\/clcs\/article\/view\/17588\"><span style=\"font-weight: 400;\">aqui.<\/span><\/a><\/p>\n<p>&nbsp;<\/p>\n<p><span style=\"font-weight: 400;\">KRUGER, N. R. M. ; GONSALES, C. H. C. ; VERRI, F. J. . Participa\u00e7\u00e3o social e qualidade espacial urbano: o caso do Passo dos Negros, Pelotas-RS. PROJECTARE (PELOTAS), v. 6, p. 396-419, 2025.<br \/>\n<\/span><span style=\"font-weight: 400;\">link para o artigo completo: <\/span><a href=\"https:\/\/ojs.revistacontribuciones.com\/ojs\/index.php\/clcs\/article\/view\/17588\"><span style=\"font-weight: 400;\">aqui.<\/span><\/a><\/p>\n<p>&nbsp;<\/p>\n<p><span style=\"font-weight: 400;\">ALVES, A. L. ; Ferreira, C. C. ; PERES, O. J. ; KOHN, L. P. ; RODRIGUES, N. N. . GUARDANDO NOSSAS HIST\u00d3RIAS: uma proposta de educa\u00e7\u00e3o l\u00fadica para preservar a mem\u00f3ria arquitet\u00f4nica, ferrovi\u00e1ria, cultural e familiar da cidade de Bag\u00e9-RS. PROJECTARE (PELOTAS), v. 6, p. 472-488, 2025.<br \/>\n<\/span><span style=\"font-weight: 400;\">link para o artigo completo:<\/span><a href=\"https:\/\/periodicos.ufpel.edu.br\/index.php\/Projectare\/article\/view\/29577\"><span style=\"font-weight: 400;\">aqui.<\/span><\/a><\/p>\n<p>&nbsp;<\/p>\n<p>&nbsp;<\/p>\n","protected":false},"excerpt":{"rendered":"<p>Artigo Completo publicado em peri\u00f3dicos 2025 DE LOS SANTOS, A. R.; SOUKEF JUNIOR, A. . Pol\u00edticas de Preserva\u00e7\u00e3o do Patrim\u00f4nio Ferrovi\u00e1rio: Um estudo da linha Rio Grande &#8211; Pelotas &#8211; Bag\u00e9 (RS). Escritas do Tempo, v. 16, p. 84-99, 2025. link para o artigo completo: aqui. &nbsp; DE LOS SANTOS, A. R.; SOUKEF JUNIOR, A. &hellip; <a href=\"https:\/\/wp.ufpel.edu.br\/pesquisacidadesmedias\/artigos\/\" class=\"more-link\">Continue lendo<span class=\"screen-reader-text\"> &#8220;Artigos&#8221;<\/span><\/a><\/p>\n","protected":false},"author":1454,"featured_media":0,"parent":0,"menu_order":0,"comment_status":"closed","ping_status":"closed","template":"","meta":{"footnotes":""},"class_list":["post-381","page","type-page","status-publish","hentry"],"_links":{"self":[{"href":"https:\/\/wp.ufpel.edu.br\/pesquisacidadesmedias\/wp-json\/wp\/v2\/pages\/381","targetHints":{"allow":["GET"]}}],"collection":[{"href":"https:\/\/wp.ufpel.edu.br\/pesquisacidadesmedias\/wp-json\/wp\/v2\/pages"}],"about":[{"href":"https:\/\/wp.ufpel.edu.br\/pesquisacidadesmedias\/wp-json\/wp\/v2\/types\/page"}],"author":[{"embeddable":true,"href":"https:\/\/wp.ufpel.edu.br\/pesquisacidadesmedias\/wp-json\/wp\/v2\/users\/1454"}],"replies":[{"embeddable":true,"href":"https:\/\/wp.ufpel.edu.br\/pesquisacidadesmedias\/wp-json\/wp\/v2\/comments?post=381"}],"version-history":[{"count":4,"href":"https:\/\/wp.ufpel.edu.br\/pesquisacidadesmedias\/wp-json\/wp\/v2\/pages\/381\/revisions"}],"predecessor-version":[{"id":413,"href":"https:\/\/wp.ufpel.edu.br\/pesquisacidadesmedias\/wp-json\/wp\/v2\/pages\/381\/revisions\/413"}],"wp:attachment":[{"href":"https:\/\/wp.ufpel.edu.br\/pesquisacidadesmedias\/wp-json\/wp\/v2\/media?parent=381"}],"curies":[{"name":"wp","href":"https:\/\/api.w.org\/{rel}","templated":true}]}}