{"id":298,"date":"2026-02-23T23:09:18","date_gmt":"2026-02-24T02:09:18","guid":{"rendered":"https:\/\/wp.ufpel.edu.br\/pesquisacidadesmedias\/?page_id=298"},"modified":"2026-04-21T11:36:27","modified_gmt":"2026-04-21T14:36:27","slug":"producao","status":"publish","type":"page","link":"https:\/\/wp.ufpel.edu.br\/pesquisacidadesmedias\/producao\/","title":{"rendered":"Produ\u00e7\u00e3o"},"content":{"rendered":"<p>Esta se\u00e7\u00e3o re\u00fane a produ\u00e7\u00e3o bibliogr\u00e1fica gerada no \u00e2mbito da pesquisa\u00a0<strong>&#8220;Cidades de m\u00e9dio porte do extremo do sul do Brasil e em zona de fronteira: qualifica\u00e7\u00e3o e proposi\u00e7\u00e3o de espa\u00e7os p\u00fablicos sens\u00edveis \u00e0s rela\u00e7\u00f5es intergeracionais, inclusivas e sustent\u00e1veis&#8221;<\/strong>. A tabela disponibilizada a seguir organiza os trabalhos produzidos ao longo do desenvolvimento do trabalho\u00a0 \u2014 incluindo artigos em peri\u00f3dicos, cap\u00edtulos de livros, trabalhos apresentados em congressos e demais publica\u00e7\u00f5es correlatas \u2014, refletindo o percurso intelectual constru\u00eddo em torno das tem\u00e1ticas do espa\u00e7o p\u00fablico, da intergeracionalidade, da inclus\u00e3o e da sustentabilidade urbana no contexto das cidades de m\u00e9dio porte situadas no extremo sul do Brasil e em regi\u00f5es de fronteira.<\/p>\n<p>Link da tabela: <a href=\"https:\/\/docs.google.com\/spreadsheets\/d\/1vUVBEHBLlyEo7kFcKSkOXpzK550Cle0q\/edit?usp=sharing&amp;ouid=103684886998722393369&amp;rtpof=true&amp;sd=true\">https:\/\/docs.google.com\/spreadsheets\/d\/1vUVBEHBLlyEo7kFcKSkOXpzK550Cle0q\/edit?usp=sharing&amp;ouid=103684886998722393369&amp;rtpof=true&amp;sd=true<\/a><\/p>\n","protected":false},"excerpt":{"rendered":"<p>Esta se\u00e7\u00e3o re\u00fane a produ\u00e7\u00e3o bibliogr\u00e1fica gerada no \u00e2mbito da pesquisa\u00a0&#8220;Cidades de m\u00e9dio porte do extremo do sul do Brasil e em zona de fronteira: qualifica\u00e7\u00e3o e proposi\u00e7\u00e3o de espa\u00e7os p\u00fablicos sens\u00edveis \u00e0s rela\u00e7\u00f5es intergeracionais, inclusivas e sustent\u00e1veis&#8221;. A tabela disponibilizada a seguir organiza os trabalhos produzidos ao longo do desenvolvimento do trabalho\u00a0 \u2014 incluindo &hellip; <a href=\"https:\/\/wp.ufpel.edu.br\/pesquisacidadesmedias\/producao\/\" class=\"more-link\">Continue lendo<span class=\"screen-reader-text\"> &#8220;Produ\u00e7\u00e3o&#8221;<\/span><\/a><\/p>\n","protected":false},"author":1454,"featured_media":0,"parent":0,"menu_order":0,"comment_status":"closed","ping_status":"closed","template":"","meta":{"footnotes":""},"class_list":["post-298","page","type-page","status-publish","hentry"],"_links":{"self":[{"href":"https:\/\/wp.ufpel.edu.br\/pesquisacidadesmedias\/wp-json\/wp\/v2\/pages\/298","targetHints":{"allow":["GET"]}}],"collection":[{"href":"https:\/\/wp.ufpel.edu.br\/pesquisacidadesmedias\/wp-json\/wp\/v2\/pages"}],"about":[{"href":"https:\/\/wp.ufpel.edu.br\/pesquisacidadesmedias\/wp-json\/wp\/v2\/types\/page"}],"author":[{"embeddable":true,"href":"https:\/\/wp.ufpel.edu.br\/pesquisacidadesmedias\/wp-json\/wp\/v2\/users\/1454"}],"replies":[{"embeddable":true,"href":"https:\/\/wp.ufpel.edu.br\/pesquisacidadesmedias\/wp-json\/wp\/v2\/comments?post=298"}],"version-history":[{"count":2,"href":"https:\/\/wp.ufpel.edu.br\/pesquisacidadesmedias\/wp-json\/wp\/v2\/pages\/298\/revisions"}],"predecessor-version":[{"id":372,"href":"https:\/\/wp.ufpel.edu.br\/pesquisacidadesmedias\/wp-json\/wp\/v2\/pages\/298\/revisions\/372"}],"wp:attachment":[{"href":"https:\/\/wp.ufpel.edu.br\/pesquisacidadesmedias\/wp-json\/wp\/v2\/media?parent=298"}],"curies":[{"name":"wp","href":"https:\/\/api.w.org\/{rel}","templated":true}]}}