{"id":287,"date":"2026-02-23T22:32:10","date_gmt":"2026-02-24T01:32:10","guid":{"rendered":"https:\/\/wp.ufpel.edu.br\/pesquisacidadesmedias\/?page_id=287"},"modified":"2026-02-23T22:47:19","modified_gmt":"2026-02-24T01:47:19","slug":"eventos","status":"publish","type":"page","link":"https:\/\/wp.ufpel.edu.br\/pesquisacidadesmedias\/eventos\/","title":{"rendered":"Eventos"},"content":{"rendered":"<h5 data-start=\"0\" data-end=\"397\"><strong data-start=\"2\" data-end=\"82\">Palestra Moradia e Autogest\u00e3o: Panorama do ciclo recente no Brasil <\/strong><\/h5>\n<p data-start=\"0\" data-end=\"397\">A palestra <strong data-start=\"11\" data-end=\"74\">\u201cMoradia &amp; Autogest\u00e3o: panorama do ciclo recente no Brasil\u201d<\/strong>, ministrada por <span class=\"hover:entity-accent entity-underline inline cursor-pointer align-baseline\"><span class=\"whitespace-normal\">Camila D\u2019Ottaviano<\/span><\/span>, professora da Faculdade de Arquitetura e Urbanismo da <span class=\"hover:entity-accent entity-underline inline cursor-pointer align-baseline\"><span class=\"whitespace-normal\">Universidade de S\u00e3o Paulo<\/span><\/span> (FAUUSP), foi realizada em 23 de julho de 2025, no Audit\u00f3rio do Campus II da <span class=\"hover:entity-accent entity-underline inline cursor-pointer align-baseline\"><span class=\"whitespace-normal\">Universidade Federal de Pelotas<\/span><\/span> (UFPel), em Pelotas. O encontro apresentou uma an\u00e1lise cr\u00edtica sobre a produ\u00e7\u00e3o habitacional por autogest\u00e3o no contexto brasileiro recente, discutindo pol\u00edticas p\u00fablicas, organiza\u00e7\u00e3o social e os desafios enfrentados pelos movimentos de moradia. A atividade reuniu estudantes, pesquisadores e profissionais da \u00e1rea, promovendo um espa\u00e7o qualificado de debate sobre habita\u00e7\u00e3o de interesse social, planejamento urbano e justi\u00e7a socioespacial.<\/p>\n<p data-start=\"0\" data-end=\"397\"><img loading=\"lazy\" decoding=\"async\" class=\"wp-image-294 aligncenter\" src=\"https:\/\/wp.ufpel.edu.br\/pesquisacidadesmedias\/files\/2026\/02\/Palestra-Camila-DOttaviano-julho-2025-banner.jpg\" alt=\"\" width=\"619\" height=\"774\" srcset=\"https:\/\/wp.ufpel.edu.br\/pesquisacidadesmedias\/files\/2026\/02\/Palestra-Camila-DOttaviano-julho-2025-banner.jpg 1080w, https:\/\/wp.ufpel.edu.br\/pesquisacidadesmedias\/files\/2026\/02\/Palestra-Camila-DOttaviano-julho-2025-banner-320x400.jpg 320w, https:\/\/wp.ufpel.edu.br\/pesquisacidadesmedias\/files\/2026\/02\/Palestra-Camila-DOttaviano-julho-2025-banner-819x1024.jpg 819w, https:\/\/wp.ufpel.edu.br\/pesquisacidadesmedias\/files\/2026\/02\/Palestra-Camila-DOttaviano-julho-2025-banner-768x960.jpg 768w\" sizes=\"auto, (max-width: 619px) 85vw, 619px\" \/><\/p>\n<h5 data-start=\"0\" data-end=\"397\"><strong data-start=\"2\" data-end=\"82\">Semin\u00e1rio Metodologias Participativas em Estudos Urbanos para Justi\u00e7a Social<\/strong><\/h5>\n<p data-start=\"0\" data-end=\"397\">O <strong data-start=\"2\" data-end=\"82\">Semin\u00e1rio Metodologias Participativas em Estudos Urbanos para Justi\u00e7a Social<\/strong>, realizado nos dias 24 e 25 de julho de 2025, no audit\u00f3rio do Campus II da <span class=\"hover:entity-accent entity-underline inline cursor-pointer align-baseline\"><span class=\"whitespace-normal\">Universidade Federal de Pelotas<\/span><\/span> (UFPel), reuniu pesquisadores, estudantes, profissionais, coletivos e representantes do poder p\u00fablico para debater pr\u00e1ticas, m\u00e9todos e experi\u00eancias voltadas \u00e0 participa\u00e7\u00e3o social na produ\u00e7\u00e3o do espa\u00e7o urbano.<\/p>\n<p data-start=\"0\" data-end=\"397\"><img loading=\"lazy\" decoding=\"async\" class=\"wp-image-288 aligncenter\" src=\"https:\/\/wp.ufpel.edu.br\/pesquisacidadesmedias\/files\/2026\/02\/cartaz-seminario-.jpeg\" alt=\"\" width=\"670\" height=\"485\" srcset=\"https:\/\/wp.ufpel.edu.br\/pesquisacidadesmedias\/files\/2026\/02\/cartaz-seminario-.jpeg 1280w, https:\/\/wp.ufpel.edu.br\/pesquisacidadesmedias\/files\/2026\/02\/cartaz-seminario--400x289.jpeg 400w, https:\/\/wp.ufpel.edu.br\/pesquisacidadesmedias\/files\/2026\/02\/cartaz-seminario--1024x741.jpeg 1024w, https:\/\/wp.ufpel.edu.br\/pesquisacidadesmedias\/files\/2026\/02\/cartaz-seminario--768x556.jpeg 768w, https:\/\/wp.ufpel.edu.br\/pesquisacidadesmedias\/files\/2026\/02\/cartaz-seminario--1200x868.jpeg 1200w\" sizes=\"auto, (max-width: 670px) 85vw, 670px\" \/><\/p>\n<p data-start=\"399\" data-end=\"966\">A programa\u00e7\u00e3o teve in\u00edcio com a mesa de abertura coordenada por docentes do PROGRAU\/UFPel e seguiu com exposi\u00e7\u00f5es te\u00f3ricas sobre metodologias participativas, destacando fundamentos, instrumentos e desafios contempor\u00e2neos. A primeira mesa-redonda contou com a participa\u00e7\u00e3o de pesquisadoras da <span class=\"hover:entity-accent entity-underline inline cursor-pointer align-baseline\"><span class=\"whitespace-normal\">Universidade de S\u00e3o Paulo<\/span><\/span> (USP) e da UFPel, al\u00e9m de representante de assessoria t\u00e9cnica, abordando experi\u00eancias em habita\u00e7\u00e3o de interesse social, atua\u00e7\u00e3o em ocupa\u00e7\u00f5es urbanas e aplica\u00e7\u00e3o do Diagn\u00f3stico R\u00e1pido Urbano Participativo (DRUP) em comunidades de Pelotas.<\/p>\n<p data-start=\"968\" data-end=\"1276\">No per\u00edodo da tarde, foram discutidas experi\u00eancias relacionadas aos Planos Populares, com \u00eanfase nos processos desenvolvidos em <span class=\"hover:entity-accent entity-underline inline cursor-pointer align-baseline\"><span class=\"whitespace-normal\">Porto Alegre<\/span><\/span> e em iniciativas territoriais como o \u201cBonja Vive\u201d, evidenciando articula\u00e7\u00f5es entre universidade, entidades profissionais e movimentos sociais.<\/p>\n<p data-start=\"1278\" data-end=\"1752\">O segundo dia foi marcado por relatos de coletivos, movimentos e escrit\u00f3rios de assessoria t\u00e9cnica, que compartilharam experi\u00eancias vinculadas \u00e0 gest\u00e3o p\u00fablica, \u00e0 elabora\u00e7\u00e3o de planos de bairro e \u00e0 luta por moradia digna, arte, cultura e alimenta\u00e7\u00e3o em Pelotas. Na sequ\u00eancia, o estudo de caso sobre o movimento \u201cMinhoc\u00e3o Contra a Gentrifica\u00e7\u00e3o\u201d, apresentado por docente da USP, discutiu invent\u00e1rio participativo e educa\u00e7\u00e3o patrimonial como estrat\u00e9gias de resist\u00eancia urbana.<\/p>\n<p data-start=\"1754\" data-end=\"2101\" data-is-last-node=\"\" data-is-only-node=\"\">A palestra de encerramento abordou m\u00e9todos e pr\u00e1ticas insurgentes, propondo novas agendas de pesquisa comprometidas com a justi\u00e7a social. O evento consolidou-se como um espa\u00e7o de troca interdisciplinar, fortalecendo redes de colabora\u00e7\u00e3o e reafirmando a import\u00e2ncia das metodologias participativas na constru\u00e7\u00e3o de cidades mais justas e inclusivas.<\/p>\n<p data-start=\"1754\" data-end=\"2101\" data-is-last-node=\"\" data-is-only-node=\"\">Confira a galeria do evento:<\/p>\n<p data-start=\"1754\" data-end=\"2101\" data-is-last-node=\"\" data-is-only-node=\"\"><img loading=\"lazy\" decoding=\"async\" class=\"alignnone wp-image-290\" src=\"https:\/\/wp.ufpel.edu.br\/pesquisacidadesmedias\/files\/2026\/02\/Sem-Titulo-1-scaled.png\" alt=\"\" width=\"894\" height=\"230\" srcset=\"https:\/\/wp.ufpel.edu.br\/pesquisacidadesmedias\/files\/2026\/02\/Sem-Titulo-1-scaled.png 2560w, https:\/\/wp.ufpel.edu.br\/pesquisacidadesmedias\/files\/2026\/02\/Sem-Titulo-1-400x103.png 400w, https:\/\/wp.ufpel.edu.br\/pesquisacidadesmedias\/files\/2026\/02\/Sem-Titulo-1-1024x263.png 1024w, https:\/\/wp.ufpel.edu.br\/pesquisacidadesmedias\/files\/2026\/02\/Sem-Titulo-1-768x197.png 768w, https:\/\/wp.ufpel.edu.br\/pesquisacidadesmedias\/files\/2026\/02\/Sem-Titulo-1-1536x394.png 1536w, https:\/\/wp.ufpel.edu.br\/pesquisacidadesmedias\/files\/2026\/02\/Sem-Titulo-1-2048x525.png 2048w, https:\/\/wp.ufpel.edu.br\/pesquisacidadesmedias\/files\/2026\/02\/Sem-Titulo-1-1200x308.png 1200w\" sizes=\"auto, (max-width: 709px) 85vw, (max-width: 909px) 67vw, (max-width: 1362px) 62vw, 840px\" \/><\/p>\n<p style=\"text-align: center;\" data-start=\"1754\" data-end=\"2101\" data-is-last-node=\"\" data-is-only-node=\"\">Mesa de abertura com media\u00e7\u00e3o da coordenadora da projeto de pesquisa, C\u00e9lia Gonsales e demais pesquisadores, p\u00fablico e palestrantes.<\/p>\n","protected":false},"excerpt":{"rendered":"<p>Palestra Moradia e Autogest\u00e3o: Panorama do ciclo recente no Brasil A palestra \u201cMoradia &amp; Autogest\u00e3o: panorama do ciclo recente no Brasil\u201d, ministrada por Camila D\u2019Ottaviano, professora da Faculdade de Arquitetura e Urbanismo da Universidade de S\u00e3o Paulo (FAUUSP), foi realizada em 23 de julho de 2025, no Audit\u00f3rio do Campus II da Universidade Federal de &hellip; <a href=\"https:\/\/wp.ufpel.edu.br\/pesquisacidadesmedias\/eventos\/\" class=\"more-link\">Continue lendo<span class=\"screen-reader-text\"> &#8220;Eventos&#8221;<\/span><\/a><\/p>\n","protected":false},"author":1454,"featured_media":0,"parent":0,"menu_order":0,"comment_status":"closed","ping_status":"closed","template":"","meta":{"footnotes":""},"class_list":["post-287","page","type-page","status-publish","hentry"],"_links":{"self":[{"href":"https:\/\/wp.ufpel.edu.br\/pesquisacidadesmedias\/wp-json\/wp\/v2\/pages\/287","targetHints":{"allow":["GET"]}}],"collection":[{"href":"https:\/\/wp.ufpel.edu.br\/pesquisacidadesmedias\/wp-json\/wp\/v2\/pages"}],"about":[{"href":"https:\/\/wp.ufpel.edu.br\/pesquisacidadesmedias\/wp-json\/wp\/v2\/types\/page"}],"author":[{"embeddable":true,"href":"https:\/\/wp.ufpel.edu.br\/pesquisacidadesmedias\/wp-json\/wp\/v2\/users\/1454"}],"replies":[{"embeddable":true,"href":"https:\/\/wp.ufpel.edu.br\/pesquisacidadesmedias\/wp-json\/wp\/v2\/comments?post=287"}],"version-history":[{"count":4,"href":"https:\/\/wp.ufpel.edu.br\/pesquisacidadesmedias\/wp-json\/wp\/v2\/pages\/287\/revisions"}],"predecessor-version":[{"id":296,"href":"https:\/\/wp.ufpel.edu.br\/pesquisacidadesmedias\/wp-json\/wp\/v2\/pages\/287\/revisions\/296"}],"wp:attachment":[{"href":"https:\/\/wp.ufpel.edu.br\/pesquisacidadesmedias\/wp-json\/wp\/v2\/media?parent=287"}],"curies":[{"name":"wp","href":"https:\/\/api.w.org\/{rel}","templated":true}]}}