{"id":264,"date":"2026-02-23T21:22:59","date_gmt":"2026-02-24T00:22:59","guid":{"rendered":"https:\/\/wp.ufpel.edu.br\/pesquisacidadesmedias\/?page_id=264"},"modified":"2026-03-05T19:57:05","modified_gmt":"2026-03-05T22:57:05","slug":"acoes","status":"publish","type":"page","link":"https:\/\/wp.ufpel.edu.br\/pesquisacidadesmedias\/acoes\/","title":{"rendered":"A\u00e7\u00f5es"},"content":{"rendered":"<p>Dentro da proposta da pesquisa foram realizadas a\u00e7\u00f5es de aproxima\u00e7\u00e3o \u00e0 popula\u00e7\u00e3o a partir de duas metodologias: Walkthrough e grupos focais.<\/p>\n<p><span style=\"font-weight: 400;\">O m\u00e9todo Walkthrough, ou \u201cPercurso Dialogado\u201d, \u00e9 um m\u00e9todo de an\u00e1lise que combina a observa\u00e7\u00e3o direta com entrevista. Durante o Walkthrough, os elementos f\u00edsicos do ambiente servem como est\u00edmulos para que os participantes expressem suas percep\u00e7\u00f5es e rea\u00e7\u00f5es em rela\u00e7\u00e3o ao espa\u00e7o e pode ser complementado com registros visuais (fotografias, croquis), grava\u00e7\u00f5es em \u00e1udio ou v\u00eddeo.<\/span><\/p>\n<p><span style=\"font-weight: 400;\">Como suporte ao Walkthrough e ainda, para confirma\u00e7\u00e3o de alguns dados, foram realizados Grupos Focais, um m\u00e9todo de coleta de dados que consiste em reunir um grupo de participantes para discutir um tema espec\u00edfico, sob a media\u00e7\u00e3o de um pesquisador. O objetivo \u00e9 explorar percep\u00e7\u00f5es, experi\u00eancias, opini\u00f5es e atitudes de forma aprofundada, identificar necessidades, motiva\u00e7\u00f5es, conflitos e expectativas em contextos espec\u00edficos e ainda, estimular a troca de experi\u00eancias entre os participantes, o que enriquece os dados com perspectivas diversas\u00a0<\/span><\/p>\n<p><span style=\"font-weight: 400;\">Essas a\u00e7\u00f5es foram realizadas nas diferentes \u00e1reas escolhidas como foco de pesquisa nas cidades de Pelotas e Bag\u00e9.\u00a0<\/span><\/p>\n<h3>Pelotas<\/h3>\n<h5><em>Sim\u00f5es Lopes<\/em><\/h5>\n<p><img loading=\"lazy\" decoding=\"async\" class=\"size-full wp-image-265 aligncenter\" src=\"https:\/\/wp.ufpel.edu.br\/pesquisacidadesmedias\/files\/2026\/02\/WALSIMOES-scaled.png\" alt=\"\" width=\"2560\" height=\"728\" srcset=\"https:\/\/wp.ufpel.edu.br\/pesquisacidadesmedias\/files\/2026\/02\/WALSIMOES-scaled.png 2560w, https:\/\/wp.ufpel.edu.br\/pesquisacidadesmedias\/files\/2026\/02\/WALSIMOES-400x114.png 400w, https:\/\/wp.ufpel.edu.br\/pesquisacidadesmedias\/files\/2026\/02\/WALSIMOES-1024x291.png 1024w, https:\/\/wp.ufpel.edu.br\/pesquisacidadesmedias\/files\/2026\/02\/WALSIMOES-768x218.png 768w, https:\/\/wp.ufpel.edu.br\/pesquisacidadesmedias\/files\/2026\/02\/WALSIMOES-1536x437.png 1536w, https:\/\/wp.ufpel.edu.br\/pesquisacidadesmedias\/files\/2026\/02\/WALSIMOES-2048x583.png 2048w, https:\/\/wp.ufpel.edu.br\/pesquisacidadesmedias\/files\/2026\/02\/WALSIMOES-1200x341.png 1200w\" sizes=\"auto, (max-width: 709px) 85vw, (max-width: 909px) 67vw, (max-width: 1362px) 62vw, 840px\" \/><\/p>\n<p style=\"text-align: center;\">Registros dos walkthrough realizados pela equipe nos meses de junho e julho de 2024 no bairro Sim\u00f5es Lopes.<\/p>\n<p><img loading=\"lazy\" decoding=\"async\" class=\"size-full wp-image-266 aligncenter\" src=\"https:\/\/wp.ufpel.edu.br\/pesquisacidadesmedias\/files\/2026\/02\/RODA-DE-CONVERSA-E-GRUPO-FOCAL-scaled.png\" alt=\"\" width=\"2560\" height=\"854\" srcset=\"https:\/\/wp.ufpel.edu.br\/pesquisacidadesmedias\/files\/2026\/02\/RODA-DE-CONVERSA-E-GRUPO-FOCAL-scaled.png 2560w, https:\/\/wp.ufpel.edu.br\/pesquisacidadesmedias\/files\/2026\/02\/RODA-DE-CONVERSA-E-GRUPO-FOCAL-400x134.png 400w, https:\/\/wp.ufpel.edu.br\/pesquisacidadesmedias\/files\/2026\/02\/RODA-DE-CONVERSA-E-GRUPO-FOCAL-1024x342.png 1024w, https:\/\/wp.ufpel.edu.br\/pesquisacidadesmedias\/files\/2026\/02\/RODA-DE-CONVERSA-E-GRUPO-FOCAL-768x256.png 768w, https:\/\/wp.ufpel.edu.br\/pesquisacidadesmedias\/files\/2026\/02\/RODA-DE-CONVERSA-E-GRUPO-FOCAL-1536x513.png 1536w, https:\/\/wp.ufpel.edu.br\/pesquisacidadesmedias\/files\/2026\/02\/RODA-DE-CONVERSA-E-GRUPO-FOCAL-2048x684.png 2048w, https:\/\/wp.ufpel.edu.br\/pesquisacidadesmedias\/files\/2026\/02\/RODA-DE-CONVERSA-E-GRUPO-FOCAL-1200x401.png 1200w\" sizes=\"auto, (max-width: 709px) 85vw, (max-width: 909px) 67vw, (max-width: 1362px) 62vw, 840px\" \/><\/p>\n<p style=\"text-align: center;\">Registros do grupo focal realizado na Esta\u00e7\u00e3o F\u00e9rrea, com moradores do bairro Sim\u00f5es Lopes, em outubro de 2024, e dos grupos focais promovidos em escolas do bairro, em agosto de 2025, respectivamente.<\/p>\n<h5><em>Passo dos Negros\u00a0<\/em><\/h5>\n<p><img loading=\"lazy\" decoding=\"async\" class=\"wp-image-267 aligncenter\" src=\"https:\/\/wp.ufpel.edu.br\/pesquisacidadesmedias\/files\/2026\/02\/grupo-focal-passsos-dos-negros-2024-scaled.jpg\" alt=\"\" width=\"539\" height=\"404\" srcset=\"https:\/\/wp.ufpel.edu.br\/pesquisacidadesmedias\/files\/2026\/02\/grupo-focal-passsos-dos-negros-2024-scaled.jpg 2560w, https:\/\/wp.ufpel.edu.br\/pesquisacidadesmedias\/files\/2026\/02\/grupo-focal-passsos-dos-negros-2024-400x300.jpg 400w, https:\/\/wp.ufpel.edu.br\/pesquisacidadesmedias\/files\/2026\/02\/grupo-focal-passsos-dos-negros-2024-1024x768.jpg 1024w, https:\/\/wp.ufpel.edu.br\/pesquisacidadesmedias\/files\/2026\/02\/grupo-focal-passsos-dos-negros-2024-768x576.jpg 768w, https:\/\/wp.ufpel.edu.br\/pesquisacidadesmedias\/files\/2026\/02\/grupo-focal-passsos-dos-negros-2024-1536x1152.jpg 1536w, https:\/\/wp.ufpel.edu.br\/pesquisacidadesmedias\/files\/2026\/02\/grupo-focal-passsos-dos-negros-2024-2048x1536.jpg 2048w, https:\/\/wp.ufpel.edu.br\/pesquisacidadesmedias\/files\/2026\/02\/grupo-focal-passsos-dos-negros-2024-1200x900.jpg 1200w\" sizes=\"auto, (max-width: 539px) 85vw, 539px\" \/><\/p>\n<p style=\"text-align: center;\">Grupo focal realizado com moradores da regi\u00e3o do Passos dos Negros, no ano de 2024.<\/p>\n<h5><em>Doquinhas<\/em><\/h5>\n<p style=\"text-align: center;\"><em><img loading=\"lazy\" decoding=\"async\" class=\"size-full wp-image-269 aligncenter\" src=\"https:\/\/wp.ufpel.edu.br\/pesquisacidadesmedias\/files\/2026\/02\/WALK-DOQUINHAS-scaled.png\" alt=\"\" width=\"2560\" height=\"872\" srcset=\"https:\/\/wp.ufpel.edu.br\/pesquisacidadesmedias\/files\/2026\/02\/WALK-DOQUINHAS-scaled.png 2560w, https:\/\/wp.ufpel.edu.br\/pesquisacidadesmedias\/files\/2026\/02\/WALK-DOQUINHAS-400x136.png 400w, https:\/\/wp.ufpel.edu.br\/pesquisacidadesmedias\/files\/2026\/02\/WALK-DOQUINHAS-1024x349.png 1024w, https:\/\/wp.ufpel.edu.br\/pesquisacidadesmedias\/files\/2026\/02\/WALK-DOQUINHAS-768x262.png 768w, https:\/\/wp.ufpel.edu.br\/pesquisacidadesmedias\/files\/2026\/02\/WALK-DOQUINHAS-1536x523.png 1536w, https:\/\/wp.ufpel.edu.br\/pesquisacidadesmedias\/files\/2026\/02\/WALK-DOQUINHAS-2048x697.png 2048w, https:\/\/wp.ufpel.edu.br\/pesquisacidadesmedias\/files\/2026\/02\/WALK-DOQUINHAS-1200x409.png 1200w\" sizes=\"auto, (max-width: 709px) 85vw, (max-width: 909px) 67vw, (max-width: 1362px) 62vw, 840px\" \/><\/em>Registros dos walkthrough realizados pela equipe nos meses de setembro de 2024 e agosto de 2025, respectivamente.<\/p>\n<p><img loading=\"lazy\" decoding=\"async\" class=\"alignnone size-full wp-image-270\" src=\"https:\/\/wp.ufpel.edu.br\/pesquisacidadesmedias\/files\/2026\/02\/GRUPO-FOCAL-DOQUINHAS-scaled.png\" alt=\"\" width=\"2560\" height=\"682\" srcset=\"https:\/\/wp.ufpel.edu.br\/pesquisacidadesmedias\/files\/2026\/02\/GRUPO-FOCAL-DOQUINHAS-scaled.png 2560w, https:\/\/wp.ufpel.edu.br\/pesquisacidadesmedias\/files\/2026\/02\/GRUPO-FOCAL-DOQUINHAS-400x107.png 400w, https:\/\/wp.ufpel.edu.br\/pesquisacidadesmedias\/files\/2026\/02\/GRUPO-FOCAL-DOQUINHAS-1024x273.png 1024w, https:\/\/wp.ufpel.edu.br\/pesquisacidadesmedias\/files\/2026\/02\/GRUPO-FOCAL-DOQUINHAS-768x205.png 768w, https:\/\/wp.ufpel.edu.br\/pesquisacidadesmedias\/files\/2026\/02\/GRUPO-FOCAL-DOQUINHAS-1536x409.png 1536w, https:\/\/wp.ufpel.edu.br\/pesquisacidadesmedias\/files\/2026\/02\/GRUPO-FOCAL-DOQUINHAS-2048x546.png 2048w, https:\/\/wp.ufpel.edu.br\/pesquisacidadesmedias\/files\/2026\/02\/GRUPO-FOCAL-DOQUINHAS-1200x320.png 1200w\" sizes=\"auto, (max-width: 709px) 85vw, (max-width: 909px) 67vw, (max-width: 1362px) 62vw, 840px\" \/><\/p>\n<p style=\"text-align: center;\">Grupo focal realizado com moradores das Doquinhas em setembro de 2024.<\/p>\n<h3>Bag\u00e9<\/h3>\n<p><img loading=\"lazy\" decoding=\"async\" class=\"alignnone size-full wp-image-271\" src=\"https:\/\/wp.ufpel.edu.br\/pesquisacidadesmedias\/files\/2026\/02\/WALK-BAGE-01-scaled.png\" alt=\"\" width=\"2560\" height=\"682\" srcset=\"https:\/\/wp.ufpel.edu.br\/pesquisacidadesmedias\/files\/2026\/02\/WALK-BAGE-01-scaled.png 2560w, https:\/\/wp.ufpel.edu.br\/pesquisacidadesmedias\/files\/2026\/02\/WALK-BAGE-01-400x107.png 400w, https:\/\/wp.ufpel.edu.br\/pesquisacidadesmedias\/files\/2026\/02\/WALK-BAGE-01-1024x273.png 1024w, https:\/\/wp.ufpel.edu.br\/pesquisacidadesmedias\/files\/2026\/02\/WALK-BAGE-01-768x205.png 768w, https:\/\/wp.ufpel.edu.br\/pesquisacidadesmedias\/files\/2026\/02\/WALK-BAGE-01-1536x409.png 1536w, https:\/\/wp.ufpel.edu.br\/pesquisacidadesmedias\/files\/2026\/02\/WALK-BAGE-01-2048x546.png 2048w, https:\/\/wp.ufpel.edu.br\/pesquisacidadesmedias\/files\/2026\/02\/WALK-BAGE-01-1200x320.png 1200w\" sizes=\"auto, (max-width: 709px) 85vw, (max-width: 909px) 67vw, (max-width: 1362px) 62vw, 840px\" \/><\/p>\n<p style=\"text-align: center;\">Registros dos walkthrough realizados pela equipe de pesquisa durante a visita \u00e0 Bag\u00e9 no m\u00eas de junho de 2024.<\/p>\n<p><img loading=\"lazy\" decoding=\"async\" class=\"alignnone size-full wp-image-273\" src=\"https:\/\/wp.ufpel.edu.br\/pesquisacidadesmedias\/files\/2026\/02\/bage-2025-scaled.png\" alt=\"\" width=\"2560\" height=\"956\" srcset=\"https:\/\/wp.ufpel.edu.br\/pesquisacidadesmedias\/files\/2026\/02\/bage-2025-scaled.png 2560w, https:\/\/wp.ufpel.edu.br\/pesquisacidadesmedias\/files\/2026\/02\/bage-2025-400x149.png 400w, https:\/\/wp.ufpel.edu.br\/pesquisacidadesmedias\/files\/2026\/02\/bage-2025-1024x382.png 1024w, https:\/\/wp.ufpel.edu.br\/pesquisacidadesmedias\/files\/2026\/02\/bage-2025-768x287.png 768w, https:\/\/wp.ufpel.edu.br\/pesquisacidadesmedias\/files\/2026\/02\/bage-2025-1536x574.png 1536w, https:\/\/wp.ufpel.edu.br\/pesquisacidadesmedias\/files\/2026\/02\/bage-2025-2048x765.png 2048w, https:\/\/wp.ufpel.edu.br\/pesquisacidadesmedias\/files\/2026\/02\/bage-2025-1200x448.png 1200w\" sizes=\"auto, (max-width: 709px) 85vw, (max-width: 909px) 67vw, (max-width: 1362px) 62vw, 840px\" \/><\/p>\n<p style=\"text-align: center;\">Atividades de walkthrough e grupo focal na visita \u00e0 Bag\u00e9 no m\u00eas de setembro de 2025. A a\u00e7\u00e3o contou com a parceria institucional entre o PROGRAU, o Museu Dom Diogo de Souza, o Centro Universit\u00e1rio da Regi\u00e3o da Campanha (URCAMP), grupo ECOART de Bag\u00e9 e, da Universidade Federal do Pampa (UNIPAMPA).<\/p>\n","protected":false},"excerpt":{"rendered":"<p>Dentro da proposta da pesquisa foram realizadas a\u00e7\u00f5es de aproxima\u00e7\u00e3o \u00e0 popula\u00e7\u00e3o a partir de duas metodologias: Walkthrough e grupos focais. O m\u00e9todo Walkthrough, ou \u201cPercurso Dialogado\u201d, \u00e9 um m\u00e9todo de an\u00e1lise que combina a observa\u00e7\u00e3o direta com entrevista. Durante o Walkthrough, os elementos f\u00edsicos do ambiente servem como est\u00edmulos para que os participantes expressem &hellip; <a href=\"https:\/\/wp.ufpel.edu.br\/pesquisacidadesmedias\/acoes\/\" class=\"more-link\">Continue lendo<span class=\"screen-reader-text\"> &#8220;A\u00e7\u00f5es&#8221;<\/span><\/a><\/p>\n","protected":false},"author":1454,"featured_media":0,"parent":0,"menu_order":0,"comment_status":"closed","ping_status":"closed","template":"","meta":{"footnotes":""},"class_list":["post-264","page","type-page","status-publish","hentry"],"_links":{"self":[{"href":"https:\/\/wp.ufpel.edu.br\/pesquisacidadesmedias\/wp-json\/wp\/v2\/pages\/264","targetHints":{"allow":["GET"]}}],"collection":[{"href":"https:\/\/wp.ufpel.edu.br\/pesquisacidadesmedias\/wp-json\/wp\/v2\/pages"}],"about":[{"href":"https:\/\/wp.ufpel.edu.br\/pesquisacidadesmedias\/wp-json\/wp\/v2\/types\/page"}],"author":[{"embeddable":true,"href":"https:\/\/wp.ufpel.edu.br\/pesquisacidadesmedias\/wp-json\/wp\/v2\/users\/1454"}],"replies":[{"embeddable":true,"href":"https:\/\/wp.ufpel.edu.br\/pesquisacidadesmedias\/wp-json\/wp\/v2\/comments?post=264"}],"version-history":[{"count":3,"href":"https:\/\/wp.ufpel.edu.br\/pesquisacidadesmedias\/wp-json\/wp\/v2\/pages\/264\/revisions"}],"predecessor-version":[{"id":319,"href":"https:\/\/wp.ufpel.edu.br\/pesquisacidadesmedias\/wp-json\/wp\/v2\/pages\/264\/revisions\/319"}],"wp:attachment":[{"href":"https:\/\/wp.ufpel.edu.br\/pesquisacidadesmedias\/wp-json\/wp\/v2\/media?parent=264"}],"curies":[{"name":"wp","href":"https:\/\/api.w.org\/{rel}","templated":true}]}}