{"id":170,"date":"2026-01-14T10:12:55","date_gmt":"2026-01-14T13:12:55","guid":{"rendered":"https:\/\/wp.ufpel.edu.br\/pesquisacidadesmedias\/?page_id=170"},"modified":"2026-01-14T10:12:55","modified_gmt":"2026-01-14T13:12:55","slug":"contato","status":"publish","type":"page","link":"https:\/\/wp.ufpel.edu.br\/pesquisacidadesmedias\/contato\/","title":{"rendered":"Contato"},"content":{"rendered":"<p data-start=\"132\" data-end=\"440\">O <strong data-start=\"134\" data-end=\"160\">Projeto Cidades M\u00e9dias<\/strong> est\u00e1 vinculado ao <strong data-start=\"179\" data-end=\"245\">Programa de P\u00f3s-Gradua\u00e7\u00e3o em Arquitetura e Urbanismo (PROGRAU)<\/strong> da Universidade Federal de Pelotas (UFPel).<br data-start=\"289\" data-end=\"292\" \/>Para informa\u00e7\u00f5es sobre a pesquisa, parcerias acad\u00eamicas, acesso a materiais ou demais esclarecimentos, entre em contato conosco pelos canais abaixo.<\/p>\n<p data-start=\"442\" data-end=\"513\"><strong data-start=\"442\" data-end=\"475\">E-mail do Projeto de Pesquisa<\/strong><br data-start=\"475\" data-end=\"478\" \/>\ud83d\udce7 <a class=\"decorated-link cursor-pointer\" rel=\"noopener\" data-start=\"481\" data-end=\"511\">projetocidadesmedias@gmail.com<\/a><\/p>\n<h5 data-start=\"520\" data-end=\"546\">Coordena\u00e7\u00e3o do PROGRAU<\/h5>\n<p data-start=\"548\" data-end=\"641\"><strong data-start=\"548\" data-end=\"590\">Profa. Dra. Celina Maria Britto Correa<\/strong><br data-start=\"590\" data-end=\"593\" \/>Coordenadora<br data-start=\"605\" data-end=\"608\" \/>\ud83d\udce7 <a class=\"decorated-link cursor-pointer\" rel=\"noopener\" data-start=\"611\" data-end=\"639\">celinabrittocorrea@gmail.com<\/a><\/p>\n<p data-start=\"643\" data-end=\"724\"><strong data-start=\"643\" data-end=\"675\">Profa. Dra. Natalia Naoumova<\/strong><br data-start=\"675\" data-end=\"678\" \/>Coordenadora Adjunta<br data-start=\"698\" data-end=\"701\" \/>\ud83d\udce7 <a class=\"decorated-link cursor-pointer\" rel=\"noopener\" data-start=\"704\" data-end=\"722\">naoumova@gmail.com<\/a><\/p>\n<h5 data-start=\"731\" data-end=\"756\">Secretaria do PROGRAU<\/h5>\n<p data-start=\"758\" data-end=\"817\"><strong data-start=\"758\" data-end=\"786\">Cristiane Dittgen Miritz<\/strong><br data-start=\"786\" data-end=\"789\" \/>\ud83d\udce7 <a class=\"decorated-link cursor-pointer\" rel=\"noopener\" data-start=\"792\" data-end=\"815\">prograu.ufpel@gmail.com<\/a><\/p>\n<p data-start=\"819\" data-end=\"873\"><strong data-start=\"819\" data-end=\"842\">R\u00f3ger Chalmes Braga<\/strong><br data-start=\"842\" data-end=\"845\" \/>\ud83d\udce7 <a class=\"decorated-link cursor-pointer\" rel=\"noopener\" data-start=\"848\" data-end=\"871\">prograu.ufpel@gmail.com<\/a><\/p>\n<h5 data-start=\"880\" data-end=\"906\">Endere\u00e7o Institucional<\/h5>\n<p data-start=\"908\" data-end=\"1146\"><strong data-start=\"908\" data-end=\"974\">Programa de P\u00f3s-Gradua\u00e7\u00e3o em Arquitetura e Urbanismo \u2013 PROGRAU<\/strong><br data-start=\"974\" data-end=\"977\" \/>Faculdade de Arquitetura e Urbanismo<br data-start=\"1013\" data-end=\"1016\" \/>Universidade Federal de Pelotas \u2013 UFPel<br data-start=\"1055\" data-end=\"1058\" \/>Rua Benjamin Constant, n\u00ba 1359<br data-start=\"1088\" data-end=\"1091\" \/>Pelotas \u2013 Rio Grande do Sul \u2013 Brasil<br data-start=\"1127\" data-end=\"1130\" \/>CEP: 96010-020<\/p>\n<p data-start=\"1148\" data-end=\"1181\">\ud83d\udcde Telefone: +55 (53) 3284-5511<\/p>\n","protected":false},"excerpt":{"rendered":"<p>O Projeto Cidades M\u00e9dias est\u00e1 vinculado ao Programa de P\u00f3s-Gradua\u00e7\u00e3o em Arquitetura e Urbanismo (PROGRAU) da Universidade Federal de Pelotas (UFPel).Para informa\u00e7\u00f5es sobre a pesquisa, parcerias acad\u00eamicas, acesso a materiais ou demais esclarecimentos, entre em contato conosco pelos canais abaixo. E-mail do Projeto de Pesquisa\ud83d\udce7 projetocidadesmedias@gmail.com Coordena\u00e7\u00e3o do PROGRAU Profa. Dra. Celina Maria Britto CorreaCoordenadora\ud83d\udce7 &hellip; <a href=\"https:\/\/wp.ufpel.edu.br\/pesquisacidadesmedias\/contato\/\" class=\"more-link\">Continue lendo<span class=\"screen-reader-text\"> &#8220;Contato&#8221;<\/span><\/a><\/p>\n","protected":false},"author":1454,"featured_media":0,"parent":0,"menu_order":0,"comment_status":"closed","ping_status":"closed","template":"","meta":{"footnotes":""},"class_list":["post-170","page","type-page","status-publish","hentry"],"_links":{"self":[{"href":"https:\/\/wp.ufpel.edu.br\/pesquisacidadesmedias\/wp-json\/wp\/v2\/pages\/170","targetHints":{"allow":["GET"]}}],"collection":[{"href":"https:\/\/wp.ufpel.edu.br\/pesquisacidadesmedias\/wp-json\/wp\/v2\/pages"}],"about":[{"href":"https:\/\/wp.ufpel.edu.br\/pesquisacidadesmedias\/wp-json\/wp\/v2\/types\/page"}],"author":[{"embeddable":true,"href":"https:\/\/wp.ufpel.edu.br\/pesquisacidadesmedias\/wp-json\/wp\/v2\/users\/1454"}],"replies":[{"embeddable":true,"href":"https:\/\/wp.ufpel.edu.br\/pesquisacidadesmedias\/wp-json\/wp\/v2\/comments?post=170"}],"version-history":[{"count":1,"href":"https:\/\/wp.ufpel.edu.br\/pesquisacidadesmedias\/wp-json\/wp\/v2\/pages\/170\/revisions"}],"predecessor-version":[{"id":171,"href":"https:\/\/wp.ufpel.edu.br\/pesquisacidadesmedias\/wp-json\/wp\/v2\/pages\/170\/revisions\/171"}],"wp:attachment":[{"href":"https:\/\/wp.ufpel.edu.br\/pesquisacidadesmedias\/wp-json\/wp\/v2\/media?parent=170"}],"curies":[{"name":"wp","href":"https:\/\/api.w.org\/{rel}","templated":true}]}}