{"id":115,"date":"2025-12-31T10:16:24","date_gmt":"2025-12-31T13:16:24","guid":{"rendered":"https:\/\/wp.ufpel.edu.br\/pesquisacidadesmedias\/?page_id=115"},"modified":"2025-12-31T10:38:45","modified_gmt":"2025-12-31T13:38:45","slug":"pelotas","status":"publish","type":"page","link":"https:\/\/wp.ufpel.edu.br\/pesquisacidadesmedias\/pelotas\/","title":{"rendered":"Pelotas"},"content":{"rendered":"<p data-start=\"120\" data-end=\"657\">A cidade de Pelotas localiza-se no sul do estado do Rio Grande do Sul, \u00e0s margens do Canal de S\u00e3o Gon\u00e7alo e da Lagoa dos Patos. Em 1812 a localidade foi elevada \u00e0 categoria de Freguesia de S\u00e3o Francisco de Paula, em 1832 \u00e0 categoria de Vila e, em 1835, \u00e0 cidade de Pelotas. O desenvolvimento econ\u00f4mico da regi\u00e3o teve seu auge no s\u00e9culo XIX, a partir da produ\u00e7\u00e3o da ind\u00fastria saladeiril. Nesse per\u00edodo, diversas charqueadas escravagistas instalaram-se \u00e0s margens dos cursos d\u2019\u00e1gua, em especial no arroio Pelotas e no Canal de S\u00e3o Gon\u00e7alo.<\/p>\n<p data-start=\"659\" data-end=\"1673\">A desobstru\u00e7\u00e3o da foz do Canal de S\u00e3o Gon\u00e7alo possibilitou o embarque do charque na cidade, que antes dependia do translado no porto de Rio Grande. Essa obra impulsionou a atividade portu\u00e1ria na cidade. A instala\u00e7\u00e3o da ferrovia possibilitou a conex\u00e3o entre os dois modais de transporte, ampliando a comunica\u00e7\u00e3o da regi\u00e3o com a campanha ga\u00facha. A instala\u00e7\u00e3o dessas atividades nas margens da cidade configurou uma espacialidade diferenciada nesses locais de borda, de transi\u00e7\u00e3o entre o tecido j\u00e1 consolidado e as \u00e1reas de expans\u00e3o, junto e a partir desses limites urbanos. Nesses locais localiza-se uma parte expressiva do patrim\u00f4nio cultural material e imaterial da regi\u00e3o. Alguns desses bens encontram-se protegidos pelos \u00f3rg\u00e3os de preserva\u00e7\u00e3o. Outros ainda encontram-se \u00e0 margem da salvaguarda oficial. O \u00faltimo censo (2022) indicou uma popula\u00e7\u00e3o de 325.685 habitantes no munic\u00edpio de Pelotas, conforme dados oficiais do Instituto Brasileiro de Geografia e Estat\u00edstica (IBGE).<\/p>\n<h5 data-start=\"659\" data-end=\"1673\">Recorte geogr\u00e1fico da pesquisa<\/h5>\n<p><span style=\"font-weight: 400;\">Paralelamente \u00e0 constru\u00e7\u00e3o de um referencial conceitual para a pesquisa, estabeleceram-se s \u00e0s \u00e1reas a serem estudadas nas duas cidades, Pelotas e Bag\u00e9. Em Pelotas, a equipe de pesquisadores, depois de discutir o material levantado pelo grupo e nos debates, semin\u00e1rios e reuni\u00f5es internas, <\/span><span style=\"font-weight: 400;\">concordaram que a \u00e1rea de pesquisa em Pelotas seria uma zona ao sul da cidade, de maneira a englobar: a margem do Canal S\u00e3o Gon\u00e7alo; o leito da ferrovia (ativa e inativa); e ocupa\u00e7\u00f5es urbanas como as comunidades das Doquinhas, Passo dos Negros e bairro Sim\u00f5es Lopes (ilustrados no mapa abaixo); esse \u00faltimo escolhido como zona piloto &#8211; isto \u00e9, a primeira regi\u00e3o a serem aplicados os instrumentos de pesquisa.<\/span><\/p>\n<p><span style=\"font-weight: 400;\">\u00c9 importante ressaltar que a escolha por essa regi\u00e3o no bairro Sim\u00f5es Lopes, em Pelotas, ocorreu pela complexidade espacial e social do lugar e pela multiplicidade de quest\u00f5es a serem investigadas ali. <\/span><span style=\"font-weight: 400;\">Por um lado, h\u00e1 a linha f\u00e9rrea e constru\u00e7\u00f5es pertinentes que trazem a quest\u00e3o do patrim\u00f4nio material e imaterial, incluindo a mem\u00f3ria do lugar, aspectos hist\u00f3ricos e intergeracionais. Por outro, a zona tamb\u00e9m possibilita o aprofundamento de temas contempor\u00e2neos referentes \u00e0 produ\u00e7\u00e3o do espa\u00e7o, no sentido Lefebvriano do termo, como o uso formal\/informal do territ\u00f3rio, a apropria\u00e7\u00e3o do ambiente constru\u00eddo, a presen\u00e7a do estado na regi\u00e3o e a rela\u00e7\u00e3o entre qualidade espacial e promo\u00e7\u00e3o de pol\u00edticas p\u00fablicas.\u00a0<\/span><\/p>\n<figure id=\"attachment_116\" aria-describedby=\"caption-attachment-116\" style=\"width: 2560px\" class=\"wp-caption aligncenter\"><img loading=\"lazy\" decoding=\"async\" class=\"size-full wp-image-116\" src=\"https:\/\/wp.ufpel.edu.br\/pesquisacidadesmedias\/files\/2025\/12\/PCM_area-de-estudo-pelotas_localizacao-scaled.png\" alt=\"\" width=\"2560\" height=\"1810\" srcset=\"https:\/\/wp.ufpel.edu.br\/pesquisacidadesmedias\/files\/2025\/12\/PCM_area-de-estudo-pelotas_localizacao-scaled.png 2560w, https:\/\/wp.ufpel.edu.br\/pesquisacidadesmedias\/files\/2025\/12\/PCM_area-de-estudo-pelotas_localizacao-400x283.png 400w, https:\/\/wp.ufpel.edu.br\/pesquisacidadesmedias\/files\/2025\/12\/PCM_area-de-estudo-pelotas_localizacao-1024x724.png 1024w, https:\/\/wp.ufpel.edu.br\/pesquisacidadesmedias\/files\/2025\/12\/PCM_area-de-estudo-pelotas_localizacao-768x543.png 768w, https:\/\/wp.ufpel.edu.br\/pesquisacidadesmedias\/files\/2025\/12\/PCM_area-de-estudo-pelotas_localizacao-1536x1086.png 1536w, https:\/\/wp.ufpel.edu.br\/pesquisacidadesmedias\/files\/2025\/12\/PCM_area-de-estudo-pelotas_localizacao-2048x1448.png 2048w, https:\/\/wp.ufpel.edu.br\/pesquisacidadesmedias\/files\/2025\/12\/PCM_area-de-estudo-pelotas_localizacao-1200x849.png 1200w\" sizes=\"auto, (max-width: 709px) 85vw, (max-width: 909px) 67vw, (max-width: 1362px) 62vw, 840px\" \/><figcaption id=\"caption-attachment-116\" class=\"wp-caption-text\">Mapa das \u00e1reas de estudos de Pelotas<\/figcaption><\/figure>\n<p><span style=\"font-weight: 400;\">Por fim, mas n\u00e3o menos importante, o recorte geogr\u00e1fico da pesquisa tamb\u00e9m abrange algumas das \u00e1reas da cidade que sofreram com as enchentes de maio de 2024 ou que foram demarcadas como \u00e1rea de risco para alagamentos. As \u00e1reas em destaque, dentre outras urg\u00eancias, evidenciam, portanto, a import\u00e2ncia da inclus\u00e3o tamb\u00e9m de aspectos ambientais e clim\u00e1ticos na pesquisa.<\/span><\/p>\n<div class=\"mceTemp\"><\/div>\n","protected":false},"excerpt":{"rendered":"<p>A cidade de Pelotas localiza-se no sul do estado do Rio Grande do Sul, \u00e0s margens do Canal de S\u00e3o Gon\u00e7alo e da Lagoa dos Patos. Em 1812 a localidade foi elevada \u00e0 categoria de Freguesia de S\u00e3o Francisco de Paula, em 1832 \u00e0 categoria de Vila e, em 1835, \u00e0 cidade de Pelotas. O &hellip; <a href=\"https:\/\/wp.ufpel.edu.br\/pesquisacidadesmedias\/pelotas\/\" class=\"more-link\">Continue lendo<span class=\"screen-reader-text\"> &#8220;Pelotas&#8221;<\/span><\/a><\/p>\n","protected":false},"author":1454,"featured_media":0,"parent":0,"menu_order":0,"comment_status":"closed","ping_status":"closed","template":"","meta":{"footnotes":""},"class_list":["post-115","page","type-page","status-publish","hentry"],"_links":{"self":[{"href":"https:\/\/wp.ufpel.edu.br\/pesquisacidadesmedias\/wp-json\/wp\/v2\/pages\/115","targetHints":{"allow":["GET"]}}],"collection":[{"href":"https:\/\/wp.ufpel.edu.br\/pesquisacidadesmedias\/wp-json\/wp\/v2\/pages"}],"about":[{"href":"https:\/\/wp.ufpel.edu.br\/pesquisacidadesmedias\/wp-json\/wp\/v2\/types\/page"}],"author":[{"embeddable":true,"href":"https:\/\/wp.ufpel.edu.br\/pesquisacidadesmedias\/wp-json\/wp\/v2\/users\/1454"}],"replies":[{"embeddable":true,"href":"https:\/\/wp.ufpel.edu.br\/pesquisacidadesmedias\/wp-json\/wp\/v2\/comments?post=115"}],"version-history":[{"count":4,"href":"https:\/\/wp.ufpel.edu.br\/pesquisacidadesmedias\/wp-json\/wp\/v2\/pages\/115\/revisions"}],"predecessor-version":[{"id":127,"href":"https:\/\/wp.ufpel.edu.br\/pesquisacidadesmedias\/wp-json\/wp\/v2\/pages\/115\/revisions\/127"}],"wp:attachment":[{"href":"https:\/\/wp.ufpel.edu.br\/pesquisacidadesmedias\/wp-json\/wp\/v2\/media?parent=115"}],"curies":[{"name":"wp","href":"https:\/\/api.w.org\/{rel}","templated":true}]}}