{"id":873,"date":"2020-10-30T16:02:20","date_gmt":"2020-10-30T19:02:20","guid":{"rendered":"https:\/\/wp.ufpel.edu.br\/perguntas\/?page_id=873"},"modified":"2020-10-30T16:02:20","modified_gmt":"2020-10-30T19:02:20","slug":"protocolo-e-arquivo","status":"publish","type":"page","link":"https:\/\/wp.ufpel.edu.br\/perguntas\/protocolo-e-arquivo\/","title":{"rendered":"Protocolo e Arquivo"},"content":{"rendered":"<ul class=\"lcp_catlist\" id=\"lcp_instance_0\"><li><a href=\"https:\/\/wp.ufpel.edu.br\/perguntas\/01-quem-e-o-usuario-externo-do-sei-o-que-e-permitido-ao-usuario-externo-realizar-dentro-do-sei\/\">01. Quem \u00e9 o Usu\u00e1rio Externo do SEI? O que \u00e9 permitido ao Usu\u00e1rio Externo realizar dentro do SEI?<\/a><\/li><li><a href=\"https:\/\/wp.ufpel.edu.br\/perguntas\/02-como-ocorre-o-cadastro-do-usuario-externo\/\">02. Como ocorre o Cadastro do Usu\u00e1rio Externo?<\/a><\/li><li><a href=\"https:\/\/wp.ufpel.edu.br\/perguntas\/03-como-encaminhar-correspondencias-e-ou-encomendas-para-os-correios\/\">03. Como encaminhar correspond\u00eancias e\/ou encomendas para os Correios?<\/a><\/li><li><a href=\"https:\/\/wp.ufpel.edu.br\/perguntas\/04-como-acompanhar-o-envio-de-correspondencias-e-ou-encomendas\/\">04. Como acompanhar o envio de correspond\u00eancias e\/ou encomendas?<\/a><\/li><li><a href=\"https:\/\/wp.ufpel.edu.br\/perguntas\/06-como-acompanhar-o-recebimento-de-correspondencias-e-ou-encomendas\/\">06. Como acompanhar o recebimento de correspond\u00eancias e\/ou encomendas?<\/a><\/li><\/ul>\n\n\n\n<div class=\"wp-block-group solicitar-atendimento\"><div class=\"wp-block-group__inner-container is-layout-flow wp-block-group-is-layout-flow\">\n<h2 class=\"wp-block-heading\">N\u00e3o encontrou a resposta?<\/h2>\n\n\n\n<p>Solicite atendimento clicando no bot\u00e3o abaixo:<\/p>\n\n\n\n<div class=\"wp-block-buttons has-custom-font-size has-medium-font-size is-content-justification-center is-layout-flex wp-container-core-buttons-is-layout-16018d1d wp-block-buttons-is-layout-flex\">\n<div class=\"wp-block-button\"><a class=\"wp-block-button__link wp-element-button\" href=\"https:\/\/wp.ufpel.edu.br\/perguntas\/solicitar-atendimento\/\">SOLICITAR ATENDIMENTO<\/a><\/div>\n<\/div>\n<\/div><\/div>\n\n\n\n<p><\/p>\n","protected":false},"excerpt":{"rendered":"","protected":false},"author":20,"featured_media":0,"parent":0,"menu_order":0,"comment_status":"closed","ping_status":"closed","template":"","meta":{"footnotes":""},"class_list":["post-873","page","type-page","status-publish","hentry"],"jetpack_sharing_enabled":true,"_links":{"self":[{"href":"https:\/\/wp.ufpel.edu.br\/perguntas\/wp-json\/wp\/v2\/pages\/873","targetHints":{"allow":["GET"]}}],"collection":[{"href":"https:\/\/wp.ufpel.edu.br\/perguntas\/wp-json\/wp\/v2\/pages"}],"about":[{"href":"https:\/\/wp.ufpel.edu.br\/perguntas\/wp-json\/wp\/v2\/types\/page"}],"author":[{"embeddable":true,"href":"https:\/\/wp.ufpel.edu.br\/perguntas\/wp-json\/wp\/v2\/users\/20"}],"replies":[{"embeddable":true,"href":"https:\/\/wp.ufpel.edu.br\/perguntas\/wp-json\/wp\/v2\/comments?post=873"}],"version-history":[{"count":1,"href":"https:\/\/wp.ufpel.edu.br\/perguntas\/wp-json\/wp\/v2\/pages\/873\/revisions"}],"predecessor-version":[{"id":875,"href":"https:\/\/wp.ufpel.edu.br\/perguntas\/wp-json\/wp\/v2\/pages\/873\/revisions\/875"}],"wp:attachment":[{"href":"https:\/\/wp.ufpel.edu.br\/perguntas\/wp-json\/wp\/v2\/media?parent=873"}],"curies":[{"name":"wp","href":"https:\/\/api.w.org\/{rel}","templated":true}]}}