{"id":869,"date":"2020-10-30T16:01:47","date_gmt":"2020-10-30T19:01:47","guid":{"rendered":"https:\/\/wp.ufpel.edu.br\/perguntas\/?page_id=869"},"modified":"2020-10-30T16:01:47","modified_gmt":"2020-10-30T19:01:47","slug":"patrimonio","status":"publish","type":"page","link":"https:\/\/wp.ufpel.edu.br\/perguntas\/patrimonio\/","title":{"rendered":"Patrim\u00f4nio"},"content":{"rendered":"<ul class=\"lcp_catlist\" id=\"lcp_instance_0\"><li><a href=\"https:\/\/wp.ufpel.edu.br\/perguntas\/01-qual-a-diferenca-entre-bem-permanente-e-de-consumo\/\">01. Qual a diferen\u00e7a entre bem permanente e de consumo?<\/a><\/li><li><a href=\"https:\/\/wp.ufpel.edu.br\/perguntas\/2-recebi-um-equipamento-e-nota-fiscal-na-minha-unidade-como-proceder\/\">02. Recebi um equipamento e Nota Fiscal na minha unidade. Como proceder?<\/a><\/li><li><a href=\"https:\/\/wp.ufpel.edu.br\/perguntas\/03-por-que-os-bens-da-ufpel-precisam-ser-tombados\/\">03. Por que os bens da UFPel precisam ser tombados?<\/a><\/li><li><a href=\"https:\/\/wp.ufpel.edu.br\/perguntas\/04-o-que-significa-um-placa-numerada-em-um-bem\/\">04. O que significa um placa numerada em um bem?<\/a><\/li><li><a href=\"https:\/\/wp.ufpel.edu.br\/perguntas\/05-encontrei-uma-placa-com-numero-de-tombamento-o-que-faco-com-ela\/\">05. Encontrei uma placa com n\u00famero de tombamento. O que fa\u00e7o com ela?<\/a><\/li><li><a href=\"https:\/\/wp.ufpel.edu.br\/perguntas\/6-o-setor-proximo-ao-meu-precisa-de-um-equipamento-que-o-meu-setor-possui-e-nao-utiliza-posso-transferir-este-equipamento-para-la\/\">06. O setor pr\u00f3ximo ao meu precisa de um equipamento que o meu setor possui e n\u00e3o utiliza. Posso transferir este equipamento para l\u00e1?<\/a><\/li><li><a href=\"https:\/\/wp.ufpel.edu.br\/perguntas\/7-necessito-retirar-um-bem-permanente-da-ufpel-para-conserto-ou-para-ser-utilizado-em-outro-local-como-proceder\/\">07. Necessito retirar um bem permanente da UFPel para conserto ou para ser utilizado em outro local. Como proceder?<\/a><\/li><li><a href=\"https:\/\/wp.ufpel.edu.br\/perguntas\/8-identifiquei-que-um-determinado-bem-esta-sob-minha-responsabilidade-desapareceu-extraviou-ou-foi-furtado-o-que-fazer\/\">08. Identifiquei que um determinado bem est\u00e1 sob minha responsabilidade desapareceu, extraviou ou foi furtado. O que fazer?<\/a><\/li><li><a href=\"https:\/\/wp.ufpel.edu.br\/perguntas\/9-identifiquei-que-um-determinado-bem-esta-sob-minha-responsabilidade-e-foi-danificado-como-proceder\/\">09. Identifiquei que um determinado bem est\u00e1 sob minha responsabilidade e foi danificado. Como proceder?<\/a><\/li><li><a href=\"https:\/\/wp.ufpel.edu.br\/perguntas\/10-tenho-interesse-que-meu-curso-departamento-receba-um-ou-mais-bens-em-doacao-de-um-determinado-orgao-como-proceder\/\">10. Tenho interesse que meu curso\/departamento receba um ou mais bens em doa\u00e7\u00e3o de um determinado \u00f3rg\u00e3o, como proceder?<\/a><\/li><li><a href=\"https:\/\/wp.ufpel.edu.br\/perguntas\/11-o-que-e-comodato-ou-cessao\/\">11. O que \u00e9 comodato (ou cess\u00e3o)?<\/a><\/li><li><a href=\"https:\/\/wp.ufpel.edu.br\/perguntas\/12-preciso-receber-um-bem-em-comodato-como-proceder\/\">12. Preciso receber um bem  em comodato, como proceder?<\/a><\/li><li><a href=\"https:\/\/wp.ufpel.edu.br\/perguntas\/13-os-bens-de-projetos-de-pesquisas-devem-ser-incorporados-ao-patrimonio-da-universidade\/\">13. Os bens de projetos de pesquisas devem ser incorporados ao patrim\u00f4nio da universidade?<\/a><\/li><li><a href=\"https:\/\/wp.ufpel.edu.br\/perguntas\/14-o-que-e-urdb-unidade-de-recolhimento-e-desfazimento-de-bens-permanentes\/\">14. O que \u00e9 URDB (Unidade de Recolhimento e Desfazimento de Bens Permanentes)?<\/a><\/li><li><a href=\"https:\/\/wp.ufpel.edu.br\/perguntas\/15-se-um-bem-estiver-sob-minha-responsabilidade-e-caso-nao-tenha-mais-utilidade-ou-esta-obsoleto-o-que-fazer\/\">15. Se um bem estiver sob minha responsabilidade e caso n\u00e3o tenha mais utilidade ou est\u00e1 obsoleto, o que fazer?<\/a><\/li><li><a href=\"https:\/\/wp.ufpel.edu.br\/perguntas\/16-encontrei-no-lixo-bens-permanentes-da-universidade-devo-avisar-a-alguem\/\">16. Encontrei no lixo bens permanentes da universidade. Devo avisar a algu\u00e9m?<\/a><\/li><li><a href=\"https:\/\/wp.ufpel.edu.br\/perguntas\/17-e-possivel-descartar-um-equipamento-que-nao-tem-mais-utilidade-ou-conserto\/\">17. \u00c9 poss\u00edvel descartar um equipamento que n\u00e3o tem mais utilidade ou conserto?<\/a><\/li><li><a href=\"https:\/\/wp.ufpel.edu.br\/perguntas\/18-e-possivel-solicitar-bens-a-urdb-unidade-de-recolhimento-e-desfazimento-de-bens-permanentes\/\">18. \u00c9 poss\u00edvel solicitar bens \u00e0 URDB (Unidade de Recolhimento e Desfazimento de Bens Permanentes)?<\/a><\/li><li><a href=\"https:\/\/wp.ufpel.edu.br\/perguntas\/19-como-solicitar-recolhimento-de-bens-a-urdb-unidade-de-recolhimento-e-desfazimento-de-bens-permanentes\/\">19. Como solicitar recolhimento de bens \u00e0 URDB (Unidade de Recolhimento e Desfazimento de Bens Permanentes)?<\/a><\/li><li><a href=\"https:\/\/wp.ufpel.edu.br\/perguntas\/20-necessito-de-uma-copia-de-certidao-de-imovel-como-proceder\/\">20. Necessito de uma c\u00f3pia de certid\u00e3o de im\u00f3vel. Como proceder?<\/a><\/li><li><a href=\"https:\/\/wp.ufpel.edu.br\/perguntas\/21-recebi-carne-de-iptu-ou-qualquer-outro-tipo-de-cobranca-relacionada-ao-imovel-em-minha-unidade-o-que-fazer\/\">21. Recebi carn\u00ea de IPTU ou qualquer outro tipo de cobran\u00e7a relacionada ao im\u00f3vel em minha unidade. O que fazer?<\/a><\/li><li><a href=\"https:\/\/wp.ufpel.edu.br\/perguntas\/22-o-que-sao-semoventes-o-que-fazer-quando-ocorrer-o-nascimento-ou-a-morte-de-um-semovente\/\">22. O que s\u00e3o semoventes? O que fazer quando ocorrer o nascimento ou a morte de um semovente?<\/a><\/li><\/ul>\n\n\n\n<div class=\"wp-block-group solicitar-atendimento\"><div class=\"wp-block-group__inner-container is-layout-flow wp-block-group-is-layout-flow\">\n<h2 class=\"wp-block-heading\">N\u00e3o encontrou a resposta?<\/h2>\n\n\n\n<p>Solicite atendimento clicando no bot\u00e3o abaixo:<\/p>\n\n\n\n<div class=\"wp-block-buttons has-custom-font-size has-medium-font-size is-content-justification-center is-layout-flex wp-container-core-buttons-is-layout-16018d1d wp-block-buttons-is-layout-flex\">\n<div class=\"wp-block-button\"><a class=\"wp-block-button__link wp-element-button\" href=\"https:\/\/wp.ufpel.edu.br\/perguntas\/solicitar-atendimento\/\">SOLICITAR ATENDIMENTO<\/a><\/div>\n<\/div>\n<\/div><\/div>\n\n\n\n<p><\/p>\n","protected":false},"excerpt":{"rendered":"","protected":false},"author":20,"featured_media":0,"parent":0,"menu_order":0,"comment_status":"closed","ping_status":"closed","template":"","meta":{"footnotes":""},"class_list":["post-869","page","type-page","status-publish","hentry"],"jetpack_sharing_enabled":true,"_links":{"self":[{"href":"https:\/\/wp.ufpel.edu.br\/perguntas\/wp-json\/wp\/v2\/pages\/869","targetHints":{"allow":["GET"]}}],"collection":[{"href":"https:\/\/wp.ufpel.edu.br\/perguntas\/wp-json\/wp\/v2\/pages"}],"about":[{"href":"https:\/\/wp.ufpel.edu.br\/perguntas\/wp-json\/wp\/v2\/types\/page"}],"author":[{"embeddable":true,"href":"https:\/\/wp.ufpel.edu.br\/perguntas\/wp-json\/wp\/v2\/users\/20"}],"replies":[{"embeddable":true,"href":"https:\/\/wp.ufpel.edu.br\/perguntas\/wp-json\/wp\/v2\/comments?post=869"}],"version-history":[{"count":1,"href":"https:\/\/wp.ufpel.edu.br\/perguntas\/wp-json\/wp\/v2\/pages\/869\/revisions"}],"predecessor-version":[{"id":871,"href":"https:\/\/wp.ufpel.edu.br\/perguntas\/wp-json\/wp\/v2\/pages\/869\/revisions\/871"}],"wp:attachment":[{"href":"https:\/\/wp.ufpel.edu.br\/perguntas\/wp-json\/wp\/v2\/media?parent=869"}],"curies":[{"name":"wp","href":"https:\/\/api.w.org\/{rel}","templated":true}]}}