{"id":661,"date":"2020-09-08T15:19:51","date_gmt":"2020-09-08T18:19:51","guid":{"rendered":"https:\/\/wp.ufpel.edu.br\/perguntas\/?page_id=661"},"modified":"2021-04-06T17:32:01","modified_gmt":"2021-04-06T20:32:01","slug":"servicos-terceirizados","status":"publish","type":"page","link":"https:\/\/wp.ufpel.edu.br\/perguntas\/servicos-terceirizados\/","title":{"rendered":"Servi\u00e7os Terceirizados"},"content":{"rendered":"<ul class=\"lcp_catlist\" id=\"lcp_instance_0\"><li><a href=\"https:\/\/wp.ufpel.edu.br\/perguntas\/como-faco-para-falar-sobre-servicos-terceirizados\/\">Como fa\u00e7o para falar sobre Servi\u00e7os Terceirizados?<\/a><\/li><li><a href=\"https:\/\/wp.ufpel.edu.br\/perguntas\/como-faco-para-trabalhar-nas-empresas-de-servicos-terceirizados-na-ufpel\/\">Como fa\u00e7o para trabalhar nas empresas de servi\u00e7os terceirizados na UFPel?<\/a><\/li><li><a href=\"https:\/\/wp.ufpel.edu.br\/perguntas\/o-que-e-a-vedacao-ao-nepotismo-no-ambito-dos-contratos-terceirizados-da-ufpel\/\">O que \u00e9 a veda\u00e7\u00e3o ao nepotismo no \u00e2mbito dos contratos terceirizados da UFPel?<\/a><\/li><li><a href=\"https:\/\/wp.ufpel.edu.br\/perguntas\/o-que-sao-atos-de-ingerencia-na-administracao-da-contratada\/\">O que s\u00e3o atos de inger\u00eancia na administra\u00e7\u00e3o da contratada?<\/a><\/li><li><a href=\"https:\/\/wp.ufpel.edu.br\/perguntas\/o-que-sao-servicos-terceirizados-com-regime-de-dedicacao-exclusiva-de-mao-de-obra\/\">O que s\u00e3o servi\u00e7os terceirizados com regime de dedica\u00e7\u00e3o exclusiva de m\u00e3o de obra?<\/a><\/li><li><a href=\"https:\/\/wp.ufpel.edu.br\/perguntas\/posso-liberar-os-funcionarios-terceirizados-em-pontos-facultativos\/\">Posso liberar os funcion\u00e1rios terceirizados em Pontos Facultativos?<\/a><\/li><li><a href=\"https:\/\/wp.ufpel.edu.br\/perguntas\/preciso-fazer-ajustes-na-execucao-dos-servicos-terceirizados-com-dedicacao-exclusiva-de-mao-de-obra-na-minha-unidade-como-devo-proceder\/\">Preciso fazer ajustes na execu\u00e7\u00e3o dos servi\u00e7os terceirizados com dedica\u00e7\u00e3o exclusiva de m\u00e3o de obra na minha Unidade, como devo proceder?<\/a><\/li><\/ul>\n\n\n\n<div class=\"wp-block-group solicitar-atendimento\"><div class=\"wp-block-group__inner-container is-layout-flow wp-block-group-is-layout-flow\">\n<h2 class=\"wp-block-heading\">N\u00e3o encontrou a resposta?<\/h2>\n\n\n\n<p>Solicite atendimento clicando no bot\u00e3o abaixo:<\/p>\n\n\n\n<div class=\"wp-block-buttons has-custom-font-size has-medium-font-size is-content-justification-center is-layout-flex wp-container-core-buttons-is-layout-16018d1d wp-block-buttons-is-layout-flex\">\n<div class=\"wp-block-button\"><a class=\"wp-block-button__link wp-element-button\" href=\"https:\/\/wp.ufpel.edu.br\/perguntas\/solicitar-atendimento\/\">SOLICITAR ATENDIMENTO<\/a><\/div>\n<\/div>\n<\/div><\/div>\n\n\n\n<p><\/p>\n","protected":false},"excerpt":{"rendered":"","protected":false},"author":20,"featured_media":0,"parent":0,"menu_order":0,"comment_status":"closed","ping_status":"closed","template":"","meta":{"footnotes":""},"class_list":["post-661","page","type-page","status-publish","hentry"],"jetpack_sharing_enabled":true,"_links":{"self":[{"href":"https:\/\/wp.ufpel.edu.br\/perguntas\/wp-json\/wp\/v2\/pages\/661","targetHints":{"allow":["GET"]}}],"collection":[{"href":"https:\/\/wp.ufpel.edu.br\/perguntas\/wp-json\/wp\/v2\/pages"}],"about":[{"href":"https:\/\/wp.ufpel.edu.br\/perguntas\/wp-json\/wp\/v2\/types\/page"}],"author":[{"embeddable":true,"href":"https:\/\/wp.ufpel.edu.br\/perguntas\/wp-json\/wp\/v2\/users\/20"}],"replies":[{"embeddable":true,"href":"https:\/\/wp.ufpel.edu.br\/perguntas\/wp-json\/wp\/v2\/comments?post=661"}],"version-history":[{"count":2,"href":"https:\/\/wp.ufpel.edu.br\/perguntas\/wp-json\/wp\/v2\/pages\/661\/revisions"}],"predecessor-version":[{"id":1359,"href":"https:\/\/wp.ufpel.edu.br\/perguntas\/wp-json\/wp\/v2\/pages\/661\/revisions\/1359"}],"wp:attachment":[{"href":"https:\/\/wp.ufpel.edu.br\/perguntas\/wp-json\/wp\/v2\/media?parent=661"}],"curies":[{"name":"wp","href":"https:\/\/api.w.org\/{rel}","templated":true}]}}