{"id":612,"date":"2020-09-08T10:49:06","date_gmt":"2020-09-08T13:49:06","guid":{"rendered":"https:\/\/wp.ufpel.edu.br\/perguntas\/?page_id=612"},"modified":"2021-04-06T17:32:54","modified_gmt":"2021-04-06T20:32:54","slug":"sistemas","status":"publish","type":"page","link":"https:\/\/wp.ufpel.edu.br\/perguntas\/tecnologia-da-informacao\/sistemas\/","title":{"rendered":"Sistemas"},"content":{"rendered":"<ul class=\"lcp_catlist\" id=\"lcp_instance_0\"><li><a href=\"https:\/\/wp.ufpel.edu.br\/perguntas\/pergamum-acesso-ao-sistema-da-biblioteca\/\">Acesso ao sistema da biblioteca (Pergamum)<\/a><\/li><li><a href=\"https:\/\/wp.ufpel.edu.br\/perguntas\/como-configurar-o-openvpn-para-acessar-a-rede-da-ufpel-atraves-de-vpn-no-mac\/\">Como configurar o OpenVPN para acessar a rede da UFPel atrav\u00e9s de VPN no Mac<\/a><\/li><li><a href=\"https:\/\/wp.ufpel.edu.br\/perguntas\/como-gerar-meu-certificado-gratuito-icp-edu\/\">Como gerar Certificado Digital Pessoal ICPEdu RNP<\/a><\/li><li><a href=\"https:\/\/wp.ufpel.edu.br\/perguntas\/como-usar-o-microsoft-office-365-educational-gratis\/\">Como usar o Microsoft Office 365 Educational gr\u00e1tis<\/a><\/li><li><a href=\"https:\/\/wp.ufpel.edu.br\/perguntas\/como-usar-o-proxy-ufpel\/\">Como usar o Proxy UFPel<\/a><\/li><li><a href=\"https:\/\/wp.ufpel.edu.br\/perguntas\/como-usar-o-servico-docs-ufpel\/\">Como usar o servi\u00e7o Docs.UFPel<\/a><\/li><li><a href=\"https:\/\/wp.ufpel.edu.br\/perguntas\/nao-recebi-e-mail-com-os-dados-para-a-votacao\/\">N\u00c3O RECEBI E-MAIL COM OS DADOS PARA A VOTA\u00c7\u00c3O<\/a><\/li><li><a href=\"https:\/\/wp.ufpel.edu.br\/perguntas\/quem-pode-usar-o-servico-docs-ufpel\/\">Quem pode usar o servi\u00e7o docs.ufpel<\/a><\/li><li><a href=\"https:\/\/wp.ufpel.edu.br\/perguntas\/senha-vulneravel\/\">Senha vulner\u00e1vel<\/a><\/li><li><a href=\"https:\/\/wp.ufpel.edu.br\/perguntas\/sie-como-acessar-o-sistema-de-almoxarifado\/\">SIE &#8211; como acessar o sistema de almoxarifado<\/a><\/li><\/ul>\n\n\n\n<div class=\"wp-block-group solicitar-atendimento\"><div class=\"wp-block-group__inner-container is-layout-flow wp-block-group-is-layout-flow\">\n<h2 class=\"wp-block-heading\">N\u00e3o encontrou a resposta?<\/h2>\n\n\n\n<p>Solicite atendimento clicando no bot\u00e3o abaixo:<\/p>\n\n\n\n<div class=\"wp-block-buttons has-custom-font-size has-medium-font-size is-content-justification-center is-layout-flex wp-container-core-buttons-is-layout-16018d1d wp-block-buttons-is-layout-flex\">\n<div class=\"wp-block-button\"><a class=\"wp-block-button__link wp-element-button\" href=\"https:\/\/wp.ufpel.edu.br\/perguntas\/solicitar-atendimento\/\">SOLICITAR ATENDIMENTO<\/a><\/div>\n<\/div>\n<\/div><\/div>\n\n\n\n<p><\/p>\n","protected":false},"excerpt":{"rendered":"","protected":false},"author":20,"featured_media":0,"parent":219,"menu_order":0,"comment_status":"closed","ping_status":"closed","template":"","meta":{"footnotes":""},"class_list":["post-612","page","type-page","status-publish","hentry"],"jetpack_sharing_enabled":true,"_links":{"self":[{"href":"https:\/\/wp.ufpel.edu.br\/perguntas\/wp-json\/wp\/v2\/pages\/612","targetHints":{"allow":["GET"]}}],"collection":[{"href":"https:\/\/wp.ufpel.edu.br\/perguntas\/wp-json\/wp\/v2\/pages"}],"about":[{"href":"https:\/\/wp.ufpel.edu.br\/perguntas\/wp-json\/wp\/v2\/types\/page"}],"author":[{"embeddable":true,"href":"https:\/\/wp.ufpel.edu.br\/perguntas\/wp-json\/wp\/v2\/users\/20"}],"replies":[{"embeddable":true,"href":"https:\/\/wp.ufpel.edu.br\/perguntas\/wp-json\/wp\/v2\/comments?post=612"}],"version-history":[{"count":5,"href":"https:\/\/wp.ufpel.edu.br\/perguntas\/wp-json\/wp\/v2\/pages\/612\/revisions"}],"predecessor-version":[{"id":1363,"href":"https:\/\/wp.ufpel.edu.br\/perguntas\/wp-json\/wp\/v2\/pages\/612\/revisions\/1363"}],"up":[{"embeddable":true,"href":"https:\/\/wp.ufpel.edu.br\/perguntas\/wp-json\/wp\/v2\/pages\/219"}],"wp:attachment":[{"href":"https:\/\/wp.ufpel.edu.br\/perguntas\/wp-json\/wp\/v2\/media?parent=612"}],"curies":[{"name":"wp","href":"https:\/\/api.w.org\/{rel}","templated":true}]}}