{"id":602,"date":"2020-09-08T10:28:37","date_gmt":"2020-09-08T13:28:37","guid":{"rendered":"https:\/\/wp.ufpel.edu.br\/perguntas\/?page_id=602"},"modified":"2021-04-06T17:33:00","modified_gmt":"2021-04-06T20:33:00","slug":"webconferencia","status":"publish","type":"page","link":"https:\/\/wp.ufpel.edu.br\/perguntas\/tecnologia-da-informacao\/webconferencia\/","title":{"rendered":"Webconfer\u00eancia"},"content":{"rendered":"<ul class=\"lcp_catlist\" id=\"lcp_instance_0\"><li><a href=\"https:\/\/wp.ufpel.edu.br\/perguntas\/webconf-como-criar-uma-sala-de-web-conferencia\/\">Como criar uma sala de web confer\u00eancia<\/a><\/li><li><a href=\"https:\/\/wp.ufpel.edu.br\/perguntas\/como-fazer-download-de-uma-webconf-gravada\/\">Como fazer download de uma webconf gravada<\/a><\/li><li><a href=\"https:\/\/wp.ufpel.edu.br\/perguntas\/como-visualizar-uma-webconf-gravada\/\">Como visualizar uma webconf gravada<\/a><\/li><li><a href=\"https:\/\/wp.ufpel.edu.br\/perguntas\/problema-no-microfone-webconf-erro-ice1007\/\">Problema no microfone webconf (erro ICE1007)<\/a><\/li><li><a href=\"https:\/\/wp.ufpel.edu.br\/perguntas\/quanto-tempo-demora-para-a-gravacao-da-webconf-ficar-disponivel\/\">Quanto tempo demora para a grava\u00e7\u00e3o da webconf ficar dispon\u00edvel<\/a><\/li><li><a href=\"https:\/\/wp.ufpel.edu.br\/perguntas\/webconf-quantos-participantes-cabem-em-uma-sala\/\">Quantos participantes cabem em uma sala de webconf (limite)<\/a><\/li><li><a href=\"https:\/\/wp.ufpel.edu.br\/perguntas\/quem-pode-criar-uma-webconf\/\">Quem pode criar uma webconf<\/a><\/li><li><a href=\"https:\/\/wp.ufpel.edu.br\/perguntas\/webconf-realizar-webconf-com-publico-externo-a-ufpel\/\">Realizar webconf com p\u00fablico externo \u00e0 UFPel<\/a><\/li><\/ul>\n\n\n\n<div class=\"wp-block-group solicitar-atendimento\"><div class=\"wp-block-group__inner-container is-layout-flow wp-block-group-is-layout-flow\">\n<h2 class=\"wp-block-heading\">N\u00e3o encontrou a resposta?<\/h2>\n\n\n\n<p>Solicite atendimento clicando no bot\u00e3o abaixo:<\/p>\n\n\n\n<div class=\"wp-block-buttons has-custom-font-size has-medium-font-size is-content-justification-center is-layout-flex wp-container-core-buttons-is-layout-16018d1d wp-block-buttons-is-layout-flex\">\n<div class=\"wp-block-button\"><a class=\"wp-block-button__link wp-element-button\" href=\"https:\/\/wp.ufpel.edu.br\/perguntas\/solicitar-atendimento\/\">SOLICITAR ATENDIMENTO<\/a><\/div>\n<\/div>\n<\/div><\/div>\n\n\n\n<p><\/p>\n","protected":false},"excerpt":{"rendered":"","protected":false},"author":20,"featured_media":0,"parent":219,"menu_order":0,"comment_status":"closed","ping_status":"closed","template":"","meta":{"footnotes":""},"class_list":["post-602","page","type-page","status-publish","hentry"],"jetpack_sharing_enabled":true,"_links":{"self":[{"href":"https:\/\/wp.ufpel.edu.br\/perguntas\/wp-json\/wp\/v2\/pages\/602","targetHints":{"allow":["GET"]}}],"collection":[{"href":"https:\/\/wp.ufpel.edu.br\/perguntas\/wp-json\/wp\/v2\/pages"}],"about":[{"href":"https:\/\/wp.ufpel.edu.br\/perguntas\/wp-json\/wp\/v2\/types\/page"}],"author":[{"embeddable":true,"href":"https:\/\/wp.ufpel.edu.br\/perguntas\/wp-json\/wp\/v2\/users\/20"}],"replies":[{"embeddable":true,"href":"https:\/\/wp.ufpel.edu.br\/perguntas\/wp-json\/wp\/v2\/comments?post=602"}],"version-history":[{"count":6,"href":"https:\/\/wp.ufpel.edu.br\/perguntas\/wp-json\/wp\/v2\/pages\/602\/revisions"}],"predecessor-version":[{"id":1364,"href":"https:\/\/wp.ufpel.edu.br\/perguntas\/wp-json\/wp\/v2\/pages\/602\/revisions\/1364"}],"up":[{"embeddable":true,"href":"https:\/\/wp.ufpel.edu.br\/perguntas\/wp-json\/wp\/v2\/pages\/219"}],"wp:attachment":[{"href":"https:\/\/wp.ufpel.edu.br\/perguntas\/wp-json\/wp\/v2\/media?parent=602"}],"curies":[{"name":"wp","href":"https:\/\/api.w.org\/{rel}","templated":true}]}}