{"id":599,"date":"2020-09-08T10:27:22","date_gmt":"2020-09-08T13:27:22","guid":{"rendered":"https:\/\/wp.ufpel.edu.br\/perguntas\/?page_id=599"},"modified":"2021-04-06T17:33:06","modified_gmt":"2021-04-06T20:33:06","slug":"websites","status":"publish","type":"page","link":"https:\/\/wp.ufpel.edu.br\/perguntas\/tecnologia-da-informacao\/websites\/","title":{"rendered":"Websites"},"content":{"rendered":"<ul class=\"lcp_catlist\" id=\"lcp_instance_0\"><li><a href=\"https:\/\/wp.ufpel.edu.br\/perguntas\/como-adicionar-botoes-de-compartilhamento-em-redes-sociais\/\">Adicionar bot\u00f5es de compartilhamento em redes sociais<\/a><\/li><li><a href=\"https:\/\/wp.ufpel.edu.br\/perguntas\/como-alterar-a-fonte-tamanho-ou-cor-do-texto\/\">Alterar a fonte, tamanho ou cor do texto<\/a><\/li><li><a href=\"https:\/\/wp.ufpel.edu.br\/perguntas\/como-alterar-a-identidade-visual-de-meu-site\/\">Alterar o tema (layout) do site<\/a><\/li><li><a href=\"https:\/\/wp.ufpel.edu.br\/perguntas\/como-alterar-o-titulo-ou-descricao-do-site\/\">Alterar o t\u00edtulo ou descri\u00e7\u00e3o do site<\/a><\/li><li><a href=\"https:\/\/wp.ufpel.edu.br\/perguntas\/como-obter-mais-espaco-para-armazenar-imagens-e-documentos-em-meu-site-institucional\/\">Aumentar o espa\u00e7o para armazenar imagens e documentos no site<\/a><\/li><li><a href=\"https:\/\/wp.ufpel.edu.br\/perguntas\/como-evitar-linhas-em-branco-no-texto\/\">Como evitar linhas em branco no texto?<\/a><\/li><li><a href=\"https:\/\/wp.ufpel.edu.br\/perguntas\/como-conceder-acesso-para-outras-pessoas-gerenciarem-meu-site\/\">Conceder acesso para outras pessoas gerenciarem seu site<\/a><\/li><li><a href=\"https:\/\/wp.ufpel.edu.br\/perguntas\/como-copiar-clonar-o-conteudo-de-um-post-ou-pagina\/\">Copiar \/ clonar o conte\u00fado de um post ou p\u00e1gina<\/a><\/li><li><a href=\"https:\/\/wp.ufpel.edu.br\/perguntas\/como-criar-um-site-para-minha-disciplina-evento-grupo-de-pesquisa-ou-projeto\/\">Criar um novo site<\/a><\/li><li><a href=\"https:\/\/wp.ufpel.edu.br\/perguntas\/como-exibir-em-meu-site-noticias-de-outros-sites\/\">Exibir not\u00edcias de outros sites em seu site<\/a><\/li><li><a href=\"https:\/\/wp.ufpel.edu.br\/perguntas\/como-fazer-um-backup-ou-baixar-todo-o-conteudo-do-meu-site\/\">Fazer um backup ou baixar uma c\u00f3pia do conte\u00fado do site<\/a><\/li><li><a href=\"https:\/\/wp.ufpel.edu.br\/perguntas\/como-incorporar-conteudo-do-youtube-flickr-slideshare-e-outros\/\">Incorporar conte\u00fado do YouTube, Flickr, SlideShare e outros<\/a><\/li><li><a href=\"https:\/\/wp.ufpel.edu.br\/perguntas\/como-estruturar-ou-organizar-o-menu-do-meu-site\/\">Organizar o menu principal do site<\/a><\/li><li><a href=\"https:\/\/wp.ufpel.edu.br\/perguntas\/posso-atualizar-meu-site-institucional-de-casa-do-exterior\/\">Posso atualizar meu site institucional de casa \/ do exterior?<\/a><\/li><li><a href=\"https:\/\/wp.ufpel.edu.br\/perguntas\/posso-criar-hospedar-conteudo-html-ou-javascript-em-meu-site\/\">Posso criar\/hospedar conte\u00fado HTML ou Javascript em meu site?<\/a><\/li><li><a href=\"https:\/\/wp.ufpel.edu.br\/perguntas\/como-instalar-um-tema-ou-plugin-em-meu-site\/\">Posso instalar um tema ou plugin em meu site?<\/a><\/li><li><a href=\"https:\/\/wp.ufpel.edu.br\/perguntas\/posso-ter-acesso-ssh-ou-ftp-aos-arquivos-do-meu-site\/\">Posso ter acesso SSH ou FTP aos arquivos do meu site?<\/a><\/li><li><a href=\"https:\/\/wp.ufpel.edu.br\/perguntas\/como-proteger-o-conteudo-do-site-com-uma-senha\/\">Proteger o conte\u00fado do site com uma senha<\/a><\/li><li><a href=\"https:\/\/wp.ufpel.edu.br\/perguntas\/como-recuperar-a-senha-do-meu-site\/\">Recuperar senha de acesso ao site<\/a><\/li><li><a href=\"https:\/\/wp.ufpel.edu.br\/perguntas\/como-recuperar-uma-versao-anterior-de-um-post-ou-pagina\/\">Recuperar uma vers\u00e3o anterior de um post ou p\u00e1gina<\/a><\/li><li><a href=\"https:\/\/wp.ufpel.edu.br\/perguntas\/como-evitar-formatacao-indesejada-ao-copiar-textos-de-documentos-ou-paginas-web\/\">Remover formata\u00e7\u00e3o indesejada ao colar textos no editor<\/a><\/li><li><a href=\"https:\/\/wp.ufpel.edu.br\/perguntas\/quais-as-diferencas-entre-os-tipos-de-usuarios-no-wordpress\/\">Tipos de usu\u00e1rios do WordPress e permiss\u00f5es de acesso<\/a><\/li><li><a href=\"https:\/\/wp.ufpel.edu.br\/perguntas\/como-traduzir-meu-site-para-outros-idiomas\/\">Traduzir o conte\u00fado do site para outros idiomas<\/a><\/li><li><a href=\"https:\/\/wp.ufpel.edu.br\/perguntas\/como-trocar-a-senha-do-site\/\">Trocar senha de acesso ao site<\/a><\/li><\/ul>\n\n\n\n<div class=\"wp-block-group solicitar-atendimento\"><div class=\"wp-block-group__inner-container is-layout-flow wp-block-group-is-layout-flow\">\n<h2 class=\"wp-block-heading\">N\u00e3o encontrou a resposta?<\/h2>\n\n\n\n<p>Solicite atendimento clicando no bot\u00e3o abaixo:<\/p>\n\n\n\n<div class=\"wp-block-buttons has-custom-font-size has-medium-font-size is-content-justification-center is-layout-flex wp-container-core-buttons-is-layout-16018d1d wp-block-buttons-is-layout-flex\">\n<div class=\"wp-block-button\"><a class=\"wp-block-button__link wp-element-button\" href=\"https:\/\/wp.ufpel.edu.br\/perguntas\/solicitar-atendimento\/\">SOLICITAR ATENDIMENTO<\/a><\/div>\n<\/div>\n<\/div><\/div>\n\n\n\n<p><\/p>\n","protected":false},"excerpt":{"rendered":"","protected":false},"author":20,"featured_media":0,"parent":219,"menu_order":0,"comment_status":"closed","ping_status":"closed","template":"","meta":{"footnotes":""},"class_list":["post-599","page","type-page","status-publish","hentry"],"jetpack_sharing_enabled":true,"_links":{"self":[{"href":"https:\/\/wp.ufpel.edu.br\/perguntas\/wp-json\/wp\/v2\/pages\/599","targetHints":{"allow":["GET"]}}],"collection":[{"href":"https:\/\/wp.ufpel.edu.br\/perguntas\/wp-json\/wp\/v2\/pages"}],"about":[{"href":"https:\/\/wp.ufpel.edu.br\/perguntas\/wp-json\/wp\/v2\/types\/page"}],"author":[{"embeddable":true,"href":"https:\/\/wp.ufpel.edu.br\/perguntas\/wp-json\/wp\/v2\/users\/20"}],"replies":[{"embeddable":true,"href":"https:\/\/wp.ufpel.edu.br\/perguntas\/wp-json\/wp\/v2\/comments?post=599"}],"version-history":[{"count":5,"href":"https:\/\/wp.ufpel.edu.br\/perguntas\/wp-json\/wp\/v2\/pages\/599\/revisions"}],"predecessor-version":[{"id":1365,"href":"https:\/\/wp.ufpel.edu.br\/perguntas\/wp-json\/wp\/v2\/pages\/599\/revisions\/1365"}],"up":[{"embeddable":true,"href":"https:\/\/wp.ufpel.edu.br\/perguntas\/wp-json\/wp\/v2\/pages\/219"}],"wp:attachment":[{"href":"https:\/\/wp.ufpel.edu.br\/perguntas\/wp-json\/wp\/v2\/media?parent=599"}],"curies":[{"name":"wp","href":"https:\/\/api.w.org\/{rel}","templated":true}]}}