{"id":550,"date":"2020-09-02T13:53:22","date_gmt":"2020-09-02T16:53:22","guid":{"rendered":"https:\/\/wp.ufpel.edu.br\/perguntas\/?page_id=550"},"modified":"2020-09-23T11:34:44","modified_gmt":"2020-09-23T14:34:44","slug":"assistencia-estudantil","status":"publish","type":"page","link":"https:\/\/wp.ufpel.edu.br\/perguntas\/assistencia-estudantil\/","title":{"rendered":"Assist\u00eancia Estudantil"},"content":{"rendered":"<ul class=\"lcp_catlist\" id=\"lcp_instance_0\"><li><a href=\"https:\/\/wp.ufpel.edu.br\/perguntas\/bdis-bdus\/\">Bolsas de Desenvolvimento (BDIS\/BDUS)<\/a><\/li><li><a href=\"https:\/\/wp.ufpel.edu.br\/perguntas\/passe-livre\/\">Passe Livre<\/a><\/li><li><a href=\"https:\/\/wp.ufpel.edu.br\/perguntas\/programa-auxilio-alimentacao-paa\/\">Programa Aux\u00edlio Alimenta\u00e7\u00e3o &#8211; PAA<\/a><\/li><li><a href=\"https:\/\/wp.ufpel.edu.br\/perguntas\/programa-auxilio-deslocamento-pad\/\">Programa Aux\u00edlio Deslocamento &#8211; PAD<\/a><\/li><li><a href=\"https:\/\/wp.ufpel.edu.br\/perguntas\/programa-auxilio-eventos\/\">Programa Aux\u00edlio Eventos<\/a><\/li><li><a href=\"https:\/\/wp.ufpel.edu.br\/perguntas\/programa-auxilio-internet\/\">Programa Aux\u00edlio Internet<\/a><\/li><li><a href=\"https:\/\/wp.ufpel.edu.br\/perguntas\/programa-auxilio-moradia-pam\/\">Programa Aux\u00edlio Moradia &#8211; PAM<\/a><\/li><li><a href=\"https:\/\/wp.ufpel.edu.br\/perguntas\/programa-auxilio-pre-escolar-pape\/\">Programa Aux\u00edlio Pr\u00e9-Escolar- PAPE<\/a><\/li><li><a href=\"https:\/\/wp.ufpel.edu.br\/perguntas\/programa-auxilio-transporte-urbano-pat\/\">Programa Aux\u00edlio Transporte Urbano &#8211; PAT<\/a><\/li><li><a href=\"https:\/\/wp.ufpel.edu.br\/perguntas\/programa-de-apoio-pedagogico-ao-estudante-paped\/\">Programa de Apoio Pedag\u00f3gico ao Estudante &#8211; PAPED<\/a><\/li><li><a href=\"https:\/\/wp.ufpel.edu.br\/perguntas\/programa-moradia-estudantil-pme\/\">Programa Moradia Estudantil \u2013 PME<\/a><\/li><\/ul>\n\n\n\n<div class=\"wp-block-group solicitar-atendimento\"><div class=\"wp-block-group__inner-container is-layout-flow wp-block-group-is-layout-flow\">\n<h2 class=\"wp-block-heading\">N\u00e3o encontrou a resposta?<\/h2>\n\n\n\n<p>Solicite atendimento clicando no bot\u00e3o abaixo:<\/p>\n\n\n\n<div class=\"wp-block-buttons has-custom-font-size has-medium-font-size is-content-justification-center is-layout-flex wp-container-core-buttons-is-layout-16018d1d wp-block-buttons-is-layout-flex\">\n<div class=\"wp-block-button\"><a class=\"wp-block-button__link wp-element-button\" href=\"https:\/\/wp.ufpel.edu.br\/perguntas\/solicitar-atendimento\/\">SOLICITAR ATENDIMENTO<\/a><\/div>\n<\/div>\n<\/div><\/div>\n\n\n\n<p><\/p>\n","protected":false},"excerpt":{"rendered":"","protected":false},"author":798,"featured_media":0,"parent":0,"menu_order":0,"comment_status":"closed","ping_status":"closed","template":"","meta":{"footnotes":""},"class_list":["post-550","page","type-page","status-publish","hentry"],"jetpack_sharing_enabled":true,"_links":{"self":[{"href":"https:\/\/wp.ufpel.edu.br\/perguntas\/wp-json\/wp\/v2\/pages\/550","targetHints":{"allow":["GET"]}}],"collection":[{"href":"https:\/\/wp.ufpel.edu.br\/perguntas\/wp-json\/wp\/v2\/pages"}],"about":[{"href":"https:\/\/wp.ufpel.edu.br\/perguntas\/wp-json\/wp\/v2\/types\/page"}],"author":[{"embeddable":true,"href":"https:\/\/wp.ufpel.edu.br\/perguntas\/wp-json\/wp\/v2\/users\/798"}],"replies":[{"embeddable":true,"href":"https:\/\/wp.ufpel.edu.br\/perguntas\/wp-json\/wp\/v2\/comments?post=550"}],"version-history":[{"count":3,"href":"https:\/\/wp.ufpel.edu.br\/perguntas\/wp-json\/wp\/v2\/pages\/550\/revisions"}],"predecessor-version":[{"id":797,"href":"https:\/\/wp.ufpel.edu.br\/perguntas\/wp-json\/wp\/v2\/pages\/550\/revisions\/797"}],"wp:attachment":[{"href":"https:\/\/wp.ufpel.edu.br\/perguntas\/wp-json\/wp\/v2\/media?parent=550"}],"curies":[{"name":"wp","href":"https:\/\/api.w.org\/{rel}","templated":true}]}}