{"id":219,"date":"2020-08-28T13:39:37","date_gmt":"2020-08-28T16:39:37","guid":{"rendered":"https:\/\/wp.ufpel.edu.br\/perguntas\/?page_id=219"},"modified":"2023-04-28T11:06:30","modified_gmt":"2023-04-28T14:06:30","slug":"tecnologia-da-informacao","status":"publish","type":"page","link":"https:\/\/wp.ufpel.edu.br\/perguntas\/tecnologia-da-informacao\/","title":{"rendered":"Tecnologia da Informa\u00e7\u00e3o"},"content":{"rendered":"\n<h2 class=\"wp-block-heading\">Cobalto<\/h2>\n\n\n<ul class=\"lcp_catlist\" id=\"lcp_instance_0\"><li><a href=\"https:\/\/wp.ufpel.edu.br\/perguntas\/como-recuperar-minha-senha-do-cobalto\/\">Como recuperar minha senha do COBALTO?<\/a><\/li><li><a href=\"https:\/\/wp.ufpel.edu.br\/perguntas\/resolvendo-falha-no-login-do-cobalto-no-iphone\/\">Resolvendo falha no login do Cobalto no iPhone<\/a><\/li><li><a href=\"https:\/\/wp.ufpel.edu.br\/perguntas\/senha-vulneravel\/\">Senha vulner\u00e1vel<\/a><\/li><\/ul>\n\n\n\n<h2 class=\"wp-block-heading\">E-mail<\/h2>\n\n\n<ul class=\"lcp_catlist\" id=\"lcp_instance_0\"><li><a href=\"https:\/\/wp.ufpel.edu.br\/perguntas\/ativando-seguranca-de-segundo-fator-no-webmail-ufpel-2fa\/\">Ativando seguran\u00e7a de segundo fator no webmail ufpel (2FA)<\/a><\/li><li><a href=\"https:\/\/wp.ufpel.edu.br\/perguntas\/como-recuperar-a-senha-de-meu-e-mail-institucional\/\">Como recuperar a senha de meu e-mail institucional?<\/a><\/li><li><a href=\"https:\/\/wp.ufpel.edu.br\/perguntas\/e-mail-como-vincular-configurar-o-email-institucional-da-ufpel-no-gmail\/\">Como vincular\/configurar o e-mail institucional da UFPel no Gmail<\/a><\/li><li><a href=\"https:\/\/wp.ufpel.edu.br\/perguntas\/como-vincular-configurar-o-email-institucional-da-ufpel-dentro-do-hotmail\/\">Como vincular\/configurar o e-mail institucional da UFPel no Hotmail<\/a><\/li><li><a href=\"https:\/\/wp.ufpel.edu.br\/perguntas\/configurar-resposta-automatica-de-ferias-no-email\/\">Configurar resposta autom\u00e1tica de f\u00e9rias no email<\/a><\/li><li><a href=\"https:\/\/wp.ufpel.edu.br\/perguntas\/criando-filtros-de-email-no-webmail-ufpel\/\">Criando filtros de e-mail no Webmail UFPel<\/a><\/li><li><a href=\"https:\/\/wp.ufpel.edu.br\/perguntas\/limites-do-servico-de-email\/\">Limites do servi\u00e7o de email<\/a><\/li><li><a href=\"https:\/\/wp.ufpel.edu.br\/perguntas\/posso-criar-um-email-pessoal-institucional-com-o-meu-nome\/\">Posso criar um email pessoal institucional com o meu nome?<\/a><\/li><li><a href=\"https:\/\/wp.ufpel.edu.br\/perguntas\/senha-vulneravel\/\">Senha vulner\u00e1vel<\/a><\/li><li><a href=\"https:\/\/wp.ufpel.edu.br\/perguntas\/e-mail-solicitar-novo-email-institucional\/\">Solicitar novo e-mail institucional (criar e-mail @UFPel)<\/a><\/li><\/ul>\n\n\n\n<h2 class=\"wp-block-heading\">Internet e Wi-fi<\/h2>\n\n\n<ul class=\"lcp_catlist\" id=\"lcp_instance_0\"><li><a href=\"https:\/\/wp.ufpel.edu.br\/perguntas\/acesso-ao-servico-eduroam\/\">Acesso ao servi\u00e7o Eduroam<\/a><\/li><li><a href=\"https:\/\/wp.ufpel.edu.br\/perguntas\/wufpel-como-acessar-rede-sem-fiowi-fi\/\">Como acessar a rede sem fio WUFPel (wi-fi)<\/a><\/li><li><a href=\"https:\/\/wp.ufpel.edu.br\/perguntas\/como-usar-o-proxy-ufpel\/\">Como usar o Proxy UFPel<\/a><\/li><li><a href=\"https:\/\/wp.ufpel.edu.br\/perguntas\/wufpel-gerar-senha-temporaria-acesso-visitante\/\">Gerar senha tempor\u00e1ria (acesso visitante) para a WUFPel<\/a><\/li><\/ul>\n\n\n\n<h2 class=\"wp-block-heading\">Sistemas<\/h2>\n\n\n<ul class=\"lcp_catlist\" id=\"lcp_instance_0\"><li><a href=\"https:\/\/wp.ufpel.edu.br\/perguntas\/pergamum-acesso-ao-sistema-da-biblioteca\/\">Acesso ao sistema da biblioteca (Pergamum)<\/a><\/li><li><a href=\"https:\/\/wp.ufpel.edu.br\/perguntas\/como-configurar-o-openvpn-para-acessar-a-rede-da-ufpel-atraves-de-vpn-no-mac\/\">Como configurar o OpenVPN para acessar a rede da UFPel atrav\u00e9s de VPN no Mac<\/a><\/li><li><a href=\"https:\/\/wp.ufpel.edu.br\/perguntas\/como-gerar-meu-certificado-gratuito-icp-edu\/\">Como gerar Certificado Digital Pessoal ICPEdu RNP<\/a><\/li><li><a href=\"https:\/\/wp.ufpel.edu.br\/perguntas\/como-usar-o-microsoft-office-365-educational-gratis\/\">Como usar o Microsoft Office 365 Educational gr\u00e1tis<\/a><\/li><li><a href=\"https:\/\/wp.ufpel.edu.br\/perguntas\/como-usar-o-proxy-ufpel\/\">Como usar o Proxy UFPel<\/a><\/li><li><a href=\"https:\/\/wp.ufpel.edu.br\/perguntas\/como-usar-o-servico-docs-ufpel\/\">Como usar o servi\u00e7o Docs.UFPel<\/a><\/li><li><a href=\"https:\/\/wp.ufpel.edu.br\/perguntas\/nao-recebi-e-mail-com-os-dados-para-a-votacao\/\">N\u00c3O RECEBI E-MAIL COM OS DADOS PARA A VOTA\u00c7\u00c3O<\/a><\/li><li><a href=\"https:\/\/wp.ufpel.edu.br\/perguntas\/quem-pode-usar-o-servico-docs-ufpel\/\">Quem pode usar o servi\u00e7o docs.ufpel<\/a><\/li><li><a href=\"https:\/\/wp.ufpel.edu.br\/perguntas\/senha-vulneravel\/\">Senha vulner\u00e1vel<\/a><\/li><li><a href=\"https:\/\/wp.ufpel.edu.br\/perguntas\/sie-como-acessar-o-sistema-de-almoxarifado\/\">SIE &#8211; como acessar o sistema de almoxarifado<\/a><\/li><\/ul>\n\n\n\n<h2 class=\"wp-block-heading\">Webconfer\u00eancia<\/h2>\n\n\n<ul class=\"lcp_catlist\" id=\"lcp_instance_0\"><li><a href=\"https:\/\/wp.ufpel.edu.br\/perguntas\/webconf-como-criar-uma-sala-de-web-conferencia\/\">Como criar uma sala de web confer\u00eancia<\/a><\/li><li><a href=\"https:\/\/wp.ufpel.edu.br\/perguntas\/como-fazer-download-de-uma-webconf-gravada\/\">Como fazer download de uma webconf gravada<\/a><\/li><li><a href=\"https:\/\/wp.ufpel.edu.br\/perguntas\/como-visualizar-uma-webconf-gravada\/\">Como visualizar uma webconf gravada<\/a><\/li><li><a href=\"https:\/\/wp.ufpel.edu.br\/perguntas\/problema-no-microfone-webconf-erro-ice1007\/\">Problema no microfone webconf (erro ICE1007)<\/a><\/li><li><a href=\"https:\/\/wp.ufpel.edu.br\/perguntas\/quanto-tempo-demora-para-a-gravacao-da-webconf-ficar-disponivel\/\">Quanto tempo demora para a grava\u00e7\u00e3o da webconf ficar dispon\u00edvel<\/a><\/li><li><a href=\"https:\/\/wp.ufpel.edu.br\/perguntas\/webconf-quantos-participantes-cabem-em-uma-sala\/\">Quantos participantes cabem em uma sala de webconf (limite)<\/a><\/li><li><a href=\"https:\/\/wp.ufpel.edu.br\/perguntas\/quem-pode-criar-uma-webconf\/\">Quem pode criar uma webconf<\/a><\/li><li><a href=\"https:\/\/wp.ufpel.edu.br\/perguntas\/webconf-realizar-webconf-com-publico-externo-a-ufpel\/\">Realizar webconf com p\u00fablico externo \u00e0 UFPel<\/a><\/li><\/ul>\n\n\n\n<h2 class=\"wp-block-heading\">Websites<\/h2>\n\n\n<ul class=\"lcp_catlist\" id=\"lcp_instance_0\"><li><a href=\"https:\/\/wp.ufpel.edu.br\/perguntas\/como-adicionar-botoes-de-compartilhamento-em-redes-sociais\/\">Adicionar bot\u00f5es de compartilhamento em redes sociais<\/a><\/li><li><a href=\"https:\/\/wp.ufpel.edu.br\/perguntas\/como-alterar-a-fonte-tamanho-ou-cor-do-texto\/\">Alterar a fonte, tamanho ou cor do texto<\/a><\/li><li><a href=\"https:\/\/wp.ufpel.edu.br\/perguntas\/como-alterar-a-identidade-visual-de-meu-site\/\">Alterar o tema (layout) do site<\/a><\/li><li><a href=\"https:\/\/wp.ufpel.edu.br\/perguntas\/como-alterar-o-titulo-ou-descricao-do-site\/\">Alterar o t\u00edtulo ou descri\u00e7\u00e3o do site<\/a><\/li><li><a href=\"https:\/\/wp.ufpel.edu.br\/perguntas\/como-obter-mais-espaco-para-armazenar-imagens-e-documentos-em-meu-site-institucional\/\">Aumentar o espa\u00e7o para armazenar imagens e documentos no site<\/a><\/li><li><a href=\"https:\/\/wp.ufpel.edu.br\/perguntas\/como-evitar-linhas-em-branco-no-texto\/\">Como evitar linhas em branco no texto?<\/a><\/li><li><a href=\"https:\/\/wp.ufpel.edu.br\/perguntas\/como-conceder-acesso-para-outras-pessoas-gerenciarem-meu-site\/\">Conceder acesso para outras pessoas gerenciarem seu site<\/a><\/li><li><a href=\"https:\/\/wp.ufpel.edu.br\/perguntas\/como-copiar-clonar-o-conteudo-de-um-post-ou-pagina\/\">Copiar \/ clonar o conte\u00fado de um post ou p\u00e1gina<\/a><\/li><li><a href=\"https:\/\/wp.ufpel.edu.br\/perguntas\/como-criar-um-site-para-minha-disciplina-evento-grupo-de-pesquisa-ou-projeto\/\">Criar um novo site<\/a><\/li><li><a href=\"https:\/\/wp.ufpel.edu.br\/perguntas\/como-exibir-em-meu-site-noticias-de-outros-sites\/\">Exibir not\u00edcias de outros sites em seu site<\/a><\/li><li><a href=\"https:\/\/wp.ufpel.edu.br\/perguntas\/como-fazer-um-backup-ou-baixar-todo-o-conteudo-do-meu-site\/\">Fazer um backup ou baixar uma c\u00f3pia do conte\u00fado do site<\/a><\/li><li><a href=\"https:\/\/wp.ufpel.edu.br\/perguntas\/como-incorporar-conteudo-do-youtube-flickr-slideshare-e-outros\/\">Incorporar conte\u00fado do YouTube, Flickr, SlideShare e outros<\/a><\/li><li><a href=\"https:\/\/wp.ufpel.edu.br\/perguntas\/como-estruturar-ou-organizar-o-menu-do-meu-site\/\">Organizar o menu principal do site<\/a><\/li><li><a href=\"https:\/\/wp.ufpel.edu.br\/perguntas\/posso-atualizar-meu-site-institucional-de-casa-do-exterior\/\">Posso atualizar meu site institucional de casa \/ do exterior?<\/a><\/li><li><a href=\"https:\/\/wp.ufpel.edu.br\/perguntas\/posso-criar-hospedar-conteudo-html-ou-javascript-em-meu-site\/\">Posso criar\/hospedar conte\u00fado HTML ou Javascript em meu site?<\/a><\/li><li><a href=\"https:\/\/wp.ufpel.edu.br\/perguntas\/como-instalar-um-tema-ou-plugin-em-meu-site\/\">Posso instalar um tema ou plugin em meu site?<\/a><\/li><li><a href=\"https:\/\/wp.ufpel.edu.br\/perguntas\/posso-ter-acesso-ssh-ou-ftp-aos-arquivos-do-meu-site\/\">Posso ter acesso SSH ou FTP aos arquivos do meu site?<\/a><\/li><li><a href=\"https:\/\/wp.ufpel.edu.br\/perguntas\/como-proteger-o-conteudo-do-site-com-uma-senha\/\">Proteger o conte\u00fado do site com uma senha<\/a><\/li><li><a href=\"https:\/\/wp.ufpel.edu.br\/perguntas\/como-recuperar-a-senha-do-meu-site\/\">Recuperar senha de acesso ao site<\/a><\/li><li><a href=\"https:\/\/wp.ufpel.edu.br\/perguntas\/como-recuperar-uma-versao-anterior-de-um-post-ou-pagina\/\">Recuperar uma vers\u00e3o anterior de um post ou p\u00e1gina<\/a><\/li><li><a href=\"https:\/\/wp.ufpel.edu.br\/perguntas\/como-evitar-formatacao-indesejada-ao-copiar-textos-de-documentos-ou-paginas-web\/\">Remover formata\u00e7\u00e3o indesejada ao colar textos no editor<\/a><\/li><li><a href=\"https:\/\/wp.ufpel.edu.br\/perguntas\/quais-as-diferencas-entre-os-tipos-de-usuarios-no-wordpress\/\">Tipos de usu\u00e1rios do WordPress e permiss\u00f5es de acesso<\/a><\/li><li><a href=\"https:\/\/wp.ufpel.edu.br\/perguntas\/como-traduzir-meu-site-para-outros-idiomas\/\">Traduzir o conte\u00fado do site para outros idiomas<\/a><\/li><li><a href=\"https:\/\/wp.ufpel.edu.br\/perguntas\/como-trocar-a-senha-do-site\/\">Trocar senha de acesso ao site<\/a><\/li><\/ul>\n\n\n\n<h2 class=\"wp-block-heading\">Atendimento UFPel<\/h2>\n\n\n<ul class=\"lcp_catlist\" id=\"lcp_instance_0\"><li><a href=\"https:\/\/wp.ufpel.edu.br\/perguntas\/como-cadastrar-uma-pergunta-frequente\/\">Como cadastrar uma pergunta frequente<\/a><\/li><li><a href=\"https:\/\/wp.ufpel.edu.br\/perguntas\/como-recuperar-senha-do-sistema-de-atendimento\/\">Como recuperar senha do sistema de atendimento<\/a><\/li><li><a href=\"https:\/\/wp.ufpel.edu.br\/perguntas\/como-transferir-um-chamado-no-sistema-de-atendimento\/\">Como transferir um chamado no sistema de Atendimento<\/a><\/li><li><a href=\"https:\/\/wp.ufpel.edu.br\/perguntas\/qual-a-diferenca-entre-atribuir-e-transferir-no-sistema-de-atendimento\/\">Qual a diferen\u00e7a entre atribuir e transferir no sistema de atendimento<\/a><\/li><\/ul>\n\n\n\n<div class=\"wp-block-group solicitar-atendimento\"><div class=\"wp-block-group__inner-container is-layout-flow wp-block-group-is-layout-flow\">\n<h2 class=\"wp-block-heading\">N\u00e3o encontrou a resposta?<\/h2>\n\n\n\n<p>Solicite atendimento clicando no bot\u00e3o abaixo:<\/p>\n\n\n\n<div class=\"wp-block-buttons has-custom-font-size has-medium-font-size is-content-justification-center is-layout-flex wp-container-core-buttons-is-layout-16018d1d wp-block-buttons-is-layout-flex\">\n<div class=\"wp-block-button\"><a class=\"wp-block-button__link wp-element-button\" href=\"https:\/\/wp.ufpel.edu.br\/perguntas\/solicitar-atendimento\/\">SOLICITAR ATENDIMENTO<\/a><\/div>\n<\/div>\n<\/div><\/div>\n\n\n\n<p><\/p>\n","protected":false},"excerpt":{"rendered":"<p>Cobalto E-mail Internet e Wi-fi Sistemas Webconfer\u00eancia Websites Atendimento UFPel<\/p>\n","protected":false},"author":20,"featured_media":0,"parent":0,"menu_order":0,"comment_status":"closed","ping_status":"closed","template":"","meta":{"footnotes":""},"class_list":["post-219","page","type-page","status-publish","hentry"],"jetpack_sharing_enabled":true,"_links":{"self":[{"href":"https:\/\/wp.ufpel.edu.br\/perguntas\/wp-json\/wp\/v2\/pages\/219","targetHints":{"allow":["GET"]}}],"collection":[{"href":"https:\/\/wp.ufpel.edu.br\/perguntas\/wp-json\/wp\/v2\/pages"}],"about":[{"href":"https:\/\/wp.ufpel.edu.br\/perguntas\/wp-json\/wp\/v2\/types\/page"}],"author":[{"embeddable":true,"href":"https:\/\/wp.ufpel.edu.br\/perguntas\/wp-json\/wp\/v2\/users\/20"}],"replies":[{"embeddable":true,"href":"https:\/\/wp.ufpel.edu.br\/perguntas\/wp-json\/wp\/v2\/comments?post=219"}],"version-history":[{"count":9,"href":"https:\/\/wp.ufpel.edu.br\/perguntas\/wp-json\/wp\/v2\/pages\/219\/revisions"}],"predecessor-version":[{"id":2029,"href":"https:\/\/wp.ufpel.edu.br\/perguntas\/wp-json\/wp\/v2\/pages\/219\/revisions\/2029"}],"wp:attachment":[{"href":"https:\/\/wp.ufpel.edu.br\/perguntas\/wp-json\/wp\/v2\/media?parent=219"}],"curies":[{"name":"wp","href":"https:\/\/api.w.org\/{rel}","templated":true}]}}