{"id":1252,"date":"2020-11-09T09:16:36","date_gmt":"2020-11-09T12:16:36","guid":{"rendered":"https:\/\/wp.ufpel.edu.br\/perguntas\/?page_id=1252"},"modified":"2020-11-09T09:16:36","modified_gmt":"2020-11-09T12:16:36","slug":"diarias","status":"publish","type":"page","link":"https:\/\/wp.ufpel.edu.br\/perguntas\/financeiro-e-diarias\/diarias\/","title":{"rendered":"Di\u00e1rias"},"content":{"rendered":"<ul class=\"lcp_catlist\" id=\"lcp_instance_0\"><li><a href=\"https:\/\/wp.ufpel.edu.br\/perguntas\/como-cadastrar-um-proposto-estrangeiro-no-scdp\/\">Como cadastrar um proposto estrangeiro no SCDP?<\/a><\/li><li><a href=\"https:\/\/wp.ufpel.edu.br\/perguntas\/como-cadastrar-uma-cidade-ou-instituicao-que-nao-consta-no-scdp\/\">Como cadastrar uma cidade ou institui\u00e7\u00e3o que n\u00e3o consta no SCDP?<\/a><\/li><li><a href=\"https:\/\/wp.ufpel.edu.br\/perguntas\/como-consultar-a-situacao-de-uma-pcdp\/\">Como consultar a situa\u00e7\u00e3o de uma PCDP?<\/a><\/li><li><a href=\"https:\/\/wp.ufpel.edu.br\/perguntas\/como-se-chega-ao-numero-de-diarias-as-quais-o-proposto-faz-jus-no-cadastramento-das-pcdps\/\">Como se chega ao n\u00famero de di\u00e1rias \u00e0s quais o proposto faz jus no cadastramento das PCDPs?<\/a><\/li><li><a href=\"https:\/\/wp.ufpel.edu.br\/perguntas\/e-necessario-realizar-o-cadastro-da-pcdp-mesmo-quando-nao-ocorrer-pagamento-de-diarias-e-passagens\/\">\u00c9 necess\u00e1rio realizar o cadastro da PCDP mesmo quando n\u00e3o ocorrer pagamento de di\u00e1rias e passagens?<\/a><\/li><li><a href=\"https:\/\/wp.ufpel.edu.br\/perguntas\/e-possivel-corrigir-uma-pcdp-ja-encerrada\/\">\u00c9 poss\u00edvel corrigir uma PCDP j\u00e1 encerrada?<\/a><\/li><li><a href=\"https:\/\/wp.ufpel.edu.br\/perguntas\/em-que-momento-e-de-que-forma-e-efetuado-o-pagamento-das-diarias-de-uma-pcpd\/\">Em que momento e de que forma \u00e9 efetuado o pagamento das di\u00e1rias de uma PCPD?<\/a><\/li><li><a href=\"https:\/\/wp.ufpel.edu.br\/perguntas\/nas-pcdps-para-colaborador-eventual-e-possivel-a-utilizacao-de-veiculo-proprio-no-cadastramento-da-missao\/\">Nas PCDPs para &#8220;Colaborador Eventual&#8221; \u00e9 poss\u00edvel a utiliza\u00e7\u00e3o de &#8220;ve\u00edculo pr\u00f3prio&#8221; no cadastramento da miss\u00e3o?<\/a><\/li><li><a href=\"https:\/\/wp.ufpel.edu.br\/perguntas\/no-cadastramento-de-viagens-internacionais-qual-a-diferenca-das-modalidades-com-onus-onus-limitado-e-sem-onus\/\">No cadastramento de viagens internacionais, qual a diferen\u00e7a das modalidades: com \u00f4nus, \u00f4nus limitado e sem \u00f4nus?<\/a><\/li><li><a href=\"https:\/\/wp.ufpel.edu.br\/perguntas\/proposto-pode-comprar-as-passagens-aereas-por-contra-propria-para-ser-ressarcido-depois\/\">Proposto pode comprar as passagens a\u00e9reas por contra pr\u00f3pria para ser ressarcido depois?<\/a><\/li><li><a href=\"https:\/\/wp.ufpel.edu.br\/perguntas\/quais-os-procedimentos-do-solicitante-de-passagem-para-fazer-remarcacao-ou-solicitacao-de-novo-bilhete-no-scdp\/\">Quais os procedimentos do Solicitante de Passagem para fazer remarca\u00e7\u00e3o ou solicita\u00e7\u00e3o de novo bilhete no SCDP?<\/a><\/li><li><a href=\"https:\/\/wp.ufpel.edu.br\/perguntas\/qual-a-diferenca-entre-os-perfis-solicitante-de-passagem-e-solicitante-de-viagem\/\">Qual a diferen\u00e7a entre os perfis solicitante de passagem e solicitante de viagem?<\/a><\/li><li><a href=\"https:\/\/wp.ufpel.edu.br\/perguntas\/qual-a-diferenca-entre-os-propostos-convidado-sepe-e-colaborador-eventual\/\">Qual a diferen\u00e7a entre os propostos: Convidado, SEPE e Colaborador Eventual?<\/a><\/li><li><a href=\"https:\/\/wp.ufpel.edu.br\/perguntas\/qual-a-diferenca-entre-trecho-permanencia-e-transito\/\">Qual a diferen\u00e7a entre trecho, perman\u00eancia e tr\u00e2nsito?<\/a><\/li><li><a href=\"https:\/\/wp.ufpel.edu.br\/perguntas\/qual-a-documentacao-necessaria-para-a-prestacao-de-contas-de-uma-pcdp\/\">Qual a documenta\u00e7\u00e3o necess\u00e1ria para a presta\u00e7\u00e3o de contas de uma PCDP?<\/a><\/li><li><a href=\"https:\/\/wp.ufpel.edu.br\/perguntas\/qual-o-procedimento-para-a-mensagem-nao-e-permitida-a-criacao-de-viagens-com-esse-tipo-de-proposto-para-servidores-nao-apf\/\">Qual o procedimento para a Mensagem: \u201cN\u00e3o \u00e9 permitida a cria\u00e7\u00e3o de viagens com esse tipo de proposto para servidores N\u00e3o APF\u201d?<\/a><\/li><li><a href=\"https:\/\/wp.ufpel.edu.br\/perguntas\/qual-orientacao-para-realizar-prestacao-de-contas-de-uma-viagem-da-qual-perdeu-se-o-bilhete-de-viagem\/\">Qual orienta\u00e7\u00e3o para realizar presta\u00e7\u00e3o de contas de uma viagem da qual perdeu-se o bilhete de viagem?<\/a><\/li><li><a href=\"https:\/\/wp.ufpel.edu.br\/perguntas\/quanto-a-natureza-da-viagem-nas-missoes-internacionais-qual-a-diferenca-entre-permanente-transitoria-e-eventual\/\">Quanto \u00e0 natureza da viagem nas miss\u00f5es internacionais, qual a diferen\u00e7a entre \u201cPermanente\u201d, \u201cTransit\u00f3ria\u201d e \u201cEventual\u201d?<\/a><\/li><\/ul>\n\n\n\n<div class=\"wp-block-group solicitar-atendimento\"><div class=\"wp-block-group__inner-container is-layout-flow wp-block-group-is-layout-flow\">\n<h2 class=\"wp-block-heading\">N\u00e3o encontrou a resposta?<\/h2>\n\n\n\n<p>Solicite atendimento clicando no bot\u00e3o abaixo:<\/p>\n\n\n\n<div class=\"wp-block-buttons has-custom-font-size has-medium-font-size is-content-justification-center is-layout-flex wp-container-core-buttons-is-layout-16018d1d wp-block-buttons-is-layout-flex\">\n<div class=\"wp-block-button\"><a class=\"wp-block-button__link wp-element-button\" href=\"https:\/\/wp.ufpel.edu.br\/perguntas\/solicitar-atendimento\/\">SOLICITAR ATENDIMENTO<\/a><\/div>\n<\/div>\n<\/div><\/div>\n\n\n\n<p><\/p>\n","protected":false},"excerpt":{"rendered":"","protected":false},"author":20,"featured_media":0,"parent":863,"menu_order":0,"comment_status":"closed","ping_status":"closed","template":"","meta":{"footnotes":""},"class_list":["post-1252","page","type-page","status-publish","hentry"],"jetpack_sharing_enabled":true,"_links":{"self":[{"href":"https:\/\/wp.ufpel.edu.br\/perguntas\/wp-json\/wp\/v2\/pages\/1252","targetHints":{"allow":["GET"]}}],"collection":[{"href":"https:\/\/wp.ufpel.edu.br\/perguntas\/wp-json\/wp\/v2\/pages"}],"about":[{"href":"https:\/\/wp.ufpel.edu.br\/perguntas\/wp-json\/wp\/v2\/types\/page"}],"author":[{"embeddable":true,"href":"https:\/\/wp.ufpel.edu.br\/perguntas\/wp-json\/wp\/v2\/users\/20"}],"replies":[{"embeddable":true,"href":"https:\/\/wp.ufpel.edu.br\/perguntas\/wp-json\/wp\/v2\/comments?post=1252"}],"version-history":[{"count":1,"href":"https:\/\/wp.ufpel.edu.br\/perguntas\/wp-json\/wp\/v2\/pages\/1252\/revisions"}],"predecessor-version":[{"id":1254,"href":"https:\/\/wp.ufpel.edu.br\/perguntas\/wp-json\/wp\/v2\/pages\/1252\/revisions\/1254"}],"up":[{"embeddable":true,"href":"https:\/\/wp.ufpel.edu.br\/perguntas\/wp-json\/wp\/v2\/pages\/863"}],"wp:attachment":[{"href":"https:\/\/wp.ufpel.edu.br\/perguntas\/wp-json\/wp\/v2\/media?parent=1252"}],"curies":[{"name":"wp","href":"https:\/\/api.w.org\/{rel}","templated":true}]}}