{"id":939,"date":"2020-10-22T15:48:51","date_gmt":"2020-10-22T18:48:51","guid":{"rendered":"https:\/\/wp.ufpel.edu.br\/pensamentocomputacional\/?page_id=939"},"modified":"2025-12-15T15:59:06","modified_gmt":"2025-12-15T18:59:06","slug":"atividadesvirtuais","status":"publish","type":"page","link":"https:\/\/wp.ufpel.edu.br\/pensamentocomputacional\/atividadesvirtuais\/","title":{"rendered":"Atividades Virtuais"},"content":{"rendered":"<h1 class=\"collapseomatic  colomat-close\" id=\"id69e117e200707\"  tabindex=\"0\" title=\"2020-2022\"    >2020-2022<\/h1><div id=\"target-id69e117e200707\" class=\"collapseomatic_content \">\n<h2 class=\"collapseomatic \" id=\"id69e117e2007ab\"  tabindex=\"0\" title=\"Atividade 1 - Batalha Naval\"    >Atividade 1 - Batalha Naval<\/h2><div id=\"target-id69e117e2007ab\" class=\"collapseomatic_content \">\n<p style=\"padding-left: 80px;\"><span style=\"font-size: 10pt;\">por J\u00falia Veiga da Silva<\/span><\/p>\n<h3 class=\"collapseomatic \" id=\"id69e117e20080d\"  tabindex=\"0\" title=\"Habilidades PC\"    >Habilidades PC<\/h3><div id=\"target-id69e117e20080d\" class=\"collapseomatic_content \">\n<ul>\n<li>Identificar, compreender e comparar diferentes m\u00e9todos (algoritmos) de busca de dados em listas (sequencial, bin\u00e1ria, hashing, etc.).\u00a0 <span style=\"color: #808080;\">(Diretrizes SBC, 5<sup>o<\/sup> ano EF)<\/span><\/li>\n<\/ul>\n<\/div>\n<h3 class=\"collapseomatic \" id=\"id69e117e20089f\"  tabindex=\"0\" title=\"Tarefa 1\"    >Tarefa 1<\/h3><div id=\"target-id69e117e20089f\" class=\"collapseomatic_content \">\n<ul>\n<li class=\"material subtopic\"><a href=\"https:\/\/drive.google.com\/file\/d\/1ZNm8lDs-zEbimTkTSmH_sGLUJGbXJrGE\/view?usp=sharing\" target=\"_blank\" rel=\"noopener noreferrer\">V\u00eddeo<\/a><\/li>\n<\/ul>\n<\/div>\n<h3 class=\"collapseomatic \" id=\"id69e117e2008c8\"  tabindex=\"0\" title=\"Tarefa 2\"    >Tarefa 2<\/h3><div id=\"target-id69e117e2008c8\" class=\"collapseomatic_content \">\n<ul>\n<li><a href=\"https:\/\/drive.google.com\/file\/d\/1iFCO_4H5W8TGI2H-uXag9rm-wb0TZpqf\/view?usp=sharing\" target=\"_blank\" rel=\"noopener noreferrer\">V\u00eddeo &#8211; Tentativa 1<\/a><\/li>\n<li><a href=\"https:\/\/drive.google.com\/file\/d\/1GT0uBmcf4VNhTJmBGU6iIqjv8OGQWoVY\/view?usp=sharing\" target=\"_blank\" rel=\"noopener noreferrer\">V\u00eddeo &#8211; Tentativa 2<\/a><\/li>\n<li><a href=\"https:\/\/drive.google.com\/file\/d\/114CFvrIxx68gNli_ZkMhf6kzWf9yZBFI\/view?usp=sharing\" target=\"_blank\" rel=\"noopener noreferrer\">V\u00eddeo &#8211; Tentativa 3<\/a><\/li>\n<\/ul>\n<\/div>\n<h3 class=\"collapseomatic \" id=\"id69e117e2008ee\"  tabindex=\"0\" title=\"Tarefa 3\"    >Tarefa 3<\/h3><div id=\"target-id69e117e2008ee\" class=\"collapseomatic_content \">\n<ul>\n<li><a href=\"https:\/\/drive.google.com\/file\/d\/1LpE2Z7APL4rLYbgU8iqhjAAu09ciYNgG\/view?usp=sharing\" target=\"_blank\" rel=\"noopener noreferrer\">V\u00eddeo<\/a><\/li>\n<\/ul>\n<div class=\"task\">\n<\/div>\n<\/div>\n<h3 class=\"collapseomatic \" id=\"id69e117e20090e\"  tabindex=\"0\" title=\"Download\"    >Download<\/h3><div id=\"target-id69e117e20090e\" class=\"collapseomatic_content \">\n<ul>\n<li><a href=\"https:\/\/drive.google.com\/file\/d\/13ljyvwlq9BXAT7dyG5QGXFJHDXUHVUEL\/view?usp=sharing\" target=\"_blank\" rel=\"noopener noreferrer\">Batalha Naval<\/a><\/li>\n<\/ul>\n<\/div>\n<\/div>\n<h2 class=\"collapseomatic \" id=\"id69e117e20094b\"  tabindex=\"0\" title=\"Atividade 2 - Elementais\"    >Atividade 2 - Elementais<\/h2><div id=\"target-id69e117e20094b\" class=\"collapseomatic_content \">\n<p style=\"padding-left: 80px;\"><span style=\"font-size: 10pt;\">por Joao Eduardo Seffrin Soares<\/span><\/p>\n<ul>\n<li><a href=\"https:\/\/drive.google.com\/file\/d\/1U3BMkqxuQHVjms5LPsCfzRhLKcxTL6Z6\/view?usp=sharing\" target=\"_blank\" rel=\"noopener noreferrer\">Introdu\u00e7\u00e3o<\/a><\/li>\n<\/ul>\n<h3 class=\"collapseomatic \" id=\"id69e117e20097e\"  tabindex=\"0\" title=\"Habilidades PC\"    >Habilidades PC<\/h3><div id=\"target-id69e117e20097e\" class=\"collapseomatic_content \">\n<ul>\n<li>\n<p class=\"p1\">Uso de testes condicionais (ao comparar os poderes\u00a0de personagens);<\/p>\n<\/li>\n<li>\n<p class=\"p1\">Reconhecimento de padr\u00f5es (o elemento\u00a0de cada personagem define o padr\u00e3o de ataques a ser realizado em um confronto);<\/p>\n<\/li>\n<li>\n<p class=\"p1\">Abstra\u00e7\u00e3o (as cartas dos personagens representam\u00a0 as suas caracter\u00edsticas e os confrontos e batalhas constituem abstra\u00e7\u00f5es de processos);<\/p>\n<\/li>\n<li>Simular algoritmos incluindo sequ\u00eancias, sele\u00e7\u00f5es e repeti\u00e7\u00f5es <span style=\"color: #808080;\">(Diretrizes SBC, 4<sup>o<\/sup> ano EF)<\/span><span style=\"color: #000000;\">.<\/span><\/li>\n<\/ul>\n<h3 class=\"collapseomatic \" id=\"id69e117e20099b\"  tabindex=\"0\" title=\"Tarefa 1\"    >Tarefa 1<\/h3>\n<ul>\n<li><a href=\"https:\/\/drive.google.com\/file\/d\/1fF9fhjD9Z7vD04bMyv8tyM-U-26MGilx\/view?usp=sharing\" target=\"_blank\" rel=\"noopener noreferrer\">V\u00eddeo<\/a><\/li>\n<\/ul>\n<\/div>\n<h3 class=\"collapseomatic \" id=\"id69e117e2009d3\"  tabindex=\"0\" title=\"Tarefa 2\"    >Tarefa 2<\/h3><div id=\"target-id69e117e2009d3\" class=\"collapseomatic_content \">\n<ul>\n<li><a href=\"https:\/\/drive.google.com\/file\/d\/1dT8bdsDwB6T5R5Euc_q1NMBDACtftDCk\/view?usp=sharing\" target=\"_blank\" rel=\"noopener noreferrer\">V\u00eddeo<\/a><\/li>\n<\/ul>\n<\/div>\n<h3 class=\"collapseomatic \" id=\"id69e117e2009f1\"  tabindex=\"0\" title=\"Tarefa 3\"    >Tarefa 3<\/h3><div id=\"target-id69e117e2009f1\" class=\"collapseomatic_content \">\n<ul>\n<li><a href=\"https:\/\/drive.google.com\/file\/d\/1ygOSF-yDXklqx1hq14ycoB1RgZ8q6B2b\/view?usp=sharing\" target=\"_blank\" rel=\"noopener noreferrer\">V\u00eddeo<\/a><\/li>\n<\/ul>\n<\/div>\n<h3 class=\"collapseomatic \" id=\"id69e117e200a0e\"  tabindex=\"0\" title=\"Tarefa 4\"    >Tarefa 4<\/h3><div id=\"target-id69e117e200a0e\" class=\"collapseomatic_content \">\n<ul>\n<li><a href=\"https:\/\/drive.google.com\/file\/d\/1_rnODJ1An30nXHzweLkG65p-wBkI0o8B\/view?usp=sharing\" target=\"_blank\" rel=\"noopener noreferrer\">V\u00eddeo<\/a><\/li>\n<\/ul>\n<\/div>\n<h3 class=\"collapseomatic \" id=\"id69e117e200a2b\"  tabindex=\"0\" title=\"Tarefa 5\"    >Tarefa 5<\/h3><div id=\"target-id69e117e200a2b\" class=\"collapseomatic_content \">\n<ul>\n<li><a href=\"https:\/\/drive.google.com\/file\/d\/1Jf-kGBMT3El3xNCGbnPgocuvT_w_UAW1\/view?usp=sharing\" target=\"_blank\" rel=\"noopener noreferrer\">V\u00eddeo<\/a><\/li>\n<\/ul>\n<\/div>\n<h3 class=\"collapseomatic \" id=\"id69e117e200a47\"  tabindex=\"0\" title=\"Download\"    >Download<\/h3><div id=\"target-id69e117e200a47\" class=\"collapseomatic_content \">\n<ul>\n<li><a href=\"https:\/\/drive.google.com\/file\/d\/1K6qPBupdLV_7zzPO90QUux54IbGlzMjb\/view?usp=sharing\" target=\"_blank\" rel=\"noopener noreferrer\">Elementais<\/a><\/li>\n<\/ul>\n<\/div>\n<\/div>\n<\/div>\n<h1 class=\"collapseomatic  colomat-close\" id=\"id69e117e200ac5\"  tabindex=\"0\" title=\"2025\"    >2025<\/h1><div id=\"target-id69e117e200ac5\" class=\"collapseomatic_content \">\n<h2 class=\"collapseomatic \" id=\"id69e117e200afc\"  tabindex=\"0\" title=\"Atividade 1 - Soccercraft\"    >Atividade 1 - Soccercraft<\/h2><div id=\"target-id69e117e200afc\" class=\"collapseomatic_content \">\n<p style=\"padding-left: 80px;\"><span style=\"font-size: 10pt;\">por Victor Rodrigues Schmidt e <\/span><span style=\"font-size: 10pt;\">Marilton Sanchotene de Aguiar (Orientador)<\/span><\/p>\n<h3 class=\"collapseomatic \" id=\"id69e117e200b15\"  tabindex=\"0\" title=\"Habilidades PC\"    >Habilidades PC<\/h3><div id=\"target-id69e117e200b15\" class=\"collapseomatic_content \">\n<ul>\n<li>Criar e simular algoritmos representados em linguagem oral, escrita ou pictogr\u00e1fica, que incluam sequ\u00eancias, repeti\u00e7\u00f5es e sele\u00e7\u00f5es condicionais para resolver problemas de forma independente e em colabora\u00e7\u00e3o. <span style=\"color: #808080;\">(EF05CO04)<\/span><\/li>\n<\/ul>\n<\/div>\n<h3 class=\"collapseomatic \" id=\"id69e117e200b38\"  tabindex=\"0\" title=\"Link\"    >Link<\/h3><div id=\"target-id69e117e200b38\" class=\"collapseomatic_content \">\n<ul>\n<li><a href=\"https:\/\/victorrschmidt.github.io\/soccercraft\/\" target=\"_blank\" rel=\"noopener noreferrer\">Soccercraft<\/a><\/li>\n<\/ul>\n<\/div>\n<\/div>\n<h2 class=\"collapseomatic \" id=\"id69e117e200b6f\"  tabindex=\"0\" title=\"Atividade 2 - Aventura no Espa\u00e7o\"    >Atividade 2 - Aventura no Espa\u00e7o<\/h2><div id=\"target-id69e117e200b6f\" class=\"collapseomatic_content \">\n<p style=\"padding-left: 80px;\"><span style=\"font-size: 10pt;\">por Vitor Monteiro Colombo e <\/span><span style=\"font-size: 10pt;\">Andr\u00e9 Rauber Du Bois (Orientador)<\/span><\/p>\n<h3 class=\"collapseomatic \" id=\"id69e117e200b8b\"  tabindex=\"0\" title=\"Habilidades PC\"    >Habilidades PC<\/h3><div id=\"target-id69e117e200b8b\" class=\"collapseomatic_content \">\n<ul>\n<li>\n<p class=\"p1\">Reconhecer objetos do mundo real\u00a0e\/ou digital que podem ser representados atrav\u00e9s\u00a0de matrizes que estabelecem uma organiza\u00e7\u00e3o na\u00a0qual cada componente est\u00e1 em uma posi\u00e7\u00e3o\u00a0definida por coordenadas, fazendo manipula\u00e7\u00f5es simples sobre estas representa\u00e7\u00f5es. <span style=\"color: #808080;\">(EF04CO01)<\/span><\/p>\n<\/li>\n<\/ul>\n<\/div>\n<h3 class=\"collapseomatic \" id=\"id69e117e200baa\"  tabindex=\"0\" title=\"Link\"    >Link<\/h3><div id=\"target-id69e117e200baa\" class=\"collapseomatic_content \">\n<ul>\n<li><a href=\"https:\/\/vitorcolombo72.github.io\/Web_AventuraNoEspaco\/\">Aventura no Espa\u00e7o (jogo virtual)<\/a><\/li>\n<li><a href=\"https:\/\/github.com\/vitorcolombo72\/Web_AventuraNoEspaco\/tree\/main\">Arquivos Fonte<\/a><\/li>\n<\/ul>\n<\/div>\n<\/div>\n<\/div>\n","protected":false},"excerpt":{"rendered":"","protected":false},"author":268,"featured_media":0,"parent":0,"menu_order":0,"comment_status":"closed","ping_status":"closed","template":"","meta":{"footnotes":""},"class_list":["post-939","page","type-page","status-publish","hentry"],"_links":{"self":[{"href":"https:\/\/wp.ufpel.edu.br\/pensamentocomputacional\/wp-json\/wp\/v2\/pages\/939","targetHints":{"allow":["GET"]}}],"collection":[{"href":"https:\/\/wp.ufpel.edu.br\/pensamentocomputacional\/wp-json\/wp\/v2\/pages"}],"about":[{"href":"https:\/\/wp.ufpel.edu.br\/pensamentocomputacional\/wp-json\/wp\/v2\/types\/page"}],"author":[{"embeddable":true,"href":"https:\/\/wp.ufpel.edu.br\/pensamentocomputacional\/wp-json\/wp\/v2\/users\/268"}],"replies":[{"embeddable":true,"href":"https:\/\/wp.ufpel.edu.br\/pensamentocomputacional\/wp-json\/wp\/v2\/comments?post=939"}],"version-history":[{"count":3,"href":"https:\/\/wp.ufpel.edu.br\/pensamentocomputacional\/wp-json\/wp\/v2\/pages\/939\/revisions"}],"predecessor-version":[{"id":1767,"href":"https:\/\/wp.ufpel.edu.br\/pensamentocomputacional\/wp-json\/wp\/v2\/pages\/939\/revisions\/1767"}],"wp:attachment":[{"href":"https:\/\/wp.ufpel.edu.br\/pensamentocomputacional\/wp-json\/wp\/v2\/media?parent=939"}],"curies":[{"name":"wp","href":"https:\/\/api.w.org\/{rel}","templated":true}]}}