{"id":847,"date":"2020-01-08T06:43:43","date_gmt":"2020-01-08T09:43:43","guid":{"rendered":"https:\/\/wp.ufpel.edu.br\/pensamentocomputacional\/?page_id=847"},"modified":"2024-02-18T17:36:23","modified_gmt":"2024-02-18T20:36:23","slug":"gramestation-pt","status":"publish","type":"page","link":"https:\/\/wp.ufpel.edu.br\/pensamentocomputacional\/gramestation-pt\/","title":{"rendered":"GrameStation"},"content":{"rendered":"<p style=\"text-align: justify;\">GrameStation \u00e9 um motor de jogos baseado em Gram\u00e1ticas de Grafos desenvolvido utilizando a plataforma Unity.<img loading=\"lazy\" decoding=\"async\" class=\"wp-image-1230 alignright\" src=\"https:\/\/wp.ufpel.edu.br\/pensamentocomputacional\/files\/2024\/02\/Logotype.png\" width=\"250\" height=\"250\" srcset=\"https:\/\/wp.ufpel.edu.br\/pensamentocomputacional\/files\/2024\/02\/Logotype.png 1024w, https:\/\/wp.ufpel.edu.br\/pensamentocomputacional\/files\/2024\/02\/Logotype-400x400.png 400w, https:\/\/wp.ufpel.edu.br\/pensamentocomputacional\/files\/2024\/02\/Logotype-200x200.png 200w, https:\/\/wp.ufpel.edu.br\/pensamentocomputacional\/files\/2024\/02\/Logotype-768x768.png 768w, https:\/\/wp.ufpel.edu.br\/pensamentocomputacional\/files\/2024\/02\/Logotype-600x600.png 600w, https:\/\/wp.ufpel.edu.br\/pensamentocomputacional\/files\/2024\/02\/Logotype-150x150.png 150w\" sizes=\"auto, (max-width: 250px) 100vw, 250px\" \/><\/p>\n<h1 class=\"collapseomatic \" id=\"id69e112d7d22c5\"  tabindex=\"0\" title=\"Novidades\"    >Novidades<\/h1><div id=\"target-id69e112d7d22c5\" class=\"collapseomatic_content \">\n<span style=\"color: #ff0000;\">O GrameStation encontra-se em fase de testes e desenvolvimento (v 0.9.7), estando restrito \u00e0 execu\u00e7\u00e3o em desktop, com Windows 10. Vers\u00f5es futuras ser\u00e3o compiladas em WebGL, dando suporte a execu\u00e7\u00e3o pela web independente do sistema operacional, atrav\u00e9s de navegadores Chrome, Firefox ou Safari.<\/span><br \/>\n<\/div>\n<h1 class=\"collapseomatic \" id=\"id69e112d7d2328\"  tabindex=\"0\" title=\"Tutoriais\"    >Tutoriais<\/h1><div id=\"target-id69e112d7d2328\" class=\"collapseomatic_content \">\n<ul>\n<li><a href=\"https:\/\/wp.ufpel.edu.br\/pensamentocomputacional\/playgg-pt\/tutorial-basico\/\" target=\"_blank\" rel=\"noopener noreferrer\">Tutorial de Elementos B\u00e1sicos (Jogo da Velha)<\/a><\/li>\n<\/ul>\n<\/div>\n<h1 class=\"collapseomatic \" id=\"id69e112d7d2352\"  tabindex=\"0\" title=\"Publica\u00e7\u00f5es\"    >Publica\u00e7\u00f5es<\/h1><div id=\"target-id69e112d7d2352\" class=\"collapseomatic_content \">\n<ul>\n<li><a href=\"https:\/\/doi.org\/10.5753\/sbie.2021.218639\" target=\"_blank\" rel=\"noopener noreferrer\">Proposta e Apresenta\u00e7\u00e3o do Motor (SBIE 2021)<\/a><\/li>\n<li><a href=\"https:\/\/doi.org\/10.5753\/sbie.2021.218096\" target=\"_blank\" rel=\"noopener noreferrer\">Adapta\u00e7\u00e3o do m\u00e9todo ENgAGED (SBIE 2021)<\/a><\/li>\n<li><a href=\"https:\/\/doi.org\/10.5753\/weit.2021.18926\" target=\"_blank\" rel=\"noopener noreferrer\">Proposta de Agentes Pedag\u00f3gicos (WEIT 2021)<\/a><\/li>\n<li><a href=\"https:\/\/doi.org\/10.5753\/weit.2021.18915\" target=\"_blank\" rel=\"noopener noreferrer\">Compara\u00e7\u00e3o de Ferramentas para Cria\u00e7\u00e3o de Jogos (WEIT 2021)<\/a><\/li>\n<li><a href=\"http:\/\/dx.doi.org\/10.5753\/cbie.wcbie.2020.83\" target=\"_blank\" rel=\"noopener noreferrer\">Participa\u00e7\u00e3o em Resumo de Disserta\u00e7\u00e3o<\/a><\/li>\n<li><a href=\"http:\/\/guaiaca.ufpel.edu.br:8080\/handle\/prefix\/6652\" target=\"_blank\" rel=\"noopener noreferrer\">Cap\u00edtulo de Disserta\u00e7\u00e3o: GG Game Makers<\/a><\/li>\n<\/ul>\n<\/div>\n<h1 class=\"collapseomatic \" id=\"id69e112d7d237d\"  tabindex=\"0\" title=\"Requerimentos M\u00ednimos (v 0.9.8)\"    >Requerimentos M\u00ednimos (v 0.9.8)<\/h1><div id=\"target-id69e112d7d237d\" class=\"collapseomatic_content \">\n<table style=\"border-collapse: collapse; width: 55.8376%; height: 83px;\" border=\"1\">\n<tbody>\n<tr>\n<td style=\"width: 5.71428%;\">Sistema Operacional<\/td>\n<td style=\"width: 24.882%;\">Windows 10<\/td>\n<\/tr>\n<tr>\n<td style=\"width: 5.71428%;\">CPU<\/td>\n<td style=\"width: 24.882%;\">x86, x64 com suporte para o conjunto de instru\u00e7\u00f5es SSE2, ARM ou ARM64<\/td>\n<\/tr>\n<tr>\n<td style=\"width: 5.71428%;\">GPU<\/td>\n<td style=\"width: 24.882%;\">Capazes de DX10, DX11, ou DX12<\/td>\n<\/tr>\n<\/tbody>\n<\/table>\n<\/div>\n<h1 class=\"collapseomatic \" id=\"id69e112d7d23a0\"  tabindex=\"0\" title=\"Download\"    >Download<\/h1><div id=\"target-id69e112d7d23a0\" class=\"collapseomatic_content \">\n<div id=\"download\">\n<div class=\"download current\">\n<ul>\n<li><a href=\"https:\/\/drive.google.com\/file\/d\/1FmwDtsTrAJKfMuRdHwwmzwMEGgY3sCwc\/view?usp=sharing\" target=\"_blank\" rel=\"noopener noreferrer\">GrameStation Beta &#8211; Wrappers (v0.9.8)<\/a><\/li>\n<\/ul>\n<\/div>\n<h2 class=\"collapseomatic \" id=\"id69e112d7d2419\"  tabindex=\"0\" title=\"Vers\u00f5es Anteriores\"    >Vers\u00f5es Anteriores<\/h2><div id=\"target-id69e112d7d2419\" class=\"collapseomatic_content \">\n<div class=\"download older\">\n<ul>\n<li><a href=\"https:\/\/drive.google.com\/file\/d\/19yL7WRoBcq_47h-p0LJrZdCwLj6TbqOw\/view?usp=sharing\" target=\"_blank\" rel=\"noopener noreferrer\">GrameStation Beta &#8211; Forms (v0.9.7)<\/a><\/li>\n<li><a href=\"https:\/\/drive.google.com\/file\/d\/175KuSz97AwOkFV8lV9CtYO5Rj9ZrO46K\/view?usp=sharing\" target=\"_blank\" rel=\"noopener noreferrer\">GrameStation Beta &#8211; Gruly (v0.9.6)<\/a><\/li>\n<li><a href=\"https:\/\/drive.google.com\/file\/d\/1S3YhNO8_uxEkz8wrC2cEjnBcqt5rLMQe\/view?usp=sharing\" target=\"_blank\" rel=\"noopener noreferrer\">GrameStation Beta (v0.9.5)<\/a><\/li>\n<li><a href=\"https:\/\/drive.google.com\/file\/d\/1cZM19qJhx2353fkEU7InRW-5KxE7FbTz\/view?usp=sharing\" target=\"_blank\" rel=\"noopener noreferrer\">GrameStation UX Play Test Version<\/a><\/li>\n<li><a href=\"https:\/\/drive.google.com\/file\/d\/1n2ekSygdGiXpSqhsBasZEDbI8nn6aR0k\/view?usp=sharing\" target=\"_blank\" rel=\"noopener noreferrer\">GrameStation Beta (v0.9.4)<\/a><\/li>\n<li><a href=\"https:\/\/drive.google.com\/file\/d\/1oI_-A2GbqoIyIc1fRqhGkYjOQj_InrGt\/view?usp=sharing\" target=\"_blank\" rel=\"noopener noreferrer\">GrameStation Alfa (v0.9.3)<\/a><\/li>\n<li><a href=\"https:\/\/drive.google.com\/file\/d\/1MOBs2NiUklhFEYEULFK9zE_2B7CIxVuT\/view?usp=sharing\" target=\"_blank\" rel=\"noopener noreferrer\">PlayGG Alfa (v0.9.2)<\/a><\/li>\n<li><a href=\"https:\/\/drive.google.com\/file\/d\/1CLvjcLvRkkOkJaQgik2qqw6XuWGiR9F3\/view?usp=sharing\" target=\"_blank\" rel=\"noopener noreferrer\">PlayGG Alfa (v0.9.1)<\/a><\/li>\n<li><a href=\"https:\/\/drive.google.com\/file\/d\/1fkYz_KecRGqTs6n9Qy0RpCIHeJxU8uh-\/view?usp=sharing\" target=\"_blank\" rel=\"noopener noreferrer\">PlayGG Pr\u00e9-Alfa (v0.9)<\/a><\/li>\n<\/ul>\n<\/div>\n<\/div>\n<\/div>\n<\/div>\n<p><span style=\"color: #999999;\">O motor de jogos &#8220;<strong>GrameStation<\/strong>&#8221; era anteriormente conhecido como &#8220;<strong>PlayGG<\/strong>&#8221; at\u00e9 setembro de 2021, quando seu nome mudou para o atual<\/span><\/p>\n","protected":false},"excerpt":{"rendered":"<p>GrameStation \u00e9 um motor de jogos baseado em Gram\u00e1ticas de Grafos desenvolvido utilizando a plataforma Unity. O motor de jogos &#8220;GrameStation&#8221; era anteriormente conhecido como &#8220;PlayGG&#8221; at\u00e9 setembro de 2021, quando seu nome mudou para o atual<\/p>\n","protected":false},"author":268,"featured_media":0,"parent":0,"menu_order":0,"comment_status":"closed","ping_status":"closed","template":"","meta":{"footnotes":""},"class_list":["post-847","page","type-page","status-publish","hentry"],"_links":{"self":[{"href":"https:\/\/wp.ufpel.edu.br\/pensamentocomputacional\/wp-json\/wp\/v2\/pages\/847","targetHints":{"allow":["GET"]}}],"collection":[{"href":"https:\/\/wp.ufpel.edu.br\/pensamentocomputacional\/wp-json\/wp\/v2\/pages"}],"about":[{"href":"https:\/\/wp.ufpel.edu.br\/pensamentocomputacional\/wp-json\/wp\/v2\/types\/page"}],"author":[{"embeddable":true,"href":"https:\/\/wp.ufpel.edu.br\/pensamentocomputacional\/wp-json\/wp\/v2\/users\/268"}],"replies":[{"embeddable":true,"href":"https:\/\/wp.ufpel.edu.br\/pensamentocomputacional\/wp-json\/wp\/v2\/comments?post=847"}],"version-history":[{"count":39,"href":"https:\/\/wp.ufpel.edu.br\/pensamentocomputacional\/wp-json\/wp\/v2\/pages\/847\/revisions"}],"predecessor-version":[{"id":1219,"href":"https:\/\/wp.ufpel.edu.br\/pensamentocomputacional\/wp-json\/wp\/v2\/pages\/847\/revisions\/1219"}],"wp:attachment":[{"href":"https:\/\/wp.ufpel.edu.br\/pensamentocomputacional\/wp-json\/wp\/v2\/media?parent=847"}],"curies":[{"name":"wp","href":"https:\/\/api.w.org\/{rel}","templated":true}]}}