{"id":825,"date":"2019-08-30T03:12:44","date_gmt":"2019-08-30T06:12:44","guid":{"rendered":"https:\/\/wp.ufpel.edu.br\/pensamentocomputacional\/?page_id=825"},"modified":"2021-03-25T20:51:48","modified_gmt":"2021-03-25T23:51:48","slug":"a-ultima-arvore","status":"publish","type":"page","link":"https:\/\/wp.ufpel.edu.br\/pensamentocomputacional\/a-ultima-arvore\/","title":{"rendered":"A \u00daltima \u00c1rvore"},"content":{"rendered":"<p><img loading=\"lazy\" decoding=\"async\" class=\"alignnone size-full wp-image-835\" src=\"https:\/\/wp.ufpel.edu.br\/pensamentocomputacional\/files\/2019\/09\/evolucao.png\" alt=\"\" width=\"4012\" height=\"1720\" srcset=\"https:\/\/wp.ufpel.edu.br\/pensamentocomputacional\/files\/2019\/09\/evolucao.png 4012w, https:\/\/wp.ufpel.edu.br\/pensamentocomputacional\/files\/2019\/09\/evolucao-400x171.png 400w, https:\/\/wp.ufpel.edu.br\/pensamentocomputacional\/files\/2019\/09\/evolucao-768x329.png 768w, https:\/\/wp.ufpel.edu.br\/pensamentocomputacional\/files\/2019\/09\/evolucao-1024x439.png 1024w\" sizes=\"auto, (max-width: 4012px) 100vw, 4012px\" \/><\/p>\n<h1>O que \u00e9?<\/h1>\n<p>A \u00daltima \u00c1rvore \u00e9 um jogo educacional baseado em gram\u00e1tica de grafos para desenvolver habilidades do pensamento computacional. Em uma floresta recentemente desmatada os jogadores interpretam os animais para restaur\u00e1-la a partir de sua \u00faltima \u00e1rvore. Utilizando um conjunto b\u00e1sico de seis a\u00e7\u00f5es os alunos precisam pensar em suas estrat\u00e9gias para conseguirem deixar a floresta do seu jeito antes dos outros jogadores. Para isto, precisam se guiar por grafos que indicam como podem agir para criar, destruir ou trocar frutas, sementes, plantas e \u00e1rvores.<\/p>\n<h1>Publica\u00e7\u00f5es<\/h1>\n<ul>\n<li><a href=\"http:\/\/dx.doi.org\/10.5753\/cbie.sbie.2017.735\" target=\"_blank\" rel=\"noopener noreferrer\">Concep\u00e7\u00e3o e Prot\u00f3tipo<\/a><\/li>\n<li><a href=\"http:\/\/dx.doi.org\/10.5753\/cbie.sbie.2018.595\" target=\"_blank\" rel=\"noopener noreferrer\">Vers\u00e3o F\u00edsica<\/a><\/li>\n<li><a href=\"http:\/\/dx.doi.org\/10.5753\/cbie.sbie.2019.863\" target=\"_blank\" rel=\"noopener noreferrer\">Vers\u00e3o Digital<\/a><\/li>\n<li><a href=\"http:\/\/dx.doi.org\/10.5753\/cbie.wcbie.2020.83\" target=\"_blank\" rel=\"noopener noreferrer\">Participa\u00e7\u00e3o em Resumo de Disserta\u00e7\u00e3o<\/a><\/li>\n<li><a href=\"http:\/\/guaiaca.ufpel.edu.br:8080\/handle\/prefix\/6652\" target=\"_blank\" rel=\"noopener noreferrer\">Cap\u00edtulo de Disserta\u00e7\u00e3o: GGs at Work<\/a><\/li>\n<\/ul>\n<div id=\"download\">\n<h1 class=\"collapseomatic \" id=\"id69e0650302b02\"  tabindex=\"0\" title=\"Download\"    >Download<\/h1><div id=\"target-id69e0650302b02\" class=\"collapseomatic_content \">\n<div id=\"boardgame\">\n<h2 class=\"collapseomatic \" id=\"id69e0650302b6e\"  tabindex=\"0\" title=\"Vers\u00e3o F\u00edsica\"    >Vers\u00e3o F\u00edsica<\/h2><div id=\"target-id69e0650302b6e\" class=\"collapseomatic_content \">\n<div class=\"download current\"><a href=\"https:\/\/drive.google.com\/file\/d\/1l7A75LdxUu7KKih5fbHfdzzkeyvbIazF\/view?usp=sharing\" target=\"_blank\" rel=\"noopener noreferrer\">A Ultima Arvore 1.2<\/a><\/div>\n<div class=\"download older\"><h3 class=\"collapseomatic \" id=\"id69e0650302bc1\"  tabindex=\"0\" title=\"Vers\u00f5es Anteriores\"    >Vers\u00f5es Anteriores<\/h3><div id=\"target-id69e0650302bc1\" class=\"collapseomatic_content \">\n<ul>\n<li><a href=\"https:\/\/drive.google.com\/file\/d\/1hv0nRM_Ed_9GHcEwYj-Y2YSieHQ68lrS\/view?usp=sharing\" target=\"_blank\" rel=\"noopener noreferrer\">A Ultima Arvore 1.1<\/a><\/li>\n<li><a href=\"https:\/\/drive.google.com\/file\/d\/1foR6jjpQadC1NL25nL6gvXnLH2SAWEkQ\/view?usp=sharing\" target=\"_blank\" rel=\"noopener noreferrer\">A Ultima Arvore 1.0.1<\/a><\/li>\n<li><a href=\"https:\/\/drive.google.com\/file\/d\/1WF5lJoiR1k7v_ZFXNL_HbGrV1cANBLU4\/view?usp=sharing\" target=\"_blank\" rel=\"noopener noreferrer\">A Ultima Arvore 1.0<\/a><\/li>\n<\/ul>\n<\/div>\n<\/div>\n<\/div>\n<\/div>\n<div id=\"software\">\n<h2 class=\"collapseomatic \" id=\"id69e0650302c7b\"  tabindex=\"0\" title=\"Vers\u00e3o Digital\"    >Vers\u00e3o Digital<\/h2><div id=\"target-id69e0650302c7b\" class=\"collapseomatic_content \">\n<div class=\"download current\"><a href=\"https:\/\/drive.google.com\/file\/d\/1B-cyC6y6GeAgBrzakZx9FLnQqKQAp8Oz\/view?usp=sharing\" target=\"_blank\" rel=\"noopener noreferrer\">A Ultima Arvore &#8211; Windows 1.0<\/a><\/div>\n<div class=\"download older\"><h3 class=\"collapseomatic \" id=\"id69e0650302ca2\"  tabindex=\"0\" title=\"Vers\u00f5es Anteriores\"    >Vers\u00f5es Anteriores<\/h3>\n<\/div>\n<\/div>\n<\/div>\n<\/div>\n<\/div>\n","protected":false},"excerpt":{"rendered":"<p>O que \u00e9? A \u00daltima \u00c1rvore \u00e9 um jogo educacional baseado em gram\u00e1tica de grafos para desenvolver habilidades do pensamento computacional. Em uma floresta recentemente desmatada os jogadores interpretam os animais para restaur\u00e1-la a partir de sua \u00faltima \u00e1rvore. Utilizando um conjunto b\u00e1sico de seis a\u00e7\u00f5es os alunos precisam pensar em suas estrat\u00e9gias para conseguirem [&hellip;]<\/p>\n","protected":false},"author":268,"featured_media":0,"parent":0,"menu_order":0,"comment_status":"closed","ping_status":"closed","template":"","meta":{"footnotes":""},"class_list":["post-825","page","type-page","status-publish","hentry"],"_links":{"self":[{"href":"https:\/\/wp.ufpel.edu.br\/pensamentocomputacional\/wp-json\/wp\/v2\/pages\/825","targetHints":{"allow":["GET"]}}],"collection":[{"href":"https:\/\/wp.ufpel.edu.br\/pensamentocomputacional\/wp-json\/wp\/v2\/pages"}],"about":[{"href":"https:\/\/wp.ufpel.edu.br\/pensamentocomputacional\/wp-json\/wp\/v2\/types\/page"}],"author":[{"embeddable":true,"href":"https:\/\/wp.ufpel.edu.br\/pensamentocomputacional\/wp-json\/wp\/v2\/users\/268"}],"replies":[{"embeddable":true,"href":"https:\/\/wp.ufpel.edu.br\/pensamentocomputacional\/wp-json\/wp\/v2\/comments?post=825"}],"version-history":[{"count":7,"href":"https:\/\/wp.ufpel.edu.br\/pensamentocomputacional\/wp-json\/wp\/v2\/pages\/825\/revisions"}],"predecessor-version":[{"id":1016,"href":"https:\/\/wp.ufpel.edu.br\/pensamentocomputacional\/wp-json\/wp\/v2\/pages\/825\/revisions\/1016"}],"wp:attachment":[{"href":"https:\/\/wp.ufpel.edu.br\/pensamentocomputacional\/wp-json\/wp\/v2\/media?parent=825"}],"curies":[{"name":"wp","href":"https:\/\/api.w.org\/{rel}","templated":true}]}}