{"id":346,"date":"2015-12-17T14:55:40","date_gmt":"2015-12-17T16:55:40","guid":{"rendered":"https:\/\/wp.ufpel.edu.br\/pensamentocomputacional\/?page_id=346"},"modified":"2025-07-02T09:28:53","modified_gmt":"2025-07-02T12:28:53","slug":"reunioes","status":"publish","type":"page","link":"https:\/\/wp.ufpel.edu.br\/pensamentocomputacional\/reunioes\/","title":{"rendered":"Reuni\u00f5es"},"content":{"rendered":"<ul>\n<li>As reuni\u00f5es do projeto s\u00e3o realizadas semanalmente, com foco no acompanhamento do andamento das atividades, no planejamento das pr\u00f3ximas etapas e na defini\u00e7\u00e3o de a\u00e7\u00f5es futuras.<\/li>\n<li>Em 2025, as reuni\u00f5es est\u00e3o sendo realizadas \u00e0s quintas-feiras, \u00e0s 17h45.<\/li>\n<\/ul>\n","protected":false},"excerpt":{"rendered":"<p>As reuni\u00f5es do projeto s\u00e3o realizadas semanalmente, com foco no acompanhamento do andamento das atividades, no planejamento das pr\u00f3ximas etapas e na defini\u00e7\u00e3o de a\u00e7\u00f5es futuras. Em 2025, as reuni\u00f5es est\u00e3o sendo realizadas \u00e0s quintas-feiras, \u00e0s 17h45.<\/p>\n","protected":false},"author":268,"featured_media":0,"parent":0,"menu_order":0,"comment_status":"closed","ping_status":"closed","template":"","meta":{"footnotes":""},"class_list":["post-346","page","type-page","status-publish","hentry"],"_links":{"self":[{"href":"https:\/\/wp.ufpel.edu.br\/pensamentocomputacional\/wp-json\/wp\/v2\/pages\/346","targetHints":{"allow":["GET"]}}],"collection":[{"href":"https:\/\/wp.ufpel.edu.br\/pensamentocomputacional\/wp-json\/wp\/v2\/pages"}],"about":[{"href":"https:\/\/wp.ufpel.edu.br\/pensamentocomputacional\/wp-json\/wp\/v2\/types\/page"}],"author":[{"embeddable":true,"href":"https:\/\/wp.ufpel.edu.br\/pensamentocomputacional\/wp-json\/wp\/v2\/users\/268"}],"replies":[{"embeddable":true,"href":"https:\/\/wp.ufpel.edu.br\/pensamentocomputacional\/wp-json\/wp\/v2\/comments?post=346"}],"version-history":[{"count":16,"href":"https:\/\/wp.ufpel.edu.br\/pensamentocomputacional\/wp-json\/wp\/v2\/pages\/346\/revisions"}],"predecessor-version":[{"id":1533,"href":"https:\/\/wp.ufpel.edu.br\/pensamentocomputacional\/wp-json\/wp\/v2\/pages\/346\/revisions\/1533"}],"wp:attachment":[{"href":"https:\/\/wp.ufpel.edu.br\/pensamentocomputacional\/wp-json\/wp\/v2\/media?parent=346"}],"curies":[{"name":"wp","href":"https:\/\/api.w.org\/{rel}","templated":true}]}}