{"id":18,"date":"2013-11-13T17:16:50","date_gmt":"2013-06-04T20:18:42","guid":{"rendered":"https:\/\/wp.ufpel.edu.br\/pensamentocomputacional\/?page_id=18"},"modified":"2025-10-21T13:12:37","modified_gmt":"2025-10-21T16:12:37","slug":"voluntarios","status":"publish","type":"page","link":"https:\/\/wp.ufpel.edu.br\/pensamentocomputacional\/voluntarios\/","title":{"rendered":"Volunt\u00e1rios"},"content":{"rendered":"<h1 id=\"at-voluntarios\">Volunt\u00e1rios atuais (2025)<\/h1>\n<ul>\n<li>Adriana Bordini (<a href=\"mailto:adriana.bordini@inf.ufpel.edu.br\">adriana.bordini@inf.ufpel.edu.br<\/a>)<\/li>\n<li>Dienifer Bierhals Ledebuhr (<a href=\"mailto:dbledebuhr@inf.ufpel.edu.br\">dbledebuhr@inf.ufpel.edu.br<\/a>)<\/li>\n<li>Fabr\u00edcio Barbosa Viegas (<a href=\"mailto:fbviegas@inf.ufpel.edu.br\">fbviegas@inf.ufpel.edu.br<\/a>)<\/li>\n<li>Iago Kainan Bubolz Braatz (<a href=\"mailto:ikbbraatz@inf.ufpel.edu.br\">ikbbraatz@inf.ufpel.edu.br<\/a>)<\/li>\n<li>In\u00e1cio da Rosa Teixeira (i<a href=\"mailto:drteixeira@inf.ufpel.edu.br\">drteixeira@inf.ufpel.edu.br<\/a>)<\/li>\n<li>J\u00falia Veiga da Silva (<a class=\"mail\" href=\"mailto:jvsilva@inf.ufpel.edu.br\">jvsilva@inf.ufpel.edu.br<\/a>)<\/li>\n<li>Karen Satie Ono (<a href=\"mailto:ks.ono@inf.ufpel.edu.br\">ks.ono@inf.ufpel.edu.br<\/a>)<\/li>\n<li>Luciani Aquino Queiroz (<a href=\"mailto:laqueiroz@inf.ufpel.edu.br\">laqueiroz@inf.ufpel.edu.br<\/a>)<\/li>\n<li>Sofia Petersen Pessil (<a href=\"mailto:sppessil@inf.ufpel.edu.br\">sppessil@inf.ufpel.edu.br<\/a>)<\/li>\n<li>Victor Rodrigues Schmidt (<a href=\"mailto:vrschmidt@inf.ufpel.edu.br\">vrschmidt@inf.ufpel.edu.br<\/a>)<\/li>\n<li>V\u00edtor Monteiro Colombo (<a href=\"mailto:vmcolombo@inf.ufpel.edu.br\">vmcolombo@inf.ufpel.edu.br<\/a>)<\/li>\n<\/ul>\n<h1 id=\"ex-voluntarios\">Ex-volunt\u00e1rios<\/h1>\n<h2 id=\"at-voluntarios\">2024<\/h2>\n<ul>\n<li>Adriana Bordini (<a href=\"mailto:adriana.bordini@inf.ufpel.edu.br\">adriana.bordini@inf.ufpel.edu.br<\/a>)<\/li>\n<li>Henrique Gabriel Rodrigues da Rosa (<a href=\"mailto:henrique.grdr@inf.ufpel.edu.br\">henrique.grdr@inf.ufpel.edu.br<\/a>)<\/li>\n<li>Jo\u00e3o Paulo Brito de Almeida (<a href=\"mailto:jpbalmeida@inf.ufpel.edu.br\">jpbalmeida@inf.ufpel.edu.br<\/a>)<\/li>\n<li>J\u00falia Veiga da Silva (<a class=\"mail\" href=\"mailto:jvsilva@inf.ufpel.edu.br\">jvsilva@inf.ufpel.edu.br<\/a>)<\/li>\n<\/ul>\n<h2 id=\"at-voluntarios\">2023<\/h2>\n<ul>\n<li>Heitor Silva Avila (<a href=\"mailto:hsavila@inf.ufpel.edu.br\">hsavila@inf.ufpel.edu.br<\/a>)<\/li>\n<li>J\u00falia Veiga da Silva (<a class=\"mail\" href=\"mailto:jvsilva@inf.ufpel.edu.br\">jvsilva@inf.ufpel.edu.br<\/a>)<\/li>\n<li>Patrick Walter (<a href=\"mailto:pmwalter@inf.ufpel.edu.br\">pmwalter@inf.ufpel.edu.br<\/a>)<\/li>\n<\/ul>\n<h2 id=\"at-voluntarios\">2022<\/h2>\n<ul>\n<li>Gabriele da Silva Lucas (<a href=\"mailto:gdslucas@inf.ufpel.edu.br\">gdslucas@inf.ufpel.edu.br<\/a>)<\/li>\n<li>J\u00falia Veiga da Silva (<a class=\"mail\" href=\"mailto:jvsilva@inf.ufpel.edu.br\">jvsilva@inf.ufpel.edu.br<\/a>)<\/li>\n<li>Lu\u00edze Vargas Abreu (<a href=\"mailto:lvabreu@inf.ufpel.edu.br\">lvabreu@inf.ufpel.edu.br<\/a>)<\/li>\n<\/ul>\n<h2 id=\"at-voluntarios\">2020<\/h2>\n<ul>\n<li>Andrei Schneider Majada (<a class=\"mail\" href=\"mailto:asmajada@inf.ufpel.edu.br\">asmajada@inf.ufpel.edu.br<\/a>)<\/li>\n<li class=\"ex volunteer member\">Bruno Goncalves (<a class=\"mail\" href=\"mailto:bcgoncalves@inf.ufpel.edu.br\">bcgoncalves@inf.ufpel.edu.br<\/a>)<\/li>\n<li class=\"ex volunteer member\">Jo\u00e3o Eduardo Seffrin Soares (<a class=\"mail\" href=\"mailto:jessoares@inf.ufpel.edu.br\">jessoares@inf.ufpel.edu.br<\/a>)<\/li>\n<li class=\"ex volunteer member\">J\u00falia Veiga da Silva (<a class=\"mail\" href=\"mailto:jvsilva@inf.ufpel.edu.br\">jvsilva@inf.ufpel.edu.br<\/a>)<\/li>\n<li class=\"ex volunteer member\">Miriam Cruz Ferraz Filha (<a class=\"mail\" href=\"mailto:mcffilha@inf.ufpel.edu.br\">mcffilha@inf.ufpel.edu.br<\/a>)<\/li>\n<li>Rodrigo Ferreira Rodrigues (<a class=\"mail\" href=\"mailto:rfrodrigues@inf.ufpel.edu.br\">rfrodrigues@inf.ufpel.edu.br<\/a>)<\/li>\n<li class=\"ex volunteer member\">Yasmin de Braz Paula Hackbart (<a class=\"mail\" href=\"mailto:ydbphackbart@inf.ufpel.edu.br\">ydbphackbart@inf.ufpel.edu.br<\/a>)<\/li>\n<li>Yuri da Silva Rosa (<a class=\"mail\" href=\"mailto:ydsrosa@inf.ufpel.edu.br\">ydsrosa@inf.ufpel.edu.br<\/a>)<\/li>\n<li>Yuri Vaz (<a class=\"mail\" href=\"mailto:ysvaz@inf.ufpel.edu.br\">ysvaz@inf.ufpel.edu.br<\/a>)<\/li>\n<\/ul>\n<h2 id=\"at-voluntarios\">2019<\/h2>\n<ul>\n<li class=\"ex volunteer member\">Adriel Correa Matielo (<a class=\"mail\" href=\"mailto:ac.matielo@inf.ufpel.edu.br\">ac.matielo@inf.ufpel.edu.br<\/a>)<\/li>\n<li class=\"ex volunteer member\">Felipe Santos (<a class=\"mail\" href=\"mailto:fwdsantos@inf.ufpel.edu.br\">fwdsantos@inf.ufpel.edu.br<\/a>)<\/li>\n<li class=\"ex volunteer member\">Frederico Sedrez (<a class=\"mail\" href=\"mailto:fdosedrez@inf.ufpel.edu.br\">fdosedrez@inf.ufpel.edu.br<\/a>)<\/li>\n<li class=\"ex volunteer member\">Jonnhy Marques (<a class=\"mail\" href=\"mailto:jmmarques@inf.ufpel.edu.br\">jmmarques@inf.ufpel.edu.br<\/a>)<\/li>\n<li class=\"ex volunteer member\">Luhan Moura (<a class=\"mail\" href=\"mailto:lbmoura@inf.ufpel.edu.br\">lbmoura@inf.ufpel.edu.br<\/a>)<\/li>\n<li class=\"ex volunteer member\">Mauricio Mucci (<a class=\"mail\" href=\"mailto:mcmucci@inf.ufpel.edu.br\">mcmucci@inf.ufpel.edu.br<\/a>)<\/li>\n<li class=\"ex volunteer member\">Yasmin de Braz Paula Hackbart (<a class=\"mail\" href=\"mailto:ydbphackbart@inf.ufpel.edu.br\">ydbphackbart@inf.ufpel.edu.br<\/a>)<\/li>\n<li class=\"ex volunteer member\">Yuri da Silva Rosa (<a class=\"mail\" href=\"mailto:ydsrosa@inf.ufpel.edu.br\">ydsrosa@inf.ufpel.edu.br<\/a>)<\/li>\n<\/ul>\n<h2 id=\"at-voluntarios\">2018<\/h2>\n<ul>\n<li class=\"ex volunteer member\">Ana Clara Nascimento Tigre (<a class=\"mail\" href=\"mailto:acntigre@inf.ufpel.edu.br\">acntigre@inf.ufpel.edu.br<\/a>)<\/li>\n<li class=\"ex volunteer member\">Clara Giovanna dos Santos Silva (<a class=\"mail\" href=\"mailto:cgdssilva@inf.ufpel.edu.br\">cgdssilva@inf.ufpel.edu.br<\/a>)<\/li>\n<li class=\"ex volunteer member\">Gean Carlos Brand\u00e3o (<a class=\"mail\" href=\"mailto:gcbrandao@inf.ufpel.edu.br\">gcbrandao@inf.ufpel.edu.br<\/a>)<\/li>\n<li class=\"ex volunteer member\">Jos\u00e9 Felipe More Pauletti (<a class=\"mail\" href=\"mailto:jfmpauletti@inf.ufpel.edu.br\">jfmpauletti@inf.ufpel.edu.br<\/a>)<\/li>\n<li class=\"ex volunteer member\">Kevin Soares Pereira (<a class=\"mail\" href=\"mailto:kspereira@inf.ufpel.edu.br\">kspereira@inf.ufpel.edu.br<\/a>)<\/li>\n<li class=\"ex volunteer member\">Marcos Saafeld Bartz (<a class=\"mail\" href=\"mailto:msbartz@inf.ufpel.edu.br\">msbartz@inf.ufpel.edu.br<\/a>)<\/li>\n<li class=\"ex volunteer member\">Vitor dos Santos Amaral Borges (<a class=\"mail\" href=\"mailto:vdsaborges@inf.ufpel.edu.br\">vdsaborges@inf.ufpel.edu.br<\/a>)<\/li>\n<li class=\"ex volunteer member\">Vitor Wachholz de Pinho (<a class=\"mail\" href=\"mailto:vwdpinho@inf.ufpel.edu.br\">vwdpinho@inf.ufpel.edu.br<\/a>)<\/li>\n<\/ul>\n<h2 id=\"at-voluntarios\">Anterior<\/h2>\n<ul>\n<li class=\"ex volunteer member\">Alex Bertei (<a class=\"mail\" href=\"mailto:abertei@inf.ufpel.edu.br\">abertei@inf.ufpel.edu.br<\/a>)<\/li>\n<li class=\"ex volunteer member\">Alvaro Juan Gon\u00e7alves dos Santos (<a class=\"mail\" href=\"mailto:ajgdsantos@inf.ufpel.edu.br\">ajgdsantos@inf.ufpel.edu.br<\/a>)<\/li>\n<li class=\"ex volunteer member\">Anderson Cardoso<\/li>\n<li class=\"ex volunteer member\">Braz Araujo da Silva Junior (<a class=\"mail\" href=\"mailto:badsjunior@inf.ufpel.edu.br\">badsjunior@inf.ufpel.edu.br<\/a>)<\/li>\n<li class=\"ex volunteer member\">Daniel Rizzardi Farias (<a class=\"mail\" href=\"mailto:drfarias@inf.ufpel.edu.br\">drfarias@inf.ufpel.edu.br<\/a>)<\/li>\n<li class=\"ex volunteer member\">Diogo Veber Lima<\/li>\n<li class=\"ex volunteer member\">Douglas Detoni<\/li>\n<li class=\"ex volunteer member\">Eduardo Vinicius dos Santos (<a class=\"mail\" href=\"mailto:evdsantos@inf.ufpel.edu.br\">evdsantos@inf.ufpel.edu.br<\/a>)<\/li>\n<li class=\"ex volunteer member\">Erick Chemevski Espindula (<a class=\"mail\" href=\"mailto:ecespindula@inf.ufpel.edu.br\">ecespindula@inf.ufpel.edu.br<\/a>)<\/li>\n<li class=\"ex volunteer member\">Felipe Vieira Borges (<a class=\"mail\" href=\"mailto:fvborges@inf.ufpel.edu.br\">fvborges@inf.ufpel.edu.br<\/a>)<\/li>\n<li class=\"ex volunteer member\">Fernando Angelin (<a class=\"mail\" href=\"mailto:fangelin@inf.ufpel.edu.br\">fangelin@inf.ufpel.edu.br<\/a>)<\/li>\n<li class=\"ex volunteer member\">Franco Terres dos Santos<\/li>\n<li class=\"ex volunteer member\">Gabriela Costa<\/li>\n<li class=\"ex volunteer member\">Gilberto Ribeiro Paz da Rosa (<a class=\"mail\" href=\"mailto:grpdrosa@inf.ufpel.edu.br\">grpdrosa@inf.ufpel.edu.br<\/a>)<\/li>\n<li class=\"ex volunteer member\">Giovane de Oliveira Torres (<a class=\"mail\" href=\"mailto:gdotorres@inf.ufpel.edu.br\">gdotorres@inf.ufpel.edu.br<\/a>)<\/li>\n<li class=\"ex volunteer member\">Inessa Diniz Luerce (<a class=\"mail\" href=\"mailto:idluerce@inf.ufpel.edu.br\">idluerce@inf.ufpel.edu.br<\/a>)<\/li>\n<li class=\"ex volunteer member\">Jos\u00e9 Lima (<a class=\"mail\" href=\"mailto:jadslima@inf.ufpel.edu.br\">jadslima@inf.ufpel.edu.br<\/a>)<\/li>\n<li class=\"ex volunteer member\">Jos\u00e9 Mario Reisswitz (<a class=\"mail\" href=\"mailto:jmreisswitz@inf.ufpel.edu.br\">jmreisswitz@inf.ufpel.edu.br<\/a>)<\/li>\n<li class=\"ex volunteer member\">J\u00falia Kr\u00fcger Vieira<\/li>\n<li class=\"ex volunteer member\">Karine Pestana Ramos (<a class=\"mail\" href=\"mailto:kpramos@inf.ufpel.edu.br\">kpramos@inf.ufpel.edu.br<\/a>)<\/li>\n<li class=\"ex volunteer member\">Larissa de Avila Araujo (<a class=\"mail\" href=\"mailto:ldaaraujo@inf.ufpel.edu.br\">ldaaraujo@inf.ufpel.edu.br<\/a>)<\/li>\n<li class=\"ex volunteer member\">Leonardo Marques (<a class=\"mail\" href=\"mailto:lymarques@inf.ufpel.edu.br\">lymarques@inf.ufpel.edu.br<\/a>)<\/li>\n<li class=\"ex volunteer member\">Luan da Silva Einhardt (<a class=\"mail\" href=\"mailto:ldseinhardt@inf.ufpel.edu.br\">ldseinhardt@inf.ufpel.edu.br<\/a>)<\/li>\n<li class=\"ex volunteer member\">Lucas Lima (<a class=\"mail\" href=\"mailto:lcdsdlima@inf.ufpel.edu.br\">lcdsdlima@inf.ufpel.edu.br<\/a>)<\/li>\n<li class=\"ex volunteer member\">Luciano Luz<\/li>\n<li class=\"ex volunteer member\">L\u00facio Leal Bastos<\/li>\n<li class=\"ex volunteer member\">Marcelo Voigt Zschornack (<a class=\"mail\" href=\"mailto:mvzschornack@inf.ufpel.edu.br\">mvzschornack@inf.ufpel.edu.br<\/a>)<\/li>\n<li class=\"ex volunteer member\">Mariline Lorini<\/li>\n<li class=\"ex volunteer member\">Martin Schmiczek Larangeira de Almeida<\/li>\n<li class=\"ex volunteer member\">Muriel Figueredo Franco (<a class=\"mail\" href=\"mailto:mffranco@inf.ufpel.edu.br\">mffranco@inf.ufpel.edu.br<\/a>)<\/li>\n<li class=\"ex volunteer member\">Patr\u00edcia Moreno Ribeiro (<a class=\"mail\" href=\"mailto:pmribeiro@inf.ufpel.edu.br\">pmribeiro@inf.ufpel.edu.br<\/a>)<\/li>\n<li class=\"ex volunteer member\">Pedro Augusto Nunes Marchand (<a class=\"mail\" href=\"mailto:panmarchand@inf.ufpel.edu.br\">panmarchand@inf.ufpel.edu.br<\/a>)<\/li>\n<li class=\"ex volunteer member\">Rafael da Silva Dutra (<a class=\"mail\" href=\"mailto:rsdutra@inf.ufpel.edu.br\">rsdutra@inf.ufpel.edu.br<\/a>)<\/li>\n<li class=\"ex volunteer member\">Rafael Silveira (<a class=\"mail\" href=\"mailto:rsilveira@inf.ufpel.edu.br\">rsilveira@inf.ufpel.edu.br<\/a>)<\/li>\n<li class=\"ex volunteer member\">Ra\u00edssa Teles Pinto (<a class=\"mail\" href=\"mailto:rtpinto@inf.ufpel.edu.br\">rtpinto@inf.ufpel.edu.br<\/a>)<\/li>\n<li class=\"ex volunteer member\">Renan Bitencourt Pacheco (<a class=\"mail\" href=\"mailto:rbpacheco@inf.ufpel.edu.br\">rbpacheco@inf.ufpel.edu.br<\/a>)<\/li>\n<li>Sim\u00e3o Martin<\/li>\n<li class=\"ex volunteer member\">Ta\u00edne Dias de Freitas (<a class=\"mail\" href=\"mailto:tddfreitas@inf.ufpel.edu.br\">tddfreitas@inf.ufpel.edu.br<\/a>)<\/li>\n<li class=\"ex volunteer member\">Tales Rosch Marques dos Santos (<a class=\"mail\" href=\"mailto:trmdsantos@inf.ufpel.edu.br\">trmdsantos@inf.ufpel.edu.br<\/a>)<\/li>\n<li class=\"ex volunteer member\">Taylor Souza Frutuoso da Costa (<a class=\"mail\" href=\"mailto:tsfdcosta@inf.ufpel.edu.br\">tsfdcosta@inf.ufpel.edu.br<\/a>)<\/li>\n<li class=\"ex volunteer member\">Victor Alexandre Auler<\/li>\n<li class=\"ex volunteer member\">Victor Cosenza Vieira da Silva<\/li>\n<\/ul>\n","protected":false},"excerpt":{"rendered":"<p>Volunt\u00e1rios atuais (2025) Adriana Bordini (adriana.bordini@inf.ufpel.edu.br) Dienifer Bierhals Ledebuhr (dbledebuhr@inf.ufpel.edu.br) Fabr\u00edcio Barbosa Viegas (fbviegas@inf.ufpel.edu.br) Iago Kainan Bubolz Braatz (ikbbraatz@inf.ufpel.edu.br) In\u00e1cio da Rosa Teixeira (idrteixeira@inf.ufpel.edu.br) J\u00falia Veiga da Silva (jvsilva@inf.ufpel.edu.br) Karen Satie Ono (ks.ono@inf.ufpel.edu.br) Luciani Aquino Queiroz (laqueiroz@inf.ufpel.edu.br) Sofia Petersen Pessil (sppessil@inf.ufpel.edu.br) Victor Rodrigues Schmidt (vrschmidt@inf.ufpel.edu.br) V\u00edtor Monteiro Colombo (vmcolombo@inf.ufpel.edu.br) Ex-volunt\u00e1rios 2024 Adriana Bordini (adriana.bordini@inf.ufpel.edu.br) Henrique [&hellip;]<\/p>\n","protected":false},"author":138,"featured_media":0,"parent":0,"menu_order":5,"comment_status":"closed","ping_status":"closed","template":"","meta":{"footnotes":""},"class_list":["post-18","page","type-page","status-publish","hentry"],"_links":{"self":[{"href":"https:\/\/wp.ufpel.edu.br\/pensamentocomputacional\/wp-json\/wp\/v2\/pages\/18","targetHints":{"allow":["GET"]}}],"collection":[{"href":"https:\/\/wp.ufpel.edu.br\/pensamentocomputacional\/wp-json\/wp\/v2\/pages"}],"about":[{"href":"https:\/\/wp.ufpel.edu.br\/pensamentocomputacional\/wp-json\/wp\/v2\/types\/page"}],"author":[{"embeddable":true,"href":"https:\/\/wp.ufpel.edu.br\/pensamentocomputacional\/wp-json\/wp\/v2\/users\/138"}],"replies":[{"embeddable":true,"href":"https:\/\/wp.ufpel.edu.br\/pensamentocomputacional\/wp-json\/wp\/v2\/comments?post=18"}],"version-history":[{"count":4,"href":"https:\/\/wp.ufpel.edu.br\/pensamentocomputacional\/wp-json\/wp\/v2\/pages\/18\/revisions"}],"predecessor-version":[{"id":1689,"href":"https:\/\/wp.ufpel.edu.br\/pensamentocomputacional\/wp-json\/wp\/v2\/pages\/18\/revisions\/1689"}],"wp:attachment":[{"href":"https:\/\/wp.ufpel.edu.br\/pensamentocomputacional\/wp-json\/wp\/v2\/media?parent=18"}],"curies":[{"name":"wp","href":"https:\/\/api.w.org\/{rel}","templated":true}]}}