{"id":1609,"date":"2025-09-22T17:58:54","date_gmt":"2025-09-22T20:58:54","guid":{"rendered":"https:\/\/wp.ufpel.edu.br\/pensamentocomputacional\/?page_id=1609"},"modified":"2025-09-22T18:04:22","modified_gmt":"2025-09-22T21:04:22","slug":"introducao-a-logica-computacional","status":"publish","type":"page","link":"https:\/\/wp.ufpel.edu.br\/pensamentocomputacional\/introducao-a-logica-computacional\/","title":{"rendered":"Introdu\u00e7\u00e3o \u00e0 L\u00f3gica Computacional"},"content":{"rendered":"<p>por<em> Patrick Menegassi Walter<\/em> (Volunt\u00e1rio 2023)<br \/>\n<em>\u00a0 \u00a0 \u00a0 \u00a0Andr\u00e9 Rauber Du Bois<\/em> (Orientador)<\/p>\n<ul>\n<li><a href=\"https:\/\/drive.google.com\/file\/d\/1J_sWJ_-k4sbRynCqNGZbtQkei9IIkjKn\/view?usp=drive_link\">Plano de Ensino<\/a><\/li>\n<\/ul>\n<h3 class=\"collapseomatic  colomat-close\" id=\"id69e1635632614\"  tabindex=\"0\" title=\"Tarefa 1\"    >Tarefa 1<\/h3><div id=\"target-id69e1635632614\" class=\"collapseomatic_content \">\n<ul>\n<li><a href=\"https:\/\/drive.google.com\/file\/d\/16Rt1PMIdc2WYntydDPimH831miBiah8C\/view?usp=drive_link\">Plano de Aula<\/a><\/li>\n<\/ul>\n<\/div>\n<h3 class=\"collapseomatic  colomat-close\" id=\"id69e16356326c5\"  tabindex=\"0\" title=\"Tarefa 2\"    >Tarefa 2<\/h3><div id=\"target-id69e16356326c5\" class=\"collapseomatic_content \">\n<ul>\n<li><a href=\"https:\/\/drive.google.com\/file\/d\/1EzoGrXS4bgwSLwcYC5SYnvnEIHiHfEJu\/view?usp=drive_link\">Plano de Aula<\/a><\/li>\n<\/ul>\n<\/div>\n","protected":false},"excerpt":{"rendered":"<p>por Patrick Menegassi Walter (Volunt\u00e1rio 2023) \u00a0 \u00a0 \u00a0 \u00a0Andr\u00e9 Rauber Du Bois (Orientador) Plano de Ensino<\/p>\n","protected":false},"author":268,"featured_media":0,"parent":0,"menu_order":0,"comment_status":"closed","ping_status":"closed","template":"","meta":{"footnotes":""},"class_list":["post-1609","page","type-page","status-publish","hentry"],"_links":{"self":[{"href":"https:\/\/wp.ufpel.edu.br\/pensamentocomputacional\/wp-json\/wp\/v2\/pages\/1609","targetHints":{"allow":["GET"]}}],"collection":[{"href":"https:\/\/wp.ufpel.edu.br\/pensamentocomputacional\/wp-json\/wp\/v2\/pages"}],"about":[{"href":"https:\/\/wp.ufpel.edu.br\/pensamentocomputacional\/wp-json\/wp\/v2\/types\/page"}],"author":[{"embeddable":true,"href":"https:\/\/wp.ufpel.edu.br\/pensamentocomputacional\/wp-json\/wp\/v2\/users\/268"}],"replies":[{"embeddable":true,"href":"https:\/\/wp.ufpel.edu.br\/pensamentocomputacional\/wp-json\/wp\/v2\/comments?post=1609"}],"version-history":[{"count":3,"href":"https:\/\/wp.ufpel.edu.br\/pensamentocomputacional\/wp-json\/wp\/v2\/pages\/1609\/revisions"}],"predecessor-version":[{"id":1615,"href":"https:\/\/wp.ufpel.edu.br\/pensamentocomputacional\/wp-json\/wp\/v2\/pages\/1609\/revisions\/1615"}],"wp:attachment":[{"href":"https:\/\/wp.ufpel.edu.br\/pensamentocomputacional\/wp-json\/wp\/v2\/media?parent=1609"}],"curies":[{"name":"wp","href":"https:\/\/api.w.org\/{rel}","templated":true}]}}