{"id":1577,"date":"2025-07-02T19:42:38","date_gmt":"2025-07-02T22:42:38","guid":{"rendered":"https:\/\/wp.ufpel.edu.br\/pensamentocomputacional\/?page_id=1577"},"modified":"2025-07-02T19:42:38","modified_gmt":"2025-07-02T22:42:38","slug":"classificacao","status":"publish","type":"page","link":"https:\/\/wp.ufpel.edu.br\/pensamentocomputacional\/classificacao\/","title":{"rendered":"Classifica\u00e7\u00e3o"},"content":{"rendered":"<ul>\n<li class=\"plan suptopic\"><a href=\"https:\/\/drive.google.com\/file\/d\/1UjUH3dw1L_38FOi2Mq7emAaJja9954Ga\/view?usp=sharing\" target=\"_blank\" rel=\"noopener noreferrer\">Plano de Ensino<\/a><\/li>\n<\/ul>\n<div class=\"task\">\n<h3 class=\"collapseomatic \" id=\"id69e0ff8e5defc\"  tabindex=\"0\" title=\"Tarefa 1 - Introdu\u00e7\u00e3o a classifica\u00e7\u00e3o\"    >Tarefa 1 - Introdu\u00e7\u00e3o a classifica\u00e7\u00e3o<\/h3><div id=\"target-id69e0ff8e5defc\" class=\"collapseomatic_content \">\n<ul>\n<li class=\"plan topic\"><a href=\"https:\/\/drive.google.com\/file\/d\/18oyHc_Ur-DYYvQJ3z7TF0LbwrYd-CoMM\/view?usp=sharing\" target=\"_blank\" rel=\"noopener noreferrer\">Plano de Aula<\/a><\/li>\n<li class=\"material topic\"><strong>Material:<\/strong> Em anexo no plano de aula.<\/li>\n<\/ul>\n<\/div>\n<\/div>\n<div class=\"task\">\n<h3 class=\"collapseomatic \" id=\"id69e0ff8e5df96\"  tabindex=\"0\" title=\"Tarefa 2 - Introdu\u00e7\u00e3o a classifica\u00e7\u00e3o 2\"    >Tarefa 2 - Introdu\u00e7\u00e3o a classifica\u00e7\u00e3o 2<\/h3><div id=\"target-id69e0ff8e5df96\" class=\"collapseomatic_content \">\n<ul>\n<li class=\"plan topic\"><a href=\"https:\/\/drive.google.com\/file\/d\/1dg0wY9aq_hXJhNN2K52WYNMJyCIJWBCK\/view?usp=sharing\" target=\"_blank\" rel=\"noopener noreferrer\">Plano de Aula<\/a><\/li>\n<li class=\"material topic\"><strong>Material:<\/strong> Em anexo no plano de aula.<\/li>\n<\/ul>\n<\/div>\n<\/div>\n<div class=\"task\">\n<h3 class=\"collapseomatic \" id=\"id69e0ff8e5dfc2\"  tabindex=\"0\" title=\"Tarefa 3 - Identifica\u00e7\u00e3o de crit\u00e9rios para classifica\u00e7\u00e3o\"    >Tarefa 3 - Identifica\u00e7\u00e3o de crit\u00e9rios para classifica\u00e7\u00e3o<\/h3><div id=\"target-id69e0ff8e5dfc2\" class=\"collapseomatic_content \">\n<ul>\n<li class=\"plan topic\"><a href=\"https:\/\/drive.google.com\/file\/d\/1zWv1PFpcLjk5L9tlkQ8IM5zb8ysbCUlv\/view?usp=sharing\" target=\"_blank\" rel=\"noopener noreferrer\">Plano de Aula<\/a><\/li>\n<li class=\"material topic\"><strong>Material:<\/strong> Em anexo no plano de aula.<\/li>\n<\/ul>\n<\/div>\n<\/div>\n<div class=\"task\">\n<h3 class=\"collapseomatic \" id=\"id69e0ff8e5dfe7\"  tabindex=\"0\" title=\"Tarefa 4 - Identifica\u00e7\u00e3o de crit\u00e9rios para classifica\u00e7\u00e3o\"    >Tarefa 4 - Identifica\u00e7\u00e3o de crit\u00e9rios para classifica\u00e7\u00e3o<\/h3><div id=\"target-id69e0ff8e5dfe7\" class=\"collapseomatic_content \">\n<ul>\n<li class=\"plan topic\"><a href=\"https:\/\/drive.google.com\/file\/d\/1s-NBZL0GTQ02sp2zVRk2XMfK4H55_nrR\/view?usp=sharing\" target=\"_blank\" rel=\"noopener noreferrer\">Plano de Aula<\/a><\/li>\n<li class=\"material topic\"><strong>Material:<\/strong> Em anexo no plano de aula.<\/li>\n<\/ul>\n<\/div>\n<\/div>\n<div class=\"task\">\n<h3 class=\"collapseomatic \" id=\"id69e0ff8e5e008\"  tabindex=\"0\" title=\"Avalia\u00e7\u00e3o - Classifica\u00e7\u00e3o\"    >Avalia\u00e7\u00e3o - Classifica\u00e7\u00e3o<\/h3><div id=\"target-id69e0ff8e5e008\" class=\"collapseomatic_content \">\n<ul>\n<li class=\"plan topic\"><a href=\"https:\/\/drive.google.com\/file\/d\/1LdINWO4PQPa6gE4RrdaVWj0qDEfdK7w5\/view?usp=sharing\" target=\"_blank\" rel=\"noopener noreferrer\">Plano de Aula<\/a><\/li>\n<li class=\"material topic\"><strong>Material:<\/strong> Em anexo no plano de aula.<\/li>\n<\/ul>\n<\/div>\n<\/div>\n","protected":false},"excerpt":{"rendered":"<p>Plano de Ensino<\/p>\n","protected":false},"author":268,"featured_media":0,"parent":0,"menu_order":0,"comment_status":"closed","ping_status":"closed","template":"","meta":{"footnotes":""},"class_list":["post-1577","page","type-page","status-publish","hentry"],"_links":{"self":[{"href":"https:\/\/wp.ufpel.edu.br\/pensamentocomputacional\/wp-json\/wp\/v2\/pages\/1577","targetHints":{"allow":["GET"]}}],"collection":[{"href":"https:\/\/wp.ufpel.edu.br\/pensamentocomputacional\/wp-json\/wp\/v2\/pages"}],"about":[{"href":"https:\/\/wp.ufpel.edu.br\/pensamentocomputacional\/wp-json\/wp\/v2\/types\/page"}],"author":[{"embeddable":true,"href":"https:\/\/wp.ufpel.edu.br\/pensamentocomputacional\/wp-json\/wp\/v2\/users\/268"}],"replies":[{"embeddable":true,"href":"https:\/\/wp.ufpel.edu.br\/pensamentocomputacional\/wp-json\/wp\/v2\/comments?post=1577"}],"version-history":[{"count":1,"href":"https:\/\/wp.ufpel.edu.br\/pensamentocomputacional\/wp-json\/wp\/v2\/pages\/1577\/revisions"}],"predecessor-version":[{"id":1579,"href":"https:\/\/wp.ufpel.edu.br\/pensamentocomputacional\/wp-json\/wp\/v2\/pages\/1577\/revisions\/1579"}],"wp:attachment":[{"href":"https:\/\/wp.ufpel.edu.br\/pensamentocomputacional\/wp-json\/wp\/v2\/media?parent=1577"}],"curies":[{"name":"wp","href":"https:\/\/api.w.org\/{rel}","templated":true}]}}