{"id":1518,"date":"2025-07-01T17:19:12","date_gmt":"2025-07-01T20:19:12","guid":{"rendered":"https:\/\/wp.ufpel.edu.br\/pensamentocomputacional\/?page_id=1518"},"modified":"2025-10-08T13:56:49","modified_gmt":"2025-10-08T16:56:49","slug":"pac-man-desplugado","status":"publish","type":"page","link":"https:\/\/wp.ufpel.edu.br\/pensamentocomputacional\/pac-man-desplugado\/","title":{"rendered":"Pac-Man Desplugado"},"content":{"rendered":"<p>por<em>\u00a0 Rodrigo Rodrigues<\/em> (Volunt\u00e1rio 2020)<\/p>\n<ul>\n<li><a href=\"https:\/\/drive.google.com\/file\/d\/1z80hJOLNwZhzE6lD48b0vCSxwaTH4Bac\/view?usp=sharing\" target=\"_blank\" rel=\"noopener noreferrer\">Plano de Ensino<\/a><\/li>\n<li><strong>Planos de Aula:<\/strong>\n<ul>\n<li><a href=\"https:\/\/drive.google.com\/file\/d\/1JAgQ1UGe97A47gzlLbYz9SUBcxqWiATg\/view?usp=sharing\" target=\"_blank\" rel=\"noopener noreferrer\">Plano de Aula 1<\/a><\/li>\n<li><a href=\"https:\/\/drive.google.com\/file\/d\/1Y5mcWPSilXainZePkSgJbwRPNrwimi5g\/view?usp=sharing\" target=\"_blank\" rel=\"noopener noreferrer\">Plano de Aula 2<\/a><\/li>\n<li><a href=\"https:\/\/drive.google.com\/file\/d\/11V7GRJLx4jjLtdwRykumb9_wsM31pbPD\/view?usp=sharing\" target=\"_blank\" rel=\"noopener noreferrer\">Plano de Aula 3<\/a><\/li>\n<li><a href=\"https:\/\/drive.google.com\/file\/d\/1jHSnBVmg0cvYuid4n3VfmZWje8x2TUxo\/view?usp=sharing\" target=\"_blank\" rel=\"noopener noreferrer\">Plano de Aula 4<\/a><\/li>\n<li><a href=\"https:\/\/drive.google.com\/file\/d\/1kp1Wl83c_UzP4721OUDb8_wJfMFaNc8B\/view?usp=sharing\" target=\"_blank\" rel=\"noopener noreferrer\">Plano de Aula 5<\/a><\/li>\n<li><a href=\"https:\/\/drive.google.com\/file\/d\/1AAURzuYio7lcf4iCPtjD9fTAd5enorKy\/view?usp=sharing\" target=\"_blank\" rel=\"noopener noreferrer\">Plano de Aula 6<\/a><\/li>\n<\/ul>\n<\/li>\n<li><a href=\"https:\/\/drive.google.com\/file\/d\/10oTYFzaUUkHtrtR-69QSUALwKSuySOa1\/view?usp=sharing\" target=\"_blank\" rel=\"noopener noreferrer\">Avalia\u00e7\u00e3o<\/a><\/li>\n<li><strong>Material:<\/strong>\n<ul>\n<li><a href=\"https:\/\/drive.google.com\/file\/d\/1J2V_Qe-eqa_vlt-4s9Xm4O222Wj0bha0\/view?usp=sharing\" target=\"_blank\" rel=\"noopener noreferrer\">Fantasmas e Chave<\/a><\/li>\n<li><a href=\"https:\/\/drive.google.com\/file\/d\/1jCvcDdee8hhFIgp249GP_DGV0ciqymsM\/view?usp=sharing\" target=\"_blank\" rel=\"noopener noreferrer\">Frutas<\/a><\/li>\n<li><a href=\"https:\/\/drive.google.com\/file\/d\/1xtOVjgj0woEQWsCoxm8mqHuGt9sWDvPB\/view?usp=sharing\" target=\"_blank\" rel=\"noopener noreferrer\">Instru\u00e7\u00f5es de Repeti\u00e7\u00f5es Determinadas com Avalia\u00e7\u00e3o<\/a><\/li>\n<li><a href=\"https:\/\/drive.google.com\/file\/d\/1-ND7FL87CiJQ0AYaXaLsgxXfvTOqsd8c\/view?usp=sharing\" target=\"_blank\" rel=\"noopener noreferrer\">Instru\u00e7\u00f5es de Repeti\u00e7\u00f5es Determinadas<\/a><\/li>\n<li><a href=\"https:\/\/drive.google.com\/file\/d\/18ClScwXouZ569WU8crr6HwTfa3HT_p-W\/view?usp=sharing\" target=\"_blank\" rel=\"noopener noreferrer\">Instru\u00e7\u00f5es Sequenciais<\/a><\/li>\n<\/ul>\n<\/li>\n<\/ul>\n","protected":false},"excerpt":{"rendered":"<p>por\u00a0 Rodrigo Rodrigues (Volunt\u00e1rio 2020) Plano de Ensino Planos de Aula: Plano de Aula 1 Plano de Aula 2 Plano de Aula 3 Plano de Aula 4 Plano de Aula 5 Plano de Aula 6 Avalia\u00e7\u00e3o Material: Fantasmas e Chave Frutas Instru\u00e7\u00f5es de Repeti\u00e7\u00f5es Determinadas com Avalia\u00e7\u00e3o Instru\u00e7\u00f5es de Repeti\u00e7\u00f5es Determinadas Instru\u00e7\u00f5es Sequenciais<\/p>\n","protected":false},"author":268,"featured_media":0,"parent":0,"menu_order":0,"comment_status":"closed","ping_status":"closed","template":"","meta":{"footnotes":""},"class_list":["post-1518","page","type-page","status-publish","hentry"],"_links":{"self":[{"href":"https:\/\/wp.ufpel.edu.br\/pensamentocomputacional\/wp-json\/wp\/v2\/pages\/1518","targetHints":{"allow":["GET"]}}],"collection":[{"href":"https:\/\/wp.ufpel.edu.br\/pensamentocomputacional\/wp-json\/wp\/v2\/pages"}],"about":[{"href":"https:\/\/wp.ufpel.edu.br\/pensamentocomputacional\/wp-json\/wp\/v2\/types\/page"}],"author":[{"embeddable":true,"href":"https:\/\/wp.ufpel.edu.br\/pensamentocomputacional\/wp-json\/wp\/v2\/users\/268"}],"replies":[{"embeddable":true,"href":"https:\/\/wp.ufpel.edu.br\/pensamentocomputacional\/wp-json\/wp\/v2\/comments?post=1518"}],"version-history":[{"count":2,"href":"https:\/\/wp.ufpel.edu.br\/pensamentocomputacional\/wp-json\/wp\/v2\/pages\/1518\/revisions"}],"predecessor-version":[{"id":1666,"href":"https:\/\/wp.ufpel.edu.br\/pensamentocomputacional\/wp-json\/wp\/v2\/pages\/1518\/revisions\/1666"}],"wp:attachment":[{"href":"https:\/\/wp.ufpel.edu.br\/pensamentocomputacional\/wp-json\/wp\/v2\/media?parent=1518"}],"curies":[{"name":"wp","href":"https:\/\/api.w.org\/{rel}","templated":true}]}}