{"id":1515,"date":"2025-07-01T17:17:54","date_gmt":"2025-07-01T20:17:54","guid":{"rendered":"https:\/\/wp.ufpel.edu.br\/pensamentocomputacional\/?page_id=1515"},"modified":"2025-07-01T17:17:54","modified_gmt":"2025-07-01T20:17:54","slug":"elementais-rpg","status":"publish","type":"page","link":"https:\/\/wp.ufpel.edu.br\/pensamentocomputacional\/elementais-rpg\/","title":{"rendered":"Elementais RPG"},"content":{"rendered":"<ul>\n<li class=\"plan suptopic\"><a href=\"https:\/\/drive.google.com\/file\/d\/1jVDspnK1SAKM9NTCmBPNcN6R3seGcU5S\/view?usp=sharing\" target=\"_blank\" rel=\"noopener noreferrer\">Plano de Ensino<\/a><\/li>\n<\/ul>\n<div class=\"task\">\n<h3 class=\"collapseomatic \" id=\"id69e0fa663f388\"  tabindex=\"0\" title=\"Tarefa 1\"    >Tarefa 1<\/h3><div id=\"target-id69e0fa663f388\" class=\"collapseomatic_content \">\n<ul>\n<li class=\"plan topic\"><a href=\"https:\/\/drive.google.com\/file\/d\/1vbMLyrLlL-Hb5HNcLSH9xR5kom77mXWl\/view?usp=sharing\" target=\"_blank\" rel=\"noopener noreferrer\">Plano de Aula<\/a><\/li>\n<li class=\"material topic\"><strong>Material:<\/strong>\u00a0L\u00e1pis, borracha e exerc\u00edcios de fixa\u00e7\u00e3o.\n<ul>\n<li class=\"material subtopic\"><a href=\"https:\/\/drive.google.com\/open?id=16SoMng0ByT7oZIyutwUKTuFwE_-eBCjt\" target=\"_blank\" rel=\"noopener noreferrer\">Figuras Tamanho Grande<\/a><\/li>\n<li class=\"material subtopic\"><a href=\"https:\/\/drive.google.com\/open?id=15l7ISpQP9nrWfHQiZNGx7qYqjN1EYOyR\" target=\"_blank\" rel=\"noopener noreferrer\">Pedra, Papel e Tesoura<\/a><\/li>\n<\/ul>\n<\/li>\n<li class=\"evaluation topic\"><strong>Avalia\u00e7\u00e3o:<\/strong>\n<ul>\n<li class=\"evaluation topic\"><a href=\"https:\/\/drive.google.com\/open?id=13rBO_s937hyN5VGgeeuuFruTDshUwK92\" target=\"_blank\" rel=\"noopener noreferrer\">Avalia\u00e7\u00e3o<\/a><\/li>\n<li class=\"evaluation subtopic\"><a href=\"https:\/\/drive.google.com\/open?id=14QY0Zcgsvt7c-PHsOjYJ2tgVWi8G-d9X\" target=\"_blank\" rel=\"noopener noreferrer\">Gabarito<\/a><\/li>\n<\/ul>\n<\/li>\n<\/ul>\n<\/div>\n<\/div>\n<div class=\"task\">\n<h3 class=\"collapseomatic \" id=\"id69e0fa663f42e\"  tabindex=\"0\" title=\"Tarefa 2\"    >Tarefa 2<\/h3><div id=\"target-id69e0fa663f42e\" class=\"collapseomatic_content \">\n<ul>\n<li class=\"plan topic\"><a href=\"https:\/\/drive.google.com\/file\/d\/1sNhWQAUk0W-ojX1SOuvw76QYjATwBbiR\/view?usp=sharing\" target=\"_blank\" rel=\"noopener noreferrer\">Plano de Aula<\/a><\/li>\n<li class=\"material topic\"><strong>Material:<\/strong>\u00a0Cartas do jogo, fita adesiva e folha de avalia\u00e7\u00e3o.<\/li>\n<li class=\"evaluation topic\"><a href=\"https:\/\/drive.google.com\/open?id=1KN-AmJkYkLzZY6i5Ae1ixyAJBSbu5xwl\" target=\"_blank\" rel=\"noopener noreferrer\">Avalia\u00e7\u00e3o<\/a><\/li>\n<\/ul>\n<\/div>\n<\/div>\n<div class=\"task\">\n<h3 class=\"collapseomatic \" id=\"id69e0fa663f458\"  tabindex=\"0\" title=\"Tarefa 3\"    >Tarefa 3<\/h3><div id=\"target-id69e0fa663f458\" class=\"collapseomatic_content \">\n<ul>\n<li class=\"plan topic\"><a href=\"https:\/\/drive.google.com\/file\/d\/14pJ7XopO9-7KlJ-UIXkmJXwdpFpW2-WA\/view?usp=sharing\" target=\"_blank\" rel=\"noopener noreferrer\">Plano de Aula<\/a><\/li>\n<li class=\"material topic\"><strong>Material:<\/strong>\u00a0Cartas do jogo, fita adesiva e folha de avalia\u00e7\u00e3o.\n<ul>\n<li class=\"material subtopic\"><a href=\"https:\/\/drive.google.com\/open?id=1RrkGNMtspyR70tOcCWL-vyF_waZ_LChb\" target=\"_blank\" rel=\"noopener noreferrer\">Cartas<\/a><\/li>\n<\/ul>\n<\/li>\n<li class=\"evaluation topic\"><strong>Avalia\u00e7\u00e3o:<\/strong>\n<ul>\n<li class=\"evaluation subtopic\"><a href=\"https:\/\/drive.google.com\/open?id=1KQgKiamf0j2Q3axWJlyyuFa9WvEYsZ6D\" target=\"_blank\" rel=\"noopener noreferrer\">Avalia\u00e7\u00e3o<\/a><\/li>\n<li class=\"evaluation subtopic\"><a href=\"https:\/\/drive.google.com\/open?id=140-3BKFwp0fog60UXkMLaVA6BYvrfZGo\" target=\"_blank\" rel=\"noopener noreferrer\">Refor\u00e7o<\/a><\/li>\n<\/ul>\n<\/li>\n<\/ul>\n<\/div>\n<\/div>\n<div class=\"task\">\n<h3 class=\"collapseomatic \" id=\"id69e0fa663f47c\"  tabindex=\"0\" title=\"Tarefa 4\"    >Tarefa 4<\/h3><div id=\"target-id69e0fa663f47c\" class=\"collapseomatic_content \">\n<ul>\n<li class=\"plan topic\"><a href=\"https:\/\/drive.google.com\/file\/d\/18chNOd7I3TfOfxfOFCHJZcFS0HKVpWVE\/view?usp=sharing\" target=\"_blank\" rel=\"noopener noreferrer\">Plano de Aula<\/a><\/li>\n<li class=\"material topic\"><strong>Material:<\/strong>\u00a0Cartas do jogo, fita adesiva e folha de avalia\u00e7\u00e3o.\n<ul>\n<li class=\"material subtopic\"><a href=\"https:\/\/drive.google.com\/open?id=1b5JGPwjPl9wnnTsAeIWcyoW9cd7KGPSz\" target=\"_blank\" rel=\"noopener noreferrer\">Cartas<\/a><\/li>\n<\/ul>\n<\/li>\n<\/ul>\n<\/div>\n<\/div>\n<div class=\"task\">\n<h3 class=\"collapseomatic \" id=\"id69e0fa663f49d\"  tabindex=\"0\" title=\"Tarefa Refor\u00e7o\"    >Tarefa Refor\u00e7o<\/h3><div id=\"target-id69e0fa663f49d\" class=\"collapseomatic_content \">\n<ul>\n<li class=\"plan topic\"><a href=\"https:\/\/drive.google.com\/file\/d\/1MK3mTpdwda2OoKs0TSgEFuJgFZZL5Dtg\/view?usp=sharing\" target=\"_blank\" rel=\"noopener noreferrer\">Plano de Aula<\/a><\/li>\n<li class=\"material topic\"><strong>Material:<\/strong>\u00a0Cartas do jogo, fita adesiva e folha de avalia\u00e7\u00e3o.\n<ul>\n<li class=\"material subtopic\"><a href=\"https:\/\/drive.google.com\/open?id=157nlUZMPfHelqCHnedlv9dDPFW-b0sN4\" target=\"_blank\" rel=\"noopener noreferrer\">Cartas Grandes<\/a><\/li>\n<li class=\"material subtopic\"><a href=\"https:\/\/drive.google.com\/open?id=1s-Pk-QHTIeYFyirPZpVhue3sT26SKGF7\" target=\"_blank\" rel=\"noopener noreferrer\">Eletron (5\/3)<\/a><\/li>\n<li class=\"material subtopic\"><a href=\"https:\/\/drive.google.com\/open?id=11WKh97GEX_nE4U6wcB8KOwIoEy1rnzT7\" target=\"_blank\" rel=\"noopener noreferrer\">Marinho (5\/3)<\/a><\/li>\n<li class=\"material subtopic\"><a href=\"https:\/\/drive.google.com\/open?id=13h2zboIwXkDd3X9BDP6_hT68F5pE71IF\" target=\"_blank\" rel=\"noopener noreferrer\">Trovoada (5\/3)<\/a><\/li>\n<li class=\"material subtopic\"><a href=\"https:\/\/drive.google.com\/open?id=10y13jKiammuLQzBNLwtqc0IUrw4l_DhD\" target=\"_blank\" rel=\"noopener noreferrer\">Tsunami (5\/3)<\/a><\/li>\n<li class=\"material subtopic\"><a href=\"https:\/\/drive.google.com\/open?id=1vYD-OCpis8exGvSLZXVbNvV-IMokmvqi\" target=\"_blank\" rel=\"noopener noreferrer\">Carn\u00edvora (6\/2)<\/a><\/li>\n<li class=\"material subtopic\"><a href=\"https:\/\/drive.google.com\/open?id=1921LPSqPGsFbuSFYbv5L3Nt-iHlBjqYC\" target=\"_blank\" rel=\"noopener noreferrer\">Figueira (6\/2)<\/a><\/li>\n<li class=\"material subtopic\"><a href=\"https:\/\/drive.google.com\/open?id=1UXsdgHAWPDOoII8tAjEcAEjx9IBioQmP\" target=\"_blank\" rel=\"noopener noreferrer\">Fogar\u00e9u (8\/2)<\/a><\/li>\n<li class=\"material subtopic\"><a href=\"https:\/\/drive.google.com\/open?id=1tKw2czyeeQrE213RSg-gltVjhiPeQf9q\" target=\"_blank\" rel=\"noopener noreferrer\">Rochoso (8\/2)<\/a><\/li>\n<li class=\"material subtopic\"><a href=\"https:\/\/drive.google.com\/open?id=18cyNXO6s3m4FaKH249MU8MWJ6XmsT8Qw\" target=\"_blank\" rel=\"noopener noreferrer\">Tocha (8\/2)<\/a><\/li>\n<li class=\"material subtopic\"><a href=\"https:\/\/drive.google.com\/open?id=1VJEquBIQdeSi1X0GUvnn3yjkoxmR8MFS\" target=\"_blank\" rel=\"noopener noreferrer\">Torr\u00e3o (8\/2)<\/a><\/li>\n<\/ul>\n<\/li>\n<li class=\"evaluation topic\"><a href=\"https:\/\/drive.google.com\/open?id=1lOdCTTFgdNfGmrlkBn85Z9pD40VlhF4T\" target=\"_blank\" rel=\"noopener noreferrer\">Avalia\u00e7\u00e3o<\/a><\/li>\n<\/ul>\n<\/div>\n<\/div>\n<div class=\"task\">\n<h3 class=\"collapseomatic \" id=\"id69e0fa663f4c7\"  tabindex=\"0\" title=\"Tarefa 5\"    >Tarefa 5<\/h3><div id=\"target-id69e0fa663f4c7\" class=\"collapseomatic_content \">\n<ul>\n<li class=\"plan topic\"><a href=\"https:\/\/drive.google.com\/file\/d\/1HqGEydo4X9XI50w0-y39_ZrsRoXiV9m-\/view?usp=sharing\" target=\"_blank\" rel=\"noopener noreferrer\">Plano de Aula<\/a><\/li>\n<li class=\"material topic\"><strong>Material:<\/strong>\u00a0Para cada equipe: conjunto de cartas do jogo, tabuleiro do jogo, 10 Tabelas dos Aventureiros, 10 Tabelas do Mestre, um dado. Duas cartas douradas para cada jogador, l\u00e1pis e borracha.\n<ul>\n<li class=\"material subtopic\"><a href=\"https:\/\/drive.google.com\/open?id=1_nBZ418hLToldV2PU30lvtKXlcLRCUhH\" target=\"_blank\" rel=\"noopener noreferrer\">Cartas Douradas<\/a><\/li>\n<li class=\"material subtopic\"><a href=\"https:\/\/drive.google.com\/open?id=1pbnVUYt1dduGKSpH4LwkRUK9KtVgr9pz\" target=\"_blank\" rel=\"noopener noreferrer\">Conjunto de Cartas<\/a><\/li>\n<li class=\"material subtopic\"><a href=\"https:\/\/drive.google.com\/open?id=1M5Ei3piLTaPOgIU68hNWMBb-FjpzG0tX\" target=\"_blank\" rel=\"noopener noreferrer\">Elementos<\/a><\/li>\n<li class=\"material subtopic\"><a href=\"https:\/\/drive.google.com\/open?id=1RZqPFmp6umyMCV4bCkS3pt6Wp_08ziSQ\" target=\"_blank\" rel=\"noopener noreferrer\">Tabela dos Aventureiros<\/a><\/li>\n<li class=\"material subtopic\"><a href=\"https:\/\/drive.google.com\/open?id=1X5Fr3R8gKpxTqCHLiY3z-I-cpmC7LMYr\" target=\"_blank\" rel=\"noopener noreferrer\">Tabela do Mestre<\/a><\/li>\n<li class=\"material subtopic\"><a href=\"https:\/\/drive.google.com\/open?id=1ap51hLTrytfvvM4ITZXgKrwUsBd9i_fQ\" target=\"_blank\" rel=\"noopener noreferrer\">Tabuleiro<\/a><\/li>\n<li class=\"material subtopic\"><a href=\"https:\/\/drive.google.com\/open?id=1aFtzZylTUW-NRVxDyBXuR4g2RgcFN98K\" target=\"_blank\" rel=\"noopener noreferrer\">Carn\u00edvora (8\/1)<\/a><\/li>\n<li class=\"material subtopic\"><a href=\"https:\/\/drive.google.com\/open?id=1S2ryS--jqcdVwzNbye5OJYMX0z_KEwLH\" target=\"_blank\" rel=\"noopener noreferrer\">Eletron (8\/1)<\/a><\/li>\n<li class=\"material subtopic\"><a href=\"https:\/\/drive.google.com\/open?id=1nS9YPJ1xionIG7XttOqKlZRQdWV0Xc8w\" target=\"_blank\" rel=\"noopener noreferrer\">Eletron (20\/2)<\/a><\/li>\n<li class=\"material subtopic\"><a href=\"https:\/\/drive.google.com\/open?id=13ctwTyNZlozKGZsxM6YMb3x-eWxX04-u\" target=\"_blank\" rel=\"noopener noreferrer\">Figueira (35\/2)<\/a><\/li>\n<li class=\"material subtopic\"><a href=\"https:\/\/drive.google.com\/open?id=1-QluIT204VN_f3EIkYbBzAKzTMP6newV\" target=\"_blank\" rel=\"noopener noreferrer\">Fogar\u00e9u (10\/1)<\/a><\/li>\n<li class=\"material subtopic\"><a href=\"https:\/\/drive.google.com\/open?id=1FfFG4hslASZpbhBPf20G6mc5_1uFY6xT\" target=\"_blank\" rel=\"noopener noreferrer\">Fogar\u00e9u (20\/2)<\/a><\/li>\n<li class=\"material subtopic\"><a href=\"https:\/\/drive.google.com\/open?id=1Dmf6XkF2QMQpGYVDQNRkvFZZ71qoD3nD\" target=\"_blank\" rel=\"noopener noreferrer\">Marinho (8\/1)<\/a><\/li>\n<li class=\"material subtopic\"><a href=\"https:\/\/drive.google.com\/open?id=1CUmXwCvNY53UidodbKpBGYbo4Vsd0ejT\" target=\"_blank\" rel=\"noopener noreferrer\">Rochoso (10\/1)<\/a><\/li>\n<li class=\"material subtopic\"><a href=\"https:\/\/drive.google.com\/open?id=1dy68r_q3GE_518lnqG41Rfr-uLOQeJST\" target=\"_blank\" rel=\"noopener noreferrer\">Rochoso (20\/2)<\/a><\/li>\n<li class=\"material subtopic\"><a href=\"https:\/\/drive.google.com\/open?id=1WHkpw-mYZi3y4NMnEKN2aWT5tqEj7Z3O\" target=\"_blank\" rel=\"noopener noreferrer\">Tocha (8\/1)<\/a><\/li>\n<li class=\"material subtopic\"><a href=\"https:\/\/drive.google.com\/open?id=1DNR0Lu7pSweyvjvvt0MLWoz1vb7FGLRH\" target=\"_blank\" rel=\"noopener noreferrer\">Torr\u00e3o (8\/1)<\/a><\/li>\n<li class=\"material subtopic\"><a href=\"https:\/\/drive.google.com\/open?id=1PZR87bcRnfJZd2oLPJtTq8uz1BXxIs1e\" target=\"_blank\" rel=\"noopener noreferrer\">Torr\u00e3o (20\/2)<\/a><\/li>\n<li class=\"material subtopic\"><a href=\"https:\/\/drive.google.com\/open?id=1_SESiGWFSub6hwIAgXTae89UZaTmN1JY\" target=\"_blank\" rel=\"noopener noreferrer\">Trovoada (35\/2)<\/a><\/li>\n<li class=\"material subtopic\"><a href=\"https:\/\/drive.google.com\/open?id=1clgBvZkTfM7qKhsbS4WVudKpQlJCMAQY\" target=\"_blank\" rel=\"noopener noreferrer\">Tsunami (10\/1)<\/a><\/li>\n<li class=\"material subtopic\"><a href=\"https:\/\/drive.google.com\/open?id=1-mxI_ixV46rqA66FLJ05hRdGI4GvoKid\" target=\"_blank\" rel=\"noopener noreferrer\">Tsunami (20\/2)<\/a><\/li>\n<\/ul>\n<\/li>\n<\/ul>\n<\/div>\n<\/div>\n","protected":false},"excerpt":{"rendered":"<p>Plano de Ensino<\/p>\n","protected":false},"author":268,"featured_media":0,"parent":0,"menu_order":0,"comment_status":"closed","ping_status":"closed","template":"","meta":{"footnotes":""},"class_list":["post-1515","page","type-page","status-publish","hentry"],"_links":{"self":[{"href":"https:\/\/wp.ufpel.edu.br\/pensamentocomputacional\/wp-json\/wp\/v2\/pages\/1515","targetHints":{"allow":["GET"]}}],"collection":[{"href":"https:\/\/wp.ufpel.edu.br\/pensamentocomputacional\/wp-json\/wp\/v2\/pages"}],"about":[{"href":"https:\/\/wp.ufpel.edu.br\/pensamentocomputacional\/wp-json\/wp\/v2\/types\/page"}],"author":[{"embeddable":true,"href":"https:\/\/wp.ufpel.edu.br\/pensamentocomputacional\/wp-json\/wp\/v2\/users\/268"}],"replies":[{"embeddable":true,"href":"https:\/\/wp.ufpel.edu.br\/pensamentocomputacional\/wp-json\/wp\/v2\/comments?post=1515"}],"version-history":[{"count":1,"href":"https:\/\/wp.ufpel.edu.br\/pensamentocomputacional\/wp-json\/wp\/v2\/pages\/1515\/revisions"}],"predecessor-version":[{"id":1517,"href":"https:\/\/wp.ufpel.edu.br\/pensamentocomputacional\/wp-json\/wp\/v2\/pages\/1515\/revisions\/1517"}],"wp:attachment":[{"href":"https:\/\/wp.ufpel.edu.br\/pensamentocomputacional\/wp-json\/wp\/v2\/media?parent=1515"}],"curies":[{"name":"wp","href":"https:\/\/api.w.org\/{rel}","templated":true}]}}