{"id":1505,"date":"2025-07-01T17:01:48","date_gmt":"2025-07-01T20:01:48","guid":{"rendered":"https:\/\/wp.ufpel.edu.br\/pensamentocomputacional\/?page_id=1505"},"modified":"2025-07-01T17:01:55","modified_gmt":"2025-07-01T20:01:55","slug":"ordenacao-2","status":"publish","type":"page","link":"https:\/\/wp.ufpel.edu.br\/pensamentocomputacional\/ordenacao-2\/","title":{"rendered":"Ordena\u00e7\u00e3o 2"},"content":{"rendered":"<ul>\n<li class=\"plan suptopic\"><a href=\"https:\/\/drive.google.com\/file\/d\/1B7San_bMOvYZNDnmFuYRjpPh1NmuAo_4\/view?usp=sharing\" target=\"_blank\" rel=\"noopener noreferrer\">Plano de Ensino<\/a><\/li>\n<\/ul>\n<div class=\"task\">\n<h3 class=\"collapseomatic \" id=\"id69e21f6d5768e\"  tabindex=\"0\" title=\"Tarefa 1\"    >Tarefa 1<\/h3><div id=\"target-id69e21f6d5768e\" class=\"collapseomatic_content \">\n<ul>\n<li class=\"plan topic\"><a href=\"https:\/\/drive.google.com\/file\/d\/1ai7uoOOTbltpcZXlExJRF7m7RzbaCP6N\/view?usp=sharing\" target=\"_blank\" rel=\"noopener noreferrer\">Plano de Aula<\/a><\/li>\n<li class=\"material topic\"><strong>Material:<\/strong> Tabela expositiva e question\u00e1rio de avalia\u00e7\u00e3o.\n<ul>\n<li class=\"material subtopic\"><a href=\"https:\/\/drive.google.com\/file\/d\/1oTHtiK1LO6Hsw6VnHhxDqFy_caVK9kFK\/view?usp=sharing\" target=\"_blank\" rel=\"noopener noreferrer\">Tabela<\/a><\/li>\n<\/ul>\n<\/li>\n<li class=\"evaluation subtopic\"><a href=\"https:\/\/drive.google.com\/file\/d\/1X5WB4dmmO5_Cp8nqi_XfT7sabF8FPRrJ\/view?usp=sharing\" target=\"_blank\" rel=\"noopener noreferrer\">Formul\u00e1rio de Avalia\u00e7\u00e3o<\/a><\/li>\n<\/ul>\n<\/div>\n<\/div>\n<div class=\"task\">\n<h3 class=\"collapseomatic \" id=\"id69e21f6d576f0\"  tabindex=\"0\" title=\"Tarefa 2\"    >Tarefa 2<\/h3><div id=\"target-id69e21f6d576f0\" class=\"collapseomatic_content \">\n<ul>\n<li class=\"plan topic\"><a href=\"https:\/\/drive.google.com\/file\/d\/1yyu6aizk55wYa7qAQ0cBkiHpcoOQUZQx\/view?usp=sharing\" target=\"_blank\" rel=\"noopener noreferrer\">Plano de Aula<\/a><\/li>\n<li class=\"material topic\"><strong>Material:<\/strong> Conjunto de cartas contendo letras e conjunto de cartas contendo letras e n\u00fameros.\n<ul>\n<li class=\"material subtopic\"><a href=\"https:\/\/drive.google.com\/file\/d\/1Fd0evrz5DQfEGQCxtxwbeDuKuG1WKbWz\/view?usp=sharing\" target=\"_blank\" rel=\"noopener noreferrer\">Cartas1<\/a><\/li>\n<li class=\"material subtopic\"><a href=\"https:\/\/drive.google.com\/file\/d\/1pqYWaWaLe-JgbazB-sp7OT0O-1nPHSzK\/view?usp=sharing\" target=\"_blank\" rel=\"noopener noreferrer\">Cartas2<\/a><\/li>\n<\/ul>\n<\/li>\n<\/ul>\n<\/div>\n<\/div>\n<div class=\"task\">\n<h3 class=\"collapseomatic \" id=\"id69e21f6d57719\"  tabindex=\"0\" title=\"Tarefa 3\"    >Tarefa 3<\/h3><div id=\"target-id69e21f6d57719\" class=\"collapseomatic_content \">\n<ul>\n<li class=\"plan topic\"><a href=\"https:\/\/drive.google.com\/file\/d\/1s7jGiCUwBEym4Vza7nlp1tyIixWTLiZn\/view?usp=sharing\" target=\"_blank\" rel=\"noopener noreferrer\">Plano de Aula<\/a><\/li>\n<li class=\"material topic\"><strong>Material:<\/strong> Copos contendo n\u00fameros diferentes e variados no seu interior e cadeiras em quantidade relativa ao n\u00famero de alunos.<\/li>\n<\/ul>\n<\/div>\n<\/div>\n<div class=\"task\">\n<h3 class=\"collapseomatic \" id=\"id69e21f6d5773d\"  tabindex=\"0\" title=\"Tarefa 4\"    >Tarefa 4<\/h3><div id=\"target-id69e21f6d5773d\" class=\"collapseomatic_content \">\n<ul>\n<li class=\"plan topic\"><a href=\"https:\/\/drive.google.com\/file\/d\/1M96tD6r0jzKxh0jz8J9h7THyl_cKIc9a\/view?usp=sharing\" target=\"_blank\" rel=\"noopener noreferrer\">Plano de Aula<\/a><\/li>\n<li class=\"material topic\"><strong>Material:<\/strong> Copos contendo n\u00fameros diferentes e variados no seu interior, cadeiras em quantidade relativa ao n\u00famero de alunos e notas de brinquedo de um real.\n<ul>\n<li class=\"material subtopic\"><a href=\"https:\/\/drive.google.com\/file\/d\/1sgGSanLIeKI5bi1Bmpiko3GwukZCout5\/view?usp=sharing\" target=\"_blank\" rel=\"noopener noreferrer\">Notas<\/a><\/li>\n<\/ul>\n<\/li>\n<\/ul>\n<\/div>\n<\/div>\n<div class=\"task\">\n<h3 class=\"collapseomatic \" id=\"id69e21f6d5775e\"  tabindex=\"0\" title=\"Avalia\u00e7\u00e3o de Ordena\u00e7\u00e3o\"    >Avalia\u00e7\u00e3o de Ordena\u00e7\u00e3o<\/h3><div id=\"target-id69e21f6d5775e\" class=\"collapseomatic_content \">\n<ul>\n<li class=\"plan topic\"><a href=\"https:\/\/drive.google.com\/file\/d\/1j2Qrq4WDecAwGQukTaV6LUfYwoqvytEi\/view?usp=sharing\" target=\"_blank\" rel=\"noopener noreferrer\">Plano de Aula<\/a><\/li>\n<li class=\"evaluation topic\"><a href=\"https:\/\/drive.google.com\/file\/d\/12a5-dkOnFef7QGTt1IFTodSoI8eHKXdd\/view?usp=sharing\" target=\"_blank\" rel=\"noopener noreferrer\">Avalia\u00e7\u00e3o final<\/a><\/li>\n<\/ul>\n<\/div>\n<\/div>\n","protected":false},"excerpt":{"rendered":"<p>Plano de Ensino<\/p>\n","protected":false},"author":268,"featured_media":0,"parent":0,"menu_order":0,"comment_status":"closed","ping_status":"closed","template":"","meta":{"footnotes":""},"class_list":["post-1505","page","type-page","status-publish","hentry"],"_links":{"self":[{"href":"https:\/\/wp.ufpel.edu.br\/pensamentocomputacional\/wp-json\/wp\/v2\/pages\/1505","targetHints":{"allow":["GET"]}}],"collection":[{"href":"https:\/\/wp.ufpel.edu.br\/pensamentocomputacional\/wp-json\/wp\/v2\/pages"}],"about":[{"href":"https:\/\/wp.ufpel.edu.br\/pensamentocomputacional\/wp-json\/wp\/v2\/types\/page"}],"author":[{"embeddable":true,"href":"https:\/\/wp.ufpel.edu.br\/pensamentocomputacional\/wp-json\/wp\/v2\/users\/268"}],"replies":[{"embeddable":true,"href":"https:\/\/wp.ufpel.edu.br\/pensamentocomputacional\/wp-json\/wp\/v2\/comments?post=1505"}],"version-history":[{"count":2,"href":"https:\/\/wp.ufpel.edu.br\/pensamentocomputacional\/wp-json\/wp\/v2\/pages\/1505\/revisions"}],"predecessor-version":[{"id":1508,"href":"https:\/\/wp.ufpel.edu.br\/pensamentocomputacional\/wp-json\/wp\/v2\/pages\/1505\/revisions\/1508"}],"wp:attachment":[{"href":"https:\/\/wp.ufpel.edu.br\/pensamentocomputacional\/wp-json\/wp\/v2\/media?parent=1505"}],"curies":[{"name":"wp","href":"https:\/\/api.w.org\/{rel}","templated":true}]}}